{"id":11663,"date":"2025-06-24T11:25:51","date_gmt":"2025-06-24T09:25:51","guid":{"rendered":"https:\/\/vitaminbutiken.com\/?post_type=product&#038;p=11663"},"modified":"2026-03-20T08:34:48","modified_gmt":"2026-03-20T07:34:48","slug":"bredspektrum-optimal-protect-synergos-30","status":"publish","type":"product","link":"https:\/\/vitaminbutiken.com\/fi\/produkt\/bredspektrum-optimal-protect-synergos-30\/","title":{"rendered":"Bredspektrum Optimal Protect &#8211; Synergos -30%"},"content":{"rendered":"<p><strong>Begr\u00e4nsad m\u00e4ngd Optimal Protect till ett l\u00e4gre pris!<\/strong><\/p>\n<p>Bredspektrum Optimal Protect bygger p\u00e5 den s.k. bredspektrumprincipen. Man kan skydda sig mot fria radikaler med optimala doser antioxidanter. Effektivaste skydd f\u00e5r man med s\u00e5 m\u00e5nga antioxidanter som m\u00f6jligt i lagom h\u00f6g dosering. Detta kallas f\u00f6r bredspektrumantioxidantterapi.<\/p>\n<p>Tillskottet \u00e4r skr\u00e4ddarsydd f\u00f6r just behandling mot h\u00f6ga niv\u00e5er av fria radikaler.<\/p>\n<p>Bredspektrum Optimal Protect inneh\u00e5ller inte koppar och j\u00e4rn.<\/p>\n<p>Bredspektrum Optimal Protect g\u00e5r \u00e4ven utm\u00e4rkt att anv\u00e4nda som ett konventionellt vitamin och mineral tillskott. I s\u00e5dana fall b\u00f6r den dagliga dosen vara 2-4 tabletter per dag. Detta f\u00f6r att ge kroppen m\u00f6jligheter till en god f\u00f6rm\u00e5ga att uppr\u00e4tth\u00e5lla ett skydd mot fri radikal belastningen.<\/p>\n<p>&nbsp;<\/p>\n<p><strong>Dosering:<\/strong> 2 tabletter 2 g\u00e5nger per dag i samband med m\u00e5ltid.<\/p>\n<table style=\"height: 80px;\" border=\"1\" width=\"621\" cellspacing=\"0\" cellpadding=\"0\">\n<tbody>\n<tr>\n<td valign=\"top\" width=\"30%\"><strong>4 tabletter inneh\u00e5ller<\/strong><\/td>\n<td valign=\"top\" width=\"20%\"><strong> M\u00e4ngd<\/strong><\/td>\n<td valign=\"top\" width=\"30%\"><strong>*DRI% <\/strong><\/td>\n<\/tr>\n<tr>\n<td valign=\"top\" width=\"30%\">Vitamin D<\/td>\n<td valign=\"top\" width=\"20%\">20 \u00b5g<\/td>\n<td valign=\"top\" width=\"20%\">400 %<\/td>\n<\/tr>\n<tr>\n<td valign=\"top\" width=\"30%\">Vitamin E<\/td>\n<td valign=\"top\" width=\"20%\">133 mg<\/td>\n<td valign=\"top\" width=\"20%\">1108 %<\/td>\n<\/tr>\n<tr>\n<td valign=\"top\" width=\"30%\">Tiamin (B1)<\/td>\n<td valign=\"top\" width=\"20%\">10 mg<\/td>\n<td valign=\"top\" width=\"20%\">909 %<\/td>\n<\/tr>\n<tr>\n<td valign=\"top\" width=\"30%\">Riboflavin (B2)<\/td>\n<td valign=\"top\" width=\"20%\">10 \u00b5g<\/td>\n<td valign=\"top\" width=\"20%\">714 %<\/td>\n<\/tr>\n<tr>\n<td valign=\"top\" width=\"30%\">Niacin (B3)<\/td>\n<td valign=\"top\" width=\"20%\">20 mg<\/td>\n<td valign=\"top\" width=\"20%\">125 %<\/td>\n<\/tr>\n<tr>\n<td valign=\"top\" width=\"30%\">Pantotensyra (B5)<\/td>\n<td valign=\"top\" width=\"20%\">12 mg<\/td>\n<td valign=\"top\" width=\"20%\">200 %<\/td>\n<\/tr>\n<tr>\n<td valign=\"top\" width=\"30%\">Vitamin B6<\/td>\n<td valign=\"top\" width=\"20%\">25 mg<\/td>\n<td valign=\"top\" width=\"20%\">1786 %<\/td>\n<\/tr>\n<tr>\n<td valign=\"top\" width=\"30%\">Folsyra<\/td>\n<td valign=\"top\" width=\"20%\">160 \u00b5g<\/td>\n<td valign=\"top\" width=\"20%\">80 %<\/td>\n<\/tr>\n<tr>\n<td valign=\"top\" width=\"30%\">Vitamin B12<\/td>\n<td valign=\"top\" width=\"20%\">332 \u00b5g<\/td>\n<td valign=\"top\" width=\"20%\">13280 %<\/td>\n<\/tr>\n<tr>\n<td valign=\"top\" width=\"30%\">Vitamin C<\/td>\n<td valign=\"top\" width=\"20%\">60 mg<\/td>\n<td valign=\"top\" width=\"20%\">75 %<\/td>\n<\/tr>\n<tr>\n<td valign=\"top\" width=\"30%\">Biotin<\/td>\n<td valign=\"top\" width=\"20%\">200 \u00b5g<\/td>\n<td valign=\"top\" width=\"20%\">400 %<\/td>\n<\/tr>\n<tr>\n<td valign=\"top\" width=\"30%\">Kolin<\/td>\n<td valign=\"top\" width=\"20%\">80 mg<\/td>\n<td valign=\"top\" width=\"20%\">**<\/td>\n<\/tr>\n<tr>\n<td valign=\"top\" width=\"30%\">Inositol<\/td>\n<td valign=\"top\" width=\"20%\">12 mg<\/td>\n<td valign=\"top\" width=\"20%\">**<\/td>\n<\/tr>\n<tr>\n<td valign=\"top\" width=\"30%\">PABA<\/td>\n<td valign=\"top\" width=\"20%\">32 mg<\/td>\n<td valign=\"top\" width=\"20%\">**<\/td>\n<\/tr>\n<tr>\n<td valign=\"top\" width=\"30%\">Zink<\/td>\n<td valign=\"top\" width=\"20%\">40 mg<\/td>\n<td valign=\"top\" width=\"20%\">400 %<\/td>\n<\/tr>\n<tr>\n<td valign=\"top\" width=\"30%\">Magnesium<\/td>\n<td valign=\"top\" width=\"20%\">200 mg<\/td>\n<td valign=\"top\" width=\"20%\">53 %<\/td>\n<\/tr>\n<tr>\n<td valign=\"top\" width=\"30%\">Mangan<\/td>\n<td valign=\"top\" width=\"20%\">8 mg<\/td>\n<td valign=\"top\" width=\"20%\">400 %<\/td>\n<\/tr>\n<tr>\n<td valign=\"top\" width=\"30%\">Kalcium<\/td>\n<td valign=\"top\" width=\"20%\">60 mg<\/td>\n<td valign=\"top\" width=\"20%\">7,5 %<\/td>\n<\/tr>\n<tr>\n<td valign=\"top\" width=\"30%\">Selen<\/td>\n<td valign=\"top\" width=\"20%\">132 \u00b5g<\/td>\n<td valign=\"top\" width=\"20%\">240 %<\/td>\n<\/tr>\n<tr>\n<td valign=\"top\" width=\"30%\">Kalium<\/td>\n<td valign=\"top\" width=\"20%\">120 mg<\/td>\n<td valign=\"top\" width=\"20%\">6 %<\/td>\n<\/tr>\n<tr>\n<td valign=\"top\" width=\"30%\">Krom<\/td>\n<td valign=\"top\" width=\"20%\">64 \u00b5g<\/td>\n<td valign=\"top\" width=\"20%\">160 %<\/td>\n<\/tr>\n<tr>\n<td valign=\"top\" width=\"30%\">Jod<\/td>\n<td valign=\"top\" width=\"20%\">40 \u00b5g<\/td>\n<td valign=\"top\" width=\"20%\">27 %<\/td>\n<\/tr>\n<tr>\n<td valign=\"top\" width=\"30%\">Betakaroten<\/td>\n<td valign=\"top\" width=\"20%\">10 mg<\/td>\n<td valign=\"top\" width=\"20%\">**<\/td>\n<\/tr>\n<tr>\n<td valign=\"top\" width=\"30%\">Alfalfa<\/td>\n<td valign=\"top\" width=\"20%\">15 mg<\/td>\n<td valign=\"top\" width=\"20%\">**<\/td>\n<\/tr>\n<tr>\n<td valign=\"top\" width=\"30%\">Gr\u00f6nt te (10 % epigallokatekin-3-gallat 1,5 mg)<\/td>\n<td valign=\"top\" width=\"20%\">15 mg<\/td>\n<td valign=\"top\" width=\"20%\">**<\/td>\n<\/tr>\n<tr>\n<td valign=\"top\" width=\"30%\">Vetegr\u00e4s<\/td>\n<td valign=\"top\" width=\"20%\">15 mg<\/td>\n<td valign=\"top\" width=\"20%\">**<\/td>\n<\/tr>\n<\/tbody>\n<\/table>\n<p><strong><em>*DRI \u00e4r dagligt referensintag. **DRI ej fastst\u00e4llt.<\/em><\/strong><\/p>\n<p><strong>Ingredienser:<\/strong> Fyllnadsmedel (di-kalciumfosfat, mikrokristallin cellulosa), magnesium, vitamin E, kalium, klumpf\u00f6rebyggandemedel (stearinsyra), kolin, kalcium, zink, vitamin C, betakaroten,<br \/>\nstabiliseringsmedel (tv\u00e4rbunden natriumkarboximetylcellulosa), klumpf\u00f6rebyggande medel (magnesiumsalter av fettsyror), vitamin B12, PABA, vitamin B6, selen, mangan, niacin, alfalfa pulver,<br \/>\nextrakt av gr\u00f6nt te, pantotensyra, tiamin, vetegr\u00e4s pulver, inositol, riboflavin, vitamin D3, krom, biotin, folsyra, jod.<\/p>\n<p>2 tabletter ger 0,75 mg EGCG (epigallokatenik-3-gallat) av gr\u00f6nt te. Dosen b\u00f6r ej \u00f6verstiga 800 mg\/dag. Tas ej med andra gr\u00f6nt te produkter. Ej p\u00e5 fastande mage.<\/p>\n<p>Rekommenderad daglig dos b\u00f6r ej \u00f6verskridas. Kosttillskott ers\u00e4tter inte en varierad kost. Produkten f\u00f6rvaras o\u00e5tkomligt f\u00f6r sm\u00e5 barn. Ej f\u00f6r gravida och ammande eller barn under 18 \u00e5r.<\/p>\n<p><strong>Anm\u00e4rkning:\u00a0<\/strong>\u00d6vre gr\u00e4nsen f\u00f6r RDI (rekommenderat dagligt intag) \u00f6verskrids. Preparatet \u00e4r \u00e4mnat f\u00f6r korttidsbruk, 1-3 m\u00e5nader.<\/p>\n<p><strong>OBS!<\/strong> Den \u00f6vre gr\u00e4nsen f\u00f6r s\u00e4kert dagligt intag av vitamin B6 \u00e4r 12 mg. M\u00e4ngden vitamin B6 i dygnsdosen som f\u00e5s fr\u00e5n denna produkt (25 mg) \u00f6verskrider denna m\u00e4ngd. Inte f\u00f6r l\u00e5ngvarigt bruk.<\/p>\n<p><strong>OBS! <\/strong><strong data-start=\"112\" data-end=\"177\">Den h\u00e4r produkten har ett kortare b\u00e4st f\u00f6re-datum \u00e4n vanligt! (Oktober 2025).<\/strong><\/p>\n<p data-start=\"179\" data-end=\"316\" data-is-last-node=\"\" data-is-only-node=\"\">\n","protected":false},"excerpt":{"rendered":"<p>F\u00f6r personer som anv\u00e4nder bredspektrum tillskott, kan Optimal Protect vara ett utm\u00e4rkt val. Detta tillskott kan ge en omfattande n\u00e4ring f\u00f6r att st\u00f6dja kroppens v\u00e4lbefinnande. Personer som anv\u00e4nder Optimal Protect kan uppleva en \u00f6kad k\u00e4nsla av v\u00e4lm\u00e5ende och kan vara s\u00e4kra p\u00e5 att de f\u00e5r en balanserad mix av essentiella n\u00e4rings\u00e4mnen.<\/p>\n<p>Bredspektrum Optimal Protect \u00e4r ett kosttillskott med flera vitaminer och mineraler.\u00a0Detta \u00e4r ett avancerat kosttillskott som bygger p\u00e5 synergi- och bredspektrumprincipen.<\/p>\n<p>Bredspektrum Optimal Protect bygger p\u00e5 den s.k. bredspektrumprincipen. Man kan skydda sig mot fria radikaler med optimala doser antioxidanter. Effektivaste skydd f\u00e5r man med s\u00e5 m\u00e5nga antioxidanter som m\u00f6jligt i lagom h\u00f6g dosering. Detta kallas f\u00f6r bredspektrumantioxidantterapi.<\/p>\n<p>Tillskottet \u00e4r skr\u00e4ddarsydd f\u00f6r just behandling mot h\u00f6ga niv\u00e5er av fria radikaler.<\/p>\n<p><strong>180 tabletter<\/strong><\/p>\n","protected":false},"featured_media":11660,"comment_status":"open","ping_status":"closed","template":"","meta":{"_kad_blocks_custom_css":"","_kad_blocks_head_custom_js":"","_kad_blocks_body_custom_js":"","_kad_blocks_footer_custom_js":"","_kadence_starter_templates_imported_post":false,"_kad_post_transparent":"default","_kad_post_title":"","_kad_post_layout":"default","_kad_post_sidebar_id":"","_kad_post_content_style":"default","_kad_post_vertical_padding":"default","_kad_post_feature":"","_kad_post_feature_position":"","_kad_post_header":false,"_kad_post_footer":false,"_kad_post_classname":""},"product_brand":[],"product_cat":[2764,176,281,149,155],"product_tag":[205,339,340,341,221,229,234,235],"class_list":{"0":"post-11663","1":"product","2":"type-product","3":"status-publish","4":"has-post-thumbnail","6":"product_cat-erbjudanden","7":"product_cat-immunforsvar","8":"product_cat-mineraler","9":"product_cat-orter","10":"product_cat-vitaminer","11":"product_tag-antioxidant","12":"product_tag-bredspektrum-kosttillskott","13":"product_tag-bredspektrum-optimal-protect","14":"product_tag-jarn-optimal","15":"product_tag-naturtillskott","16":"product_tag-starka-immunforsvar","17":"product_tag-vitamin","18":"product_tag-vitaminer","20":"first","21":"outofstock","22":"sale","23":"taxable","24":"shipping-taxable","25":"purchasable","26":"product-type-simple","27":"entry","28":"content-bg","29":"loop-entry"},"taxonomy_info":{"product_cat":[{"value":2764,"label":"Erbjudanden"},{"value":176,"label":"Immunf\u00f6rsvar"},{"value":281,"label":"Mineraler"},{"value":149,"label":"\u00d6rter"},{"value":155,"label":"Vitaminer"}],"product_tag":[{"value":205,"label":"antioxidant"},{"value":339,"label":"bredspektrum kosttillskott"},{"value":340,"label":"bredspektrum optimal protect"},{"value":341,"label":"j\u00e4rn optimal"},{"value":221,"label":"naturtillskott"},{"value":229,"label":"st\u00e4rka immunf\u00f6rsvar"},{"value":234,"label":"vitamin"},{"value":235,"label":"vitaminer"}]},"featured_image_src_large":["https:\/\/vitaminbutiken.com\/wp-content\/uploads\/2025\/03\/Optimal-Protect-101-Photoroom-e1750757072311-955x700.png",955,700,true],"author_info":[],"comment_info":0,"_links":{"self":[{"href":"https:\/\/vitaminbutiken.com\/fi\/wp-json\/wp\/v2\/product\/11663","targetHints":{"allow":["GET"]}}],"collection":[{"href":"https:\/\/vitaminbutiken.com\/fi\/wp-json\/wp\/v2\/product"}],"about":[{"href":"https:\/\/vitaminbutiken.com\/fi\/wp-json\/wp\/v2\/types\/product"}],"replies":[{"embeddable":true,"href":"https:\/\/vitaminbutiken.com\/fi\/wp-json\/wp\/v2\/comments?post=11663"}],"wp:featuredmedia":[{"embeddable":true,"href":"https:\/\/vitaminbutiken.com\/fi\/wp-json\/wp\/v2\/media\/11660"}],"wp:attachment":[{"href":"https:\/\/vitaminbutiken.com\/fi\/wp-json\/wp\/v2\/media?parent=11663"}],"wp:term":[{"taxonomy":"product_brand","embeddable":true,"href":"https:\/\/vitaminbutiken.com\/fi\/wp-json\/wp\/v2\/product_brand?post=11663"},{"taxonomy":"product_cat","embeddable":true,"href":"https:\/\/vitaminbutiken.com\/fi\/wp-json\/wp\/v2\/product_cat?post=11663"},{"taxonomy":"product_tag","embeddable":true,"href":"https:\/\/vitaminbutiken.com\/fi\/wp-json\/wp\/v2\/product_tag?post=11663"}],"curies":[{"name":"wp","href":"https:\/\/api.w.org\/{rel}","templated":true}]}}