{"id":11253,"date":"2025-05-13T08:47:57","date_gmt":"2025-05-13T06:47:57","guid":{"rendered":"https:\/\/vitaminbutiken.com\/?post_type=product&#038;p=11253"},"modified":"2026-04-09T11:01:45","modified_gmt":"2026-04-09T09:01:45","slug":"pea","status":"publish","type":"product","link":"https:\/\/vitaminbutiken.com\/fi\/produkt\/pea\/","title":{"rendered":"PEA, Palmiotyletanolamid"},"content":{"rendered":"<p data-start=\"320\" data-end=\"373\"><strong data-start=\"324\" data-end=\"373\">PEA \u2013 kroppseget fett\u00e4mne f\u00f6r kroppens balans<\/strong><\/p>\n<p data-start=\"375\" data-end=\"725\">PEA (palmitoyletanolamid) \u00e4r ett kroppseget, fettliknande \u00e4mne som bildas naturligt i kroppen och \u00e4ven f\u00f6rekommer i sm\u00e5 m\u00e4ngder i vissa livsmedel, s\u00e5som \u00e4gg, jordn\u00f6tter och sojab\u00f6nor. \u00c4mnet har uppm\u00e4rksammats i forskning f\u00f6r sin roll i kroppens egna reglerande processer, s\u00e4rskilt kopplat till nervsystemets normala funktion och kroppens inre balans.<\/p>\n<p data-start=\"727\" data-end=\"1057\">Som kosttillskott anv\u00e4nds PEA i koncentrerad form av personer som vill ge kroppen st\u00f6d i situationer d\u00e4r nervsystemet eller kroppens v\u00e4vnader upplevs vara extra belastade. Produkten \u00e4r avsedd att anv\u00e4ndas som ett komplement till en varierad kost och en h\u00e4lsosam livsstil, och passar f\u00f6r dagligt bruk enligt rekommenderad dosering.<\/p>\n<p data-start=\"1059\" data-end=\"1328\">PEA \u00e4r ett popul\u00e4rt val bland vuxna som s\u00f6ker ett tillskott med ett v\u00e4lk\u00e4nt, kroppseget inneh\u00e5ll och som vill bidra till en \u00f6kad k\u00e4nsla av fysisk komfort och \u00e5terh\u00e4mtning. Kapslarna \u00e4r enkla att anv\u00e4nda och framtagna med fokus p\u00e5 kvalitet, renhet och anv\u00e4ndarv\u00e4nlighet.<\/p>\n<p><strong>Dosering<\/strong>: 2 kapslar per dag.<\/p>\n<table style=\"height: 80px;\" border=\"1\" width=\"621\" cellspacing=\"0\" cellpadding=\"0\">\n<tbody>\n<tr>\n<td valign=\"top\" width=\"30%\"><strong>2 kapslar inneh\u00e5ller<\/strong><\/td>\n<td valign=\"top\" width=\"20%\"><strong> M\u00e4ngd<\/strong><\/td>\n<td valign=\"top\" width=\"30%\"><strong>*DRI%\u00a0<\/strong><\/td>\n<\/tr>\n<tr>\n<td valign=\"top\" width=\"30%\">PEA, palmiotyletanolamid<\/td>\n<td valign=\"top\" width=\"20%\">400 mg<\/td>\n<td valign=\"top\" width=\"20%\">**<\/td>\n<\/tr>\n<tr>\n<td valign=\"top\" width=\"30%\">Vitamin B1<\/td>\n<td valign=\"top\" width=\"20%\">20 mg<\/td>\n<td valign=\"top\" width=\"20%\">1 818 %<\/td>\n<\/tr>\n<tr>\n<td valign=\"top\" width=\"30%\">Vitamin B6<\/td>\n<td valign=\"top\" width=\"20%\">20 mg<\/td>\n<td valign=\"top\" width=\"20%\">1 428 %<\/td>\n<\/tr>\n<tr>\n<td valign=\"top\" width=\"30%\">Vitamin B12<\/td>\n<td valign=\"top\" width=\"20%\">100 \u00b5g<\/td>\n<td valign=\"top\" width=\"20%\">4 000 %<\/td>\n<\/tr>\n<\/tbody>\n<\/table>\n<p><strong><em>*DRI \u00e4r dagligt referensintag. **DRI ej fastst\u00e4llt.<\/em><\/strong><\/p>\n<p><strong>Ingredienser:\u00a0<\/strong>Palmitoyletanolamid, vitamin B1 (tiamin), vitamin B6 (pyridoxin-hydroklorid), vitamin B12 (cyanokobalamin), kapsel (hydroxypropylmetylcellulosa).<\/p>\n<p>Rekommenderad daglig dos b\u00f6r ej \u00f6verskridas.<br \/>\nKosttillskott ers\u00e4tter inte en varierad kost.<br \/>\nProdukter f\u00f6rvaras o\u00e5tkomligt f\u00f6r sm\u00e5 barn.<\/p>\n","protected":false},"excerpt":{"rendered":"<p>PEA (palmitoylethanolamid) med vitamin B1, B6 och B12.<\/p>\n<p><strong>60 kapslar<\/strong><\/p>\n","protected":false},"featured_media":11254,"comment_status":"closed","ping_status":"closed","template":"","meta":{"_kad_blocks_custom_css":"","_kad_blocks_head_custom_js":"","_kad_blocks_body_custom_js":"","_kad_blocks_footer_custom_js":"","_kadence_starter_templates_imported_post":false,"_kad_post_transparent":"default","_kad_post_title":"","_kad_post_layout":"default","_kad_post_sidebar_id":"","_kad_post_content_style":"default","_kad_post_vertical_padding":"default","_kad_post_feature":"","_kad_post_feature_position":"","_kad_post_header":false,"_kad_post_footer":false,"_kad_post_classname":""},"product_brand":[],"product_cat":[2605,1393],"product_tag":[407],"class_list":{"0":"post-11253","1":"product","2":"type-product","3":"status-publish","4":"has-post-thumbnail","6":"product_cat-kenkou-selfcare","7":"product_cat-ovriga-kosttillskott","8":"product_tag-smartlindring","10":"first","11":"instock","12":"taxable","13":"shipping-taxable","14":"purchasable","15":"product-type-simple","16":"entry","17":"content-bg","18":"loop-entry"},"taxonomy_info":{"product_cat":[{"value":2605,"label":"Kenkou Selfcare"},{"value":1393,"label":"\u00d6vriga kosttillskott"}],"product_tag":[{"value":407,"label":"sm\u00e4rtlindring"}]},"featured_image_src_large":["https:\/\/vitaminbutiken.com\/wp-content\/uploads\/2025\/05\/PEA-258-Photoroom-e1747118856865-1144x700.png",1144,700,true],"author_info":[],"comment_info":0,"_links":{"self":[{"href":"https:\/\/vitaminbutiken.com\/fi\/wp-json\/wp\/v2\/product\/11253","targetHints":{"allow":["GET"]}}],"collection":[{"href":"https:\/\/vitaminbutiken.com\/fi\/wp-json\/wp\/v2\/product"}],"about":[{"href":"https:\/\/vitaminbutiken.com\/fi\/wp-json\/wp\/v2\/types\/product"}],"replies":[{"embeddable":true,"href":"https:\/\/vitaminbutiken.com\/fi\/wp-json\/wp\/v2\/comments?post=11253"}],"wp:featuredmedia":[{"embeddable":true,"href":"https:\/\/vitaminbutiken.com\/fi\/wp-json\/wp\/v2\/media\/11254"}],"wp:attachment":[{"href":"https:\/\/vitaminbutiken.com\/fi\/wp-json\/wp\/v2\/media?parent=11253"}],"wp:term":[{"taxonomy":"product_brand","embeddable":true,"href":"https:\/\/vitaminbutiken.com\/fi\/wp-json\/wp\/v2\/product_brand?post=11253"},{"taxonomy":"product_cat","embeddable":true,"href":"https:\/\/vitaminbutiken.com\/fi\/wp-json\/wp\/v2\/product_cat?post=11253"},{"taxonomy":"product_tag","embeddable":true,"href":"https:\/\/vitaminbutiken.com\/fi\/wp-json\/wp\/v2\/product_tag?post=11253"}],"curies":[{"name":"wp","href":"https:\/\/api.w.org\/{rel}","templated":true}]}}