{"id":10255,"date":"2025-03-19T16:23:57","date_gmt":"2025-03-19T14:23:57","guid":{"rendered":"https:\/\/vitaminbutiken.multi.fi\/?post_type=product&#038;p=10255"},"modified":"2026-04-05T11:25:36","modified_gmt":"2026-04-05T09:25:36","slug":"ip6-100g","status":"publish","type":"product","link":"https:\/\/vitaminbutiken.com\/fi\/produkt\/ip6-100g\/","title":{"rendered":"IP6, Inositol Hexafosfat 100 g"},"content":{"rendered":"<p data-start=\"0\" data-end=\"17\"><strong data-start=\"0\" data-end=\"15\">IP6 \u2013 100 g<\/strong><\/p>\n<p data-start=\"19\" data-end=\"316\">IP6 (inositol hexafosfat) \u00e4r en naturlig f\u00f6rening som finns i v\u00e4xter, s\u00e4rskilt i fullkorn och baljv\u00e4xter. Det \u00e4r en kraftfull antioxidant som har uppm\u00e4rksammats f\u00f6r sina potentiella h\u00e4lsof\u00f6rdelar, s\u00e4rskilt n\u00e4r det g\u00e4ller cellh\u00e4lsa, immunf\u00f6rsvar och st\u00f6d f\u00f6r kroppens naturliga f\u00f6rsvarsmekanismer.<\/p>\n<ul>\n<li data-start=\"743\" data-end=\"844\">Stark antioxidant \u2013 Hj\u00e4lper till att skydda cellerna fr\u00e5n fria radikaler och oxidativ stress.<\/li>\n<li data-start=\"845\" data-end=\"952\">St\u00f6djer cellh\u00e4lsa \u2013 IP6 har studerats f\u00f6r dess potentiella roll i att fr\u00e4mja friska cellfunktioner.<\/li>\n<li data-start=\"953\" data-end=\"1039\">Bidrar till immunf\u00f6rsvaret \u2013 Kan st\u00f6dja kroppens naturliga f\u00f6rsvarsmekanismer.<\/li>\n<li data-start=\"1040\" data-end=\"1141\">Inneh\u00e5ller myo-inositol \u2013 En viktig komponent f\u00f6r cellmembran och signalsubstanser i kroppen.<\/li>\n<li data-start=\"1142\" data-end=\"1235\">Naturligt v\u00e4xtbaserat tillskott \u2013 Utvunnet fr\u00e5n v\u00e4xtk\u00e4llor och fritt fr\u00e5n tillsatser.<\/li>\n<\/ul>\n<p data-start=\"318\" data-end=\"700\"><strong>Dosering:\u00a0<\/strong>En tesked per dag uppdelat i tv\u00e5 intag, morgon och kv\u00e4ll.<\/p>\n<table style=\"height: 80px;\" border=\"1\" width=\"621\" cellspacing=\"0\" cellpadding=\"0\">\n<tbody>\n<tr>\n<td valign=\"top\" width=\"30%\"><strong>1 tesked inneh\u00e5ller<\/strong><\/td>\n<td valign=\"top\" width=\"20%\"><strong> M\u00e4ngd<\/strong><\/td>\n<td valign=\"top\" width=\"30%\"><strong>%DRI*<\/strong><\/td>\n<\/tr>\n<tr>\n<td valign=\"top\" width=\"30%\">IP6<\/td>\n<td valign=\"top\" width=\"20%\">3510 mg<\/td>\n<td valign=\"top\" width=\"20%\">**<\/td>\n<\/tr>\n<tr>\n<td valign=\"top\" width=\"30%\">Myo-inositol<\/td>\n<td valign=\"top\" width=\"20%\">990 mg<\/td>\n<td valign=\"top\" width=\"20%\">**<\/td>\n<\/tr>\n<\/tbody>\n<\/table>\n<p><strong><em>**DRI (dagligt referensintag) ej fastst\u00e4llt.\u00a0<\/em><\/strong><\/p>\n<p><strong>Ingredienser:\u00a0<\/strong>Inositolhexaphosphat, myo-inositol.<\/p>\n<p>Rekommenderad daglig dos b\u00f6r ej \u00f6verskridas.<br \/>\nKosttillskott ers\u00e4tter inte en varierad kost.<br \/>\nProdukten f\u00f6rvaras o\u00e5tkomligt f\u00f6r sm\u00e5 barn.<\/p>\n","protected":false},"excerpt":{"rendered":"<ul>\n<li data-start=\"743\" data-end=\"844\">Denna produkt inneh\u00e5ller en kombination av IP6 (3510 mg per tesked) och myo-inositol (990 mg per tesked), vilket ger en synergistisk effekt f\u00f6r att st\u00f6dja cellernas funktion och fr\u00e4mja allm\u00e4nt v\u00e4lbefinnande. IP6 fungerar genom att binda till mineraler och reglera deras upptag i kroppen, samtidigt som det fungerar som en antioxidant som skyddar cellerna fr\u00e5n oxidativ stress.<\/li>\n<\/ul>\n<p><strong>100 g<\/strong><\/p>\n","protected":false},"featured_media":10327,"comment_status":"open","ping_status":"closed","template":"","meta":{"_kad_blocks_custom_css":"","_kad_blocks_head_custom_js":"","_kad_blocks_body_custom_js":"","_kad_blocks_footer_custom_js":"","_kadence_starter_templates_imported_post":false,"_kad_post_transparent":"default","_kad_post_title":"","_kad_post_layout":"default","_kad_post_sidebar_id":"","_kad_post_content_style":"default","_kad_post_vertical_padding":"default","_kad_post_feature":"","_kad_post_feature_position":"","_kad_post_header":false,"_kad_post_footer":false,"_kad_post_classname":""},"product_brand":[],"product_cat":[176,1393,1307],"product_tag":[1698,2632,2633,1923,2606,2634,1112,925,2601,2317,1028,2635,2059,2636,2475,1996,1264],"class_list":{"0":"post-10255","1":"product","2":"type-product","3":"status-publish","4":"has-post-thumbnail","6":"product_cat-immunforsvar","7":"product_cat-ovriga-kosttillskott","8":"product_cat-synergos","9":"product_tag-antioxidantstod","10":"product_tag-antioxidativ","11":"product_tag-cancerforebyggande","12":"product_tag-cellhalsa","13":"product_tag-detox","14":"product_tag-dna-reparation","15":"product_tag-energi","16":"product_tag-fria-radikaler","17":"product_tag-hallbart","18":"product_tag-halsa","19":"product_tag-immunforsvar","20":"product_tag-kroppens-skydd","21":"product_tag-metabolism","22":"product_tag-naringsstod","23":"product_tag-naturligt-tillskott","24":"product_tag-vaxtbaserat","25":"product_tag-vitalitet","27":"first","28":"instock","29":"taxable","30":"shipping-taxable","31":"purchasable","32":"product-type-simple","33":"entry","34":"content-bg","35":"loop-entry"},"taxonomy_info":{"product_cat":[{"value":176,"label":"Immunf\u00f6rsvar"},{"value":1393,"label":"\u00d6vriga kosttillskott"},{"value":1307,"label":"Synergos"}],"product_tag":[{"value":1698,"label":"Antioxidantst\u00f6d"},{"value":2632,"label":"antioxidativ"},{"value":2633,"label":"cancerf\u00f6rebyggande"},{"value":1923,"label":"Cellh\u00e4lsa"},{"value":2606,"label":"detox"},{"value":2634,"label":"DNA-reparation"},{"value":1112,"label":"energi"},{"value":925,"label":"fria radikaler"},{"value":2601,"label":"h\u00e5llbart"},{"value":2317,"label":"H\u00e4lsa"},{"value":1028,"label":"immunf\u00f6rsvar"},{"value":2635,"label":"kroppens skydd"},{"value":2059,"label":"metabolism"},{"value":2636,"label":"n\u00e4ringsst\u00f6d"},{"value":2475,"label":"Naturligt tillskott"},{"value":1996,"label":"v\u00e4xtbaserat"},{"value":1264,"label":"Vitalitet"}]},"featured_image_src_large":["https:\/\/vitaminbutiken.com\/wp-content\/uploads\/2025\/03\/Photoroom_20250310_085606-e1741589898116-1-1440x700.png",1440,700,true],"author_info":[],"comment_info":0,"_links":{"self":[{"href":"https:\/\/vitaminbutiken.com\/fi\/wp-json\/wp\/v2\/product\/10255","targetHints":{"allow":["GET"]}}],"collection":[{"href":"https:\/\/vitaminbutiken.com\/fi\/wp-json\/wp\/v2\/product"}],"about":[{"href":"https:\/\/vitaminbutiken.com\/fi\/wp-json\/wp\/v2\/types\/product"}],"replies":[{"embeddable":true,"href":"https:\/\/vitaminbutiken.com\/fi\/wp-json\/wp\/v2\/comments?post=10255"}],"wp:featuredmedia":[{"embeddable":true,"href":"https:\/\/vitaminbutiken.com\/fi\/wp-json\/wp\/v2\/media\/10327"}],"wp:attachment":[{"href":"https:\/\/vitaminbutiken.com\/fi\/wp-json\/wp\/v2\/media?parent=10255"}],"wp:term":[{"taxonomy":"product_brand","embeddable":true,"href":"https:\/\/vitaminbutiken.com\/fi\/wp-json\/wp\/v2\/product_brand?post=10255"},{"taxonomy":"product_cat","embeddable":true,"href":"https:\/\/vitaminbutiken.com\/fi\/wp-json\/wp\/v2\/product_cat?post=10255"},{"taxonomy":"product_tag","embeddable":true,"href":"https:\/\/vitaminbutiken.com\/fi\/wp-json\/wp\/v2\/product_tag?post=10255"}],"curies":[{"name":"wp","href":"https:\/\/api.w.org\/{rel}","templated":true}]}}