{"id":10179,"date":"2025-03-19T16:21:56","date_gmt":"2025-03-19T14:21:56","guid":{"rendered":"https:\/\/vitaminbutiken.multi.fi\/?post_type=product&#038;p=10179"},"modified":"2026-03-30T12:18:30","modified_gmt":"2026-03-30T10:18:30","slug":"astaxanthin-capsules-8mg-lamberts","status":"publish","type":"product","link":"https:\/\/vitaminbutiken.com\/fi\/produkt\/astaxanthin-capsules-8mg-lamberts\/","title":{"rendered":"Astaxanthin Capsules 8mg &#8211; Lamberts"},"content":{"rendered":"<p data-start=\"42\" data-end=\"197\">Denna fantastiska karotenoid \u00e4r en av naturens mest kraftfulla antioxidanter och \u00e4r n\u00e4ra besl\u00e4ktad med andra karotenoider s\u00e5som zeaxantin och lutein.<\/p>\n<p data-start=\"199\" data-end=\"457\">Vi anv\u00e4nder ett naturligt \u00e4mne utvunnet fr\u00e5n den s\u00f6tvattenslevande gr\u00f6nalgen Haematococcus pluvialis, i dess naturliga 3S &#8211; 3\u2019S-form. Syntetiskt astaxantin \u00e4r Rs-3S eller RS-R\u2019S, och \u00e4ven om det \u00e4r billigare \u00e4r det oklart om det \u00e4r aktivt eller s\u00e4kert.<\/p>\n<p data-start=\"459\" data-end=\"752\">Den alg vi anv\u00e4nder odlas i en klimatkontrollerad milj\u00f6, i ett slutet system i Arava\u00f6knen. Den tre m\u00e5nader l\u00e5nga odlingsprocessen efterliknar astaxantinansamlingen i naturen och resulterar i en exceptionellt ren och h\u00f6gkvalitativ mikroalg j\u00e4mf\u00f6rt med astaxantin som odlas i \u00f6ppna dammar.<\/p>\n<p data-start=\"754\" data-end=\"1019\">Extraktionsprocessen anv\u00e4nder superkritisk CO\u2082-extraktionsteknik, vilket undviker \u00f6verdriven v\u00e4rme och s\u00e4kerst\u00e4ller en l\u00f6sningsmedelsfri produkt. Processen \u00e4r dessutom mer milj\u00f6v\u00e4nlig, d\u00e5 den drivs av solpaneler och anv\u00e4nder ett eget vatten\u00e5tervinningssystem.<\/p>\n<p data-start=\"1021\" data-end=\"1234\">Tv\u00e5 kapslar ger hela 8 mg naturligt, aktivt astaxantin \u2013 en niv\u00e5 j\u00e4mf\u00f6rbar med publicerade studier. Dessutom inneh\u00e5ller produkten naturligt vitamin E, som bidrar till att skydda cellerna mot oxidativ stress.<\/p>\n<p><strong> Dosering<\/strong>: 2 kapslar dagligen i samband med m\u00e5ltid.<\/p>\n<table style=\"height: 80px;\" border=\"1\" width=\"621\" cellspacing=\"0\" cellpadding=\"0\">\n<tbody>\n<tr>\n<td valign=\"top\" width=\"30%\"><strong>1 kapsel inneh\u00e5ller<\/strong><\/td>\n<td valign=\"top\" width=\"20%\"><strong> M\u00e4ngd<\/strong><\/td>\n<td valign=\"top\" width=\"30%\"><strong>%DRI*<\/strong><\/td>\n<\/tr>\n<tr>\n<td valign=\"top\" width=\"30%\">Vitamin E<\/td>\n<td valign=\"top\" width=\"20%\">24 mg<\/td>\n<td valign=\"top\" width=\"20%\">200 %<\/td>\n<\/tr>\n<tr>\n<td valign=\"top\" width=\"30%\">Astaxanthin<\/td>\n<td valign=\"top\" width=\"20%\">8 mg<\/td>\n<td valign=\"top\" width=\"20%\">**<\/td>\n<\/tr>\n<\/tbody>\n<\/table>\n<p><strong><em>*DRI \u00e4r dagligt referensintag.**DRi ej fastst\u00e4llt.<\/em><\/strong><\/p>\n<p><strong>Ingredienser<\/strong>: Solrosfr\u00f6olja, kapselskal (glycerol, modifierad majsst\u00e4rkelse, geleringsmedel:<br \/>\nkarragenan), f\u00e4rg\u00e4mne: j\u00e4rnoxid, surhetsreglerande medel: natriumkarbonat, astaxantin extrakt<br \/>\n(Haematococcus pluvialis), antioxidant: rosmarinextrakt, olivolja, vitamin E (dl-alfa-tokoferol).<\/p>\n<p>Rekommenderad dos b\u00f6r ej \u00f6verskridas.<br \/>\nKosttillskott ers\u00e4tter inte en varierad kost.<br \/>\nProdukten f\u00f6rvaras o\u00e5tkomligt f\u00f6r sm\u00e5 barn.<br \/>\nRekommenderas inte till gravida eller ammande.<\/p>\n<p>L\u00e4mplig f\u00f6r veganer<\/p>\n","protected":false},"excerpt":{"rendered":"<ul>\n<li data-start=\"42\" data-end=\"104\"><strong data-start=\"44\" data-end=\"102\">F\u00f6r alternativa produkter, tveka inte att kontakta oss<\/strong><\/li>\n<li data-start=\"105\" data-end=\"173\"><strong data-start=\"107\" data-end=\"171\">Fr\u00e5n den s\u00f6tvattenslevande gr\u00f6nalgen Haematococcus pluvialis<\/strong><\/li>\n<li data-start=\"174\" data-end=\"224\"><strong data-start=\"176\" data-end=\"222\">Tv\u00e5 kapslar ger hela 8 mg aktiv astaxantin<\/strong><\/li>\n<li data-start=\"225\" data-end=\"274\"><strong data-start=\"227\" data-end=\"272\">En niv\u00e5 j\u00e4mf\u00f6rbar med publicerade studier<\/strong><\/li>\n<li data-start=\"275\" data-end=\"318\"><strong data-start=\"277\" data-end=\"316\">Inneh\u00e5ller \u00e4ven naturligt vitamin E<\/strong><\/li>\n<li data-start=\"319\" data-end=\"388\"><strong data-start=\"321\" data-end=\"386\">Vitamin E bidrar till att skydda cellerna mot oxidativ stress<\/strong><\/li>\n<li data-start=\"389\" data-end=\"444\"><strong data-start=\"391\" data-end=\"442\">Suspenderad i solrosolja f\u00f6r maximal absorption<\/strong><\/li>\n<li data-start=\"445\" data-end=\"494\"><strong data-start=\"447\" data-end=\"492\">L\u00e4mplig f\u00f6r b\u00e5de vegetarianer och veganer<\/strong><\/li>\n<\/ul>\n<p><strong>30 kapslar<\/strong><\/p>\n","protected":false},"featured_media":10237,"comment_status":"open","ping_status":"closed","template":"","meta":{"_kad_blocks_custom_css":"","_kad_blocks_head_custom_js":"","_kad_blocks_body_custom_js":"","_kad_blocks_footer_custom_js":"","_kadence_starter_templates_imported_post":false,"_kad_post_transparent":"default","_kad_post_title":"","_kad_post_layout":"default","_kad_post_sidebar_id":"","_kad_post_content_style":"default","_kad_post_vertical_padding":"default","_kad_post_feature":"","_kad_post_feature_position":"","_kad_post_header":false,"_kad_post_footer":false,"_kad_post_classname":""},"product_brand":[],"product_cat":[1234,1393],"product_tag":[2015,1415,205,2490,1548,2479,1648,2481,1487,1028,2486,2001,2004,1039,1987,1883,1911,2491,2492],"class_list":{"0":"post-10179","1":"product","2":"type-product","3":"status-publish","4":"has-post-thumbnail","6":"product_cat-lamberts","7":"product_cat-ovriga-kosttillskott","8":"product_tag-aldrande","9":"product_tag-anti-aging","10":"product_tag-antioxidant","11":"product_tag-astaxanthin","12":"product_tag-cellskydd","13":"product_tag-cirkulation","14":"product_tag-hjarthalsa","15":"product_tag-hog-absorption","16":"product_tag-hudvard","17":"product_tag-immunforsvar","18":"product_tag-inflammationshantering","19":"product_tag-kapslar","20":"product_tag-lamberts","21":"product_tag-muskelfunktion","22":"product_tag-naturlig-antioxidant","23":"product_tag-naturligt-kosttillskott","24":"product_tag-ogonhalsa","25":"product_tag-ogonskydd","26":"product_tag-stod-for-celler","28":"first","29":"instock","30":"taxable","31":"shipping-taxable","32":"purchasable","33":"product-type-simple","34":"entry","35":"content-bg","36":"loop-entry"},"taxonomy_info":{"product_cat":[{"value":1234,"label":"Lamberts"},{"value":1393,"label":"\u00d6vriga kosttillskott"}],"product_tag":[{"value":2015,"label":"\u00e5ldrande"},{"value":1415,"label":"Anti-aging"},{"value":205,"label":"antioxidant"},{"value":2490,"label":"Astaxanthin"},{"value":1548,"label":"Cellskydd"},{"value":2479,"label":"Cirkulation"},{"value":1648,"label":"hj\u00e4rth\u00e4lsa"},{"value":2481,"label":"H\u00f6g absorption"},{"value":1487,"label":"hudv\u00e5rd"},{"value":1028,"label":"immunf\u00f6rsvar"},{"value":2486,"label":"Inflammationshantering"},{"value":2001,"label":"kapslar"},{"value":2004,"label":"Lamberts"},{"value":1039,"label":"muskelfunktion"},{"value":1987,"label":"naturlig antioxidant"},{"value":1883,"label":"Naturligt kosttillskott"},{"value":1911,"label":"\u00f6gonh\u00e4lsa"},{"value":2491,"label":"\u00d6gonskydd"},{"value":2492,"label":"St\u00f6d f\u00f6r celler"}]},"featured_image_src_large":["https:\/\/vitaminbutiken.com\/wp-content\/uploads\/2025\/03\/8519-Astaxanthin-capsules-780x700.jpg",780,700,true],"author_info":[],"comment_info":0,"_links":{"self":[{"href":"https:\/\/vitaminbutiken.com\/fi\/wp-json\/wp\/v2\/product\/10179","targetHints":{"allow":["GET"]}}],"collection":[{"href":"https:\/\/vitaminbutiken.com\/fi\/wp-json\/wp\/v2\/product"}],"about":[{"href":"https:\/\/vitaminbutiken.com\/fi\/wp-json\/wp\/v2\/types\/product"}],"replies":[{"embeddable":true,"href":"https:\/\/vitaminbutiken.com\/fi\/wp-json\/wp\/v2\/comments?post=10179"}],"wp:featuredmedia":[{"embeddable":true,"href":"https:\/\/vitaminbutiken.com\/fi\/wp-json\/wp\/v2\/media\/10237"}],"wp:attachment":[{"href":"https:\/\/vitaminbutiken.com\/fi\/wp-json\/wp\/v2\/media?parent=10179"}],"wp:term":[{"taxonomy":"product_brand","embeddable":true,"href":"https:\/\/vitaminbutiken.com\/fi\/wp-json\/wp\/v2\/product_brand?post=10179"},{"taxonomy":"product_cat","embeddable":true,"href":"https:\/\/vitaminbutiken.com\/fi\/wp-json\/wp\/v2\/product_cat?post=10179"},{"taxonomy":"product_tag","embeddable":true,"href":"https:\/\/vitaminbutiken.com\/fi\/wp-json\/wp\/v2\/product_tag?post=10179"}],"curies":[{"name":"wp","href":"https:\/\/api.w.org\/{rel}","templated":true}]}}