{"id":10139,"date":"2025-03-19T16:21:02","date_gmt":"2025-03-19T14:21:02","guid":{"rendered":"https:\/\/vitaminbutiken.multi.fi\/?post_type=product&#038;p=10139"},"modified":"2026-03-23T13:38:18","modified_gmt":"2026-03-23T12:38:18","slug":"multi-guard-methyl-lamberts","status":"publish","type":"product","link":"https:\/\/vitaminbutiken.com\/fi\/produkt\/multi-guard-methyl-lamberts\/","title":{"rendered":"Multi-Guard\u00ae Methyl &#8211; Lamberts"},"content":{"rendered":"<p data-start=\"0\" data-end=\"436\">Lamberts Multi-Guard\u00ae Methyl \u00e4r en avancerad, h\u00f6gdoserad multivitamin- och mineralformel som inneh\u00e5ller viktiga n\u00e4rings\u00e4mnen i kliniskt relevanta niv\u00e5er och biotillg\u00e4ngliga former. Som en praktisk en-om-dagen-formula \u00e4r Multi-Guard\u00ae Methyl den perfekta basen f\u00f6r alla komplexa kosttillskottsprotokoll d\u00e4r specialiserade individuella n\u00e4rings\u00e4mnen tas ut\u00f6ver en multivitamin. Detta g\u00f6r den till en favorit bland m\u00e5nga n\u00e4ringsterapeuter.<\/p>\n<p data-start=\"438\" data-end=\"891\"><strong data-start=\"438\" data-end=\"452\">Metylering<\/strong> \u00e4r en enkel men avg\u00f6rande biokemisk process d\u00e4r en metylgrupp \u00f6verf\u00f6rs till en molekyl. Detta p\u00e5verkar flera kroppsfunktioner och spelar en viktig roll i det kardiovaskul\u00e4ra, neurologiska, reproduktiva och avgiftande systemet. Faktorer som kan f\u00f6rs\u00e4mra metyleringsf\u00f6rm\u00e5gan inkluderar n\u00e4ringsbrister (som folat, vitamin B6 och B12), stress, \u00e5lder och genetiska mutationer i <em data-start=\"826\" data-end=\"833\">MTHFR<\/em>-genen, som kodar f\u00f6r ett enzym involverat i metylering.<\/p>\n<p data-start=\"893\" data-end=\"1259\">Lamberts Multi-Guard\u00ae Methyl \u00e4r s\u00e4rskilt anpassad f\u00f6r personer som beh\u00f6ver st\u00f6d f\u00f6r metylering och inneh\u00e5ller folat som metylfolat, vitamin B6 som pyridoxal-5\u2019-fosfat (P5P) och vitamin B12 som metylkobalamin. Dessa B-vitaminer bidrar till en normal energimetabolism, och forskning tyder p\u00e5 att kroppen b\u00e4ttre absorberar och utnyttjar dem i deras metylerade former.<\/p>\n<p data-start=\"1261\" data-end=\"1421\">Formulan inneh\u00e5ller \u00e4ven magnesium, samt vitamin D och K (menaquinon-7), tillsammans med mikron\u00e4rings\u00e4mnen som kolin och inositol f\u00f6r att st\u00f6dja metabolismen.<\/p>\n<p><strong style=\"font-family: var(--global-body-font-family);\">Dosering<\/strong><span style=\"font-family: var(--global-body-font-family);\">: 1 tablett dagligen i samband med m\u00e5ltid.<\/span><\/p>\n<table style=\"height: 80px;\" border=\"1\" width=\"621\" cellspacing=\"0\" cellpadding=\"0\">\n<tbody>\n<tr>\n<td valign=\"top\" width=\"30%\"><strong>1 tablett inneh\u00e5ller<\/strong><\/td>\n<td valign=\"top\" width=\"20%\"><strong> M\u00e4ngd<\/strong><\/td>\n<td valign=\"top\" width=\"30%\"><strong>%DRI*<\/strong><\/td>\n<\/tr>\n<tr>\n<td valign=\"top\" width=\"30%\">Vitamin A<\/td>\n<td valign=\"top\" width=\"20%\">800 \u00b5g RE<\/td>\n<td valign=\"top\" width=\"20%\">100 %<\/td>\n<\/tr>\n<tr>\n<td valign=\"top\" width=\"30%\">Vitamin D3<\/td>\n<td valign=\"top\" width=\"20%\">15 \u00b5g<\/td>\n<td valign=\"top\" width=\"20%\">300 %<\/td>\n<\/tr>\n<tr>\n<td valign=\"top\" width=\"30%\">Vitamin E<\/td>\n<td valign=\"top\" width=\"20%\">24 mg a-TE<\/td>\n<td valign=\"top\" width=\"20%\">200 %<\/td>\n<\/tr>\n<tr>\n<td valign=\"top\" width=\"30%\">Vitamin K2<\/td>\n<td valign=\"top\" width=\"20%\">75 \u00b5g<\/td>\n<td valign=\"top\" width=\"20%\">100 %<\/td>\n<\/tr>\n<tr>\n<td valign=\"top\" width=\"30%\">Vitamin C<\/td>\n<td valign=\"top\" width=\"20%\">80 mg<\/td>\n<td valign=\"top\" width=\"20%\">100 %<\/td>\n<\/tr>\n<tr>\n<td valign=\"top\" width=\"30%\">Tiamin B1<\/td>\n<td valign=\"top\" width=\"20%\">3,3 mg<\/td>\n<td valign=\"top\" width=\"20%\">300 %<\/td>\n<\/tr>\n<tr>\n<td valign=\"top\" width=\"30%\">Riboflavin B2<\/td>\n<td valign=\"top\" width=\"20%\">4,2 mg<\/td>\n<td valign=\"top\" width=\"20%\">300 %<\/td>\n<\/tr>\n<tr>\n<td valign=\"top\" width=\"30%\">Niasin B3<\/td>\n<td valign=\"top\" width=\"20%\">48 mg NE<\/td>\n<td valign=\"top\" width=\"20%\">300 %<\/td>\n<\/tr>\n<tr>\n<td valign=\"top\" width=\"30%\">Vitamin B6<\/td>\n<td valign=\"top\" width=\"20%\">4,2 mg<\/td>\n<td valign=\"top\" width=\"20%\">300 %<\/td>\n<\/tr>\n<tr>\n<td valign=\"top\" width=\"30%\">Folsyra (Folat)<\/td>\n<td valign=\"top\" width=\"20%\">200 \u00b5g<\/td>\n<td valign=\"top\" width=\"20%\">100 %<\/td>\n<\/tr>\n<tr>\n<td valign=\"top\" width=\"30%\">Vitamin B12<\/td>\n<td valign=\"top\" width=\"20%\">300 \u00b5g<\/td>\n<td valign=\"top\" width=\"20%\">12 000 %<\/td>\n<\/tr>\n<tr>\n<td valign=\"top\" width=\"30%\">Biotin<\/td>\n<td valign=\"top\" width=\"20%\">50 \u00b5g<\/td>\n<td valign=\"top\" width=\"20%\">100 %<\/td>\n<\/tr>\n<tr>\n<td valign=\"top\" width=\"30%\">Pantotensyra B5<\/td>\n<td valign=\"top\" width=\"20%\">30 mg<\/td>\n<td valign=\"top\" width=\"20%\">500 %<\/td>\n<\/tr>\n<tr>\n<td valign=\"top\" width=\"30%\">Magnesium<\/td>\n<td valign=\"top\" width=\"20%\">120 mg<\/td>\n<td valign=\"top\" width=\"20%\">32 %<\/td>\n<\/tr>\n<tr>\n<td valign=\"top\" width=\"30%\">J\u00e4rn<\/td>\n<td valign=\"top\" width=\"20%\">14 mg<\/td>\n<td valign=\"top\" width=\"20%\">100 %<\/td>\n<\/tr>\n<tr>\n<td valign=\"top\" width=\"30%\">Zink<\/td>\n<td valign=\"top\" width=\"20%\">10 mg<\/td>\n<td valign=\"top\" width=\"20%\">100 %<\/td>\n<\/tr>\n<tr>\n<td valign=\"top\" width=\"30%\">Koppar<\/td>\n<td valign=\"top\" width=\"20%\">1000 \u00b5g<\/td>\n<td valign=\"top\" width=\"20%\">100 %<\/td>\n<\/tr>\n<tr>\n<td valign=\"top\" width=\"30%\">Mangan<\/td>\n<td valign=\"top\" width=\"20%\">0,5 mg<\/td>\n<td valign=\"top\" width=\"20%\">25 %<\/td>\n<\/tr>\n<tr>\n<td valign=\"top\" width=\"30%\">Selen<\/td>\n<td valign=\"top\" width=\"20%\">110 \u00b5g<\/td>\n<td valign=\"top\" width=\"20%\">200 %<\/td>\n<\/tr>\n<tr>\n<td valign=\"top\" width=\"30%\">Krom<\/td>\n<td valign=\"top\" width=\"20%\">120 \u00b5g<\/td>\n<td valign=\"top\" width=\"20%\">300 %<\/td>\n<\/tr>\n<tr>\n<td valign=\"top\" width=\"30%\">Molybden<\/td>\n<td valign=\"top\" width=\"20%\">50 \u00b5g<\/td>\n<td valign=\"top\" width=\"20%\">100 %<\/td>\n<\/tr>\n<tr>\n<td valign=\"top\" width=\"30%\">Jod<\/td>\n<td valign=\"top\" width=\"20%\">150 \u00b5g<\/td>\n<td valign=\"top\" width=\"20%\">100 %<\/td>\n<\/tr>\n<tr>\n<td valign=\"top\" width=\"30%\">Kolin<\/td>\n<td valign=\"top\" width=\"20%\">10 mg<\/td>\n<td valign=\"top\" width=\"20%\">**<\/td>\n<\/tr>\n<tr>\n<td valign=\"top\" width=\"30%\">Inositol<\/td>\n<td valign=\"top\" width=\"20%\">10 mg<\/td>\n<td valign=\"top\" width=\"20%\">**<\/td>\n<\/tr>\n<\/tbody>\n<\/table>\n<p><strong><em>*DRI \u00e4r dagligt referensintag.**DRI ej fastst\u00e4llt.<\/em><\/strong><\/p>\n<p><strong>Ingredienser:<\/strong> Fyllnadsmedel (cellulosa), magnesium (citrat, oxid), vitamin C (askorbinsyra), j\u00e4rncitrat, vitamin B3 (nikotinamid), vitamin K2<br \/>\n(menakinon-7), vitamin B5 (kalciumpantotenat), tablettbel\u00e4ggning (hydroxypropylmetylcellulosa), polydextros, kalciumkarbonat, f\u00e4rg\u00e4mne:<br \/>\nj\u00e4rnoxider), zinkcitrat, vitamin E (d-alfa-tokoferylsyrasukcinat), klumpf\u00f6rebyggande medel (kiseldioxid, stearinsyra, magnesiumsalter av<br \/>\nfettsyror), kolinbitartrat, inositol, vitamin A-acetat, vitamin B6 (pyridoxal 5-fosfat), vitamin D3 (kolekalciferol), kromklorid, vitamin B1<br \/>\n(tiaminmononitrat), vitamin B2 (riboflavin), kopparsulfat, mangansulfat, vitamin B12 (metylkobalamin), folsyra (L-5-metyltetrahydrofolat), selen<br \/>\n(natriumselenit), kaliumjodid, natriummolybdat, biotin.<\/p>\n<p>Rekommenderad dos b\u00f6r ej \u00f6verskridas.<br \/>\nKosttillskott ers\u00e4tter inte en varierad kost.<br \/>\nProdukten f\u00f6rvaras o\u00e5tkomligt f\u00f6r sm\u00e5 barn.<br \/>\nRekommenderas inte till gravida eller ammande<\/p>\n","protected":false},"excerpt":{"rendered":"<ul>\n<li>En en-om-dagen-formula som inneh\u00e5ller 23 viktiga n\u00e4rings\u00e4mnen i optimala niv\u00e5er.<\/li>\n<li>Vinnare av Health Food Business \u2018Best VMS 2022\u2019 Award.<\/li>\n<li>Metylerade former av vissa B-vitaminer har visat sig vara b\u00e4ttre absorberade och utnyttjade av kroppen.<\/li>\n<li>Inneh\u00e5ller folat som L-5-Metyltetrahydrofolat, vitamin B6 som pyridoxal-5\u2019-fosfat (P5P) och vitamin B12 som metylkobalamin.<\/li>\n<li>Mikron\u00e4rings\u00e4mnen som kolin och inositol ing\u00e5r f\u00f6r att st\u00f6dja metabolismen.<\/li>\n<li>Det perfekta tillskottet till ett komplext kosttillskottsprotokoll.<\/li>\n<\/ul>\n<p><strong>60 tabletter\u00a0<\/strong><\/p>\n","protected":false},"featured_media":10204,"comment_status":"open","ping_status":"closed","template":"","meta":{"_kad_blocks_custom_css":"","_kad_blocks_head_custom_js":"","_kad_blocks_body_custom_js":"","_kad_blocks_footer_custom_js":"","_kadence_starter_templates_imported_post":false,"_kad_post_transparent":"default","_kad_post_title":"","_kad_post_layout":"default","_kad_post_sidebar_id":"","_kad_post_content_style":"default","_kad_post_vertical_padding":"default","_kad_post_feature":"","_kad_post_feature_position":"","_kad_post_header":false,"_kad_post_footer":false,"_kad_post_classname":""},"product_brand":[],"product_cat":[1234,281,2806,155],"product_tag":[2427,205,2429,1112,441,2428,2431,2335,2432,1648,1028,285,1553,2433,2434,1165,450,2435,1516,1207,1210],"class_list":{"0":"post-10139","1":"product","2":"type-product","3":"status-publish","4":"has-post-thumbnail","6":"product_cat-lamberts","7":"product_cat-mineraler","8":"product_cat-multi-vitamin","9":"product_cat-vitaminer","10":"product_tag-allsidig-naring","11":"product_tag-antioxidant","12":"product_tag-battre-upptag","13":"product_tag-energi","14":"product_tag-folsyra","15":"product_tag-forbattrad-energi","16":"product_tag-forebygger-brist","17":"product_tag-halsofordelar","18":"product_tag-halsosamt-liv","19":"product_tag-hjarthalsa","20":"product_tag-immunforsvar","21":"product_tag-kosttillskott","22":"product_tag-mental-halsa","23":"product_tag-methylated-b-vitaminer","24":"product_tag-methylfolat","25":"product_tag-multivitamin","26":"product_tag-nervsystem","27":"product_tag-stod-for-dna-syntes","28":"product_tag-vegetarisk","29":"product_tag-vitamin-b12","30":"product_tag-vitamin-d","32":"first","33":"instock","34":"taxable","35":"shipping-taxable","36":"purchasable","37":"product-type-simple","38":"entry","39":"content-bg","40":"loop-entry"},"taxonomy_info":{"product_cat":[{"value":1234,"label":"Lamberts"},{"value":281,"label":"Mineraler"},{"value":2806,"label":"Multi-vitamin"},{"value":155,"label":"Vitaminer"}],"product_tag":[{"value":2427,"label":"Allsidig n\u00e4ring"},{"value":205,"label":"antioxidant"},{"value":2429,"label":"B\u00e4ttre upptag"},{"value":1112,"label":"energi"},{"value":441,"label":"folsyra"},{"value":2428,"label":"F\u00f6rb\u00e4ttrad energi"},{"value":2431,"label":"F\u00f6rebygger brist"},{"value":2335,"label":"H\u00e4lsof\u00f6rdelar"},{"value":2432,"label":"H\u00e4lsosamt liv"},{"value":1648,"label":"hj\u00e4rth\u00e4lsa"},{"value":1028,"label":"immunf\u00f6rsvar"},{"value":285,"label":"kosttillskott"},{"value":1553,"label":"Mental h\u00e4lsa"},{"value":2433,"label":"Methylated B-vitaminer"},{"value":2434,"label":"Methylfolat"},{"value":1165,"label":"multivitamin"},{"value":450,"label":"nervsystem"},{"value":2435,"label":"St\u00f6d f\u00f6r DNA-syntes"},{"value":1516,"label":"vegetarisk"},{"value":1207,"label":"Vitamin B12"},{"value":1210,"label":"vitamin d"}]},"featured_image_src_large":["https:\/\/vitaminbutiken.com\/wp-content\/uploads\/2025\/03\/8435-Multi-guard-methyl-780x700.jpg",780,700,true],"author_info":[],"comment_info":0,"_links":{"self":[{"href":"https:\/\/vitaminbutiken.com\/fi\/wp-json\/wp\/v2\/product\/10139","targetHints":{"allow":["GET"]}}],"collection":[{"href":"https:\/\/vitaminbutiken.com\/fi\/wp-json\/wp\/v2\/product"}],"about":[{"href":"https:\/\/vitaminbutiken.com\/fi\/wp-json\/wp\/v2\/types\/product"}],"replies":[{"embeddable":true,"href":"https:\/\/vitaminbutiken.com\/fi\/wp-json\/wp\/v2\/comments?post=10139"}],"wp:featuredmedia":[{"embeddable":true,"href":"https:\/\/vitaminbutiken.com\/fi\/wp-json\/wp\/v2\/media\/10204"}],"wp:attachment":[{"href":"https:\/\/vitaminbutiken.com\/fi\/wp-json\/wp\/v2\/media?parent=10139"}],"wp:term":[{"taxonomy":"product_brand","embeddable":true,"href":"https:\/\/vitaminbutiken.com\/fi\/wp-json\/wp\/v2\/product_brand?post=10139"},{"taxonomy":"product_cat","embeddable":true,"href":"https:\/\/vitaminbutiken.com\/fi\/wp-json\/wp\/v2\/product_cat?post=10139"},{"taxonomy":"product_tag","embeddable":true,"href":"https:\/\/vitaminbutiken.com\/fi\/wp-json\/wp\/v2\/product_tag?post=10139"}],"curies":[{"name":"wp","href":"https:\/\/api.w.org\/{rel}","templated":true}]}}