{"id":10094,"date":"2025-03-19T16:20:06","date_gmt":"2025-03-19T14:20:06","guid":{"rendered":"https:\/\/vitaminbutiken.multi.fi\/?post_type=product&#038;p=10094"},"modified":"2026-03-31T19:26:04","modified_gmt":"2026-03-31T17:26:04","slug":"selenium-200%c2%b5g-plus-lamberts","status":"publish","type":"product","link":"https:\/\/vitaminbutiken.com\/fi\/produkt\/selenium-200%c2%b5g-plus-lamberts\/","title":{"rendered":"Selenium 200\u00b5g plus med vitamin A+C+E &#8211; Lamberts"},"content":{"rendered":"<p data-start=\"220\" data-end=\"280\"><strong data-start=\"220\" data-end=\"280\">Avancerat antioxidantst\u00f6d f\u00f6r immunf\u00f6rsvar och cellskydd<\/strong><\/p>\n<p data-start=\"282\" data-end=\"469\">Lamberts Selenium 200 \u00b5g Plus \u00e4r en genomt\u00e4nkt kombination av selen tillsammans med vitaminerna A, C och E \u2013 fyra viktiga n\u00e4rings\u00e4mnen som samverkar i kroppens antioxidativa skyddssystem.<\/p>\n<p data-start=\"471\" data-end=\"616\">Produkten \u00e4r utvecklad f\u00f6r dig som vill ha ett komplett dagligt st\u00f6d f\u00f6r immunf\u00f6rsvar, cellskydd och allm\u00e4n n\u00e4ringsbalans i en och samma tablett.<\/p>\n<p data-start=\"471\" data-end=\"616\"><strong>Skydd mot oxidativ stress<\/strong><\/p>\n<p data-start=\"657\" data-end=\"688\">Selen, vitamin C och vitamin E:<\/p>\n<ul data-start=\"690\" data-end=\"745\">\n<li data-start=\"690\" data-end=\"745\">\n<p data-start=\"692\" data-end=\"745\">bidrar till att skydda cellerna mot oxidativ stress<\/p>\n<\/li>\n<\/ul>\n<p data-start=\"747\" data-end=\"946\">Oxidativ stress uppst\u00e5r n\u00e4r balansen mellan fria radikaler och kroppens antioxidativa skyddssystem rubbas. Denna formula kombinerar flera n\u00e4rings\u00e4mnen som tillsammans bidrar till att skydda cellerna.<\/p>\n<p data-start=\"948\" data-end=\"1097\">Selen ing\u00e5r i kroppens enzym glutationperoxidas, medan vitamin C och E \u00e4r v\u00e4lk\u00e4nda antioxidanter som kompletterar varandra i kroppens f\u00f6rsvarssystem.<\/p>\n<p data-start=\"948\" data-end=\"1097\"><strong>Sk\u00f6ldk\u00f6rtel och hormonbalans<\/strong><\/p>\n<p data-start=\"1140\" data-end=\"1146\">Selen:<\/p>\n<ul data-start=\"1148\" data-end=\"1190\">\n<li data-start=\"1148\" data-end=\"1190\">\n<p data-start=\"1150\" data-end=\"1190\">bidrar till normal sk\u00f6ldk\u00f6rtelfunktion<\/p>\n<\/li>\n<\/ul>\n<p data-start=\"1192\" data-end=\"1294\">Selen \u00e4r viktigt f\u00f6r omvandlingen av sk\u00f6ldk\u00f6rtelhormoner och f\u00f6r att uppr\u00e4tth\u00e5lla normal hormonbalans.<\/p>\n<p data-start=\"1192\" data-end=\"1294\"><strong>Immunf\u00f6rsvar<\/strong><\/p>\n<p data-start=\"1322\" data-end=\"1345\">Vitamin A, C och selen:<\/p>\n<ul data-start=\"1347\" data-end=\"1394\">\n<li data-start=\"1347\" data-end=\"1394\">\n<p data-start=\"1349\" data-end=\"1394\">bidrar till immunsystemets normala funktion<\/p>\n<\/li>\n<\/ul>\n<p data-start=\"1396\" data-end=\"1467\">Dessa n\u00e4rings\u00e4mnen samverkar f\u00f6r att st\u00f6dja kroppens naturliga f\u00f6rsvar.<\/p>\n<p data-start=\"1396\" data-end=\"1467\"><strong>Syn och hud<\/strong><\/p>\n<p data-start=\"1494\" data-end=\"1504\">Vitamin A:<\/p>\n<ul data-start=\"1506\" data-end=\"1635\">\n<li data-start=\"1506\" data-end=\"1546\">\n<p data-start=\"1508\" data-end=\"1546\">bidrar till att bibeh\u00e5lla normal syn<\/p>\n<\/li>\n<li data-start=\"1547\" data-end=\"1587\">\n<p data-start=\"1549\" data-end=\"1587\">bidrar till att bibeh\u00e5lla normal hud<\/p>\n<\/li>\n<li data-start=\"1588\" data-end=\"1635\">\n<p data-start=\"1590\" data-end=\"1635\">bidrar till immunsystemets normala funktion<\/p>\n<\/li>\n<\/ul>\n<p data-start=\"1637\" data-end=\"1647\">Vitamin C:<\/p>\n<ul data-start=\"1649\" data-end=\"1734\">\n<li data-start=\"1649\" data-end=\"1734\">\n<p data-start=\"1651\" data-end=\"1734\">bidrar till normal kollagenbildning som har betydelse f\u00f6r hudens normala funktion<\/p>\n<\/li>\n<\/ul>\n<p data-start=\"1763\" data-end=\"1769\"><strong>H\u00e5r och naglar<\/strong><\/p>\n<p data-start=\"1763\" data-end=\"1769\">Selen:<\/p>\n<ul data-start=\"1771\" data-end=\"1857\">\n<li data-start=\"1771\" data-end=\"1812\">\n<p data-start=\"1773\" data-end=\"1812\">bidrar till att bibeh\u00e5lla normalt h\u00e5r<\/p>\n<\/li>\n<li data-start=\"1813\" data-end=\"1857\">\n<p data-start=\"1815\" data-end=\"1857\">bidrar till att bibeh\u00e5lla normala naglar<\/p>\n<\/li>\n<\/ul>\n<p data-start=\"1898\" data-end=\"1908\"><strong>Energi och minskad tr\u00f6tthet<\/strong><\/p>\n<p data-start=\"1898\" data-end=\"1908\">Vitamin C:<\/p>\n<ul data-start=\"1910\" data-end=\"2000\">\n<li data-start=\"1910\" data-end=\"1949\">\n<p data-start=\"1912\" data-end=\"1949\">bidrar till normal energioms\u00e4ttning<\/p>\n<\/li>\n<li data-start=\"1950\" data-end=\"2000\">\n<p data-start=\"1952\" data-end=\"2000\">bidrar till att minska tr\u00f6tthet och utmattning<\/p>\n<\/li>\n<\/ul>\n<p data-start=\"2046\" data-end=\"2071\"><strong>En komplett antioxidantkombination<\/strong><\/p>\n<p data-start=\"2046\" data-end=\"2071\">Denna produkt kombinerar:<\/p>\n<ul data-start=\"2073\" data-end=\"2169\">\n<li data-start=\"2073\" data-end=\"2127\">\n<p data-start=\"2075\" data-end=\"2127\">200 \u00b5g selen<\/p>\n<\/li>\n<li data-start=\"2128\" data-end=\"2141\">\n<p data-start=\"2130\" data-end=\"2141\">vitamin A<\/p>\n<\/li>\n<li data-start=\"2142\" data-end=\"2155\">\n<p data-start=\"2144\" data-end=\"2155\">vitamin C<\/p>\n<\/li>\n<li data-start=\"2156\" data-end=\"2169\">\n<p data-start=\"2158\" data-end=\"2169\">vitamin E<\/p>\n<\/li>\n<\/ul>\n<p data-start=\"2171\" data-end=\"2272\">Tillsammans ger dessa n\u00e4rings\u00e4mnen ett brett st\u00f6d f\u00f6r kroppens antioxidativa skydd och immunfunktion.<\/p>\n<p data-start=\"2171\" data-end=\"2272\"><strong>F\u00f6r vem passar Selenium 200 \u00b5g Plus?<\/strong><\/p>\n<p data-start=\"2320\" data-end=\"2361\">Produkten kan vara s\u00e4rskilt relevant f\u00f6r:<\/p>\n<ul data-start=\"2363\" data-end=\"2615\">\n<li data-start=\"2363\" data-end=\"2420\">\n<p data-start=\"2365\" data-end=\"2420\">personer som vill st\u00e4rka kroppens antioxidativa skydd<\/p>\n<\/li>\n<li data-start=\"2421\" data-end=\"2464\">\n<p data-start=\"2423\" data-end=\"2464\">personer som vill st\u00f6dja immunf\u00f6rsvaret<\/p>\n<\/li>\n<li data-start=\"2465\" data-end=\"2513\">\n<p data-start=\"2467\" data-end=\"2513\">personer som vill st\u00f6dja sk\u00f6ldk\u00f6rtelfunktion<\/p>\n<\/li>\n<li data-start=\"2514\" data-end=\"2562\">\n<p data-start=\"2516\" data-end=\"2562\">personer som vill st\u00f6dja hud, h\u00e5r och naglar<\/p>\n<\/li>\n<li data-start=\"2563\" data-end=\"2615\">\n<p data-start=\"2565\" data-end=\"2615\">personer med \u00f6kad fysisk eller mental belastning<\/p>\n<\/li>\n<\/ul>\n<p data-start=\"2649\" data-end=\"2851\"><strong>Kvalitet fr\u00e5n Lamberts<\/strong><\/p>\n<p data-start=\"2649\" data-end=\"2851\">Lamberts \u00e4r k\u00e4nt f\u00f6r sina h\u00f6ga kvalitetsstandarder och noggrant utvalda r\u00e5varor. Selenium 200 \u00b5g Plus tillverkas enligt strikta kvalitetskrav f\u00f6r att s\u00e4kerst\u00e4lla stabilitet, renhet och korrekt dosering.<\/p>\n<p data-start=\"2853\" data-end=\"2925\">Tabletterna \u00e4r framtagna f\u00f6r dagligt bruk enligt rekommenderad dosering.<\/p>\n<p><strong> Dosering<\/strong>: 1 tablett dagligen i samband med m\u00e5ltid.<\/p>\n<table style=\"height: 80px;\" border=\"1\" width=\"621\" cellspacing=\"0\" cellpadding=\"0\">\n<tbody>\n<tr>\n<td valign=\"top\" width=\"30%\"><strong>1 tablett inneh\u00e5ller<\/strong><\/td>\n<td valign=\"top\" width=\"20%\"><strong> M\u00e4ngd<\/strong><\/td>\n<td valign=\"top\" width=\"30%\"><strong>%DRI*<\/strong><\/td>\n<\/tr>\n<tr>\n<td valign=\"top\" width=\"30%\">Vitamin A<\/td>\n<td valign=\"top\" width=\"20%\">400 \u00b5g<\/td>\n<td valign=\"top\" width=\"20%\">50 %<\/td>\n<\/tr>\n<tr>\n<td valign=\"top\" width=\"30%\">Vitamin E<\/td>\n<td valign=\"top\" width=\"20%\">24 mg<\/td>\n<td valign=\"top\" width=\"20%\">200 %<\/td>\n<\/tr>\n<tr>\n<td valign=\"top\" width=\"30%\">Vitamin C<\/td>\n<td valign=\"top\" width=\"20%\">80 mg<\/td>\n<td valign=\"top\" width=\"20%\">100 %<\/td>\n<\/tr>\n<tr>\n<td valign=\"top\" width=\"30%\">Selen<\/td>\n<td valign=\"top\" width=\"20%\">200 \u00b5g<\/td>\n<td valign=\"top\" width=\"20%\">364 %<\/td>\n<\/tr>\n<\/tbody>\n<\/table>\n<p><strong><em>*DRI \u00e4r dagligt referensintag.<\/em><\/strong><\/p>\n<p><strong>Ingredienser<\/strong>: Dikalciumfosfat, cellulosa, vitamin C (askorbinsyra), vitamin E (dl-alfa-tokoferolacetat), klumpf\u00f6rebyggande medel (kiseldioxid, stearinsyra, magnesiumstearat), tv\u00e4rbundet cellulosagummi,<br \/>\nvitamin A-acetat, selen (l-natriumselenometionin).<\/p>\n<p>Rekommenderad daglig dos b\u00f6r ej \u00f6verskridas.<br \/>\nKosttillskott ers\u00e4tter inte en varierad kost.<br \/>\nProdukten f\u00f6rvaras o\u00e5tkomligt f\u00f6r sm\u00e5 barn.<\/p>\n<p>L\u00e4mplig f\u00f6r vegetarianer<\/p>\n","protected":false},"excerpt":{"rendered":"<p>Selenium 200 \u00b5g Plus med vitamin A, C och E fr\u00e5n Lamberts \u00e4r ett avancerat antioxidantkomplex som bidrar till skydd mot oxidativ stress, normal sk\u00f6ldk\u00f6rtelfunktion, immunsystemets normala funktion samt att bibeh\u00e5lla normalt h\u00e5r, hud och naglar \u2013 i en balanserad och praktisk dagsdos. Ger 200\u00b5g selen (dubbelt s\u00e5 mycket som i de flesta produkter).<\/p>\n<ul>\n<li>Kombinerat med betydande niv\u00e5er av vitamin A, vitamin C och vitamin E.<\/li>\n<li>Det \u00e4r ocks\u00e5 involverat i skyddet av celler mot oxidativ stress (orsakad av fria radikaler) och spelar en roll i manlig fertilitet genom att bidra till normal spermatogenes.<\/li>\n<li>One-a-Day formel.<\/li>\n<\/ul>\n<p><strong>100 tabletter<\/strong><\/p>\n","protected":false},"featured_media":10156,"comment_status":"open","ping_status":"closed","template":"","meta":{"_kad_blocks_custom_css":"","_kad_blocks_head_custom_js":"","_kad_blocks_body_custom_js":"","_kad_blocks_footer_custom_js":"","_kadence_starter_templates_imported_post":false,"_kad_post_transparent":"default","_kad_post_title":"","_kad_post_layout":"default","_kad_post_sidebar_id":"","_kad_post_content_style":"default","_kad_post_vertical_padding":"default","_kad_post_feature":"","_kad_post_feature_position":"","_kad_post_header":false,"_kad_post_footer":false,"_kad_post_classname":""},"product_brand":[],"product_cat":[1234,198,281,2822,2826],"product_tag":[2363,205,925,2317,1648,1468,1028,285,2004,2059,1981,347,2225,2364],"class_list":{"0":"post-10094","1":"product","2":"type-product","3":"status-publish","4":"has-post-thumbnail","6":"product_cat-lamberts","7":"product_cat-lever-och-njurar","8":"product_cat-mineraler","9":"product_cat-multi-produkter","10":"product_cat-selen","11":"product_tag-200g","12":"product_tag-antioxidant","13":"product_tag-fria-radikaler","14":"product_tag-halsa","15":"product_tag-hjarthalsa","16":"product_tag-hudhalsa","17":"product_tag-immunforsvar","18":"product_tag-kosttillskott","19":"product_tag-lamberts","20":"product_tag-metabolism","21":"product_tag-mineral","22":"product_tag-selen","23":"product_tag-skoldkortelfunktion","24":"product_tag-skydd-mot-oxidativ-stress","26":"first","27":"instock","28":"taxable","29":"shipping-taxable","30":"purchasable","31":"product-type-simple","32":"entry","33":"content-bg","34":"loop-entry"},"taxonomy_info":{"product_cat":[{"value":1234,"label":"Lamberts"},{"value":198,"label":"Lever &amp; Njurar"},{"value":281,"label":"Mineraler"},{"value":2822,"label":"Multi produkter"},{"value":2826,"label":"Selen"}],"product_tag":[{"value":2363,"label":"200\u00b5g"},{"value":205,"label":"antioxidant"},{"value":925,"label":"fria radikaler"},{"value":2317,"label":"H\u00e4lsa"},{"value":1648,"label":"hj\u00e4rth\u00e4lsa"},{"value":1468,"label":"Hudh\u00e4lsa"},{"value":1028,"label":"immunf\u00f6rsvar"},{"value":285,"label":"kosttillskott"},{"value":2004,"label":"Lamberts"},{"value":2059,"label":"metabolism"},{"value":1981,"label":"mineral"},{"value":347,"label":"Selen"},{"value":2225,"label":"sk\u00f6ldk\u00f6rtelfunktion"},{"value":2364,"label":"Skydd mot oxidativ stress"}]},"featured_image_src_large":["https:\/\/vitaminbutiken.com\/wp-content\/uploads\/2025\/03\/8273-Selenium-200mcg-780x700.jpg",780,700,true],"author_info":[],"comment_info":0,"_links":{"self":[{"href":"https:\/\/vitaminbutiken.com\/fi\/wp-json\/wp\/v2\/product\/10094","targetHints":{"allow":["GET"]}}],"collection":[{"href":"https:\/\/vitaminbutiken.com\/fi\/wp-json\/wp\/v2\/product"}],"about":[{"href":"https:\/\/vitaminbutiken.com\/fi\/wp-json\/wp\/v2\/types\/product"}],"replies":[{"embeddable":true,"href":"https:\/\/vitaminbutiken.com\/fi\/wp-json\/wp\/v2\/comments?post=10094"}],"wp:featuredmedia":[{"embeddable":true,"href":"https:\/\/vitaminbutiken.com\/fi\/wp-json\/wp\/v2\/media\/10156"}],"wp:attachment":[{"href":"https:\/\/vitaminbutiken.com\/fi\/wp-json\/wp\/v2\/media?parent=10094"}],"wp:term":[{"taxonomy":"product_brand","embeddable":true,"href":"https:\/\/vitaminbutiken.com\/fi\/wp-json\/wp\/v2\/product_brand?post=10094"},{"taxonomy":"product_cat","embeddable":true,"href":"https:\/\/vitaminbutiken.com\/fi\/wp-json\/wp\/v2\/product_cat?post=10094"},{"taxonomy":"product_tag","embeddable":true,"href":"https:\/\/vitaminbutiken.com\/fi\/wp-json\/wp\/v2\/product_tag?post=10094"}],"curies":[{"name":"wp","href":"https:\/\/api.w.org\/{rel}","templated":true}]}}