{"id":9998,"date":"2025-03-19T16:17:46","date_gmt":"2025-03-19T14:17:46","guid":{"rendered":"https:\/\/vitaminbutiken.multi.fi\/?post_type=product&#038;p=9998"},"modified":"2026-03-31T13:54:59","modified_gmt":"2026-03-31T11:54:59","slug":"premtesse-for-kvinnor-lamberts","status":"publish","type":"product","link":"https:\/\/vitaminbutiken.com\/en\/produkt\/premtesse-for-kvinnor-lamberts\/","title":{"rendered":"Premtesse f\u00f6r kvinnor &#8211; Lamberts"},"content":{"rendered":"<p><strong>Premtesse f\u00f6r kvinnor &#8211; Lamberts<\/strong><\/p>\n<p>Lamberts\u00ae Premtesse\u00ae \u00e4r en h\u00f6gstyrka multin\u00e4ringsformel speciellt utvecklad f\u00f6r kvinnor i menstruations\u00e5ldern b\u00e5de f\u00f6r negativa premenstruella symtom och som ett &#8220;k\u00e4rntillskott&#8221; f\u00f6r andra kvinnliga sjukdomar. Vi har omformulerat den f\u00f6r att ge en blandning av folsyra och metylfolat, f\u00f6r att vara anv\u00e4ndbar \u00e4ven f\u00f6r dem med metyleringsproblem. Vi har ocks\u00e5 flyttat till en vegansk vitamin D, vilket g\u00f6r produkten nu l\u00e4mplig f\u00f6r veganer.<\/p>\n<p>Den inneh\u00e5ller 21 n\u00e4rings\u00e4mnen, inklusive vitamin B6 som \u00e4r k\u00e4nt f\u00f6r att vara till hj\u00e4lp f\u00f6r menstruerande kvinnor n\u00e4r de har mens. Magnesium ing\u00e5r ocks\u00e5 eftersom 7 av 10 kvinnor har intag av detta viktiga mineral under n\u00e4ringsv\u00e4rdet (NRV). De andra B-vitaminerna \u00e4r viktiga f\u00f6r deras roll i att frig\u00f6ra energi fr\u00e5n maten, krom f\u00f6r att undvika sockersug, zink och C-vitamin f\u00f6r immunf\u00f6rsvaret och j\u00e4rn f\u00f6r att ers\u00e4tta den m\u00e5natliga f\u00f6rlusten.<\/p>\n<p><strong> Dosering<\/strong>: 2 tabletter dagligen i samband med m\u00e5ltid.<\/p>\n<table style=\"height: 80px;\" border=\"1\" width=\"621\" cellspacing=\"0\" cellpadding=\"0\">\n<tbody>\n<tr>\n<td valign=\"top\" width=\"30%\"><strong>2 tabletter inneh\u00e5ller<\/strong><\/td>\n<td valign=\"top\" width=\"20%\"><strong> M\u00e4ngd<\/strong><\/td>\n<td valign=\"top\" width=\"30%\"><strong>%DRI*<\/strong><\/td>\n<\/tr>\n<tr>\n<td valign=\"top\" width=\"30%\">Vitamin A<\/td>\n<td valign=\"top\" width=\"20%\">700 \u00b5g RE<\/td>\n<td valign=\"top\" width=\"20%\">88 %<\/td>\n<\/tr>\n<tr>\n<td valign=\"top\" width=\"30%\">Vitamin D3<\/td>\n<td valign=\"top\" width=\"20%\">10 \u00b5g<\/td>\n<td valign=\"top\" width=\"20%\">200 %<\/td>\n<\/tr>\n<tr>\n<td valign=\"top\" width=\"30%\">Vitamin E<\/td>\n<td valign=\"top\" width=\"20%\">10 mg a-TE<\/td>\n<td valign=\"top\" width=\"20%\">83 %<\/td>\n<\/tr>\n<tr>\n<td valign=\"top\" width=\"30%\">Vitamin K1<\/td>\n<td valign=\"top\" width=\"20%\">75 \u00b5g<\/td>\n<td valign=\"top\" width=\"20%\">100 %<\/td>\n<\/tr>\n<tr>\n<td valign=\"top\" width=\"30%\">Vitamin C<\/td>\n<td valign=\"top\" width=\"20%\">80 mg<\/td>\n<td valign=\"top\" width=\"20%\">100 %<\/td>\n<\/tr>\n<tr>\n<td valign=\"top\" width=\"30%\">Tiamin (B1)<\/td>\n<td valign=\"top\" width=\"20%\">10 mg<\/td>\n<td valign=\"top\" width=\"20%\">909 %<\/td>\n<\/tr>\n<tr>\n<td valign=\"top\" width=\"30%\">Riboflavin (B2)<\/td>\n<td valign=\"top\" width=\"20%\">10 mg<\/td>\n<td valign=\"top\" width=\"20%\">714 %<\/td>\n<\/tr>\n<tr>\n<td valign=\"top\" width=\"30%\">Niasin (B3)<\/td>\n<td valign=\"top\" width=\"20%\">16 mg NE<\/td>\n<td valign=\"top\" width=\"20%\">100 %<\/td>\n<\/tr>\n<tr>\n<td valign=\"top\" width=\"30%\">Vitamin B6 (P5P)<\/td>\n<td valign=\"top\" width=\"20%\">10 mg<\/td>\n<td valign=\"top\" width=\"20%\">714 %<\/td>\n<\/tr>\n<tr>\n<td valign=\"top\" width=\"30%\">Folsyra<br \/>\n(Kalcium-l-metylfolat)<\/td>\n<td valign=\"top\" width=\"20%\">400 \u00b5g<\/td>\n<td valign=\"top\" width=\"20%\">200 %<\/td>\n<\/tr>\n<tr>\n<td valign=\"top\" width=\"30%\">Vitamin B12<\/td>\n<td valign=\"top\" width=\"20%\">100 \u00b5g<\/td>\n<td valign=\"top\" width=\"20%\">4000 %<\/td>\n<\/tr>\n<tr>\n<td valign=\"top\" width=\"30%\">Biotin<\/td>\n<td valign=\"top\" width=\"20%\">150 \u00b5g<\/td>\n<td valign=\"top\" width=\"20%\">300 %<\/td>\n<\/tr>\n<tr>\n<td valign=\"top\" width=\"30%\">Pantotensyra<\/td>\n<td valign=\"top\" width=\"20%\">10 mg<\/td>\n<td valign=\"top\" width=\"20%\">167 %<\/td>\n<\/tr>\n<tr>\n<td valign=\"top\" width=\"30%\">Kalcium<\/td>\n<td valign=\"top\" width=\"20%\">164 mg<\/td>\n<td valign=\"top\" width=\"20%\">20 %<\/td>\n<\/tr>\n<tr>\n<td valign=\"top\" width=\"30%\">Magnesium<\/td>\n<td valign=\"top\" width=\"20%\">250 mg<\/td>\n<td valign=\"top\" width=\"20%\">67 %<\/td>\n<\/tr>\n<tr>\n<td valign=\"top\" width=\"30%\">J\u00e4rn<\/td>\n<td valign=\"top\" width=\"20%\">15 mg<\/td>\n<td valign=\"top\" width=\"20%\">107 %<\/td>\n<\/tr>\n<tr>\n<td valign=\"top\" width=\"30%\">Zink<\/td>\n<td valign=\"top\" width=\"20%\">15 mg<\/td>\n<td valign=\"top\" width=\"20%\">150 %<\/td>\n<\/tr>\n<tr>\n<td valign=\"top\" width=\"30%\">Koppar<\/td>\n<td valign=\"top\" width=\"20%\">500 \u00b5g<\/td>\n<td valign=\"top\" width=\"20%\">50 %<\/td>\n<\/tr>\n<tr>\n<td valign=\"top\" width=\"30%\">Selen<\/td>\n<td valign=\"top\" width=\"20%\">110 \u00b5g<\/td>\n<td valign=\"top\" width=\"20%\">200 %<\/td>\n<\/tr>\n<tr>\n<td valign=\"top\" width=\"30%\">Krom<\/td>\n<td valign=\"top\" width=\"20%\">200\u00a0\u00b5g<\/td>\n<td valign=\"top\" width=\"20%\">500 %<\/td>\n<\/tr>\n<tr>\n<td valign=\"top\" width=\"30%\">Jod<\/td>\n<td valign=\"top\" width=\"20%\">150 \u00b5g<\/td>\n<td valign=\"top\" width=\"20%\">100 %<\/td>\n<\/tr>\n<\/tbody>\n<\/table>\n<p><strong><em>*DRI \u00e4r dagligt referensintag.<\/em><\/strong><\/p>\n<p><strong> Ingredienser<\/strong>: Kalcium (dikalciumfosfat, kalciumkarbonat), magnesium (oxid, citrat), fyllnadsmedel (cellulosa), vitamin C (askorbinsyra),<br \/>\nstabilisator (hydroxypropylcellulosa), tablettskal (kalciumkarbonat, isomalt, hydroxypropylmetylcellulosa, f\u00e4rg: j\u00e4rn oxider), zinkcitrat,<br \/>\nj\u00e4rn (j\u00e4rnfumarat), klumpf\u00f6rebyggande medel (kiseldioxid, stearinsyra, magnesiumsalter av fettsyror), vitamin E (dl-alfa-tokoferolacetat),<br \/>\ntv\u00e4rbundet cellulosagummi, vitamin B6 (pyridoxal-5-fosfat), vitamin B3 (nikotinamid), vitamin B1<br \/>\n(tiaminmononitrat), vitamin B2 (riboflavin), vitamin B5 (kalciumpanotenat), kromklorid, vitamin A-acetat<strong>*<\/strong>, vitamin D3<br \/>\n(kolekalciferol)<strong>*<\/strong>, vitamin K1 (fyllokinon), selen (L-selenometionin, natriumselenit), kopparsulfat, folsyra (kalcium-l-metylfolat 50%,<br \/>\nfolsyra 50%), kaliumjodid, biotin, vitamin B12 (metylkobalamin). <strong>*<\/strong>med antioxidant dl-alfa-tokoferol.<\/p>\n<p>Rekommenderad dos b\u00f6r ej \u00f6verskridas.<br \/>\nKosttillskott ers\u00e4tter inte en varierad kost.<br \/>\nProdukten f\u00f6rvaras o\u00e5tkomligt f\u00f6r sm\u00e5 barn.<br \/>\nRekommenderas inte till gravida och ammande.<\/p>\n","protected":false},"excerpt":{"rendered":"<p>Lamberts Premtesse for Women \u00e4r ett tillskott speciellt utvecklat f\u00f6r kvinnor, som hj\u00e4lper till att lindra symptom vid menstruation och klimakteriet. Inneh\u00e5ller en kombination av naturliga ingredienser som st\u00f6djer hormonbalansen och v\u00e4lbefinnandet.<\/p>\n<p><strong>60 Tabletter<\/strong><\/p>\n","protected":false},"featured_media":10082,"comment_status":"closed","ping_status":"closed","template":"","meta":{"_kad_blocks_custom_css":"","_kad_blocks_head_custom_js":"","_kad_blocks_body_custom_js":"","_kad_blocks_footer_custom_js":"","_kadence_starter_templates_imported_post":false,"_kad_post_transparent":"default","_kad_post_title":"","_kad_post_layout":"default","_kad_post_sidebar_id":"","_kad_post_content_style":"default","_kad_post_vertical_padding":"default","_kad_post_feature":"","_kad_post_feature_position":"","_kad_post_header":false,"_kad_post_footer":false,"_kad_post_classname":""},"product_brand":[],"product_cat":[1234,2822,146],"product_tag":[],"class_list":{"0":"post-9998","1":"product","2":"type-product","3":"status-publish","4":"has-post-thumbnail","6":"product_cat-lamberts","7":"product_cat-multi-produkter","8":"product_cat-stressad-och-trott","10":"first","11":"instock","12":"taxable","13":"shipping-taxable","14":"purchasable","15":"product-type-simple","16":"entry","17":"content-bg","18":"loop-entry"},"taxonomy_info":{"product_cat":[{"value":1234,"label":"Lamberts"},{"value":2822,"label":"Multi produkter"},{"value":146,"label":"Stressad &amp; Tr\u00f6tt"}]},"featured_image_src_large":["https:\/\/vitaminbutiken.com\/wp-content\/uploads\/2025\/03\/60-Premtesse-780x700.jpg",780,700,true],"author_info":[],"comment_info":0,"_links":{"self":[{"href":"https:\/\/vitaminbutiken.com\/en\/wp-json\/wp\/v2\/product\/9998","targetHints":{"allow":["GET"]}}],"collection":[{"href":"https:\/\/vitaminbutiken.com\/en\/wp-json\/wp\/v2\/product"}],"about":[{"href":"https:\/\/vitaminbutiken.com\/en\/wp-json\/wp\/v2\/types\/product"}],"replies":[{"embeddable":true,"href":"https:\/\/vitaminbutiken.com\/en\/wp-json\/wp\/v2\/comments?post=9998"}],"wp:featuredmedia":[{"embeddable":true,"href":"https:\/\/vitaminbutiken.com\/en\/wp-json\/wp\/v2\/media\/10082"}],"wp:attachment":[{"href":"https:\/\/vitaminbutiken.com\/en\/wp-json\/wp\/v2\/media?parent=9998"}],"wp:term":[{"taxonomy":"product_brand","embeddable":true,"href":"https:\/\/vitaminbutiken.com\/en\/wp-json\/wp\/v2\/product_brand?post=9998"},{"taxonomy":"product_cat","embeddable":true,"href":"https:\/\/vitaminbutiken.com\/en\/wp-json\/wp\/v2\/product_cat?post=9998"},{"taxonomy":"product_tag","embeddable":true,"href":"https:\/\/vitaminbutiken.com\/en\/wp-json\/wp\/v2\/product_tag?post=9998"}],"curies":[{"name":"wp","href":"https:\/\/api.w.org\/{rel}","templated":true}]}}