{"id":9997,"date":"2025-03-19T16:17:45","date_gmt":"2025-03-19T14:17:45","guid":{"rendered":"https:\/\/vitaminbutiken.multi.fi\/?post_type=product&#038;p=9997"},"modified":"2026-03-25T12:07:06","modified_gmt":"2026-03-25T11:07:06","slug":"green-tea-5000mg-lamberts","status":"publish","type":"product","link":"https:\/\/vitaminbutiken.com\/en\/produkt\/green-tea-5000mg-lamberts\/","title":{"rendered":"Green Tea 5000mg &#8211; Lamberts"},"content":{"rendered":"<p><strong>Green Tea 5000mg &#8211; Lamberts<\/strong><\/p>\n<p>Det gr\u00f6na teextraktet som anv\u00e4nds i denna Lamberts\u00ae-produkt har koncentrerats f\u00f6r att s\u00e4kerst\u00e4lla en h\u00f6g niv\u00e5 av de aktiva ingredienserna som kallas katekiner, vilket ger 250 mg per tablett. F\u00f6r att Lamberts\u00ae ska s\u00e4kerst\u00e4lla den allra b\u00e4sta kvaliteten och en h\u00f6g niv\u00e5 av aktiva ingredienser, erh\u00e5lls extraktet fr\u00e5n hela gr\u00f6na teblad som sk\u00f6rdats unga och utan att bladen j\u00e4ser: (processen som f\u00f6rvandlar gr\u00f6nt te till svart te). Bara en av dessa tabletter motsvarar \u00bd liter traditionellt bryggt gr\u00f6nt te men med en koffeinhalt en br\u00e5kdel av vanligt te.<\/p>\n<p>Gr\u00f6nt te har blivit popul\u00e4rt nyligen och anses av vissa som en &#8220;supermat&#8221; p\u00e5 grund av dess h\u00f6ga antioxidantaktivitet.<\/p>\n<p><strong> Dosering<\/strong>: 1-2 tabletter dagligen i samband med m\u00e5ltid.<\/p>\n<table style=\"height: 80px;\" border=\"1\" width=\"621\" cellspacing=\"0\" cellpadding=\"0\">\n<tbody>\n<tr>\n<td valign=\"top\" width=\"30%\"><strong>1 tablett inneh\u00e5ller<\/strong><\/td>\n<td valign=\"top\" width=\"20%\"><strong> M\u00e4ngd<\/strong><\/td>\n<td valign=\"top\" width=\"30%\"><strong>%DRI*<\/strong><\/td>\n<\/tr>\n<tr>\n<td valign=\"top\" width=\"30%\">Gr\u00f6nt teblad (Som 500 mg extrakt)<\/td>\n<td valign=\"top\" width=\"20%\">5000 mg<\/td>\n<td valign=\"top\" width=\"20%\">**<\/td>\n<\/tr>\n<tr>\n<td valign=\"top\" width=\"30%\">Varav: Polyfenoler (4-7% Epigallocatechingallat)<\/td>\n<td valign=\"top\" width=\"20%\">250 mg<\/td>\n<td valign=\"top\" width=\"20%\">**<\/td>\n<\/tr>\n<\/tbody>\n<\/table>\n<p><strong><em>*DRI (dagligt referensintag) ej fastst\u00e4llt.\u00a0<\/em><\/strong><\/p>\n<p><strong> Ingredienser<\/strong>: Extrakt av gr\u00f6nt teblad (Camellia sinensis), cellulosa, kalciumkarbonat, dikalciumfosfat, klumpf\u00f6rebyggande medel (kiseldioxid, magnesiumsalter av fettsyror, stearinsyra), tablettskal (hydroxypropylmetylcellulosa, f\u00e4rger: spirulina, \u00e4pple, safflor, citron, hydroxypropyl-cellulosa), Tv\u00e4rbundet cellulosagummi.<\/p>\n<p><strong> OBS!<\/strong><br \/>\nInneh\u00e5ller naturligt koffein (25mg till 40mg\/tablett).<br \/>\nTa inte med andra gr\u00f6nt teprodukter.<\/p>\n<p>Rekommenderad dos b\u00f6r ej \u00f6verskridas.<br \/>\nKosttillskott ers\u00e4tter inte en varierad kost.<br \/>\nProdukten f\u00f6rvaras o\u00e5tkomligt f\u00f6r sm\u00e5 barn.<\/p>\n","protected":false},"excerpt":{"rendered":"<p>Lamberts Green Tea 5000mg inneh\u00e5ller ett h\u00f6gkvalitativt extrakt av gr\u00f6nt te som \u00e4r rikt p\u00e5 antioxidanter och st\u00f6djer metabolismen samt allm\u00e4nt v\u00e4lbefinnande.<\/p>\n<p><strong>60 tabletter\u00a0<\/strong><\/p>\n","protected":false},"featured_media":10080,"comment_status":"closed","ping_status":"closed","template":"","meta":{"_kad_blocks_custom_css":"","_kad_blocks_head_custom_js":"","_kad_blocks_body_custom_js":"","_kad_blocks_footer_custom_js":"","_kadence_starter_templates_imported_post":false,"_kad_post_transparent":"default","_kad_post_title":"","_kad_post_layout":"default","_kad_post_sidebar_id":"","_kad_post_content_style":"default","_kad_post_vertical_padding":"default","_kad_post_feature":"","_kad_post_feature_position":"","_kad_post_header":false,"_kad_post_footer":false,"_kad_post_classname":""},"product_brand":[],"product_cat":[1234,149],"product_tag":[2292,2293,2294,1415,205,2295,1647,2296,1465,2286,1648,1507,1028,2019,285,2059,2288,2134,1475,2028],"class_list":{"0":"post-9997","1":"product","2":"type-product","3":"status-publish","4":"has-post-thumbnail","6":"product_cat-lamberts","7":"product_cat-orter","8":"product_tag-250-mg-katekiner","9":"product_tag-500-mg-standardiserat-extrakt","10":"product_tag-5000-mg","11":"product_tag-anti-aging","12":"product_tag-antioxidant","13":"product_tag-egcg","14":"product_tag-energiproduktion","15":"product_tag-epigallokatekingallat","16":"product_tag-gmp-standard","17":"product_tag-gront-te-extrakt","18":"product_tag-hjarthalsa","19":"product_tag-hog-styrka","20":"product_tag-immunforsvar","21":"product_tag-kolesterolbalans","22":"product_tag-kosttillskott","23":"product_tag-metabolism","24":"product_tag-polyfenoler","25":"product_tag-standardiserat-extrakt","26":"product_tag-veganvanlig","27":"product_tag-viktkontroll","29":"first","30":"instock","31":"taxable","32":"shipping-taxable","33":"purchasable","34":"product-type-simple","35":"entry","36":"content-bg","37":"loop-entry"},"taxonomy_info":{"product_cat":[{"value":1234,"label":"Lamberts"},{"value":149,"label":"\u00d6rter"}],"product_tag":[{"value":2292,"label":"250 mg katekiner"},{"value":2293,"label":"500 mg standardiserat extrakt"},{"value":2294,"label":"5000 mg"},{"value":1415,"label":"Anti-aging"},{"value":205,"label":"antioxidant"},{"value":2295,"label":"EGCG"},{"value":1647,"label":"energiproduktion"},{"value":2296,"label":"epigallokatekingallat"},{"value":1465,"label":"GMP-standard"},{"value":2286,"label":"gr\u00f6nt te-extrakt"},{"value":1648,"label":"hj\u00e4rth\u00e4lsa"},{"value":1507,"label":"h\u00f6g styrka"},{"value":1028,"label":"immunf\u00f6rsvar"},{"value":2019,"label":"kolesterolbalans"},{"value":285,"label":"kosttillskott"},{"value":2059,"label":"metabolism"},{"value":2288,"label":"polyfenoler"},{"value":2134,"label":"standardiserat extrakt"},{"value":1475,"label":"veganv\u00e4nlig"},{"value":2028,"label":"viktkontroll"}]},"featured_image_src_large":["https:\/\/vitaminbutiken.com\/wp-content\/uploads\/2025\/03\/8580-60-Green-tea-780x700.jpg",780,700,true],"author_info":[],"comment_info":0,"_links":{"self":[{"href":"https:\/\/vitaminbutiken.com\/en\/wp-json\/wp\/v2\/product\/9997","targetHints":{"allow":["GET"]}}],"collection":[{"href":"https:\/\/vitaminbutiken.com\/en\/wp-json\/wp\/v2\/product"}],"about":[{"href":"https:\/\/vitaminbutiken.com\/en\/wp-json\/wp\/v2\/types\/product"}],"replies":[{"embeddable":true,"href":"https:\/\/vitaminbutiken.com\/en\/wp-json\/wp\/v2\/comments?post=9997"}],"wp:featuredmedia":[{"embeddable":true,"href":"https:\/\/vitaminbutiken.com\/en\/wp-json\/wp\/v2\/media\/10080"}],"wp:attachment":[{"href":"https:\/\/vitaminbutiken.com\/en\/wp-json\/wp\/v2\/media?parent=9997"}],"wp:term":[{"taxonomy":"product_brand","embeddable":true,"href":"https:\/\/vitaminbutiken.com\/en\/wp-json\/wp\/v2\/product_brand?post=9997"},{"taxonomy":"product_cat","embeddable":true,"href":"https:\/\/vitaminbutiken.com\/en\/wp-json\/wp\/v2\/product_cat?post=9997"},{"taxonomy":"product_tag","embeddable":true,"href":"https:\/\/vitaminbutiken.com\/en\/wp-json\/wp\/v2\/product_tag?post=9997"}],"curies":[{"name":"wp","href":"https:\/\/api.w.org\/{rel}","templated":true}]}}