{"id":9995,"date":"2025-03-19T16:17:44","date_gmt":"2025-03-19T14:17:44","guid":{"rendered":"https:\/\/vitaminbutiken.multi.fi\/?post_type=product&#038;p=9995"},"modified":"2026-03-30T12:06:17","modified_gmt":"2026-03-30T10:06:17","slug":"antioxidant-complex-lamberts","status":"publish","type":"product","link":"https:\/\/vitaminbutiken.com\/en\/produkt\/antioxidant-complex-lamberts\/","title":{"rendered":"Antioxidant Komplex &#8211; Lamberts"},"content":{"rendered":"<p><strong>Antioxidant Complex &#8211; Lamberts<\/strong><\/p>\n<p>Lamberts Super Strength Antioxidant Complex har noggrant formulerats f\u00f6r att ge en kraftfull kombination av v\u00e4xtantioxidanter, avsiktligt utvalda baserat p\u00e5 deras h\u00f6ga polyfenolinneh\u00e5ll. Med en synergistisk kombination av gr\u00f6nt teblad, druvk\u00e4rnor och rosmarinbladsextrakt, \u00e4r denna formel o\u00f6vertr\u00e4ffad n\u00e4r det g\u00e4ller dess antioxidantinneh\u00e5ll och ger omfattande st\u00f6d f\u00f6r dem som \u00e4r oroliga f\u00f6r skador orsakade av oxidativ stress.<\/p>\n<p>Gr\u00f6nt teblad: anses av vissa som en &#8220;supermat&#8221; p\u00e5 grund av dess h\u00f6ga antioxidantaktivitet, vilket till stor del tillskrivs dess rika inneh\u00e5ll av katekiner (polyfenoler), s\u00e4rskilt epigallokatekingallat (EGCG).<br \/>\nDruvfr\u00f6: rik p\u00e5 kraftfulla antioxidanter, och s\u00e4rskilt en s\u00e4rskilt rik k\u00e4lla till antocyanidiner (v\u00e4xtflavonoider).<br \/>\nRosmarinblad: en popul\u00e4r \u00f6rt, k\u00e4nd inte bara f\u00f6r sin kulinariska anv\u00e4ndning, utan ocks\u00e5 som en viktig eterisk olja, rik p\u00e5 kraftfulla v\u00e4xtpolyfenolantioxidanter.<\/p>\n<p>Effektiviteten av varje antioxidant m\u00e4ts i \u00f6kande grad i (ORAC) enheter f\u00f6r j\u00e4mf\u00f6relse, som har blivit en accepterad industristandard. Som en kliniskt unders\u00f6kt formel ger bara en tablett Lamberts Antioxidant Complex imponerande 10 000 ORAC-enheter, vilket hj\u00e4lper kroppen att f\u00f6rsvara sig mot skadliga fria radikaler. Presenteras som en en-om-dagen, veganv\u00e4nlig formel.<\/p>\n<p><strong>Dosering<\/strong>: 1 tablett dagligen i samband med m\u00e5ltid.<\/p>\n<table style=\"height: 80px;\" border=\"1\" width=\"621\" cellspacing=\"0\" cellpadding=\"0\">\n<tbody>\n<tr>\n<td valign=\"top\" width=\"30%\"><strong>1 tablett inneh\u00e5ller<\/strong><\/td>\n<td valign=\"top\" width=\"20%\"><strong> M\u00e4ngd<\/strong><\/td>\n<td valign=\"top\" width=\"30%\"><strong>%DRI*<\/strong><\/td>\n<\/tr>\n<tr>\n<td valign=\"top\" width=\"30%\">Orac-blandning<br \/>\n(Gr\u00f6nt teblad, druvk\u00e4rnor, rosmarinbladsextrakt)<br \/>\nmed 3-5% Epigallokatekingallat.<\/td>\n<td valign=\"top\" width=\"20%\">725 mg<\/td>\n<td valign=\"top\" width=\"20%\">**<\/td>\n<\/tr>\n<\/tbody>\n<\/table>\n<p><strong><em>*DRI (dagligt referensintag) ej fastst\u00e4llt.\u00a0<\/em><\/strong><\/p>\n<p><strong>Ingredienser<\/strong>: ORAC-blandning (gr\u00f6nt tebladextrakt (<em>Camellia sinensis<\/em>), druvk\u00e4rna-extrakt (<em>Vitis vinifera<\/em>),<br \/>\nrosmarinblad-extrakt (<em>Rosmarinus officinalis<\/em>)), kalciumkarbonat, cellulosa, tablett\u00f6verdrag<br \/>\n(hydroxypropylmetylcellulosa, f\u00e4rger: spirulina, \u00e4pple, safflor, citron, kalcium karbonat, hydroxypropylcellulosa),<br \/>\nklumpf\u00f6rebyggande medel (kiseldioxid, stearinsyra, magnesiumsalter av fettsyror).<\/p>\n<p><strong>OBS!<\/strong> Inneh\u00e5ller naturligt koffein. Ta inte med andra gr\u00f6nt teprodukter.<\/p>\n<p>Rekommenderad dos b\u00f6r ej \u00f6verskridas.<br \/>\nKosttillskott ers\u00e4tter inte en varierad kost.<br \/>\nProdukten f\u00f6rvaras o\u00e5tkomligt f\u00f6r sm\u00e5 barn.<br \/>\nRekommenderas inte till gravida eller ammande.<\/p>\n<p>V- L\u00e4mplig f\u00f6r veganer<\/p>\n","protected":false},"excerpt":{"rendered":"<p><strong>60 Tabletter<\/strong><\/p>\n","protected":false},"featured_media":10076,"comment_status":"closed","ping_status":"closed","template":"","meta":{"_kad_blocks_custom_css":"","_kad_blocks_head_custom_js":"","_kad_blocks_body_custom_js":"","_kad_blocks_footer_custom_js":"","_kadence_starter_templates_imported_post":false,"_kad_post_transparent":"default","_kad_post_title":"","_kad_post_layout":"default","_kad_post_sidebar_id":"","_kad_post_content_style":"default","_kad_post_vertical_padding":"default","_kad_post_feature":"","_kad_post_feature_position":"","_kad_post_header":false,"_kad_post_footer":false,"_kad_post_classname":""},"product_brand":[],"product_cat":[176,1234,2822,149],"product_tag":[1415,2284,1548,2188,2285,1465,2286,1507,1028,285,2287,193,2288,2289,2134,1996,1475],"class_list":{"0":"post-9995","1":"product","2":"type-product","3":"status-publish","4":"has-post-thumbnail","6":"product_cat-immunforsvar","7":"product_cat-lamberts","8":"product_cat-multi-produkter","9":"product_cat-orter","10":"product_tag-anti-aging","11":"product_tag-antioxidantkomplex","12":"product_tag-cellskydd","13":"product_tag-druvkarnextrakt","14":"product_tag-epigallokatekingallat-egcg","15":"product_tag-gmp-standard","16":"product_tag-gront-te-extrakt","17":"product_tag-hog-styrka","18":"product_tag-immunforsvar","19":"product_tag-kosttillskott","20":"product_tag-orac-blandning","21":"product_tag-oxidativ-stress","22":"product_tag-polyfenoler","23":"product_tag-rosmarinbladsextrakt","24":"product_tag-standardiserat-extrakt","25":"product_tag-vaxtbaserat","26":"product_tag-veganvanlig","28":"first","29":"instock","30":"taxable","31":"shipping-taxable","32":"purchasable","33":"product-type-simple","34":"entry","35":"content-bg","36":"loop-entry"},"taxonomy_info":{"product_cat":[{"value":176,"label":"Immunf\u00f6rsvar"},{"value":1234,"label":"Lamberts"},{"value":2822,"label":"Multi produkter"},{"value":149,"label":"\u00d6rter"}],"product_tag":[{"value":1415,"label":"Anti-aging"},{"value":2284,"label":"antioxidantkomplex"},{"value":1548,"label":"Cellskydd"},{"value":2188,"label":"druvk\u00e4rnextrakt"},{"value":2285,"label":"epigallokatekingallat (EGCG)"},{"value":1465,"label":"GMP-standard"},{"value":2286,"label":"gr\u00f6nt te-extrakt"},{"value":1507,"label":"h\u00f6g styrka"},{"value":1028,"label":"immunf\u00f6rsvar"},{"value":285,"label":"kosttillskott"},{"value":2287,"label":"ORAC-blandning"},{"value":193,"label":"oxidativ stress"},{"value":2288,"label":"polyfenoler"},{"value":2289,"label":"rosmarinbladsextrakt"},{"value":2134,"label":"standardiserat extrakt"},{"value":1996,"label":"v\u00e4xtbaserat"},{"value":1475,"label":"veganv\u00e4nlig"}]},"featured_image_src_large":["https:\/\/vitaminbutiken.com\/wp-content\/uploads\/2025\/03\/8587-60-Antioxidant-complex-780x700.jpg",780,700,true],"author_info":[],"comment_info":0,"_links":{"self":[{"href":"https:\/\/vitaminbutiken.com\/en\/wp-json\/wp\/v2\/product\/9995","targetHints":{"allow":["GET"]}}],"collection":[{"href":"https:\/\/vitaminbutiken.com\/en\/wp-json\/wp\/v2\/product"}],"about":[{"href":"https:\/\/vitaminbutiken.com\/en\/wp-json\/wp\/v2\/types\/product"}],"replies":[{"embeddable":true,"href":"https:\/\/vitaminbutiken.com\/en\/wp-json\/wp\/v2\/comments?post=9995"}],"wp:featuredmedia":[{"embeddable":true,"href":"https:\/\/vitaminbutiken.com\/en\/wp-json\/wp\/v2\/media\/10076"}],"wp:attachment":[{"href":"https:\/\/vitaminbutiken.com\/en\/wp-json\/wp\/v2\/media?parent=9995"}],"wp:term":[{"taxonomy":"product_brand","embeddable":true,"href":"https:\/\/vitaminbutiken.com\/en\/wp-json\/wp\/v2\/product_brand?post=9995"},{"taxonomy":"product_cat","embeddable":true,"href":"https:\/\/vitaminbutiken.com\/en\/wp-json\/wp\/v2\/product_cat?post=9995"},{"taxonomy":"product_tag","embeddable":true,"href":"https:\/\/vitaminbutiken.com\/en\/wp-json\/wp\/v2\/product_tag?post=9995"}],"curies":[{"name":"wp","href":"https:\/\/api.w.org\/{rel}","templated":true}]}}