{"id":9994,"date":"2025-03-19T16:17:44","date_gmt":"2025-03-19T14:17:44","guid":{"rendered":"https:\/\/vitaminbutiken.multi.fi\/?post_type=product&#038;p=9994"},"modified":"2026-03-13T12:16:28","modified_gmt":"2026-03-13T11:16:28","slug":"p5p-20mg-lamberts","status":"publish","type":"product","link":"https:\/\/vitaminbutiken.com\/en\/produkt\/p5p-20mg-lamberts\/","title":{"rendered":"P5P 20mg &#8211; Vitamin B6, Lamberts"},"content":{"rendered":"<p data-start=\"600\" data-end=\"868\">P5P (pyridoxal-5-fosfat) \u00e4r den biologiskt aktiva formen av vitamin B6, vilket inneb\u00e4r att den kan anv\u00e4ndas direkt av kroppen utan att f\u00f6rst omvandlas. Vitamin B6 \u00e4r ett vattenl\u00f6sligt vitamin som ing\u00e5r i B-vitaminkomplexet och beh\u00f6ver tillf\u00f6ras regelbundet via kosten.<\/p>\n<p data-start=\"870\" data-end=\"1225\">Vitamin B6\u00a0<strong data-start=\"964\" data-end=\"1003\">bidrar till normal energioms\u00e4ttning<\/strong>, <strong data-start=\"1005\" data-end=\"1039\">nervsystemets normala funktion<\/strong> och <strong data-start=\"1044\" data-end=\"1075\">normal psykologisk funktion<\/strong>. Det bidrar \u00e4ven till <strong data-start=\"1098\" data-end=\"1134\">normal funktion av immunsystemet<\/strong>, <strong data-start=\"1136\" data-end=\"1175\">normal bildning av r\u00f6da blodkroppar<\/strong> samt till att <strong data-start=\"1190\" data-end=\"1224\">minska tr\u00f6tthet och utmattning<\/strong>.<\/p>\n<p data-start=\"1227\" data-end=\"1518\">Detta kosttillskott inneh\u00e5ller 20 mg vitamin B6 i form av P5P per kapsel, i en v\u00e4l avv\u00e4gd dos som passar f\u00f6r dagligt bruk enligt rekommenderad dosering. Kapslarna \u00e4r enkla att ta och produkten \u00e4r framtagen f\u00f6r dig som vill s\u00e4kerst\u00e4lla ett tillr\u00e4ckligt intag av vitamin B6 i dess aktiva form.<\/p>\n<ul data-start=\"1851\" data-end=\"2221\">\n<li data-start=\"1851\" data-end=\"1905\">\n<p data-start=\"1853\" data-end=\"1905\">Vitamin B6 bidrar till <strong data-start=\"1876\" data-end=\"1903\">normal energioms\u00e4ttning<\/strong><\/p>\n<\/li>\n<li data-start=\"1906\" data-end=\"1967\">\n<p data-start=\"1908\" data-end=\"1967\">Vitamin B6 bidrar till <strong data-start=\"1931\" data-end=\"1965\">nervsystemets normala funktion<\/strong><\/p>\n<\/li>\n<li data-start=\"1968\" data-end=\"2026\">\n<p data-start=\"1970\" data-end=\"2026\">Vitamin B6 bidrar till <strong data-start=\"1993\" data-end=\"2024\">normal psykologisk funktion<\/strong><\/p>\n<\/li>\n<li data-start=\"2027\" data-end=\"2090\">\n<p data-start=\"2029\" data-end=\"2090\">Vitamin B6 bidrar till <strong data-start=\"2052\" data-end=\"2088\">normal funktion av immunsystemet<\/strong><\/p>\n<\/li>\n<li data-start=\"2091\" data-end=\"2157\">\n<p data-start=\"2093\" data-end=\"2157\">Vitamin B6 bidrar till <strong data-start=\"2116\" data-end=\"2155\">normal bildning av r\u00f6da blodkroppar<\/strong><\/p>\n<\/li>\n<li data-start=\"2158\" data-end=\"2221\">\n<p data-start=\"2160\" data-end=\"2221\">Vitamin B6 bidrar till att <strong data-start=\"2187\" data-end=\"2221\">minska tr\u00f6tthet och utmattning<\/strong><\/p>\n<\/li>\n<\/ul>\n<p><strong> Dosering<\/strong>: 1 tablett dagligen i samband med m\u00e5ltid.<\/p>\n<table style=\"height: 80px;\" border=\"1\" width=\"621\" cellspacing=\"0\" cellpadding=\"0\">\n<tbody>\n<tr>\n<td valign=\"top\" width=\"30%\"><strong>1 tablett inneh\u00e5ller<\/strong><\/td>\n<td valign=\"top\" width=\"20%\"><strong> M\u00e4ngd<\/strong><\/td>\n<td valign=\"top\" width=\"30%\"><strong>%DRI*<\/strong><\/td>\n<\/tr>\n<tr>\n<td valign=\"top\" width=\"30%\">Vitamin B6 (Pyridoxal-5-fosfat)<\/td>\n<td valign=\"top\" width=\"20%\">20 mg<\/td>\n<td valign=\"top\" width=\"20%\">1 429 %<\/td>\n<\/tr>\n<\/tbody>\n<\/table>\n<p><strong><em>*DRI \u00e4r dagligt referensintag.<\/em><\/strong><\/p>\n<p><strong>Ingredienser<\/strong>:\u00a0Fyllnadsmedel (cellulosa, kalciumkarbonat), vitamin B6 (pyridoxal-5-fosfat), klumpf\u00f6rebyggande medel (kiseldioxid, magnesiumsalter av fettsyror). ytbehandlingsmedel (Hydroxipropylmetylcellulosa, glycerin), stearinsyra.<\/p>\n<p>Observera! Det \u00f6vre gr\u00e4nsv\u00e4rdet f\u00f6r dagligt intag av vitamin B6 \u00e4r 12 mg. Den dagliga dosen fr\u00e5n denna produkt \u00f6verskrider detta v\u00e4rde. Ej f\u00f6r l\u00e5ngvarigt bruk.<\/p>\n<p>Rekommenderad daglig dos b\u00f6r ej \u00f6verskridas.<br \/>\nKosttillskott ers\u00e4tter inte en varierad kost.<br \/>\nProdukten f\u00f6rvaras o\u00e5tkomligt f\u00f6r sm\u00e5 barn.<\/p>\n<p>V- L\u00e4mplig f\u00f6r veganer<\/p>\n","protected":false},"excerpt":{"rendered":"<p>P5P \u00e4r den aktiva formen av vitamin B6 och bidrar till <strong data-start=\"342\" data-end=\"369\">normal energioms\u00e4ttning<\/strong>, <strong data-start=\"371\" data-end=\"405\">nervsystemets normala funktion<\/strong> och <strong data-start=\"410\" data-end=\"441\">normal psykologisk funktion<\/strong>. Detta tillskott inneh\u00e5ller 20 mg P5P per kapsel och \u00e4r ett smidigt s\u00e4tt att komplettera det dagliga intaget av vitamin B6.<\/p>\n<p><strong>60 tabletter<\/strong><\/p>\n","protected":false},"featured_media":10074,"comment_status":"closed","ping_status":"closed","template":"","meta":{"_kad_blocks_custom_css":"","_kad_blocks_head_custom_js":"","_kad_blocks_body_custom_js":"","_kad_blocks_footer_custom_js":"","_kadence_starter_templates_imported_post":false,"_kad_post_transparent":"default","_kad_post_title":"","_kad_post_layout":"default","_kad_post_sidebar_id":"","_kad_post_content_style":"default","_kad_post_vertical_padding":"default","_kad_post_feature":"","_kad_post_feature_position":"","_kad_post_header":false,"_kad_post_footer":false,"_kad_post_classname":""},"product_brand":[],"product_cat":[348,1234,277,146,278,155],"product_tag":[],"class_list":{"0":"post-9994","1":"product","2":"type-product","3":"status-publish","4":"has-post-thumbnail","6":"product_cat-b-vitamin","7":"product_cat-lamberts","8":"product_cat-muskler-och-leder","9":"product_cat-stressad-och-trott","10":"product_cat-traning","11":"product_cat-vitaminer","13":"first","14":"outofstock","15":"taxable","16":"shipping-taxable","17":"purchasable","18":"product-type-simple","19":"entry","20":"content-bg","21":"loop-entry"},"taxonomy_info":{"product_cat":[{"value":348,"label":"B-vitamin"},{"value":1234,"label":"Lamberts"},{"value":277,"label":"Muskler &amp; Leder"},{"value":146,"label":"Stressad &amp; Tr\u00f6tt"},{"value":278,"label":"Tr\u00e4ning"},{"value":155,"label":"Vitaminer"}]},"featured_image_src_large":["https:\/\/vitaminbutiken.com\/wp-content\/uploads\/2025\/03\/8066-60-P5P-20mg-780x700.jpg",780,700,true],"author_info":[],"comment_info":0,"_links":{"self":[{"href":"https:\/\/vitaminbutiken.com\/en\/wp-json\/wp\/v2\/product\/9994","targetHints":{"allow":["GET"]}}],"collection":[{"href":"https:\/\/vitaminbutiken.com\/en\/wp-json\/wp\/v2\/product"}],"about":[{"href":"https:\/\/vitaminbutiken.com\/en\/wp-json\/wp\/v2\/types\/product"}],"replies":[{"embeddable":true,"href":"https:\/\/vitaminbutiken.com\/en\/wp-json\/wp\/v2\/comments?post=9994"}],"wp:featuredmedia":[{"embeddable":true,"href":"https:\/\/vitaminbutiken.com\/en\/wp-json\/wp\/v2\/media\/10074"}],"wp:attachment":[{"href":"https:\/\/vitaminbutiken.com\/en\/wp-json\/wp\/v2\/media?parent=9994"}],"wp:term":[{"taxonomy":"product_brand","embeddable":true,"href":"https:\/\/vitaminbutiken.com\/en\/wp-json\/wp\/v2\/product_brand?post=9994"},{"taxonomy":"product_cat","embeddable":true,"href":"https:\/\/vitaminbutiken.com\/en\/wp-json\/wp\/v2\/product_cat?post=9994"},{"taxonomy":"product_tag","embeddable":true,"href":"https:\/\/vitaminbutiken.com\/en\/wp-json\/wp\/v2\/product_tag?post=9994"}],"curies":[{"name":"wp","href":"https:\/\/api.w.org\/{rel}","templated":true}]}}