{"id":9982,"date":"2025-03-19T16:17:17","date_gmt":"2025-03-19T14:17:17","guid":{"rendered":"https:\/\/vitaminbutiken.multi.fi\/?post_type=product&#038;p=9982"},"modified":"2026-04-06T21:35:20","modified_gmt":"2026-04-06T19:35:20","slug":"biome-balance-25-lamberts","status":"publish","type":"product","link":"https:\/\/vitaminbutiken.com\/en\/produkt\/biome-balance-25-lamberts\/","title":{"rendered":"Biome Balance 25 &#8211; Lamberts"},"content":{"rendered":"<p><strong>Biome Balance 25 &#8211; Lamberts<\/strong><\/p>\n<p>Som en unik levande bakterieformel kombinerar Lamberts Biome Balance 25 Lactobacillus plantarum och Lactobacillus rhamnosus med de exceptionellt v\u00e4l unders\u00f6kta bakteriestammarna, Lactobacillus acidophilus och Bifidobacterium bifidum. Dessa stammar arbetar synergistiskt f\u00f6r att f\u00f6rb\u00e4ttra \u00f6vergripande tarmh\u00e4lsa och matsm\u00e4ltning, d\u00e4r var och en kompletterar varandras mekanismer.<\/p>\n<p>Lamberts Biome Balance inneh\u00e5ller 25 miljarder levande bakterier (vid tillverkningstillf\u00e4llet), med f\u00f6rdelen att endast en kapsel per dag beh\u00f6ver tas. Lamberts var ett av de f\u00f6rsta f\u00f6retagen att producera levande bakteriekapslar i Storbritannien (f\u00f6r \u00f6ver 30 \u00e5r sedan) och vi har utvecklat expertis inom detta omr\u00e5de. \u00c4ven om det \u00e4r viktigt att uppr\u00e4tth\u00e5lla en balans av nyttiga levande bakterier i tarmen, \u00e4r det v\u00e4l etablerat att matsm\u00e4ltningssystemet \u00e4r en fientlig plats. Faktum \u00e4r att se till att de levande bakterierna kan \u00f6verleva passagen till tarmen och frodas n\u00e4r de v\u00e4l anl\u00e4nder \u00e4r ganska vetenskap. F\u00f6r att g\u00f6ra detta anv\u00e4nder v\u00e5rt speciellt framtagna sortiment av levande bakterieprodukter:<br \/>\nF\u00f6rvaringsf\u00f6rh\u00e5llanden i kylen fram till avs\u00e4ndning<br \/>\nVegetariska kapslar gjorda av v\u00e4xtbaserad cellulosa med tre g\u00e5nger l\u00e4gre fukthalt \u00e4n typiska gelatinbaserade.<\/p>\n<p>Det \u00e4r viktigt att notera att de miljarder bakterier som utg\u00f6r denna produkt \u00e4r levande mikroorganismer. Som s\u00e5dan \u00e4r det viktigt att f\u00f6lja de korrekta lagringsf\u00f6rh\u00e5llandena. Denna produkt ska f\u00f6rvaras p\u00e5 en sval, torr plats och skyddad fr\u00e5n ljus, helst i kylsk\u00e5p.<\/p>\n<p><strong> Dosering<\/strong>: 1-3 kapslar dagligen i samband med m\u00e5ltider.<\/p>\n<p><strong>1 Kapsel inneh\u00e5ller:<\/strong> Lactobacillus rhamnosus, Lactobacillus acidophilus,<br \/>\nLactobacillus plantarum, Bifidobacterium bifidum 25&#215;10 (25 miljard levande bakterier vid tillverkningstillf\u00e4llet )<\/p>\n<p><strong>Ingredienser<\/strong>: Bakteriekultur (tillhandah\u00e5ller lactobacillus rhamnosus, lactobacillus acidophilus,<br \/>\nlactobacillus plantarum, bifidobacterium bifidum), brunt rismj\u00f6l, kapselskal (hypromellos, gellangummi), klumpf\u00f6rebyggande medel (stearinsyra).<\/p>\n<p>Rekommenderad dos b\u00f6r ej \u00f6verskridas.<br \/>\nKosttillskott ers\u00e4tter inte en varierad kost.<br \/>\nProdukten f\u00f6rvaras o\u00e5tkomligt f\u00f6r sm\u00e5 barn.<\/p>\n<p>V- L\u00e4mplig f\u00f6r vegetarianer<\/p>\n","protected":false},"excerpt":{"rendered":"<p>Lamberts Biome Balance 25 \u00e4r ett probiotiskt tillskott som inneh\u00e5ller 25 miljarder aktiva bakterier per kapsel, vilket st\u00f6djer en h\u00e4lsosam tarmflora och matsm\u00e4ltning. Inneh\u00e5ller fyra olika stammar av v\u00e4l unders\u00f6kta levande bakterier.<\/p>\n<p><strong>60 Kapslar<\/strong><\/p>\n","protected":false},"featured_media":10065,"comment_status":"closed","ping_status":"closed","template":"","meta":{"_kad_blocks_custom_css":"","_kad_blocks_head_custom_js":"","_kad_blocks_body_custom_js":"","_kad_blocks_footer_custom_js":"","_kadence_starter_templates_imported_post":false,"_kad_post_transparent":"default","_kad_post_title":"","_kad_post_layout":"default","_kad_post_sidebar_id":"","_kad_post_content_style":"default","_kad_post_vertical_padding":"default","_kad_post_feature":"","_kad_post_feature_position":"","_kad_post_header":false,"_kad_post_footer":false,"_kad_post_classname":""},"product_brand":[],"product_cat":[1234,431,2819],"product_tag":[2278,1999,2000,1465,1028,285,2002,2279,2280,2281,1994,2009,2045,1930],"class_list":{"0":"post-9982","1":"product","2":"type-product","3":"status-publish","4":"has-post-thumbnail","6":"product_cat-lamberts","7":"product_cat-mage-tarm","8":"product_cat-matsmaltningsenzymer","9":"product_tag-25-miljarder-levande-bakterier","10":"product_tag-bifidobacterium-bifidum","11":"product_tag-fordrojd-frisattning","12":"product_tag-gmp-standard","13":"product_tag-immunforsvar","14":"product_tag-kosttillskott","15":"product_tag-lactobacillus-acidophilus","16":"product_tag-lactobacillus-plantarum","17":"product_tag-lactobacillus-rhamnosus","18":"product_tag-lag-fuktighet","19":"product_tag-matsmaltningsstod","20":"product_tag-probiotika","21":"product_tag-tarmhalsa","22":"product_tag-vegetabiliska-kapslar","24":"first","25":"instock","26":"taxable","27":"shipping-taxable","28":"purchasable","29":"product-type-simple","30":"entry","31":"content-bg","32":"loop-entry"},"taxonomy_info":{"product_cat":[{"value":1234,"label":"Lamberts"},{"value":431,"label":"Mage &amp; Tarm"},{"value":2819,"label":"Matsm\u00e4ltningsenzymer"}],"product_tag":[{"value":2278,"label":"25 miljarder levande bakterier"},{"value":1999,"label":"Bifidobacterium bifidum"},{"value":2000,"label":"f\u00f6rdr\u00f6jd fris\u00e4ttning"},{"value":1465,"label":"GMP-standard"},{"value":1028,"label":"immunf\u00f6rsvar"},{"value":285,"label":"kosttillskott"},{"value":2002,"label":"Lactobacillus acidophilus"},{"value":2279,"label":"Lactobacillus plantarum"},{"value":2280,"label":"Lactobacillus rhamnosus"},{"value":2281,"label":"l\u00e5g fuktighet"},{"value":1994,"label":"matsm\u00e4ltningsst\u00f6d"},{"value":2009,"label":"probiotika"},{"value":2045,"label":"tarmh\u00e4lsa"},{"value":1930,"label":"Vegetabiliska kapslar"}]},"featured_image_src_large":["https:\/\/vitaminbutiken.com\/wp-content\/uploads\/2025\/03\/8420-60-Biome-Balance-25-780x700.jpg",780,700,true],"author_info":[],"comment_info":0,"_links":{"self":[{"href":"https:\/\/vitaminbutiken.com\/en\/wp-json\/wp\/v2\/product\/9982","targetHints":{"allow":["GET"]}}],"collection":[{"href":"https:\/\/vitaminbutiken.com\/en\/wp-json\/wp\/v2\/product"}],"about":[{"href":"https:\/\/vitaminbutiken.com\/en\/wp-json\/wp\/v2\/types\/product"}],"replies":[{"embeddable":true,"href":"https:\/\/vitaminbutiken.com\/en\/wp-json\/wp\/v2\/comments?post=9982"}],"wp:featuredmedia":[{"embeddable":true,"href":"https:\/\/vitaminbutiken.com\/en\/wp-json\/wp\/v2\/media\/10065"}],"wp:attachment":[{"href":"https:\/\/vitaminbutiken.com\/en\/wp-json\/wp\/v2\/media?parent=9982"}],"wp:term":[{"taxonomy":"product_brand","embeddable":true,"href":"https:\/\/vitaminbutiken.com\/en\/wp-json\/wp\/v2\/product_brand?post=9982"},{"taxonomy":"product_cat","embeddable":true,"href":"https:\/\/vitaminbutiken.com\/en\/wp-json\/wp\/v2\/product_cat?post=9982"},{"taxonomy":"product_tag","embeddable":true,"href":"https:\/\/vitaminbutiken.com\/en\/wp-json\/wp\/v2\/product_tag?post=9982"}],"curies":[{"name":"wp","href":"https:\/\/api.w.org\/{rel}","templated":true}]}}