{"id":9981,"date":"2025-03-19T16:17:17","date_gmt":"2025-03-19T14:17:17","guid":{"rendered":"https:\/\/vitaminbutiken.multi.fi\/?post_type=product&#038;p=9981"},"modified":"2026-04-01T11:00:53","modified_gmt":"2026-04-01T09:00:53","slug":"l-theanine-lemon-balm-complex-lamberts","status":"publish","type":"product","link":"https:\/\/vitaminbutiken.com\/en\/produkt\/l-theanine-lemon-balm-complex-lamberts\/","title":{"rendered":"L-Teanin &#038; Citronmeliss Complex &#8211; Lamberts"},"content":{"rendered":"<p data-start=\"206\" data-end=\"287\"><strong data-start=\"209\" data-end=\"285\">L-Teanine &amp; Citronmeliss Complex (med B5, folsyra och biotin) \u2013 Lamberts<\/strong><\/p>\n<p data-start=\"288\" data-end=\"351\">Ett balanserat kosttillskott med aminosyra, \u00f6rt och B-vitaminer f\u00f6r s\u00f6mnen.<\/p>\n<p data-start=\"353\" data-end=\"782\">Lamberts <strong data-start=\"362\" data-end=\"398\">L-Teanine &amp; Citronmeliss Complex<\/strong> \u00e4r ett h\u00f6gkvalitativt kosttillskott som kombinerar aminosyran <strong data-start=\"461\" data-end=\"473\">L-teanin<\/strong>, ett standardiserat extrakt av <strong data-start=\"505\" data-end=\"543\">citronmeliss (Melissa officinalis)<\/strong> samt utvalda B-vitaminer \u2013 <strong data-start=\"571\" data-end=\"592\">pantotensyra (B5)<\/strong>, <strong data-start=\"594\" data-end=\"605\">folsyra<\/strong> och <strong data-start=\"610\" data-end=\"620\">biotin<\/strong> \u2013 i en praktisk kapsel.<\/p>\n<div data-start=\"789\" data-end=\"819\"><strong data-start=\"793\" data-end=\"819\">Vad ing\u00e5r i produkten?<\/strong><\/div>\n<p data-start=\"821\" data-end=\"900\">Varje kapsel inneh\u00e5ller en noggrant avv\u00e4gd blandning av ingredienser inklusive:<\/p>\n<ul data-start=\"902\" data-end=\"1102\">\n<li data-start=\"902\" data-end=\"967\">\n<p data-start=\"904\" data-end=\"967\"><strong data-start=\"904\" data-end=\"916\">L-teanin<\/strong> \u2013 en aminosyra som f\u00f6rekommer naturligt i teblad<\/p>\n<\/li>\n<li data-start=\"968\" data-end=\"1039\">\n<p data-start=\"970\" data-end=\"1039\"><strong data-start=\"970\" data-end=\"993\">Citronmelissextrakt<\/strong> (Melissa officinalis) \u2013 v\u00e4xtbaserat extrakt<\/p>\n<\/li>\n<li data-start=\"1040\" data-end=\"1073\">\n<p data-start=\"1042\" data-end=\"1073\"><strong data-start=\"1042\" data-end=\"1071\">Pantotensyra (vitamin B5)<\/strong><\/p>\n<\/li>\n<li data-start=\"1074\" data-end=\"1089\">\n<p data-start=\"1076\" data-end=\"1089\"><strong data-start=\"1076\" data-end=\"1087\">Folsyra<\/strong><\/p>\n<\/li>\n<li data-start=\"1090\" data-end=\"1102\">\n<p data-start=\"1092\" data-end=\"1102\"><strong data-start=\"1092\" data-end=\"1102\">Biotin<\/strong><\/p>\n<\/li>\n<\/ul>\n<p data-start=\"1104\" data-end=\"1275\">Lamberts anv\u00e4nder r\u00e5varor av h\u00f6g kvalitet och tillverkar produkten enligt strikta farmaceutiska GMP-standarder f\u00f6r att s\u00e4kerst\u00e4lla renhet, korrekt dosering och stabilitet.<\/p>\n<div data-start=\"1282\" data-end=\"1311\"><strong data-start=\"1286\" data-end=\"1311\">Produktens egenskaper<\/strong><\/div>\n<p data-start=\"1313\" data-end=\"1577\"><strong data-start=\"1313\" data-end=\"1326\">L-teanin:<\/strong><br data-start=\"1326\" data-end=\"1329\" \/>En aminosyra som finns i teblad. I kosttillskott anv\u00e4nds L-teanin i fri form, vilket inneb\u00e4r att den \u00e4r redo att tas upp av kroppen utan att f\u00f6rst beh\u00f6va frig\u00f6ras fr\u00e5n protein.<\/p>\n<p data-start=\"1579\" data-end=\"1744\"><strong data-start=\"1579\" data-end=\"1618\">Citronmeliss (Melissa officinalis):<\/strong><br data-start=\"1618\" data-end=\"1621\" \/>Ett v\u00e4xtbaserat extrakt som ing\u00e5r i m\u00e5nga v\u00e4xtbaserade formler. Lamberts anv\u00e4nder ett standardiserat extrakt i sin formula.<\/p>\n<p data-start=\"1746\" data-end=\"1764\"><strong data-start=\"1746\" data-end=\"1762\">B-vitaminer:<\/strong><\/p>\n<ul data-start=\"1765\" data-end=\"2049\">\n<li data-start=\"1765\" data-end=\"1883\">\n<p data-start=\"1767\" data-end=\"1883\"><strong data-start=\"1767\" data-end=\"1788\">Pantotensyra (B5)<\/strong> bidrar till normal mental prestationsf\u00f6rm\u00e5ga och spelar en roll i kroppens energioms\u00e4ttning.<\/p>\n<\/li>\n<li data-start=\"1884\" data-end=\"1974\">\n<p data-start=\"1886\" data-end=\"1974\"><strong data-start=\"1886\" data-end=\"1897\">Folsyra<\/strong> bidrar till v\u00e4vnadstillv\u00e4xt under graviditet och till normal blodbildning.<\/p>\n<\/li>\n<li data-start=\"1975\" data-end=\"2049\">\n<p data-start=\"1977\" data-end=\"2049\"><strong data-start=\"1977\" data-end=\"1987\">Biotin<\/strong> bidrar till att bibeh\u00e5lla normalt h\u00e5r och normala slemhinnor.<\/p>\n<\/li>\n<\/ul>\n<p data-start=\"2051\" data-end=\"2157\">B-vitaminerna i denna formula kompletterar varandra och ing\u00e5r i kroppens normala metaboliseringsprocesser.<\/p>\n<div data-start=\"2376\" data-end=\"2413\"><strong data-start=\"2380\" data-end=\"2413\">F\u00f6r vem passar denna produkt?<\/strong><\/div>\n<p data-start=\"2415\" data-end=\"2510\">Lamberts L-Teanine &amp; Citronmeliss Complex kan vara ett l\u00e4mpligt kosttillskott f\u00f6r personer som:<\/p>\n<ul data-start=\"2512\" data-end=\"2718\">\n<li data-start=\"2512\" data-end=\"2565\">\n<p data-start=\"2514\" data-end=\"2565\">vill komplettera sin kost med aminosyran L-teanin<\/p>\n<\/li>\n<li data-start=\"2658\" data-end=\"2718\">\n<p data-start=\"2660\" data-end=\"2718\">f\u00f6redrar en kombinationsprodukt framf\u00f6r separata tillskott<\/p>\n<\/li>\n<\/ul>\n<div data-start=\"2814\" data-end=\"2847\"><strong data-start=\"2818\" data-end=\"2847\">Kvalitet och tillverkning<\/strong><\/div>\n<p data-start=\"2849\" data-end=\"3133\">Lamberts \u00e4r ett varum\u00e4rke med l\u00e5ng erfarenhet av att utveckla kosttillskott enligt h\u00f6ga kvalitetsstandarder. L-Teanine &amp; Citronmeliss Complex tillverkas i Storbritannien i en fabrik som arbetar enligt <strong data-start=\"3050\" data-end=\"3112\">farmaceutiska GMP-standarder (Good Manufacturing Practice)<\/strong>. Detta s\u00e4kerst\u00e4ller:<\/p>\n<ul data-start=\"3135\" data-end=\"3248\">\n<li data-start=\"3135\" data-end=\"3169\">\n<p data-start=\"3137\" data-end=\"3169\">noggrant kontrollerade r\u00e5varor<\/p>\n<\/li>\n<li data-start=\"3170\" data-end=\"3201\">\n<p data-start=\"3172\" data-end=\"3201\">stabil och korrekt dosering<\/p>\n<\/li>\n<li data-start=\"3202\" data-end=\"3248\">\n<p data-start=\"3204\" data-end=\"3248\">produkt som \u00e4r fri fr\u00e5n on\u00f6diga tillsatser<\/p>\n<\/li>\n<\/ul>\n<p><strong> Dosering<\/strong>: 2 kapslar dagligen i samband med m\u00e5ltid.<\/p>\n<table style=\"height: 80px;\" border=\"1\" width=\"621\" cellspacing=\"0\" cellpadding=\"0\">\n<tbody>\n<tr>\n<td valign=\"top\" width=\"30%\"><strong>2 kapslar inneh\u00e5ller<\/strong><\/td>\n<td valign=\"top\" width=\"20%\"><strong> M\u00e4ngd\u00a0\u00a0<\/strong><\/td>\n<td valign=\"top\" width=\"30%\"><strong>%DRI*<\/strong><\/td>\n<\/tr>\n<tr>\n<td valign=\"top\" width=\"30%\">Folsyra<\/td>\n<td valign=\"top\" width=\"20%\">200 \u00b5g<\/td>\n<td valign=\"top\" width=\"20%\">100 %<\/td>\n<\/tr>\n<tr>\n<td valign=\"top\" width=\"30%\">Pantotensyra<\/td>\n<td valign=\"top\" width=\"20%\">6 mg<\/td>\n<td valign=\"top\" width=\"20%\">100 %<\/td>\n<\/tr>\n<tr>\n<td valign=\"top\" width=\"30%\">Biotin<\/td>\n<td valign=\"top\" width=\"20%\">50 \u00b5g<\/td>\n<td valign=\"top\" width=\"20%\">100 %<\/td>\n<\/tr>\n<tr>\n<td valign=\"top\" width=\"30%\">L-Teanin<br \/>\nFr\u00e5n gr\u00f6nte extrakt med upp till 5 mg (Epigallokatekin gallat)<\/td>\n<td valign=\"top\" width=\"20%\">2 000 mg<\/td>\n<td valign=\"top\" width=\"20%\">**<\/td>\n<\/tr>\n<tr>\n<td valign=\"top\" width=\"30%\">Citronmeliss (600 mg av ett 10:1 extrakt)<\/td>\n<td valign=\"top\" width=\"20%\">6 000 mg<\/td>\n<td valign=\"top\" width=\"20%\">**<\/td>\n<\/tr>\n<\/tbody>\n<\/table>\n<p><strong><em>*DRI \u00e4r dagligt referensintag. **DRI ej fastst\u00e4llt.\u00a0\u00a0<\/em><\/strong><\/p>\n<p><strong>Ingredienser<\/strong>: Gr\u00f6nt tebladextrakt (<em>Camellia Sinensis<\/em>), kapselskal (hydroxypropylmetylcellulosa), brunt rismj\u00f6l, klumpf\u00f6rebyggande medel (stearinsyra, kiseldioxid), pantotensyra (kalciumpantotenat), folsyra, biotin.<\/p>\n<p>2 kapslar ger upp till 5 mg EGCG (epigallokatenik-3-gallat) av gr\u00f6nt te. Dosen b\u00f6r ej \u00f6verstiga 800 mg\/dag. Tas ej med andra gr\u00f6nt te produkter. Ej p\u00e5 fastande mage.<\/p>\n<p>Rekommenderad daglig dos b\u00f6r ej \u00f6verskridas. Kosttillskott ers\u00e4tter inte en varierad kost. Produkten f\u00f6rvaras o\u00e5tkomligt f\u00f6r sm\u00e5 barn. Ej f\u00f6r gravida och ammande eller barn under 18 \u00e5r.<\/p>\n<p>V- L\u00e4mplig f\u00f6r veganer<\/p>\n","protected":false},"excerpt":{"rendered":"<p><strong data-start=\"3279\" data-end=\"3358\">L-Teanine &amp; Citronmeliss Complex (med B5, folsyra och biotin) fr\u00e5n Lamberts<\/strong> \u00e4r ett genomt\u00e4nkt kosttillskott som kombinerar aminosyran L-teanin med v\u00e4xtbaserat citronmelissextrakt och viktiga B-vitaminer i en kapsel. Produkten \u00e4r framtagen med fokus p\u00e5 h\u00f6g kvalitet, stabila ingredienser och enkel daglig anv\u00e4ndning.<\/p>\n<p><strong>60 kapslar<\/strong><\/p>\n","protected":false},"featured_media":10063,"comment_status":"closed","ping_status":"closed","template":"","meta":{"_kad_blocks_custom_css":"","_kad_blocks_head_custom_js":"","_kad_blocks_body_custom_js":"","_kad_blocks_footer_custom_js":"","_kadence_starter_templates_imported_post":false,"_kad_post_transparent":"default","_kad_post_title":"","_kad_post_layout":"default","_kad_post_sidebar_id":"","_kad_post_content_style":"default","_kad_post_vertical_padding":"default","_kad_post_feature":"","_kad_post_feature_position":"","_kad_post_header":false,"_kad_post_footer":false,"_kad_post_classname":""},"product_brand":[],"product_cat":[337,1234,146],"product_tag":[2275,2276,205,1558,673,477,2158,441,1465,1467,1469,1892,285,2277,1934,1640,500,2134,1542,1475],"class_list":{"0":"post-9981","1":"product","2":"type-product","3":"status-publish","4":"has-post-thumbnail","6":"product_cat-aminosyror","7":"product_cat-lamberts","8":"product_cat-stressad-och-trott","9":"product_tag-200-mg-l-theanin","10":"product_tag-6000-mg-citronmeliss","11":"product_tag-antioxidant","12":"product_tag-avslappning","13":"product_tag-b-vitaminer","14":"product_tag-biotin","15":"product_tag-citronmeliss","16":"product_tag-folsyra","17":"product_tag-gmp-standard","18":"product_tag-hog-biotillganglighet","19":"product_tag-humorstod","20":"product_tag-kognitiv-funktion","21":"product_tag-kosttillskott","22":"product_tag-l-theanin","23":"product_tag-mental-prestation","24":"product_tag-nervsystemets-halsa","25":"product_tag-pantotensyra","26":"product_tag-standardiserat-extrakt","27":"product_tag-stresshantering","28":"product_tag-veganvanlig","30":"first","31":"instock","32":"taxable","33":"shipping-taxable","34":"purchasable","35":"product-type-simple","36":"entry","37":"content-bg","38":"loop-entry"},"taxonomy_info":{"product_cat":[{"value":337,"label":"Aminosyror"},{"value":1234,"label":"Lamberts"},{"value":146,"label":"Stressad &amp; Tr\u00f6tt"}],"product_tag":[{"value":2275,"label":"200 mg L-Theanin"},{"value":2276,"label":"6000 mg citronmeliss"},{"value":205,"label":"antioxidant"},{"value":1558,"label":"avslappning"},{"value":673,"label":"b-vitaminer"},{"value":477,"label":"Biotin"},{"value":2158,"label":"citronmeliss"},{"value":441,"label":"folsyra"},{"value":1465,"label":"GMP-standard"},{"value":1467,"label":"H\u00f6g biotillg\u00e4nglighet"},{"value":1469,"label":"hum\u00f6rst\u00f6d"},{"value":1892,"label":"Kognitiv funktion"},{"value":285,"label":"kosttillskott"},{"value":2277,"label":"L-Theanin"},{"value":1934,"label":"mental prestation"},{"value":1640,"label":"Nervsystemets h\u00e4lsa"},{"value":500,"label":"Pantotensyra"},{"value":2134,"label":"standardiserat extrakt"},{"value":1542,"label":"Stresshantering"},{"value":1475,"label":"veganv\u00e4nlig"}]},"featured_image_src_large":["https:\/\/vitaminbutiken.com\/wp-content\/uploads\/2025\/03\/8317-60-L-Theanine-780x700.jpg",780,700,true],"author_info":[],"comment_info":0,"_links":{"self":[{"href":"https:\/\/vitaminbutiken.com\/en\/wp-json\/wp\/v2\/product\/9981","targetHints":{"allow":["GET"]}}],"collection":[{"href":"https:\/\/vitaminbutiken.com\/en\/wp-json\/wp\/v2\/product"}],"about":[{"href":"https:\/\/vitaminbutiken.com\/en\/wp-json\/wp\/v2\/types\/product"}],"replies":[{"embeddable":true,"href":"https:\/\/vitaminbutiken.com\/en\/wp-json\/wp\/v2\/comments?post=9981"}],"wp:featuredmedia":[{"embeddable":true,"href":"https:\/\/vitaminbutiken.com\/en\/wp-json\/wp\/v2\/media\/10063"}],"wp:attachment":[{"href":"https:\/\/vitaminbutiken.com\/en\/wp-json\/wp\/v2\/media?parent=9981"}],"wp:term":[{"taxonomy":"product_brand","embeddable":true,"href":"https:\/\/vitaminbutiken.com\/en\/wp-json\/wp\/v2\/product_brand?post=9981"},{"taxonomy":"product_cat","embeddable":true,"href":"https:\/\/vitaminbutiken.com\/en\/wp-json\/wp\/v2\/product_cat?post=9981"},{"taxonomy":"product_tag","embeddable":true,"href":"https:\/\/vitaminbutiken.com\/en\/wp-json\/wp\/v2\/product_tag?post=9981"}],"curies":[{"name":"wp","href":"https:\/\/api.w.org\/{rel}","templated":true}]}}