{"id":9980,"date":"2025-03-19T16:17:16","date_gmt":"2025-03-19T14:17:16","guid":{"rendered":"https:\/\/vitaminbutiken.multi.fi\/?post_type=product&#038;p=9980"},"modified":"2026-04-10T15:05:42","modified_gmt":"2026-04-10T13:05:42","slug":"l-glutamine-lamberts","status":"publish","type":"product","link":"https:\/\/vitaminbutiken.com\/en\/produkt\/l-glutamine-lamberts\/","title":{"rendered":"L-Glutamine &#8211; Lamberts"},"content":{"rendered":"<p><strong>L-Glutamine &#8211; Lamberts<\/strong><\/p>\n<p>Lamberts\u00ae L-glutaminkapslar \u00e4r ett bekv\u00e4mt och enkelt s\u00e4tt att komplettera din kost. V\u00e5ra kapslar tillverkas i Storbritannien enligt farmaceutiska GMP-standarder och \u00e4r l\u00e4mpliga f\u00f6r vegetarianer. Om du beh\u00f6ver h\u00f6ga dagliga doser av L-glutamin rekommenderar vi att du anv\u00e4nder Lamberts\u00ae pulveriserad L-glutamin, som \u00e4r mycket billigare per gram, har en mycket mild smak och kan str\u00f6 p\u00e5 mat eller blandas i drycker.<\/p>\n<p>Glutamin \u00e4r den vanligaste naturligt f\u00f6rekommande icke-essentiella aminosyran i kroppen och kan erh\u00e5llas fr\u00e5n glutaminsyra, en annan medlem av aminosyrafamiljen. B\u00e5de glutamin och glutaminsyra finns i proteinrika livsmedel, som r\u00f6tt k\u00f6tt, n\u00f6tter och fisk. Olika v\u00e4vnader i kroppen har olika krav p\u00e5 L-glutamin, och de mest ivriga konsumenterna av glutamin \u00e4r tarmceller, medan muskler \u00e4r k\u00e4nda f\u00f6r att vara stora producenter av L-glutamin.<\/p>\n<p><b>Dosering: <\/b>1-6 kapslar dagligen i samband med m\u00e5ltid.<\/p>\n<table style=\"height: 80px;\" border=\"1\" width=\"621\" cellspacing=\"0\" cellpadding=\"0\">\n<tbody>\n<tr>\n<td valign=\"top\" width=\"30%\"><strong>1 kapsel inneh\u00e5ller\u00a0<\/strong><\/td>\n<td valign=\"top\" width=\"20%\"><strong> M\u00e4ngd<\/strong><\/td>\n<td valign=\"top\" width=\"30%\"><strong>%DRI*<\/strong><\/td>\n<\/tr>\n<tr>\n<td valign=\"top\" width=\"30%\">L-Glutamin<\/td>\n<td valign=\"top\" width=\"20%\">500 mg<\/td>\n<td valign=\"top\" width=\"20%\">**<\/td>\n<\/tr>\n<\/tbody>\n<\/table>\n<p><strong><em>*DRI (dagligt referensintag) ej fastst\u00e4llt.\u00a0<\/em><\/strong><\/p>\n<p><strong>Ingredienser<\/strong>: L-glutamin, kapselskal (hydroxypropylmetylcellulosa), fyllnadsmedel (rismj\u00f6l), klumpf\u00f6re<br \/>\nbyggande medel (magnesiumsalter av fettsyror), kiseldioxid.<\/p>\n<p>Rekommenderad dos b\u00f6r ej \u00f6verskridas.<br \/>\nKosttillskott ers\u00e4tter inte en varierad kost.<br \/>\nProdukten f\u00f6rvaras o\u00e5tkomligt f\u00f6r sm\u00e5 barn.<\/p>\n<p>V- L\u00e4mplig f\u00f6r vegetarianer<\/p>\n","protected":false},"excerpt":{"rendered":"<p>Ett bekv\u00e4mt och enkelt s\u00e4tt att komplettera din kost med aminosyror<\/p>\n<p><strong>90 kapslar<\/strong><\/p>\n","protected":false},"featured_media":10061,"comment_status":"closed","ping_status":"closed","template":"","meta":{"_kad_blocks_custom_css":"","_kad_blocks_head_custom_js":"","_kad_blocks_body_custom_js":"","_kad_blocks_footer_custom_js":"","_kadence_starter_templates_imported_post":false,"_kad_post_transparent":"default","_kad_post_title":"","_kad_post_layout":"default","_kad_post_sidebar_id":"","_kad_post_content_style":"default","_kad_post_vertical_padding":"default","_kad_post_feature":"","_kad_post_feature_position":"","_kad_post_header":false,"_kad_post_footer":false,"_kad_post_classname":""},"product_brand":[],"product_cat":[337,176,1234,431,278],"product_tag":[1461,564,1647,1464,1465,1467,1469,1028,2251,285,570,1957,1542,2045,2129,1475],"class_list":{"0":"post-9980","1":"product","2":"type-product","3":"status-publish","4":"has-post-thumbnail","6":"product_cat-aminosyror","7":"product_cat-immunforsvar","8":"product_cat-lamberts","9":"product_cat-mage-tarm","10":"product_cat-traning","11":"product_tag-500-mg","12":"product_tag-aminosyra","13":"product_tag-energiproduktion","14":"product_tag-fri-form","15":"product_tag-gmp-standard","16":"product_tag-hog-biotillganglighet","17":"product_tag-humorstod","18":"product_tag-immunforsvar","19":"product_tag-koncentration","20":"product_tag-kosttillskott","21":"product_tag-l-glutamin","22":"product_tag-muskelaterhamtning","23":"product_tag-stresshantering","24":"product_tag-tarmhalsa","25":"product_tag-vavnadsreparation","26":"product_tag-veganvanlig","28":"first","29":"instock","30":"taxable","31":"shipping-taxable","32":"purchasable","33":"product-type-simple","34":"entry","35":"content-bg","36":"loop-entry"},"taxonomy_info":{"product_cat":[{"value":337,"label":"Aminosyror"},{"value":176,"label":"Immunf\u00f6rsvar"},{"value":1234,"label":"Lamberts"},{"value":431,"label":"Mage &amp; Tarm"},{"value":278,"label":"Tr\u00e4ning"}],"product_tag":[{"value":1461,"label":"500 mg"},{"value":564,"label":"aminosyra"},{"value":1647,"label":"energiproduktion"},{"value":1464,"label":"fri form"},{"value":1465,"label":"GMP-standard"},{"value":1467,"label":"H\u00f6g biotillg\u00e4nglighet"},{"value":1469,"label":"hum\u00f6rst\u00f6d"},{"value":1028,"label":"immunf\u00f6rsvar"},{"value":2251,"label":"koncentration"},{"value":285,"label":"kosttillskott"},{"value":570,"label":"L-glutamin"},{"value":1957,"label":"muskel\u00e5terh\u00e4mtning"},{"value":1542,"label":"Stresshantering"},{"value":2045,"label":"tarmh\u00e4lsa"},{"value":2129,"label":"v\u00e4vnadsreparation"},{"value":1475,"label":"veganv\u00e4nlig"}]},"featured_image_src_large":["https:\/\/vitaminbutiken.com\/wp-content\/uploads\/2025\/03\/8310-90-L-Glutamine-780x700.jpg",780,700,true],"author_info":[],"comment_info":0,"_links":{"self":[{"href":"https:\/\/vitaminbutiken.com\/en\/wp-json\/wp\/v2\/product\/9980","targetHints":{"allow":["GET"]}}],"collection":[{"href":"https:\/\/vitaminbutiken.com\/en\/wp-json\/wp\/v2\/product"}],"about":[{"href":"https:\/\/vitaminbutiken.com\/en\/wp-json\/wp\/v2\/types\/product"}],"replies":[{"embeddable":true,"href":"https:\/\/vitaminbutiken.com\/en\/wp-json\/wp\/v2\/comments?post=9980"}],"wp:featuredmedia":[{"embeddable":true,"href":"https:\/\/vitaminbutiken.com\/en\/wp-json\/wp\/v2\/media\/10061"}],"wp:attachment":[{"href":"https:\/\/vitaminbutiken.com\/en\/wp-json\/wp\/v2\/media?parent=9980"}],"wp:term":[{"taxonomy":"product_brand","embeddable":true,"href":"https:\/\/vitaminbutiken.com\/en\/wp-json\/wp\/v2\/product_brand?post=9980"},{"taxonomy":"product_cat","embeddable":true,"href":"https:\/\/vitaminbutiken.com\/en\/wp-json\/wp\/v2\/product_cat?post=9980"},{"taxonomy":"product_tag","embeddable":true,"href":"https:\/\/vitaminbutiken.com\/en\/wp-json\/wp\/v2\/product_tag?post=9980"}],"curies":[{"name":"wp","href":"https:\/\/api.w.org\/{rel}","templated":true}]}}