{"id":9979,"date":"2025-03-19T16:17:16","date_gmt":"2025-03-19T14:17:16","guid":{"rendered":"https:\/\/vitaminbutiken.multi.fi\/?post_type=product&#038;p=9979"},"modified":"2026-04-01T13:18:55","modified_gmt":"2026-04-01T11:18:55","slug":"rhodiola-rosea-lamberts","status":"publish","type":"product","link":"https:\/\/vitaminbutiken.com\/en\/produkt\/rhodiola-rosea-lamberts\/","title":{"rendered":"Rhodiola Rosea &#8211; Lamberts"},"content":{"rendered":"<p><strong>Rhodiola Rosea &#8211; Lamberts<\/strong><\/p>\n<p>Rhodiola Rosea, \u00e4ven k\u00e4nd som Guldrot eller Rosenrot, \u00e4r en av 50 olika arter av rhodiola och det \u00e4r denna art som \u00e4r b\u00e5de flitigt anv\u00e4nd och betrodd, med en l\u00e5ng tradition av anv\u00e4ndning. Rhodiola Rosea tros inneh\u00e5lla en m\u00e4ngd olika potentiellt aktiva f\u00f6reningar, de mest omtalade \u00e4r rosavinerna. Lamberts\u00ae Rhodiola Rosea-extrakt motsvarar 1466 mg Rhodiola Rosea med en garanterad niv\u00e5 av 3% rosavin per 2 tabletter.<\/p>\n<p><strong> Dosering<\/strong>: 2 tabletter dagligen i samband med m\u00e5ltid.<\/p>\n<table style=\"height: 80px;\" border=\"1\" width=\"621\" cellspacing=\"0\" cellpadding=\"0\">\n<tbody>\n<tr>\n<td valign=\"top\" width=\"30%\"><strong>2 tabletter inneh\u00e5ller<\/strong><\/td>\n<td valign=\"top\" width=\"20%\"><strong> M\u00e4ngd<\/strong><\/td>\n<td valign=\"top\" width=\"30%\"><strong>%DRI*<\/strong><\/td>\n<\/tr>\n<tr>\n<td valign=\"top\" width=\"30%\">Rosenrot (av 117,3 mg av ett 12:5:1 extrakt)<\/td>\n<td valign=\"top\" width=\"20%\">1466 mg<\/td>\n<td valign=\"top\" width=\"20%\">**<\/td>\n<\/tr>\n<tr>\n<td valign=\"top\" width=\"30%\">Som ger: 3 % Rosavin<\/td>\n<td valign=\"top\" width=\"20%\"><\/td>\n<td valign=\"top\" width=\"20%\">**<\/td>\n<\/tr>\n<\/tbody>\n<\/table>\n<p><strong><em>*DRI (dagligt referensintag) ej fastst\u00e4llt.\u00a0<\/em><\/strong><\/p>\n<p><strong>Ingredienser<\/strong>: Fyllnadsmedel (kalciumkarbonat, cellulosa), Rosenrot extrakt(Rhodiola Rosea),<br \/>\ntablettskal (kalciumkarbonat, isomalt, hydroxypropylmetylcellulosa), klumpf\u00f6rebyggande<br \/>\nmedel (kiseldioxid, stearinsyra, magnesiumsalter av fettsyror).<\/p>\n<p>Rekommenderad dos b\u00f6r ej \u00f6verskridas.<br \/>\nKosttillskott ers\u00e4tter inte en varierad kost.<br \/>\nProdukten f\u00f6rvaras o\u00e5tkomligt f\u00f6r sm\u00e5 barn.<\/p>\n<p>V- L\u00e4mplig f\u00f6r veganer<\/p>\n","protected":false},"excerpt":{"rendered":"<p>En naturlig adaptogen som st\u00f6djer kroppens anpassning till stressiga situationer.<\/p>\n<p><strong>60 Tabletter<\/strong><\/p>\n","protected":false},"featured_media":10059,"comment_status":"closed","ping_status":"closed","template":"","meta":{"_kad_blocks_custom_css":"","_kad_blocks_head_custom_js":"","_kad_blocks_body_custom_js":"","_kad_blocks_footer_custom_js":"","_kadence_starter_templates_imported_post":false,"_kad_post_transparent":"default","_kad_post_title":"","_kad_post_layout":"default","_kad_post_sidebar_id":"","_kad_post_content_style":"default","_kad_post_vertical_padding":"default","_kad_post_feature":"","_kad_post_feature_position":"","_kad_post_header":false,"_kad_post_footer":false,"_kad_post_classname":""},"product_brand":[],"product_cat":[1234,149,146],"product_tag":[2272,1461,157,205,2048,2273,1465,1467,1469,1028,1892,285,1574,1640,2274,2134,1542,1654,1515],"class_list":{"0":"post-9979","1":"product","2":"type-product","3":"status-publish","4":"has-post-thumbnail","6":"product_cat-lamberts","7":"product_cat-orter","8":"product_cat-stressad-och-trott","9":"product_tag-3-rosaviner","10":"product_tag-500-mg","11":"product_tag-adaptogen","12":"product_tag-antioxidant","13":"product_tag-energinivaer","14":"product_tag-fysisk-uthallighet","15":"product_tag-gmp-standard","16":"product_tag-hog-biotillganglighet","17":"product_tag-humorstod","18":"product_tag-immunforsvar","19":"product_tag-kognitiv-funktion","20":"product_tag-kosttillskott","21":"product_tag-mental-klarhet","22":"product_tag-nervsystemets-halsa","23":"product_tag-rhodiola-rosea","24":"product_tag-standardiserat-extrakt","25":"product_tag-stresshantering","26":"product_tag-trotthetsreducering","27":"product_tag-vegansk","29":"first","30":"instock","31":"taxable","32":"shipping-taxable","33":"purchasable","34":"product-type-simple","35":"entry","36":"content-bg","37":"loop-entry"},"taxonomy_info":{"product_cat":[{"value":1234,"label":"Lamberts"},{"value":149,"label":"\u00d6rter"},{"value":146,"label":"Stressad &amp; Tr\u00f6tt"}],"product_tag":[{"value":2272,"label":"3% rosaviner"},{"value":1461,"label":"500 mg"},{"value":157,"label":"adaptogen"},{"value":205,"label":"antioxidant"},{"value":2048,"label":"energiniv\u00e5er"},{"value":2273,"label":"fysisk uth\u00e5llighet"},{"value":1465,"label":"GMP-standard"},{"value":1467,"label":"H\u00f6g biotillg\u00e4nglighet"},{"value":1469,"label":"hum\u00f6rst\u00f6d"},{"value":1028,"label":"immunf\u00f6rsvar"},{"value":1892,"label":"Kognitiv funktion"},{"value":285,"label":"kosttillskott"},{"value":1574,"label":"Mental klarhet"},{"value":1640,"label":"Nervsystemets h\u00e4lsa"},{"value":2274,"label":"Rhodiola Rosea"},{"value":2134,"label":"standardiserat extrakt"},{"value":1542,"label":"Stresshantering"},{"value":1654,"label":"tr\u00f6tthetsreducering"},{"value":1515,"label":"vegansk"}]},"featured_image_src_large":["https:\/\/vitaminbutiken.com\/wp-content\/uploads\/2025\/03\/8579-60-Rhodiola-rosea-780x700.jpg",780,700,true],"author_info":[],"comment_info":0,"_links":{"self":[{"href":"https:\/\/vitaminbutiken.com\/en\/wp-json\/wp\/v2\/product\/9979","targetHints":{"allow":["GET"]}}],"collection":[{"href":"https:\/\/vitaminbutiken.com\/en\/wp-json\/wp\/v2\/product"}],"about":[{"href":"https:\/\/vitaminbutiken.com\/en\/wp-json\/wp\/v2\/types\/product"}],"replies":[{"embeddable":true,"href":"https:\/\/vitaminbutiken.com\/en\/wp-json\/wp\/v2\/comments?post=9979"}],"wp:featuredmedia":[{"embeddable":true,"href":"https:\/\/vitaminbutiken.com\/en\/wp-json\/wp\/v2\/media\/10059"}],"wp:attachment":[{"href":"https:\/\/vitaminbutiken.com\/en\/wp-json\/wp\/v2\/media?parent=9979"}],"wp:term":[{"taxonomy":"product_brand","embeddable":true,"href":"https:\/\/vitaminbutiken.com\/en\/wp-json\/wp\/v2\/product_brand?post=9979"},{"taxonomy":"product_cat","embeddable":true,"href":"https:\/\/vitaminbutiken.com\/en\/wp-json\/wp\/v2\/product_cat?post=9979"},{"taxonomy":"product_tag","embeddable":true,"href":"https:\/\/vitaminbutiken.com\/en\/wp-json\/wp\/v2\/product_tag?post=9979"}],"curies":[{"name":"wp","href":"https:\/\/api.w.org\/{rel}","templated":true}]}}