{"id":9977,"date":"2025-03-19T16:17:15","date_gmt":"2025-03-19T14:17:15","guid":{"rendered":"https:\/\/vitaminbutiken.multi.fi\/?post_type=product&#038;p=9977"},"modified":"2026-04-09T10:36:37","modified_gmt":"2026-04-09T08:36:37","slug":"fosfatidylserin-lamberts","status":"publish","type":"product","link":"https:\/\/vitaminbutiken.com\/en\/produkt\/fosfatidylserin-lamberts\/","title":{"rendered":"Fosfatidylserin &#8211; Lamberts"},"content":{"rendered":"<p><strong>Fosfatidylserin &#8211; Lamberts<\/strong><\/p>\n<p>Lamberts\u00ae Phosphatidyl Serine anv\u00e4nder h\u00f6gsta kvalitet, rent fosfatidylserin (PS) som h\u00e4rr\u00f6r fr\u00e5n soja och zink ing\u00e5r ocks\u00e5 i formeln eftersom detta har visat sig bidra till normal kognitiv funktion.<\/p>\n<p>H\u00f6ga koncentrationer av PS finns i hj\u00e4rn- och nervcellsmembran och att bibeh\u00e5lla dessa k\u00e4nsliga strukturer \u00e4r avg\u00f6rande f\u00f6r normal neurotransmission. Tyv\u00e4rr har moderna kostvanor, speciellt l\u00e5gfetts- eller vegankost, relativt l\u00e5ga PS-niv\u00e5er. Konsumtionen tros ha sjunkit fr\u00e5n i genomsnitt 250 mg till mellan 100-180 mg dagligen.<\/p>\n<p><strong>Dosering<\/strong>: 3 tabletter dagligen under de f\u00f6rsta 4<br \/>\nveckorna, d\u00e4refter 1 tablett dagligen.<\/p>\n<table style=\"height: 80px;\" border=\"1\" width=\"621\" cellspacing=\"0\" cellpadding=\"0\">\n<tbody>\n<tr>\n<td valign=\"top\" width=\"30%\"><strong>1 tablett inneh\u00e5ller<\/strong><\/td>\n<td valign=\"top\" width=\"20%\"><strong> M\u00e4ngd<\/strong><\/td>\n<td valign=\"top\" width=\"30%\"><strong>%DRI*<\/strong><\/td>\n<\/tr>\n<tr>\n<td valign=\"top\" width=\"30%\">Fosfatidylserin<\/td>\n<td valign=\"top\" width=\"20%\">100 mg<\/td>\n<td valign=\"top\" width=\"20%\">**<\/td>\n<\/tr>\n<tr>\n<td valign=\"top\" width=\"30%\">Zink<\/td>\n<td valign=\"top\" width=\"20%\">5 mg<\/td>\n<td valign=\"top\" width=\"20%\">50 mg<\/td>\n<\/tr>\n<\/tbody>\n<\/table>\n<p><strong><em>*DRI \u00e4r dagligt referensintag. **DRI ej fastst\u00e4llt.\u00a0<\/em><\/strong><\/p>\n<p><strong>Ingredienser<\/strong>: cellulosa, kalciumkarbonat, fosfatidylserin (inneh\u00e5ller soja), klumpf\u00f6rebyggande medel (kiseldioxid, magnesiumsalter av fettsyror,<br \/>\nstearinsyra), tv\u00e4rbundet cellulosagummi, tablettskal (hydroxypropylmetylcellulosa, glycerin), zinkoxid.<\/p>\n<p>Rekommenderad dos b\u00f6r ej \u00f6verskridas.<br \/>\nKosttillskott ers\u00e4tter inte en varierad kost.<br \/>\nProdukten f\u00f6rvaras o\u00e5tkomligt f\u00f6r sm\u00e5 barn.<br \/>\nRekommenderas inte till gravida eller ammande.<\/p>\n","protected":false},"excerpt":{"rendered":"<p>Lamberts\u00ae Phosphatidyl Serine 100mg anv\u00e4nder den h\u00f6gsta kvalitet, ren fosfatidylserin (PS) som h\u00e4rr\u00f6r fr\u00e5n soja.<\/p>\n<p><strong>60 Tabletter<\/strong><\/p>\n","protected":false},"featured_media":10055,"comment_status":"closed","ping_status":"closed","template":"","meta":{"_kad_blocks_custom_css":"","_kad_blocks_head_custom_js":"","_kad_blocks_body_custom_js":"","_kad_blocks_footer_custom_js":"","_kadence_starter_templates_imported_post":false,"_kad_post_transparent":"default","_kad_post_title":"","_kad_post_layout":"default","_kad_post_sidebar_id":"","_kad_post_content_style":"default","_kad_post_vertical_padding":"default","_kad_post_feature":"","_kad_post_feature_position":"","_kad_post_header":false,"_kad_post_footer":false,"_kad_post_classname":""},"product_brand":[],"product_cat":[329,1234,1393],"product_tag":[2252,2253,2135,1465,1889,2254,1892,2251,285,1574,1935,2255,2256,2257,2258,1542,2213,1546],"class_list":{"0":"post-9977","1":"product","2":"type-product","3":"status-publish","4":"has-post-thumbnail","6":"product_cat-hjarna-och-minne","7":"product_cat-lamberts","8":"product_cat-ovriga-kosttillskott","9":"product_tag-100-mg","10":"product_tag-aldersrelaterad-minskning","11":"product_tag-cellmembran","12":"product_tag-gmp-standard","13":"product_tag-hjarnhalsa","14":"product_tag-hog-kvalitet","15":"product_tag-kognitiv-funktion","16":"product_tag-koncentration","17":"product_tag-kosttillskott","18":"product_tag-mental-klarhet","19":"product_tag-minnesstod","20":"product_tag-nervcellsstod","21":"product_tag-neurotransmission","22":"product_tag-phosphatidylserin","23":"product_tag-sojabaserad","24":"product_tag-stresshantering","25":"product_tag-vegetabilisk","26":"product_tag-zinktillskott","28":"first","29":"instock","30":"taxable","31":"shipping-taxable","32":"purchasable","33":"product-type-simple","34":"entry","35":"content-bg","36":"loop-entry"},"taxonomy_info":{"product_cat":[{"value":329,"label":"Hj\u00e4rna &amp; Minne"},{"value":1234,"label":"Lamberts"},{"value":1393,"label":"\u00d6vriga kosttillskott"}],"product_tag":[{"value":2252,"label":"100 mg"},{"value":2253,"label":"\u00e5ldersrelaterad minskning"},{"value":2135,"label":"cellmembran"},{"value":1465,"label":"GMP-standard"},{"value":1889,"label":"Hj\u00e4rnh\u00e4lsa"},{"value":2254,"label":"h\u00f6g kvalitet"},{"value":1892,"label":"Kognitiv funktion"},{"value":2251,"label":"koncentration"},{"value":285,"label":"kosttillskott"},{"value":1574,"label":"Mental klarhet"},{"value":1935,"label":"minnesst\u00f6d"},{"value":2255,"label":"nervcellsst\u00f6d"},{"value":2256,"label":"neurotransmission"},{"value":2257,"label":"phosphatidylserin"},{"value":2258,"label":"sojabaserad"},{"value":1542,"label":"Stresshantering"},{"value":2213,"label":"vegetabilisk"},{"value":1546,"label":"Zinktillskott"}]},"featured_image_src_large":["https:\/\/vitaminbutiken.com\/wp-content\/uploads\/2025\/03\/8539-60-Phosphatidyl-serine-780x700.jpg",780,700,true],"author_info":[],"comment_info":0,"_links":{"self":[{"href":"https:\/\/vitaminbutiken.com\/en\/wp-json\/wp\/v2\/product\/9977","targetHints":{"allow":["GET"]}}],"collection":[{"href":"https:\/\/vitaminbutiken.com\/en\/wp-json\/wp\/v2\/product"}],"about":[{"href":"https:\/\/vitaminbutiken.com\/en\/wp-json\/wp\/v2\/types\/product"}],"replies":[{"embeddable":true,"href":"https:\/\/vitaminbutiken.com\/en\/wp-json\/wp\/v2\/comments?post=9977"}],"wp:featuredmedia":[{"embeddable":true,"href":"https:\/\/vitaminbutiken.com\/en\/wp-json\/wp\/v2\/media\/10055"}],"wp:attachment":[{"href":"https:\/\/vitaminbutiken.com\/en\/wp-json\/wp\/v2\/media?parent=9977"}],"wp:term":[{"taxonomy":"product_brand","embeddable":true,"href":"https:\/\/vitaminbutiken.com\/en\/wp-json\/wp\/v2\/product_brand?post=9977"},{"taxonomy":"product_cat","embeddable":true,"href":"https:\/\/vitaminbutiken.com\/en\/wp-json\/wp\/v2\/product_cat?post=9977"},{"taxonomy":"product_tag","embeddable":true,"href":"https:\/\/vitaminbutiken.com\/en\/wp-json\/wp\/v2\/product_tag?post=9977"}],"curies":[{"name":"wp","href":"https:\/\/api.w.org\/{rel}","templated":true}]}}