{"id":9963,"date":"2025-03-19T16:16:46","date_gmt":"2025-03-19T14:16:46","guid":{"rendered":"https:\/\/vitaminbutiken.multi.fi\/?post_type=product&#038;p=9963"},"modified":"2026-03-13T12:16:12","modified_gmt":"2026-03-13T11:16:12","slug":"l-glutamin-lamberts","status":"publish","type":"product","link":"https:\/\/vitaminbutiken.com\/en\/produkt\/l-glutamin-lamberts\/","title":{"rendered":"L-Glutamin &#8211; Lamberts"},"content":{"rendered":"<p><strong>L-Glutamin &#8211; Lamberts<\/strong><\/p>\n<p>Lamberts\u00ae pulveriserad L-Glutamin \u00e4r ett enkelt och prisv\u00e4rt s\u00e4tt att komplettera kosten med denna fascinerande aminosyra eftersom den rekommenderade dosen ofta \u00e4r 5 gram, en m\u00e4ngd som skulle fylla 10 kapslar. Lamberts\u00ae L-Glutamin \u00e4r ett milt smakande rent pulver som enkelt kan blandas med drycker eller str\u00f6 p\u00e5 mat.<\/p>\n<p>Glutamin \u00e4r den vanligaste naturligt f\u00f6rekommande icke-essentiella aminosyran i kroppen och den kan h\u00e4rledas fr\u00e5n glutaminsyra, en annan medlem av aminosyrafamiljen. B\u00e5de glutamin och glutaminsyra finns i proteinrika livsmedel som r\u00f6tt k\u00f6tt, n\u00f6tter och fisk. Olika v\u00e4vnader i kroppen har olika krav p\u00e5 L-Glutamin och de ivrigaste konsumenterna av glutamin \u00e4r tarmcellerna, medan muskler \u00e4r k\u00e4nda f\u00f6r att vara h\u00f6ga producenter av L-Glutamin.<\/p>\n<p><strong>Dosering:<\/strong> 5 gram dagligen mellan m\u00e5ltider. 1 tesked = 5 g<\/p>\n<table style=\"height: 80px;\" border=\"1\" width=\"621\" cellspacing=\"0\" cellpadding=\"0\">\n<tbody>\n<tr>\n<td valign=\"top\" width=\"30%\"><strong>5 gram inneh\u00e5ller<\/strong><\/td>\n<td valign=\"top\" width=\"20%\"><strong> M\u00e4ngd<\/strong><\/td>\n<td valign=\"top\" width=\"30%\"><strong>Per 100 g<\/strong><\/td>\n<\/tr>\n<tr>\n<td valign=\"top\" width=\"30%\">L-Glutamin<\/td>\n<td valign=\"top\" width=\"20%\">5 g<\/td>\n<td valign=\"top\" width=\"20%\">100 g<\/td>\n<\/tr>\n<tr>\n<td valign=\"top\" width=\"30%\">Kalorier<\/td>\n<td valign=\"top\" width=\"20%\">20 kcal<\/td>\n<td valign=\"top\" width=\"20%\">400 kcal<\/td>\n<\/tr>\n<\/tbody>\n<\/table>\n<p><strong><em>*DRI (dagligt referensintag) ej fastst\u00e4llt.\u00a0<\/em><\/strong><\/p>\n<p><strong>Ingredienser<\/strong>: L-Glutamin<\/p>\n<p>Rekommenderad dos b\u00f6r ej \u00f6verskridas.<br \/>\nKosttillskott ers\u00e4tter inte en varierad kost.<br \/>\nProdukten f\u00f6rvaras o\u00e5tkomligt f\u00f6r sm\u00e5 barn.<\/p>\n","protected":false},"excerpt":{"rendered":"<p>H\u00f6gkvalitativt pulver i den naturliga fria formen. Ett enkelt och prisv\u00e4rt s\u00e4tt att komplettera kosten med denna aminosyra<\/p>\n<p><strong>500 g<\/strong><\/p>\n","protected":false},"featured_media":10053,"comment_status":"closed","ping_status":"closed","template":"","meta":{"_kad_blocks_custom_css":"","_kad_blocks_head_custom_js":"","_kad_blocks_body_custom_js":"","_kad_blocks_footer_custom_js":"","_kadence_starter_templates_imported_post":false,"_kad_post_transparent":"default","_kad_post_title":"","_kad_post_layout":"default","_kad_post_sidebar_id":"","_kad_post_content_style":"default","_kad_post_vertical_padding":"default","_kad_post_feature":"","_kad_post_feature_position":"","_kad_post_header":false,"_kad_post_footer":false,"_kad_post_classname":""},"product_brand":[],"product_cat":[337,176,1234,431,277,278],"product_tag":[1461,564,1647,1464,1465,1467,1469,1028,2251,285,570,1957,1542,2045,2129,1475],"class_list":{"0":"post-9963","1":"product","2":"type-product","3":"status-publish","4":"has-post-thumbnail","6":"product_cat-aminosyror","7":"product_cat-immunforsvar","8":"product_cat-lamberts","9":"product_cat-mage-tarm","10":"product_cat-muskler-och-leder","11":"product_cat-traning","12":"product_tag-500-mg","13":"product_tag-aminosyra","14":"product_tag-energiproduktion","15":"product_tag-fri-form","16":"product_tag-gmp-standard","17":"product_tag-hog-biotillganglighet","18":"product_tag-humorstod","19":"product_tag-immunforsvar","20":"product_tag-koncentration","21":"product_tag-kosttillskott","22":"product_tag-l-glutamin","23":"product_tag-muskelaterhamtning","24":"product_tag-stresshantering","25":"product_tag-tarmhalsa","26":"product_tag-vavnadsreparation","27":"product_tag-veganvanlig","29":"first","30":"instock","31":"taxable","32":"shipping-taxable","33":"purchasable","34":"product-type-simple","35":"entry","36":"content-bg","37":"loop-entry"},"taxonomy_info":{"product_cat":[{"value":337,"label":"Aminosyror"},{"value":176,"label":"Immunf\u00f6rsvar"},{"value":1234,"label":"Lamberts"},{"value":431,"label":"Mage &amp; Tarm"},{"value":277,"label":"Muskler &amp; Leder"},{"value":278,"label":"Tr\u00e4ning"}],"product_tag":[{"value":1461,"label":"500 mg"},{"value":564,"label":"aminosyra"},{"value":1647,"label":"energiproduktion"},{"value":1464,"label":"fri form"},{"value":1465,"label":"GMP-standard"},{"value":1467,"label":"H\u00f6g biotillg\u00e4nglighet"},{"value":1469,"label":"hum\u00f6rst\u00f6d"},{"value":1028,"label":"immunf\u00f6rsvar"},{"value":2251,"label":"koncentration"},{"value":285,"label":"kosttillskott"},{"value":570,"label":"L-glutamin"},{"value":1957,"label":"muskel\u00e5terh\u00e4mtning"},{"value":1542,"label":"Stresshantering"},{"value":2045,"label":"tarmh\u00e4lsa"},{"value":2129,"label":"v\u00e4vnadsreparation"},{"value":1475,"label":"veganv\u00e4nlig"}]},"featured_image_src_large":["https:\/\/vitaminbutiken.com\/wp-content\/uploads\/2025\/03\/8309-500-L-Glutamine-780x700.jpg",780,700,true],"author_info":[],"comment_info":0,"_links":{"self":[{"href":"https:\/\/vitaminbutiken.com\/en\/wp-json\/wp\/v2\/product\/9963","targetHints":{"allow":["GET"]}}],"collection":[{"href":"https:\/\/vitaminbutiken.com\/en\/wp-json\/wp\/v2\/product"}],"about":[{"href":"https:\/\/vitaminbutiken.com\/en\/wp-json\/wp\/v2\/types\/product"}],"replies":[{"embeddable":true,"href":"https:\/\/vitaminbutiken.com\/en\/wp-json\/wp\/v2\/comments?post=9963"}],"wp:featuredmedia":[{"embeddable":true,"href":"https:\/\/vitaminbutiken.com\/en\/wp-json\/wp\/v2\/media\/10053"}],"wp:attachment":[{"href":"https:\/\/vitaminbutiken.com\/en\/wp-json\/wp\/v2\/media?parent=9963"}],"wp:term":[{"taxonomy":"product_brand","embeddable":true,"href":"https:\/\/vitaminbutiken.com\/en\/wp-json\/wp\/v2\/product_brand?post=9963"},{"taxonomy":"product_cat","embeddable":true,"href":"https:\/\/vitaminbutiken.com\/en\/wp-json\/wp\/v2\/product_cat?post=9963"},{"taxonomy":"product_tag","embeddable":true,"href":"https:\/\/vitaminbutiken.com\/en\/wp-json\/wp\/v2\/product_tag?post=9963"}],"curies":[{"name":"wp","href":"https:\/\/api.w.org\/{rel}","templated":true}]}}