{"id":9962,"date":"2025-03-19T16:16:45","date_gmt":"2025-03-19T14:16:45","guid":{"rendered":"https:\/\/vitaminbutiken.multi.fi\/?post_type=product&#038;p=9962"},"modified":"2026-03-13T12:16:09","modified_gmt":"2026-03-13T11:16:09","slug":"vitamin-b-100-complex-lamberts","status":"publish","type":"product","link":"https:\/\/vitaminbutiken.com\/en\/produkt\/vitamin-b-100-complex-lamberts\/","title":{"rendered":"Vitamin B-100 Complex &#8211; Lamberts"},"content":{"rendered":"<h3 data-start=\"137\" data-end=\"177\"><strong data-start=\"141\" data-end=\"177\">Vitamin B-100 Complex \u2013 Lamberts<\/strong><\/h3>\n<p data-start=\"179\" data-end=\"356\"><strong data-start=\"179\" data-end=\"219\">Vitamin B-100 Complex fr\u00e5n Lamberts\u00ae<\/strong> \u00e4r ett h\u00f6gdoserat B-vitaminkomplex, s\u00e4rskilt framtaget f\u00f6r situationer d\u00e4r det finns behov av ett tillf\u00e4lligt \u00f6kat intag av B-vitaminer.<\/p>\n<p data-start=\"358\" data-end=\"545\">Produkten rekommenderas fr\u00e4mst f\u00f6r <strong data-start=\"393\" data-end=\"417\">kortvarig anv\u00e4ndning<\/strong>, vanligtvis upp till <strong data-start=\"439\" data-end=\"454\">tv\u00e5 m\u00e5nader<\/strong>. D\u00e4refter r\u00e4cker oftast ett <strong data-start=\"483\" data-end=\"499\">B-50-komplex<\/strong> f\u00f6r att bibeh\u00e5lla en god niv\u00e5 av B-vitaminer.<\/p>\n<p data-start=\"547\" data-end=\"606\">B-vitaminer bidrar till flera viktiga funktioner i kroppen:<\/p>\n<ul data-start=\"607\" data-end=\"795\">\n<li data-start=\"607\" data-end=\"652\">\n<p data-start=\"609\" data-end=\"652\">st\u00f6djer <strong data-start=\"617\" data-end=\"652\">immunsystemets normala funktion<\/strong><\/p>\n<\/li>\n<li data-start=\"653\" data-end=\"698\">\n<p data-start=\"655\" data-end=\"698\">bidrar till <strong data-start=\"667\" data-end=\"698\">normal psykologisk funktion<\/strong><\/p>\n<\/li>\n<li data-start=\"699\" data-end=\"752\">\n<p data-start=\"701\" data-end=\"752\">hj\u00e4lper till att <strong data-start=\"718\" data-end=\"752\">minska tr\u00f6tthet och utmattning<\/strong><\/p>\n<\/li>\n<li data-start=\"753\" data-end=\"795\">\n<p data-start=\"755\" data-end=\"795\">bidrar till att <strong data-start=\"771\" data-end=\"795\">bibeh\u00e5lla normal hud<\/strong><\/p>\n<\/li>\n<\/ul>\n<p data-start=\"797\" data-end=\"948\">\u2714 Extra h\u00f6g styrka<br data-start=\"815\" data-end=\"818\" \/>\u2714 Endast <strong data-start=\"827\" data-end=\"849\">1 tablett om dagen<\/strong><br data-start=\"849\" data-end=\"852\" \/>\u2714 Smakfria tabletter<br data-start=\"872\" data-end=\"875\" \/>\u2714 Tillverkad i Storbritannien enligt strikta <strong data-start=\"920\" data-end=\"948\">GMP-l\u00e4kemedelsstandarder<\/strong><\/p>\n<p><strong>Dosering<\/strong>: 1 tablett dagligen i samband med m\u00e5ltid.<\/p>\n<table style=\"height: 80px;\" border=\"1\" width=\"621\" cellspacing=\"0\" cellpadding=\"0\">\n<tbody>\n<tr>\n<td valign=\"top\" width=\"30%\"><strong>1 tablett inneh\u00e5ller<\/strong><\/td>\n<td valign=\"top\" width=\"20%\"><strong> M\u00e4ngd<\/strong><\/td>\n<td valign=\"top\" width=\"30%\"><strong>%DRI*<\/strong><\/td>\n<\/tr>\n<tr>\n<td valign=\"top\" width=\"30%\">Tiamin<\/td>\n<td valign=\"top\" width=\"20%\">100 mg<\/td>\n<td valign=\"top\" width=\"20%\">9090 %<\/td>\n<\/tr>\n<tr>\n<td valign=\"top\" width=\"30%\">Riboflavin<\/td>\n<td valign=\"top\" width=\"20%\">100 mg<\/td>\n<td valign=\"top\" width=\"20%\">7143 %<\/td>\n<\/tr>\n<tr>\n<td valign=\"top\" width=\"30%\">Niacin<\/td>\n<td valign=\"top\" width=\"20%\">100 mg<\/td>\n<td valign=\"top\" width=\"20%\">625 %<\/td>\n<\/tr>\n<tr>\n<td valign=\"top\" width=\"30%\">Vitamin B6<\/td>\n<td valign=\"top\" width=\"20%\">10 mg<\/td>\n<td valign=\"top\" width=\"20%\">714 %<\/td>\n<\/tr>\n<tr>\n<td valign=\"top\" width=\"30%\">Folsyra<\/td>\n<td valign=\"top\" width=\"20%\">400 \u00b5g<\/td>\n<td valign=\"top\" width=\"20%\">200 %<\/td>\n<\/tr>\n<tr>\n<td valign=\"top\" width=\"30%\">Vitamin B12<\/td>\n<td valign=\"top\" width=\"20%\">100 \u00b5g<\/td>\n<td valign=\"top\" width=\"20%\">4000 %<\/td>\n<\/tr>\n<tr>\n<td valign=\"top\" width=\"30%\">Biotin<\/td>\n<td valign=\"top\" width=\"20%\">100 \u00b5g<\/td>\n<td valign=\"top\" width=\"20%\">200 %<\/td>\n<\/tr>\n<tr>\n<td valign=\"top\" width=\"30%\">Pantotensyra<\/td>\n<td valign=\"top\" width=\"20%\">100 mg<\/td>\n<td valign=\"top\" width=\"20%\">1667 %<\/td>\n<\/tr>\n<tr>\n<td valign=\"top\" width=\"30%\">Kolin<\/td>\n<td valign=\"top\" width=\"20%\">100 mg<\/td>\n<td valign=\"top\" width=\"20%\">**<\/td>\n<\/tr>\n<tr>\n<td valign=\"top\" width=\"30%\">Inositol<\/td>\n<td valign=\"top\" width=\"20%\">100 mg<\/td>\n<td valign=\"top\" width=\"20%\">**<\/td>\n<\/tr>\n<tr>\n<td valign=\"top\" width=\"30%\">PABA<\/td>\n<td valign=\"top\" width=\"20%\">30 mg<\/td>\n<td valign=\"top\" width=\"20%\">**<\/td>\n<\/tr>\n<\/tbody>\n<\/table>\n<p><strong><em>*DRI \u00e4r dagligt referensintag. **DRI ej fastst\u00e4llt.\u00a0<\/em><\/strong><\/p>\n<p><strong>Ingredienser<\/strong>: Fyllnadsmedel (cellulosa, dikalciumfosfat), vitamin B1 (tiaminmononitrat), vitamin B5 (kalciumpantotenat),<br \/>\ninositol, vitamin B2 (riboflavin), vitamin B3 (nikotinamid), kolinbitartrat, hydroxypropylmetylcellulosa, klumpf\u00f6rebyggande<br \/>\nmedel (kiseldioxid, stearinsyra, magnesiumsalter av fettsyror), para-aminobensoesyra, tv\u00e4rbunden cellulosagummi, tablettskal<br \/>\n(hydroxypropylmetylcellulosa, glycerol), vitamin B6 (pyridoxinhydroklorid), folsyra, vitamin B12 (metylkobalamin), biotin.<\/p>\n<p>Rekommenderad daglig dos b\u00f6r ej \u00f6verskridas.<br \/>\nKosttillskott ers\u00e4tter inte en varierad kost.<br \/>\nProdukten f\u00f6rvaras o\u00e5tkomligt f\u00f6r sm\u00e5 barn.<\/p>\n","protected":false},"excerpt":{"rendered":"<p>En h\u00f6gdoserad B-vitaminprodukt f\u00f6r perioder med extra h\u00f6gt behov.<\/p>\n<p><strong>60 eller 200 tabletter<\/strong><\/p>\n","protected":false},"featured_media":10045,"comment_status":"closed","ping_status":"closed","template":"","meta":{"_kad_blocks_custom_css":"","_kad_blocks_head_custom_js":"","_kad_blocks_body_custom_js":"","_kad_blocks_footer_custom_js":"","_kadence_starter_templates_imported_post":false,"_kad_post_transparent":"default","_kad_post_title":"","_kad_post_layout":"default","_kad_post_sidebar_id":"","_kad_post_content_style":"default","_kad_post_vertical_padding":"default","_kad_post_feature":"","_kad_post_feature_position":"","_kad_post_header":false,"_kad_post_footer":false,"_kad_post_classname":""},"product_brand":[],"product_cat":[348,176,1234,146,155],"product_tag":[2250,1584,1465,1648,1507,2091,1468,1028,710,1204,285,2006,1934,1652,499,1542,1654,1475,2094],"class_list":{"0":"post-9962","1":"product","2":"type-product","3":"status-publish","4":"has-post-thumbnail","6":"product_cat-b-vitamin","7":"product_cat-immunforsvar","8":"product_cat-lamberts","9":"product_cat-stressad-och-trott","10":"product_cat-vitaminer","11":"product_tag-b-100","12":"product_tag-energiomsattning","13":"product_tag-gmp-standard","14":"product_tag-hjarthalsa","15":"product_tag-hog-styrka","16":"product_tag-homocysteinmetabolism","17":"product_tag-hudhalsa","18":"product_tag-immunforsvar","19":"product_tag-inositol","20":"product_tag-kolin","21":"product_tag-kosttillskott","22":"product_tag-matsmaltningshalsa","23":"product_tag-mental-prestation","24":"product_tag-nervsystemets-funktion","25":"product_tag-paba","26":"product_tag-stresshantering","27":"product_tag-trotthetsreducering","28":"product_tag-veganvanlig","29":"product_tag-vitamin-b-komplex","31":"first","32":"instock","33":"taxable","34":"shipping-taxable","35":"purchasable","36":"product-type-variable","37":"entry","38":"content-bg","39":"loop-entry"},"taxonomy_info":{"product_cat":[{"value":348,"label":"B-vitamin"},{"value":176,"label":"Immunf\u00f6rsvar"},{"value":1234,"label":"Lamberts"},{"value":146,"label":"Stressad &amp; Tr\u00f6tt"},{"value":155,"label":"Vitaminer"}],"product_tag":[{"value":2250,"label":"B-100"},{"value":1584,"label":"Energioms\u00e4ttning"},{"value":1465,"label":"GMP-standard"},{"value":1648,"label":"hj\u00e4rth\u00e4lsa"},{"value":1507,"label":"h\u00f6g styrka"},{"value":2091,"label":"homocysteinmetabolism"},{"value":1468,"label":"Hudh\u00e4lsa"},{"value":1028,"label":"immunf\u00f6rsvar"},{"value":710,"label":"inositol"},{"value":1204,"label":"Kolin"},{"value":285,"label":"kosttillskott"},{"value":2006,"label":"matsm\u00e4ltningsh\u00e4lsa"},{"value":1934,"label":"mental prestation"},{"value":1652,"label":"nervsystemets funktion"},{"value":499,"label":"PABA"},{"value":1542,"label":"Stresshantering"},{"value":1654,"label":"tr\u00f6tthetsreducering"},{"value":1475,"label":"veganv\u00e4nlig"},{"value":2094,"label":"Vitamin B-komplex"}]},"featured_image_src_large":["https:\/\/vitaminbutiken.com\/wp-content\/uploads\/2025\/03\/8032-200-Vitamin-B-100-Complex-200-780x700.jpg",780,700,true],"author_info":[],"comment_info":0,"_links":{"self":[{"href":"https:\/\/vitaminbutiken.com\/en\/wp-json\/wp\/v2\/product\/9962","targetHints":{"allow":["GET"]}}],"collection":[{"href":"https:\/\/vitaminbutiken.com\/en\/wp-json\/wp\/v2\/product"}],"about":[{"href":"https:\/\/vitaminbutiken.com\/en\/wp-json\/wp\/v2\/types\/product"}],"replies":[{"embeddable":true,"href":"https:\/\/vitaminbutiken.com\/en\/wp-json\/wp\/v2\/comments?post=9962"}],"wp:featuredmedia":[{"embeddable":true,"href":"https:\/\/vitaminbutiken.com\/en\/wp-json\/wp\/v2\/media\/10045"}],"wp:attachment":[{"href":"https:\/\/vitaminbutiken.com\/en\/wp-json\/wp\/v2\/media?parent=9962"}],"wp:term":[{"taxonomy":"product_brand","embeddable":true,"href":"https:\/\/vitaminbutiken.com\/en\/wp-json\/wp\/v2\/product_brand?post=9962"},{"taxonomy":"product_cat","embeddable":true,"href":"https:\/\/vitaminbutiken.com\/en\/wp-json\/wp\/v2\/product_cat?post=9962"},{"taxonomy":"product_tag","embeddable":true,"href":"https:\/\/vitaminbutiken.com\/en\/wp-json\/wp\/v2\/product_tag?post=9962"}],"curies":[{"name":"wp","href":"https:\/\/api.w.org\/{rel}","templated":true}]}}