{"id":9961,"date":"2025-03-19T16:16:45","date_gmt":"2025-03-19T14:16:45","guid":{"rendered":"https:\/\/vitaminbutiken.multi.fi\/?post_type=product&#038;p=9961"},"modified":"2026-03-30T12:33:25","modified_gmt":"2026-03-30T10:33:25","slug":"beta-glucan-complex-lamberts","status":"publish","type":"product","link":"https:\/\/vitaminbutiken.com\/en\/produkt\/beta-glucan-complex-lamberts\/","title":{"rendered":"Beta Glucan Komplex &#8211; Lamberts"},"content":{"rendered":"<p><strong>Beta Glucan Complex &#8211; Lamberts<\/strong><\/p>\n<p>Immunsystemet \u00e4r ett n\u00e4tverk av celler, v\u00e4vnader och organ som arbetar tillsammans f\u00f6r att skydda mot bakterier och mikroorganismer. Nu allm\u00e4nt rekommenderade av ut\u00f6vare inom detta speciella h\u00e4lsoomr\u00e5de \u00e4r betaglukaner 1,3\/1,6, som \u00e4r naturligt f\u00f6rekommande polysackarider som h\u00e4rr\u00f6r fr\u00e5n cellv\u00e4ggen av Sacchromyces Cerevisiae. Lamberts\u00ae Beta Glucan Complex \u00e4r en h\u00f6gstyrka en daglig produkt som ger hela 250 mg 1,3\/1,6 betaglukaner och \u00e4r l\u00e4mplig f\u00f6r vegetarianer. Vi har ocks\u00e5 inkluderat vitamin D3 p\u00e5 25 \u00b5g, 150 mg C-vitamin plus, 10 mg zink och 110 \u00b5g selen eftersom alla dessa n\u00e4rings\u00e4mnen \u00e4r k\u00e4nda f\u00f6r den roll de spelar f\u00f6r att st\u00f6dja immunsystemet.<\/p>\n<p><strong> Dosering<\/strong>: 1 tablett dagligen i samband med m\u00e5ltid.<\/p>\n<table style=\"height: 80px;\" border=\"1\" width=\"621\" cellspacing=\"0\" cellpadding=\"0\">\n<tbody>\n<tr>\n<td valign=\"top\" width=\"30%\"><strong>1 tablett inneh\u00e5ller<\/strong><\/td>\n<td valign=\"top\" width=\"20%\"><strong> M\u00e4ngd<\/strong><\/td>\n<td valign=\"top\" width=\"30%\"><strong>%DRI*<\/strong><\/td>\n<\/tr>\n<tr>\n<td valign=\"top\" width=\"30%\">Vitamin D3<\/td>\n<td valign=\"top\" width=\"20%\">25 \u00b5g<\/td>\n<td valign=\"top\" width=\"20%\">500 %<\/td>\n<\/tr>\n<tr>\n<td valign=\"top\" width=\"30%\">Vitamin C<\/td>\n<td valign=\"top\" width=\"20%\">150 mg<\/td>\n<td valign=\"top\" width=\"20%\">188 %<\/td>\n<\/tr>\n<tr>\n<td valign=\"top\" width=\"30%\">Zink<\/td>\n<td valign=\"top\" width=\"20%\">10 mg<\/td>\n<td valign=\"top\" width=\"20%\">100 %<\/td>\n<\/tr>\n<tr>\n<td valign=\"top\" width=\"30%\">Selen<\/td>\n<td valign=\"top\" width=\"20%\">110 \u00b5g<\/td>\n<td valign=\"top\" width=\"20%\">200 %<\/td>\n<\/tr>\n<tr>\n<td valign=\"top\" width=\"30%\">J\u00e4st<br \/>\nSom ger:<br \/>\n1,3\/1,6 Betaglukaner<\/td>\n<td valign=\"top\" width=\"20%\">388 mg<\/p>\n<p>250 mg<\/td>\n<td valign=\"top\" width=\"20%\">**<\/td>\n<\/tr>\n<\/tbody>\n<\/table>\n<p><strong><em>*DRI \u00e4r dagligt referensintag. **DRI ej fastst\u00e4llt.\u00a0<\/em><\/strong><\/p>\n<p><strong>Ingredienser<\/strong>: Fyllnadsmedel (cellulosa, dikalciumfosfat), j\u00e4st (tillhandah\u00e5ller beta-glukaner), vitamin C (askorbinsyra), klumpf\u00f6rebyggande medel (kiseldioxid,<br \/>\nstearinsyra, magnesiumsalter av fettsyror), zinkcitrat, vitamin D3 (kolekalciferol, antioxidant: dl-alfa-tokoferol), tablettskal (hydroxypropylmetylcellulosa, glycerol), selen (natriumselenit).<\/p>\n<p>Rekommenderad dos b\u00f6r ej \u00f6verskridas.<br \/>\nKosttillskott ers\u00e4tter inte en varierad kost.<br \/>\nProdukten f\u00f6rvaras o\u00e5tkomligt f\u00f6r sm\u00e5 barn.<br \/>\nRekommenderas inte till gravida och ammande.<\/p>\n","protected":false},"excerpt":{"rendered":"<p>Ocks\u00e5 inneh\u00e5ller vitamin D3 p\u00e5 25 \u00b5g, 150 mg C-vitamin plus 10 mg zink och 110 \u00b5g selen eftersom alla dessa n\u00e4rings\u00e4mnen \u00e4r k\u00e4nda f\u00f6r den roll de spelar f\u00f6r att st\u00f6dja immunsystemet.<\/p>\n<p><strong>60 Tabletter<\/strong><\/p>\n","protected":false},"featured_media":10043,"comment_status":"closed","ping_status":"closed","template":"","meta":{"_kad_blocks_custom_css":"","_kad_blocks_head_custom_js":"","_kad_blocks_body_custom_js":"","_kad_blocks_footer_custom_js":"","_kadence_starter_templates_imported_post":false,"_kad_post_transparent":"default","_kad_post_title":"","_kad_post_layout":"default","_kad_post_sidebar_id":"","_kad_post_content_style":"default","_kad_post_vertical_padding":"default","_kad_post_feature":"","_kad_post_feature_position":"","_kad_post_header":false,"_kad_post_footer":false,"_kad_post_classname":""},"product_brand":[],"product_cat":[176,1234,2822,1393],"product_tag":[2241,2242,2243,1644,2244,2111,2245,2246,205,2247,1548,1506,1465,1507,1028,1815,2248,193,2249,347,2077,1209,713,343],"class_list":{"0":"post-9961","1":"product","2":"type-product","3":"status-publish","4":"has-post-thumbnail","6":"product_cat-immunforsvar","7":"product_cat-lamberts","8":"product_cat-multi-produkter","9":"product_cat-ovriga-kosttillskott","10":"product_tag-2241","11":"product_tag-10-mg","12":"product_tag-110-g","13":"product_tag-150-mg","14":"product_tag-25-g","15":"product_tag-250-mg","16":"product_tag-3-1","17":"product_tag-6-beta-glukaner","18":"product_tag-antioxidant","19":"product_tag-beta-glukaner","20":"product_tag-cellskydd","21":"product_tag-dagligt-tillskott","22":"product_tag-gmp-standard","23":"product_tag-hog-styrka","24":"product_tag-immunforsvar","25":"product_tag-immunstod","26":"product_tag-jastextrakt","27":"product_tag-oxidativ-stress","28":"product_tag-saccharomyces-cerevisiae","29":"product_tag-selen","30":"product_tag-vegetariskt","31":"product_tag-vitamin-c","32":"product_tag-vitamin-d3","33":"product_tag-zink","35":"first","36":"instock","37":"taxable","38":"shipping-taxable","39":"purchasable","40":"product-type-simple","41":"entry","42":"content-bg","43":"loop-entry"},"taxonomy_info":{"product_cat":[{"value":176,"label":"Immunf\u00f6rsvar"},{"value":1234,"label":"Lamberts"},{"value":2822,"label":"Multi produkter"},{"value":1393,"label":"\u00d6vriga kosttillskott"}],"product_tag":[{"value":2241,"label":"1"},{"value":2242,"label":"10 mg"},{"value":2243,"label":"110 \u00b5g"},{"value":1644,"label":"150 mg"},{"value":2244,"label":"25 \u00b5g"},{"value":2111,"label":"250 mg"},{"value":2245,"label":"3\/1"},{"value":2246,"label":"6 beta-glukaner"},{"value":205,"label":"antioxidant"},{"value":2247,"label":"beta-glukaner"},{"value":1548,"label":"Cellskydd"},{"value":1506,"label":"Dagligt tillskott"},{"value":1465,"label":"GMP-standard"},{"value":1507,"label":"h\u00f6g styrka"},{"value":1028,"label":"immunf\u00f6rsvar"},{"value":1815,"label":"Immunst\u00f6d"},{"value":2248,"label":"j\u00e4stextrakt"},{"value":193,"label":"oxidativ stress"},{"value":2249,"label":"Saccharomyces cerevisiae"},{"value":347,"label":"Selen"},{"value":2077,"label":"vegetariskt"},{"value":1209,"label":"Vitamin C"},{"value":713,"label":"vitamin D3"},{"value":343,"label":"Zink"}]},"featured_image_src_large":["https:\/\/vitaminbutiken.com\/wp-content\/uploads\/2025\/03\/8524-60-BetaGlucan-Complex-780x700.jpg",780,700,true],"author_info":[],"comment_info":0,"_links":{"self":[{"href":"https:\/\/vitaminbutiken.com\/en\/wp-json\/wp\/v2\/product\/9961","targetHints":{"allow":["GET"]}}],"collection":[{"href":"https:\/\/vitaminbutiken.com\/en\/wp-json\/wp\/v2\/product"}],"about":[{"href":"https:\/\/vitaminbutiken.com\/en\/wp-json\/wp\/v2\/types\/product"}],"replies":[{"embeddable":true,"href":"https:\/\/vitaminbutiken.com\/en\/wp-json\/wp\/v2\/comments?post=9961"}],"wp:featuredmedia":[{"embeddable":true,"href":"https:\/\/vitaminbutiken.com\/en\/wp-json\/wp\/v2\/media\/10043"}],"wp:attachment":[{"href":"https:\/\/vitaminbutiken.com\/en\/wp-json\/wp\/v2\/media?parent=9961"}],"wp:term":[{"taxonomy":"product_brand","embeddable":true,"href":"https:\/\/vitaminbutiken.com\/en\/wp-json\/wp\/v2\/product_brand?post=9961"},{"taxonomy":"product_cat","embeddable":true,"href":"https:\/\/vitaminbutiken.com\/en\/wp-json\/wp\/v2\/product_cat?post=9961"},{"taxonomy":"product_tag","embeddable":true,"href":"https:\/\/vitaminbutiken.com\/en\/wp-json\/wp\/v2\/product_tag?post=9961"}],"curies":[{"name":"wp","href":"https:\/\/api.w.org\/{rel}","templated":true}]}}