{"id":9960,"date":"2025-03-19T16:16:44","date_gmt":"2025-03-19T14:16:44","guid":{"rendered":"https:\/\/vitaminbutiken.multi.fi\/?post_type=product&#038;p=9960"},"modified":"2026-03-13T12:15:57","modified_gmt":"2026-03-13T11:15:57","slug":"omega-3-for-barn-lamberts","status":"publish","type":"product","link":"https:\/\/vitaminbutiken.com\/en\/produkt\/omega-3-for-barn-lamberts\/","title":{"rendered":"Omega 3 f\u00f6r barn &#8211; Lamberts"},"content":{"rendered":"<h4>Omega 3 f\u00f6r barn &#8211; Lamberts<\/h4>\n<p>Lamberts\u00ae Omega 3 Berry Bursts har tagits fram speciellt f\u00f6r dig som \u00e4r 3 \u00e5r och \u00e4ldre. Att tugga den mjuka kapseln sl\u00e4pper ut en skur av l\u00e4cker naturlig svartvinb\u00e4rssmak och levererar viktiga Omega 3-fettsyror tillsammans med de vitala vitaminerna A, C, D och E.<\/p>\n<p>Berry Bursts \u00e4r en s\u00e4rskilt rik k\u00e4lla till Omega 3-fettsyran DHA. Vitaminerna A, C, D och E hj\u00e4lper till att st\u00f6dja ett h\u00e4lsosamt immunf\u00f6rsvar, samt frisk hud, t\u00e4nder, ben och \u00f6gon.<\/p>\n<p>Den unika blandningen i Berry Bursts produceras med en av de mest sofistikerade reningsprocesserna som minimerar eventuell &#8220;fiskig&#8221; eftersmak.<\/p>\n<p><strong> Dosering<\/strong>: Tugga 1-2 kapsel dagligen.<\/p>\n<table style=\"height: 80px;\" border=\"1\" width=\"621\" cellspacing=\"0\" cellpadding=\"0\">\n<tbody>\n<tr>\n<td valign=\"top\" width=\"30%\"><strong>1 kapsel inneh\u00e5ller<\/strong><\/td>\n<td valign=\"top\" width=\"20%\"><strong> M\u00e4ngd<\/strong><\/td>\n<td valign=\"top\" width=\"30%\"><strong>%DRI*<\/strong><\/td>\n<\/tr>\n<tr>\n<td valign=\"top\" width=\"30%\"><strong>Fiskoljekoncentrat\u00a0<\/strong><\/td>\n<td valign=\"top\" width=\"20%\">200 mg<\/td>\n<td valign=\"top\" width=\"20%\">**<\/td>\n<\/tr>\n<tr>\n<td valign=\"top\" width=\"30%\">Varav: Omega 3 fettsyror<\/td>\n<td valign=\"top\" width=\"20%\">120 mg<\/td>\n<td valign=\"top\" width=\"20%\">**<\/td>\n<\/tr>\n<tr>\n<td valign=\"top\" width=\"30%\">Varav:<\/td>\n<td valign=\"top\" width=\"20%\"><\/td>\n<td valign=\"top\" width=\"20%\"><\/td>\n<\/tr>\n<tr>\n<td valign=\"top\" width=\"30%\">EPA<\/td>\n<td valign=\"top\" width=\"20%\">100 mg<\/td>\n<td valign=\"top\" width=\"20%\">**<\/td>\n<\/tr>\n<tr>\n<td valign=\"top\" width=\"30%\">DHA<\/td>\n<td valign=\"top\" width=\"20%\">14 mg<\/td>\n<td valign=\"top\" width=\"20%\">**<\/td>\n<\/tr>\n<tr>\n<td valign=\"top\" width=\"30%\"><strong>Vitamin A\u00a0<\/strong><\/td>\n<td valign=\"top\" width=\"20%\">200 \u00b5g<\/td>\n<td valign=\"top\" width=\"20%\">25 %<\/td>\n<\/tr>\n<tr>\n<td valign=\"top\" width=\"30%\"><strong>Vitamin D3\u00a0<\/strong><\/td>\n<td valign=\"top\" width=\"20%\">2,5 \u00b5g<\/td>\n<td valign=\"top\" width=\"20%\">50 %<\/td>\n<\/tr>\n<tr>\n<td valign=\"top\" width=\"30%\"><strong>Vitamin E\u00a0<\/strong><\/td>\n<td valign=\"top\" width=\"20%\">1,5 \u00b5g a-TE<\/td>\n<td valign=\"top\" width=\"20%\">13 %<\/td>\n<\/tr>\n<tr>\n<td valign=\"top\" width=\"30%\"><strong>Vitamin C\u00a0<\/strong><\/td>\n<td valign=\"top\" width=\"20%\">30 mg<\/td>\n<td valign=\"top\" width=\"20%\">38 %<\/td>\n<\/tr>\n<\/tbody>\n<\/table>\n<p><strong><em>*DRI \u00e4r dagligt referensintag. **DRI ej fastst\u00e4llt.\u00a0<\/em><\/strong><\/p>\n<p><strong>Ingredienser<\/strong>: Icke-hydrerad vegetabilisk olja, kapselskal (glycerol, modifierad majsst\u00e4rkelse, gelningsmedel: karragenan,<br \/>\narom: svarta vinb\u00e4r, cellulosa, f\u00e4rg: j\u00e4rnoxid, s\u00f6tningsmedel: sukralos, surhetsreglerande medel: natriumkarbonat), fiskolja<br \/>\n(fiskoljekoncentrat, antioxidant: blandade tokoferoler), smak\u00e4mnen (svarta vinb\u00e4r, skogens frukter, citron olja), vitamin C<br \/>\n(askorbinsyra, kalciumaskorbat), s\u00f6tningsmedel (mannitol, sukralos), medelkedjiga triglycerider, vitamin E (dl-alfa-toko<br \/>\nferylacetat), vitamin A palmitat<strong>*<\/strong>, vitamin D3<strong>*<\/strong> (kolekalciferol). <em><strong>*<\/strong>Med antioxidant dl-alpha-tokoferol.<\/em><\/p>\n<p>Rekommenderad dos b\u00f6r ej \u00f6verskridas.<br \/>\nKosttillskott ers\u00e4tter inte en varierad kost.<br \/>\nProdukten f\u00f6rvaras o\u00e5tkomligt f\u00f6r sm\u00e5 barn.<\/p>\n","protected":false},"excerpt":{"rendered":"<p>Vitaminerna A, C, D och E hj\u00e4lper till att st\u00f6dja ett h\u00e4lsosamt immunf\u00f6rsvar, samt frisk hud, t\u00e4nder, ben och \u00f6gon.<\/p>\n<p><strong>60 Kapslar<\/strong><\/p>\n","protected":false},"featured_media":10041,"comment_status":"closed","ping_status":"closed","template":"","meta":{"_kad_blocks_custom_css":"","_kad_blocks_head_custom_js":"","_kad_blocks_body_custom_js":"","_kad_blocks_footer_custom_js":"","_kadence_starter_templates_imported_post":false,"_kad_post_transparent":"default","_kad_post_title":"","_kad_post_layout":"default","_kad_post_sidebar_id":"","_kad_post_content_style":"default","_kad_post_vertical_padding":"default","_kad_post_feature":"","_kad_post_feature_position":"","_kad_post_header":false,"_kad_post_footer":false,"_kad_post_classname":""},"product_brand":[],"product_cat":[328,329,176,1234],"product_tag":[2230,202,2231,2232,757,336,1506,2233,346,2234,2235,1889,2236,1468,1028,2237,2004,2073,2238,1911,334,2123,2239,2240],"class_list":{"0":"post-9960","1":"product","2":"type-product","3":"status-publish","4":"has-post-thumbnail","6":"product_cat-fettsyror","7":"product_cat-hjarna-och-minne","8":"product_cat-immunforsvar","9":"product_cat-lamberts","10":"product_tag-3-ar-och-aldre","11":"product_tag-a-vitamin","12":"product_tag-barn","13":"product_tag-bentillvaxt","14":"product_tag-c-vitamin","15":"product_tag-d-vitamin","16":"product_tag-dagligt-tillskott","17":"product_tag-dha","18":"product_tag-e-vitamin","19":"product_tag-epa","20":"product_tag-fiskolja","21":"product_tag-hjarnhalsa","22":"product_tag-hog-renhet","23":"product_tag-hudhalsa","24":"product_tag-immunforsvar","25":"product_tag-ingen-fiskig-eftersmak","26":"product_tag-lamberts","27":"product_tag-latt-att-ta","28":"product_tag-naturlig-arom","29":"product_tag-ogonhalsa","30":"product_tag-omega-3","31":"product_tag-reviva-fi","32":"product_tag-svartvinbarssmak","33":"product_tag-tuggkapslar","35":"first","36":"outofstock","37":"taxable","38":"shipping-taxable","39":"purchasable","40":"product-type-simple","41":"entry","42":"content-bg","43":"loop-entry"},"taxonomy_info":{"product_cat":[{"value":328,"label":"Fettsyror"},{"value":329,"label":"Hj\u00e4rna &amp; Minne"},{"value":176,"label":"Immunf\u00f6rsvar"},{"value":1234,"label":"Lamberts"}],"product_tag":[{"value":2230,"label":"3 \u00e5r och \u00e4ldre"},{"value":202,"label":"a vitamin"},{"value":2231,"label":"barn"},{"value":2232,"label":"bentillv\u00e4xt"},{"value":757,"label":"c vitamin"},{"value":336,"label":"d vitamin"},{"value":1506,"label":"Dagligt tillskott"},{"value":2233,"label":"DHA"},{"value":346,"label":"e vitamin"},{"value":2234,"label":"EPA"},{"value":2235,"label":"Fiskolja"},{"value":1889,"label":"Hj\u00e4rnh\u00e4lsa"},{"value":2236,"label":"h\u00f6g renhet"},{"value":1468,"label":"Hudh\u00e4lsa"},{"value":1028,"label":"immunf\u00f6rsvar"},{"value":2237,"label":"ingen fiskig eftersmak"},{"value":2004,"label":"Lamberts"},{"value":2073,"label":"l\u00e4tt att ta"},{"value":2238,"label":"naturlig arom"},{"value":1911,"label":"\u00f6gonh\u00e4lsa"},{"value":334,"label":"Omega-3"},{"value":2123,"label":"Reviva.fi"},{"value":2239,"label":"svartvinb\u00e4rssmak"},{"value":2240,"label":"tuggkapslar"}]},"featured_image_src_large":["https:\/\/vitaminbutiken.com\/wp-content\/uploads\/2025\/03\/8511-60-Omega3-for-kids-780x700.jpg",780,700,true],"author_info":[],"comment_info":0,"_links":{"self":[{"href":"https:\/\/vitaminbutiken.com\/en\/wp-json\/wp\/v2\/product\/9960","targetHints":{"allow":["GET"]}}],"collection":[{"href":"https:\/\/vitaminbutiken.com\/en\/wp-json\/wp\/v2\/product"}],"about":[{"href":"https:\/\/vitaminbutiken.com\/en\/wp-json\/wp\/v2\/types\/product"}],"replies":[{"embeddable":true,"href":"https:\/\/vitaminbutiken.com\/en\/wp-json\/wp\/v2\/comments?post=9960"}],"wp:featuredmedia":[{"embeddable":true,"href":"https:\/\/vitaminbutiken.com\/en\/wp-json\/wp\/v2\/media\/10041"}],"wp:attachment":[{"href":"https:\/\/vitaminbutiken.com\/en\/wp-json\/wp\/v2\/media?parent=9960"}],"wp:term":[{"taxonomy":"product_brand","embeddable":true,"href":"https:\/\/vitaminbutiken.com\/en\/wp-json\/wp\/v2\/product_brand?post=9960"},{"taxonomy":"product_cat","embeddable":true,"href":"https:\/\/vitaminbutiken.com\/en\/wp-json\/wp\/v2\/product_cat?post=9960"},{"taxonomy":"product_tag","embeddable":true,"href":"https:\/\/vitaminbutiken.com\/en\/wp-json\/wp\/v2\/product_tag?post=9960"}],"curies":[{"name":"wp","href":"https:\/\/api.w.org\/{rel}","templated":true}]}}