{"id":9959,"date":"2025-03-19T16:16:44","date_gmt":"2025-03-19T14:16:44","guid":{"rendered":"https:\/\/vitaminbutiken.multi.fi\/?post_type=product&#038;p=9959"},"modified":"2026-03-13T12:15:53","modified_gmt":"2026-03-13T11:15:53","slug":"koreansk-ginseng-1200mg-lamberts","status":"publish","type":"product","link":"https:\/\/vitaminbutiken.com\/en\/produkt\/koreansk-ginseng-1200mg-lamberts\/","title":{"rendered":"KOREANSK GINSENG 1200mg &#8211; Lamberts"},"content":{"rendered":"<p class=\"page-title\"><strong>KOREANSK GINSENG 1200mg &#8211; Lamberts<\/strong><\/p>\n<p><span class=\"articleText\">Den verksamma best\u00e5ndsdelen \u00e4r ett extrakt fr\u00e5n roten av Panax Ginseng som kallas G115. Vid tillverkningen av detta extrakt anv\u00e4nds ginsengrot odlad i Sydkorea. Sk\u00f6rden sker efter att roten v\u00e4xt ca 5-6 \u00e5r. Roten p\u00e5minner i utseendet om en utstr\u00e4ckt m\u00e4nniskokropp. Namnet Panax kommer fr\u00e5n grekiskans panacea och betyder ungef\u00e4r &#8220;helar allt&#8221;.<\/span><\/p>\n<p>Lamberts <strong>Koreansk Ginseng<\/strong> inneh\u00e5ller ett h\u00f6gkoncentrerat extrakt av <strong>Panax ginseng<\/strong>, standardiserat f\u00f6r att ge en h\u00f6g niv\u00e5 av aktiva <strong>ginsenosider<\/strong>. Ginseng \u00e4r en traditionellt anv\u00e4nd adaptogen som bidrar till <strong>\u00f6kad energi, mental sk\u00e4rpa och uth\u00e5llighet<\/strong>. Perfekt f\u00f6r dig som vill st\u00f6dja kroppens motst\u00e5ndskraft mot stress och tr\u00f6tthet.<\/p>\n<p>\u2714 St\u00f6djer energi och fysisk uth\u00e5llighet<br \/>\n\u2714 Fr\u00e4mjar mental fokus och prestationsf\u00f6rm\u00e5ga<br \/>\n\u2714 Traditionell \u00f6rt med adaptogena egenskaper<br \/>\n\u2714 H\u00f6gkoncentrerat extrakt med ginsenosider<\/p>\n<p><strong> Dosering<\/strong>: 1 tablett dagligen i samband med m\u00e5ltid.<\/p>\n<table style=\"height: 80px;\" border=\"1\" width=\"621\" cellspacing=\"0\" cellpadding=\"0\">\n<tbody>\n<tr>\n<td valign=\"top\" width=\"30%\"><strong>1 tablett inneh\u00e5ller<\/strong><\/td>\n<td valign=\"top\" width=\"20%\"><strong> M\u00e4ngd<\/strong><\/td>\n<td valign=\"top\" width=\"30%\"><strong>%DRI*<\/strong><\/td>\n<\/tr>\n<tr>\n<td valign=\"top\" width=\"30%\">Torrextrakt motsvarande Koreansk ginseng<br \/>\n(120 mg extrakt)<\/td>\n<td valign=\"top\" width=\"20%\">1200 mg<\/td>\n<td valign=\"top\" width=\"20%\">**<\/td>\n<\/tr>\n<tr>\n<td valign=\"top\" width=\"30%\">Som ger: Ginsenosider<\/td>\n<td valign=\"top\" width=\"20%\">24 mg<\/td>\n<td valign=\"top\" width=\"20%\">**<\/td>\n<\/tr>\n<\/tbody>\n<\/table>\n<p><strong><em>*DRI (dagligt referensintag) ej fastst\u00e4llt.<\/em><\/strong><\/p>\n<p><strong>Ingredienser<\/strong>: Dikalciumfosfat, cellulosa, koreansk ginseng rotextrakt (panax ginseng), tablettskal<br \/>\n(hydroxypropylmetylcellulosa, f\u00e4rg\u00e4mnen: spirulina, \u00e4pple, safflor, citron, ytbehandlingsmedel:<br \/>\nkalciumkarbonat), klumpf\u00f6rebyggande medel (kiseldioxid), stearinsyra, magnesiumsalter av fettsyror).<\/p>\n<p>Rekommenderad dos b\u00f6r ej \u00f6verskridas.<br \/>\nKosttillskott ers\u00e4tter inte en varierad kost.<br \/>\nProdukten f\u00f6rvaras o\u00e5tkomligt f\u00f6r sm\u00e5 barn.<br \/>\nRekommenderas inte till gravida eller ammande.<\/p>\n","protected":false},"excerpt":{"rendered":"<p>Lamberts Koreansk Ginseng \u00e4r ett ginsenosider extrakt kosttillskott. Koreansk ginseng kallas \u00e4ven asiatisk eller panax ginseng.<\/p>\n<p><strong>60 tabletter<\/strong><\/p>\n","protected":false},"featured_media":10039,"comment_status":"closed","ping_status":"closed","template":"","meta":{"_kad_blocks_custom_css":"","_kad_blocks_head_custom_js":"","_kad_blocks_body_custom_js":"","_kad_blocks_footer_custom_js":"","_kadence_starter_templates_imported_post":false,"_kad_post_transparent":"default","_kad_post_title":"","_kad_post_layout":"default","_kad_post_sidebar_id":"","_kad_post_content_style":"default","_kad_post_vertical_padding":"default","_kad_post_feature":"","_kad_post_feature_position":"","_kad_post_header":false,"_kad_post_footer":false,"_kad_post_classname":""},"product_brand":[],"product_cat":[1234,149,146,278],"product_tag":[2227,157,205,1112,2228,1465,1507,1028,1892,2220,285,1574,2229,2134,1542,2022,1515],"class_list":{"0":"post-9959","1":"product","2":"type-product","3":"status-publish","4":"has-post-thumbnail","6":"product_cat-lamberts","7":"product_cat-orter","8":"product_cat-stressad-och-trott","9":"product_cat-traning","10":"product_tag-1200-mg","11":"product_tag-adaptogen","12":"product_tag-antioxidant","13":"product_tag-energi","14":"product_tag-ginsenosider-24-mg","15":"product_tag-gmp-standard","16":"product_tag-hog-styrka","17":"product_tag-immunforsvar","18":"product_tag-kognitiv-funktion","19":"product_tag-koreansk-ginseng","20":"product_tag-kosttillskott","21":"product_tag-mental-klarhet","22":"product_tag-panax-ginseng","23":"product_tag-standardiserat-extrakt","24":"product_tag-stresshantering","25":"product_tag-uthallighet","26":"product_tag-vegansk","28":"first","29":"instock","30":"taxable","31":"shipping-taxable","32":"purchasable","33":"product-type-simple","34":"entry","35":"content-bg","36":"loop-entry"},"taxonomy_info":{"product_cat":[{"value":1234,"label":"Lamberts"},{"value":149,"label":"\u00d6rter"},{"value":146,"label":"Stressad &amp; Tr\u00f6tt"},{"value":278,"label":"Tr\u00e4ning"}],"product_tag":[{"value":2227,"label":"1200 mg"},{"value":157,"label":"adaptogen"},{"value":205,"label":"antioxidant"},{"value":1112,"label":"energi"},{"value":2228,"label":"ginsenosider 24 mg"},{"value":1465,"label":"GMP-standard"},{"value":1507,"label":"h\u00f6g styrka"},{"value":1028,"label":"immunf\u00f6rsvar"},{"value":1892,"label":"Kognitiv funktion"},{"value":2220,"label":"Koreansk ginseng"},{"value":285,"label":"kosttillskott"},{"value":1574,"label":"Mental klarhet"},{"value":2229,"label":"Panax ginseng"},{"value":2134,"label":"standardiserat extrakt"},{"value":1542,"label":"Stresshantering"},{"value":2022,"label":"uth\u00e5llighet"},{"value":1515,"label":"vegansk"}]},"featured_image_src_large":["https:\/\/vitaminbutiken.com\/wp-content\/uploads\/2025\/03\/8555-60-Korean-Ginseng-1200-mg-780x700.jpg",780,700,true],"author_info":[],"comment_info":0,"_links":{"self":[{"href":"https:\/\/vitaminbutiken.com\/en\/wp-json\/wp\/v2\/product\/9959","targetHints":{"allow":["GET"]}}],"collection":[{"href":"https:\/\/vitaminbutiken.com\/en\/wp-json\/wp\/v2\/product"}],"about":[{"href":"https:\/\/vitaminbutiken.com\/en\/wp-json\/wp\/v2\/types\/product"}],"replies":[{"embeddable":true,"href":"https:\/\/vitaminbutiken.com\/en\/wp-json\/wp\/v2\/comments?post=9959"}],"wp:featuredmedia":[{"embeddable":true,"href":"https:\/\/vitaminbutiken.com\/en\/wp-json\/wp\/v2\/media\/10039"}],"wp:attachment":[{"href":"https:\/\/vitaminbutiken.com\/en\/wp-json\/wp\/v2\/media?parent=9959"}],"wp:term":[{"taxonomy":"product_brand","embeddable":true,"href":"https:\/\/vitaminbutiken.com\/en\/wp-json\/wp\/v2\/product_brand?post=9959"},{"taxonomy":"product_cat","embeddable":true,"href":"https:\/\/vitaminbutiken.com\/en\/wp-json\/wp\/v2\/product_cat?post=9959"},{"taxonomy":"product_tag","embeddable":true,"href":"https:\/\/vitaminbutiken.com\/en\/wp-json\/wp\/v2\/product_tag?post=9959"}],"curies":[{"name":"wp","href":"https:\/\/api.w.org\/{rel}","templated":true}]}}