{"id":9958,"date":"2025-03-19T16:16:43","date_gmt":"2025-03-19T14:16:43","guid":{"rendered":"https:\/\/vitaminbutiken.multi.fi\/?post_type=product&#038;p=9958"},"modified":"2026-03-31T14:10:52","modified_gmt":"2026-03-31T12:10:52","slug":"selen-200mcg-lamberts","status":"publish","type":"product","link":"https:\/\/vitaminbutiken.com\/en\/produkt\/selen-200mcg-lamberts\/","title":{"rendered":"SELEN 200\u00b5g, One-a-Day (j\u00e4stfri)- Lamberts"},"content":{"rendered":"<p data-start=\"241\" data-end=\"304\"><strong data-start=\"241\" data-end=\"304\">F\u00f6r immunf\u00f6rsvar, sk\u00f6ldk\u00f6rtel och skydd mot oxidativ stress<\/strong><\/p>\n<p data-start=\"306\" data-end=\"569\">Lamberts Selen 200 \u00b5g \u00e4r ett h\u00f6gkvalitativt kosttillskott som inneh\u00e5ller selen i form av selenometionin \u2013 en organiskt bunden och v\u00e4lupptaglig form av selen. Produkten \u00e4r j\u00e4stfri och utformad f\u00f6r att ge ett effektivt dagligt tillskott i endast en tablett per dag.<\/p>\n<p data-start=\"571\" data-end=\"792\">Selen \u00e4r ett essentiellt sp\u00e5r\u00e4mne som kroppen beh\u00f6ver i sm\u00e5 m\u00e4ngder men som spelar en viktig roll i flera biologiska processer, bland annat i immunf\u00f6rsvaret, sk\u00f6ldk\u00f6rtelns funktion och kroppens antioxidativa skyddssystem.<\/p>\n<p data-start=\"571\" data-end=\"792\"><strong>Skydd mot oxidativ stress<\/strong><\/p>\n<p data-start=\"833\" data-end=\"839\">Selen:<\/p>\n<ul data-start=\"841\" data-end=\"896\">\n<li data-start=\"841\" data-end=\"896\">\n<p data-start=\"843\" data-end=\"896\">bidrar till att skydda cellerna mot oxidativ stress<\/p>\n<\/li>\n<\/ul>\n<p data-start=\"898\" data-end=\"1096\">Selen ing\u00e5r i kroppens antioxidativa enzymsystem, bland annat som en del av enzymet glutationperoxidas, vilket hj\u00e4lper till att neutralisera fria radikaler och skydda cellerna fr\u00e5n oxidativa skador.<\/p>\n<p data-start=\"898\" data-end=\"1096\"><strong>Sk\u00f6ldk\u00f6rtelfunktion<\/strong><\/p>\n<p data-start=\"1130\" data-end=\"1136\">Selen:<\/p>\n<ul data-start=\"1138\" data-end=\"1180\">\n<li data-start=\"1138\" data-end=\"1180\">\n<p data-start=\"1140\" data-end=\"1180\">bidrar till normal sk\u00f6ldk\u00f6rtelfunktion<\/p>\n<\/li>\n<\/ul>\n<p data-start=\"1182\" data-end=\"1355\">Sk\u00f6ldk\u00f6rteln inneh\u00e5ller h\u00f6ga koncentrationer av selen. Mineralet \u00e4r involverat i omvandlingen av sk\u00f6ldk\u00f6rtelhormoner och \u00e4r viktigt f\u00f6r att uppr\u00e4tth\u00e5lla normal hormonbalans.<\/p>\n<p data-start=\"1182\" data-end=\"1355\"><strong>Immunf\u00f6rsvar<\/strong><\/p>\n<p data-start=\"1383\" data-end=\"1389\">Selen:<\/p>\n<ul data-start=\"1391\" data-end=\"1438\">\n<li data-start=\"1391\" data-end=\"1438\">\n<p data-start=\"1393\" data-end=\"1438\">bidrar till immunsystemets normala funktion<\/p>\n<\/li>\n<\/ul>\n<p data-start=\"1440\" data-end=\"1518\">Tillr\u00e4ckliga niv\u00e5er av selen \u00e4r viktiga f\u00f6r kroppens naturliga f\u00f6rsvarssystem.<\/p>\n<p data-start=\"1440\" data-end=\"1518\"><strong>H\u00e5r och naglar<\/strong><\/p>\n<p data-start=\"1547\" data-end=\"1553\">Selen:<\/p>\n<ul data-start=\"1555\" data-end=\"1641\">\n<li data-start=\"1555\" data-end=\"1596\">\n<p data-start=\"1557\" data-end=\"1596\">bidrar till att bibeh\u00e5lla normalt h\u00e5r<\/p>\n<\/li>\n<li data-start=\"1597\" data-end=\"1641\">\n<p data-start=\"1599\" data-end=\"1641\">bidrar till att bibeh\u00e5lla normala naglar<\/p>\n<\/li>\n<\/ul>\n<p data-start=\"1669\" data-end=\"1675\"><strong>Spermatogenes<\/strong><\/p>\n<p data-start=\"1669\" data-end=\"1675\">Selen:<\/p>\n<ul data-start=\"1677\" data-end=\"1713\">\n<li data-start=\"1677\" data-end=\"1713\">\n<p data-start=\"1679\" data-end=\"1713\">bidrar till normal spermatogenes<\/p>\n<\/li>\n<\/ul>\n<p data-start=\"1715\" data-end=\"1800\">Selen spelar en roll i produktionen av spermier och \u00e4r viktigt f\u00f6r manlig fertilitet.<\/p>\n<p data-start=\"1715\" data-end=\"1800\"><strong>Selenometionin \u2013 en v\u00e4lupptaglig form<\/strong><\/p>\n<p data-start=\"1849\" data-end=\"2120\">Denna produkt inneh\u00e5ller selen i form av selenometionin, en organiskt bunden form som \u00e4r k\u00e4nd f\u00f6r sin goda biotillg\u00e4nglighet. Till skillnad fr\u00e5n vissa j\u00e4stbaserade selenprodukter \u00e4r denna variant j\u00e4stfri, vilket kan vara ett alternativ f\u00f6r personer som vill undvika j\u00e4st.<\/p>\n<p data-start=\"2122\" data-end=\"2225\">Varje tablett ger 200 \u00b5g selen i en balanserad dosering f\u00f6r dagligt bruk enligt rekommenderad dosering.<\/p>\n<p data-start=\"2122\" data-end=\"2225\"><strong>F\u00f6r vem passar Selen 200 \u00b5g?<\/strong><\/p>\n<p data-start=\"2265\" data-end=\"2306\">Produkten kan vara s\u00e4rskilt relevant f\u00f6r:<\/p>\n<ul data-start=\"2308\" data-end=\"2537\">\n<li data-start=\"2308\" data-end=\"2356\">\n<p data-start=\"2310\" data-end=\"2356\">personer som vill st\u00f6dja sk\u00f6ldk\u00f6rtelfunktion<\/p>\n<\/li>\n<li data-start=\"2357\" data-end=\"2414\">\n<p data-start=\"2359\" data-end=\"2414\">personer som vill st\u00e4rka kroppens antioxidativa skydd<\/p>\n<\/li>\n<li data-start=\"2415\" data-end=\"2458\">\n<p data-start=\"2417\" data-end=\"2458\">personer som vill st\u00f6dja immunf\u00f6rsvaret<\/p>\n<\/li>\n<li data-start=\"2459\" data-end=\"2493\">\n<p data-start=\"2461\" data-end=\"2493\">m\u00e4n som vill st\u00f6dja fertilitet<\/p>\n<\/li>\n<li data-start=\"2494\" data-end=\"2537\">\n<p data-start=\"2496\" data-end=\"2537\">personer med l\u00e5gt selenintag via kosten<\/p>\n<\/li>\n<\/ul>\n<p data-start=\"2576\" data-end=\"2693\"><strong>Praktisk One-a-Day-dosering<\/strong><\/p>\n<p data-start=\"2576\" data-end=\"2693\">Med 200 \u00b5g per tablett ger produkten en h\u00f6g och effektiv dagsdos i en enda tablett, vilket g\u00f6r den enkel att anv\u00e4nda.<\/p>\n<p data-start=\"2576\" data-end=\"2693\"><strong>Kvalitet fr\u00e5n Lamberts<\/strong><\/p>\n<p data-start=\"2727\" data-end=\"2937\">Lamberts \u00e4r k\u00e4nt f\u00f6r sina h\u00f6ga kvalitetsstandarder och noggrant kontrollerade r\u00e5varor. Selen 200 \u00b5g One-a-Day tillverkas enligt strikta kvalitetskrav f\u00f6r att s\u00e4kerst\u00e4lla renhet, stabilitet och korrekt dosering.<\/p>\n<p data-start=\"2939\" data-end=\"3038\">Tabletterna \u00e4r sm\u00e5 och l\u00e4tta att sv\u00e4lja och avsedda f\u00f6r dagligt bruk enligt rekommenderad dosering.<\/p>\n<p><strong>Dosering:\u00a0<\/strong>\u00a01\u00a0tablett per dag\u00a0i samband med\u00a0m\u00e5ltid.<\/p>\n<table style=\"height: 80px;\" border=\"1\" width=\"621\" cellspacing=\"0\" cellpadding=\"0\">\n<tbody>\n<tr>\n<td valign=\"top\" width=\"30%\"><strong>1 tablett inneh\u00e5ller<\/strong><\/td>\n<td valign=\"top\" width=\"20%\"><strong> M\u00e4ngd<\/strong><\/td>\n<td valign=\"top\" width=\"30%\"><strong>%DRI*<\/strong><\/td>\n<\/tr>\n<tr>\n<td valign=\"top\" width=\"30%\">Selen (Som Selen-metionin)<\/td>\n<td valign=\"top\" width=\"20%\">200\u00b5g<\/td>\n<td valign=\"top\" width=\"20%\">364 %<\/td>\n<\/tr>\n<\/tbody>\n<\/table>\n<p><strong><em>*DRI \u00e4r dagligt referensintag. <\/em><\/strong><\/p>\n<p><strong>Ingredienser<\/strong>: Dikalciumfosfat, cellulosa, tablettskal (hydroxypropylmetylcellulosa, glycerin), klumpf\u00f6rebyggande (kiseldioxid, stearinsyra, magnesiumsalter av fettsyror), selen (l-selenometionin, natriumselenit).<\/p>\n<p>Rekommenderad daglig dos b\u00f6r ej \u00f6verskridas.<br \/>\nKosttillskott ers\u00e4tter inte en varierad kost.<br \/>\nProdukten f\u00f6rvaras o\u00e5tkomligt f\u00f6r sm\u00e5 barn.<\/p>\n<p>V- L\u00e4mplig f\u00f6r vegetarianer<\/p>\n","protected":false},"excerpt":{"rendered":"<p>Lamberts Selen 200 \u00b5g (som selenometionin) One-a-Day \u00e4r ett h\u00f6gkvalitativt och j\u00e4stfritt tillskott som bidrar till normal sk\u00f6ldk\u00f6rtelfunktion, immunsystemets normala funktion, skydd mot oxidativ stress samt att bibeh\u00e5lla normalt h\u00e5r och naglar \u2013 i en biotillg\u00e4nglig och praktisk dagsdos.<\/p>\n<p>Lamberts Selenium 200 \u00b5g \u2013 Kraftfullt antioxidantst\u00f6d<\/p>\n<p><strong>60 tabletter<\/strong><\/p>\n","protected":false},"featured_media":10037,"comment_status":"closed","ping_status":"closed","template":"","meta":{"_kad_blocks_custom_css":"","_kad_blocks_head_custom_js":"","_kad_blocks_body_custom_js":"","_kad_blocks_footer_custom_js":"","_kadence_starter_templates_imported_post":false,"_kad_post_transparent":"default","_kad_post_title":"","_kad_post_layout":"default","_kad_post_sidebar_id":"","_kad_post_content_style":"default","_kad_post_vertical_padding":"default","_kad_post_feature":"","_kad_post_feature_position":"","_kad_post_header":false,"_kad_post_footer":false,"_kad_post_classname":""},"product_brand":[],"product_cat":[1234,198,281,2826],"product_tag":[2222,1415,205,1548,2057,1465,1447,1648,1467,1028,285,2223,1472,2224,193,347,2225,2060,2226,1475],"class_list":{"0":"post-9958","1":"product","2":"type-product","3":"status-publish","4":"has-post-thumbnail","6":"product_cat-lamberts","7":"product_cat-lever-och-njurar","8":"product_cat-mineraler","9":"product_cat-selen","10":"product_tag-200-g","11":"product_tag-anti-aging","12":"product_tag-antioxidant","13":"product_tag-cellskydd","14":"product_tag-fertilitet","15":"product_tag-gmp-standard","16":"product_tag-harhalsa","17":"product_tag-hjarthalsa","18":"product_tag-hog-biotillganglighet","19":"product_tag-immunforsvar","20":"product_tag-kosttillskott","21":"product_tag-l-selenometionin","22":"product_tag-nagelhalsa","23":"product_tag-natriumselenit","24":"product_tag-oxidativ-stress","25":"product_tag-selen","26":"product_tag-skoldkortelfunktion","27":"product_tag-sparmineral","28":"product_tag-spermatogenes","29":"product_tag-veganvanlig","31":"first","32":"instock","33":"taxable","34":"shipping-taxable","35":"purchasable","36":"product-type-simple","37":"entry","38":"content-bg","39":"loop-entry"},"taxonomy_info":{"product_cat":[{"value":1234,"label":"Lamberts"},{"value":198,"label":"Lever &amp; Njurar"},{"value":281,"label":"Mineraler"},{"value":2826,"label":"Selen"}],"product_tag":[{"value":2222,"label":"200 \u00b5g"},{"value":1415,"label":"Anti-aging"},{"value":205,"label":"antioxidant"},{"value":1548,"label":"Cellskydd"},{"value":2057,"label":"fertilitet"},{"value":1465,"label":"GMP-standard"},{"value":1447,"label":"H\u00e5rh\u00e4lsa"},{"value":1648,"label":"hj\u00e4rth\u00e4lsa"},{"value":1467,"label":"H\u00f6g biotillg\u00e4nglighet"},{"value":1028,"label":"immunf\u00f6rsvar"},{"value":285,"label":"kosttillskott"},{"value":2223,"label":"L-selenometionin"},{"value":1472,"label":"nagelh\u00e4lsa"},{"value":2224,"label":"natriumselenit"},{"value":193,"label":"oxidativ stress"},{"value":347,"label":"Selen"},{"value":2225,"label":"sk\u00f6ldk\u00f6rtelfunktion"},{"value":2060,"label":"sp\u00e5rmineral"},{"value":2226,"label":"spermatogenes"},{"value":1475,"label":"veganv\u00e4nlig"}]},"featured_image_src_large":["https:\/\/vitaminbutiken.com\/wp-content\/uploads\/2025\/03\/8269-60-Selenium-200-mcg-780x700.jpg",780,700,true],"author_info":[],"comment_info":0,"_links":{"self":[{"href":"https:\/\/vitaminbutiken.com\/en\/wp-json\/wp\/v2\/product\/9958","targetHints":{"allow":["GET"]}}],"collection":[{"href":"https:\/\/vitaminbutiken.com\/en\/wp-json\/wp\/v2\/product"}],"about":[{"href":"https:\/\/vitaminbutiken.com\/en\/wp-json\/wp\/v2\/types\/product"}],"replies":[{"embeddable":true,"href":"https:\/\/vitaminbutiken.com\/en\/wp-json\/wp\/v2\/comments?post=9958"}],"wp:featuredmedia":[{"embeddable":true,"href":"https:\/\/vitaminbutiken.com\/en\/wp-json\/wp\/v2\/media\/10037"}],"wp:attachment":[{"href":"https:\/\/vitaminbutiken.com\/en\/wp-json\/wp\/v2\/media?parent=9958"}],"wp:term":[{"taxonomy":"product_brand","embeddable":true,"href":"https:\/\/vitaminbutiken.com\/en\/wp-json\/wp\/v2\/product_brand?post=9958"},{"taxonomy":"product_cat","embeddable":true,"href":"https:\/\/vitaminbutiken.com\/en\/wp-json\/wp\/v2\/product_cat?post=9958"},{"taxonomy":"product_tag","embeddable":true,"href":"https:\/\/vitaminbutiken.com\/en\/wp-json\/wp\/v2\/product_tag?post=9958"}],"curies":[{"name":"wp","href":"https:\/\/api.w.org\/{rel}","templated":true}]}}