{"id":9957,"date":"2025-03-19T16:16:43","date_gmt":"2025-03-19T14:16:43","guid":{"rendered":"https:\/\/vitaminbutiken.multi.fi\/?post_type=product&#038;p=9957"},"modified":"2026-03-30T12:44:39","modified_gmt":"2026-03-30T10:44:39","slug":"multi-guard-adr-lamberts","status":"publish","type":"product","link":"https:\/\/vitaminbutiken.com\/en\/produkt\/multi-guard-adr-lamberts\/","title":{"rendered":"Multi-Guard\u00ae ADR &#8211; Lamberts"},"content":{"rendered":"<h5><strong>Multi-Guard\u00ae ADR &#8211; Lamberts<\/strong><\/h5>\n<div class=\"n4sEPd\">\n<div class=\"QFw9Te BLojaf\">\n<div id=\"ow10\"><\/div>\n<\/div>\n<\/div>\n<div class=\"QcsUad BDJ8fb BLojaf sMVRZe hCXDsb wneUed\">\n<div class=\"usGWQd\">\n<div class=\"KkbLmb\">\n<div class=\"lRu31\" dir=\"ltr\"><span class=\"HwtZe\" lang=\"sv\"><span class=\"jCAhz ChMk0b\"><span class=\"ryNqvb\">Multi-Guard\u00ae ADR \u00e4r en specialiserad multiformel som ger en kombination av n\u00e4rings\u00e4mnen och \u00f6rter. <\/span><\/span><span class=\"jCAhz ChMk0b\"><span class=\"ryNqvb\">Det fullst\u00e4ndiga vitamin B-komplexet ing\u00e5r, som \u00e4r k\u00e4nda f\u00f6r sitt bidrag till normal energigivande \u00e4mnesoms\u00e4ttning.<\/span><\/span> <span class=\"jCAhz ChMk0b\"><span class=\"ryNqvb\">Det \u00e4r s\u00e4rskilt fokus p\u00e5 pantotensyra, eftersom detta kan bidra till b\u00e5de minskad tr\u00f6tthet och utmattning, samt normal mental prestation.<\/span><\/span><br \/>\n<span class=\"jCAhz ChMk0b\"><span class=\"ryNqvb\">Magnesiumbrist har blivit vanligt och vi har inkluderat 250 mg magnesium i Multi-Guard\u00ae ADR.<\/span><\/span> <span class=\"jCAhz ChMk0b\"><span class=\"ryNqvb\">Detta mineral bidrar till nervsystemets normala funktion och spelar en roll f\u00f6r att minska tr\u00f6tthet och utmattning. <\/span><\/span><span class=\"jCAhz ChMk0b\"><span class=\"ryNqvb\">Koreansk ginseng \u00e4r en av de mest studerade \u00f6rterna och har en l\u00e5ng tradition av anv\u00e4ndning som adrenal adaptogen.<\/span><\/span> <span class=\"jCAhz\"><span class=\"ryNqvb\">Det finns 400mg koreansk ginsengrot i v\u00e5r produkt, som ett 40mg extrakt som ger 8mg ginsenosider.<\/span><\/span><\/span><\/div>\n<div class=\"lRu31\" dir=\"ltr\"><\/div>\n<div class=\"lRu31\" dir=\"ltr\">\n<p><span class=\"HwtZe\" lang=\"sv\"><span class=\"jCAhz ChMk0b\"><span class=\"ryNqvb\">M\u00e5nga kombinationsformler inneh\u00e5ller helt enkelt pulveriserad hel \u00f6rt i motsats till extrakt. <\/span><\/span><span class=\"jCAhz ChMk0b\"><span class=\"ryNqvb\">Co-enzym Q10 (CoQ10) \u00e4r ocks\u00e5 k\u00e4nt som ubiquinon och \u00e4r ett vitaminliknande \u00e4mne som finns i varje cell i m\u00e4nniskokroppen d\u00e4r det spelar en viktig roll i frig\u00f6randet av energi fr\u00e5n maten vi \u00e4ter.<\/span><\/span> <span class=\"jCAhz ChMk0b\"><span class=\"ryNqvb\">Detta \u00e4r ett dyrt n\u00e4rings\u00e4mne men vi kommer aldrig att kompromissa med kvaliteten eller niv\u00e5n i v\u00e5ra produkter.<\/span><\/span> <span class=\"jCAhz ChMk0b\"><span class=\"ryNqvb\">Det \u00e4r d\u00e4rf\u00f6r vi har inkluderat 30mg, vilket \u00e4r en imponerande m\u00e4ngd f\u00f6r en multiformel och \u00e4r en niv\u00e5 som matchar en rak CoQ10-produkt.<\/span><\/span> <span class=\"jCAhz ChMk0b\"><span class=\"ryNqvb\">Aminosyran taurin finns i popul\u00e4ra energidrycker och vi har inf\u00f6rlivat 50 mg i v\u00e5r formel.<\/span><\/span> <span class=\"jCAhz ChMk0b\"><span class=\"ryNqvb\">Andra n\u00e4rings\u00e4mnen som finns i Multi-Guard\u00ae ADR inkluderar: C-vitamin, j\u00e4rn, koppar och zink.<\/span><\/span><\/span><\/p>\n<p>&nbsp;<\/p>\n<\/div>\n<ul>\n<li dir=\"ltr\">Inneh\u00e5ller hela vitamin B-komplexet, som \u00e4r k\u00e4nt f\u00f6r sitt bidrag till normal energigivande \u00e4mnesoms\u00e4ttning<\/li>\n<li dir=\"ltr\">Speciellt fokus p\u00e5 pantotensyra, eftersom detta kan bidra till b\u00e5de minskning av tr\u00f6tthet och utmattning, s\u00e5v\u00e4l som normal mental prestation<\/li>\n<li dir=\"ltr\">Inneh\u00e5ller 250 mg magnesium, som bidrar till nervsystemets normala funktion och spelar en roll f\u00f6r att minska tr\u00f6tthet och utmattning<\/li>\n<li dir=\"ltr\">400mg koreansk ginsengrot.<\/li>\n<li dir=\"ltr\">Co-enzym Q10 (CoQ10) ing\u00e5r p\u00e5 en niv\u00e5 som matchar en rak CoQ10-produkt (30mg)<\/li>\n<li dir=\"ltr\">Aminosyran, taurin, som finns i popul\u00e4ra energidrycker finns i en niv\u00e5 av 50 mg<\/li>\n<\/ul>\n<p><strong> Dosering<\/strong>: 1 tablett 2 g\u00e5nger dagligen i samband med m\u00e5ltid.<\/p>\n<table style=\"height: 80px;\" border=\"1\" width=\"621\" cellspacing=\"0\" cellpadding=\"0\">\n<tbody>\n<tr>\n<td valign=\"top\" width=\"30%\"><strong>2 tabletter inneh\u00e5ller<\/strong><\/td>\n<td valign=\"top\" width=\"20%\"><strong> M\u00e4ngd<\/strong><\/td>\n<td valign=\"top\" width=\"30%\"><strong>%DRI*<\/strong><\/td>\n<\/tr>\n<tr>\n<td valign=\"top\" width=\"30%\">Vitamin D3<\/td>\n<td valign=\"top\" width=\"20%\">10 \u00b5g<\/td>\n<td valign=\"top\" width=\"20%\">200 %<\/td>\n<\/tr>\n<tr>\n<td valign=\"top\" width=\"30%\">Vitamin E<\/td>\n<td valign=\"top\" width=\"20%\">12 mg a-TE<\/td>\n<td valign=\"top\" width=\"20%\">100 %<\/td>\n<\/tr>\n<tr>\n<td valign=\"top\" width=\"30%\">Vitamin K1<\/td>\n<td valign=\"top\" width=\"20%\">20\u00a0\u00b5g<\/td>\n<td valign=\"top\" width=\"20%\">27 %<\/td>\n<\/tr>\n<tr>\n<td valign=\"top\" width=\"30%\">Vitamin C<\/td>\n<td valign=\"top\" width=\"20%\">100 mg<\/td>\n<td valign=\"top\" width=\"20%\">125 %<\/td>\n<\/tr>\n<tr>\n<td valign=\"top\" width=\"30%\">Tiamin B1<\/td>\n<td valign=\"top\" width=\"20%\">25 mg<\/td>\n<td valign=\"top\" width=\"20%\">2273 %<\/td>\n<\/tr>\n<tr>\n<td valign=\"top\" width=\"30%\">Riboflavin B2<\/td>\n<td valign=\"top\" width=\"20%\">12 mg<\/td>\n<td valign=\"top\" width=\"20%\">857 %<\/td>\n<\/tr>\n<tr>\n<td valign=\"top\" width=\"30%\">Niasin B3<\/td>\n<td valign=\"top\" width=\"20%\">50 mg NE<\/td>\n<td valign=\"top\" width=\"20%\">313 %<\/td>\n<\/tr>\n<tr>\n<td valign=\"top\" width=\"30%\">Vitamin B6<\/td>\n<td valign=\"top\" width=\"20%\">10 mg<\/td>\n<td valign=\"top\" width=\"20%\">714 %<\/td>\n<\/tr>\n<tr>\n<td valign=\"top\" width=\"30%\">Folsyra<\/td>\n<td valign=\"top\" width=\"20%\">400 \u00b5g<\/td>\n<td valign=\"top\" width=\"20%\">200 %<\/td>\n<\/tr>\n<tr>\n<td valign=\"top\" width=\"30%\">Vitamin B12<\/td>\n<td valign=\"top\" width=\"20%\">50 \u00b5g<\/td>\n<td valign=\"top\" width=\"20%\">2000 %<\/td>\n<\/tr>\n<tr>\n<td valign=\"top\" width=\"30%\">Biotin<\/td>\n<td valign=\"top\" width=\"20%\">150 \u00b5g<\/td>\n<td valign=\"top\" width=\"20%\">300 %<\/td>\n<\/tr>\n<tr>\n<td valign=\"top\" width=\"30%\">Pantotensyra<\/td>\n<td valign=\"top\" width=\"20%\">150 mg<\/td>\n<td valign=\"top\" width=\"20%\">2500 %<\/td>\n<\/tr>\n<tr>\n<td valign=\"top\" width=\"30%\">Kalcium<\/td>\n<td valign=\"top\" width=\"20%\">400 mg<\/td>\n<td valign=\"top\" width=\"20%\">50 %<\/td>\n<\/tr>\n<tr>\n<td valign=\"top\" width=\"30%\">Magnesium<\/td>\n<td valign=\"top\" width=\"20%\">250 mg<\/td>\n<td valign=\"top\" width=\"20%\">67 %<\/td>\n<\/tr>\n<tr>\n<td valign=\"top\" width=\"30%\">J\u00e4rn<\/td>\n<td valign=\"top\" width=\"20%\">14 mg<\/td>\n<td valign=\"top\" width=\"20%\">100 %<\/td>\n<\/tr>\n<tr>\n<td valign=\"top\" width=\"30%\">Zink<\/td>\n<td valign=\"top\" width=\"20%\">15 mg<\/td>\n<td valign=\"top\" width=\"20%\">150 %<\/td>\n<\/tr>\n<tr>\n<td valign=\"top\" width=\"30%\">Koppar<\/td>\n<td valign=\"top\" width=\"20%\">0,5 mg<\/td>\n<td valign=\"top\" width=\"20%\">50 %<\/td>\n<\/tr>\n<tr>\n<td valign=\"top\" width=\"30%\">Mangan<\/td>\n<td valign=\"top\" width=\"20%\">0,5 mg<\/td>\n<td valign=\"top\" width=\"20%\">25 %<\/td>\n<\/tr>\n<tr>\n<td valign=\"top\" width=\"30%\">Selen<\/td>\n<td valign=\"top\" width=\"20%\">200 \u00b5g<\/td>\n<td valign=\"top\" width=\"20%\">364 %<\/td>\n<\/tr>\n<tr>\n<td valign=\"top\" width=\"30%\">Krom<\/td>\n<td valign=\"top\" width=\"20%\">200 \u00b5g<\/td>\n<td valign=\"top\" width=\"20%\">500 %<\/td>\n<\/tr>\n<tr>\n<td valign=\"top\" width=\"30%\">Jod<\/td>\n<td valign=\"top\" width=\"20%\">150 \u00b5g<\/td>\n<td valign=\"top\" width=\"20%\">100 %<\/td>\n<\/tr>\n<tr>\n<td valign=\"top\" width=\"30%\">Kolin<\/td>\n<td valign=\"top\" width=\"20%\">24 mg<\/td>\n<td valign=\"top\" width=\"20%\">**<\/td>\n<\/tr>\n<tr>\n<td valign=\"top\" width=\"30%\">Inositol<\/td>\n<td valign=\"top\" width=\"20%\">24 mg<\/td>\n<td valign=\"top\" width=\"20%\">**<\/td>\n<\/tr>\n<tr>\n<td valign=\"top\" width=\"30%\">PABA<\/td>\n<td valign=\"top\" width=\"20%\">24 mg<\/td>\n<td valign=\"top\" width=\"20%\">**<\/td>\n<\/tr>\n<tr>\n<td valign=\"top\" width=\"30%\">Taurin<\/td>\n<td valign=\"top\" width=\"20%\">50 mg<\/td>\n<td valign=\"top\" width=\"20%\">**<\/td>\n<\/tr>\n<tr>\n<td valign=\"top\" width=\"30%\">Koenzym<\/td>\n<td valign=\"top\" width=\"20%\">30 mg<\/td>\n<td valign=\"top\" width=\"20%\">**<\/td>\n<\/tr>\n<tr>\n<td valign=\"top\" width=\"30%\">Koreansk ginseng<\/td>\n<td valign=\"top\" width=\"20%\">400 mg<\/td>\n<td valign=\"top\" width=\"20%\">**<\/td>\n<\/tr>\n<tr>\n<td valign=\"top\" width=\"30%\">Varav:<\/td>\n<td valign=\"top\" width=\"20%\"><\/td>\n<td valign=\"top\" width=\"20%\"><\/td>\n<\/tr>\n<tr>\n<td valign=\"top\" width=\"30%\">Ginsenosider<\/td>\n<td valign=\"top\" width=\"20%\">8 mg<\/td>\n<td valign=\"top\" width=\"20%\">**<\/td>\n<\/tr>\n<\/tbody>\n<\/table>\n<p><strong><em>*DRI \u00e4r dagligt referensintag.**DRI ej fastst\u00e4llt.<\/em><\/strong><\/p>\n<p><strong>Ingredienser<\/strong>: kalciumkarbonat, fyllnadsmedel (cellulosa), magnesium (oxid, citrat), vitamin B5 (kalciumpantotenat), vitamin C (askorbinsyra), tablettskal<br \/>\n(kalciumkarbonat, hydroxypropylmetylcellulosa, isomalt, f\u00e4rg: j\u00e4rnoxider), klumpf\u00f6rebyggande medel (kiseldioxid, stearinsyra, magnesiumsalter av<br \/>\nfettsyror), tv\u00e4rbundet cellulosagummi), vitamin B3 (nikotinamid), taurin, zinkcitrat, j\u00e4rn (j\u00e4rnfumarat), koreanskt ginsengrotextrakt (Panax), vitamin B1<br \/>\n(tiaminmononitrat), koenzym Q10, para-aminobensoesyra, kolinbitartrat, inositol, vitamin B6, (pyridoxal-5-fosfat), vitamin E ( d-alfa-tokoferylsyrasuccinat), vitamin B2 (riboflavin), vitamin D3 (kolekalciferol), vitamin B12, (cyanokobalamin), selen (L-selenometionin, natriumselenit), krompikolinat, mangansulfat, kopparsulfat, folsyra, vitamin K1 (fyllokinon), kaliumjodid, biotin.<\/p>\n<p>Rekommenderad dos b\u00f6r ej \u00f6verskridas.<br \/>\nKosttillskott ers\u00e4tter inte en varierad kost.<br \/>\nProdukten f\u00f6rvaras o\u00e5tkomligt f\u00f6r sm\u00e5 barn.<br \/>\nRekommenderas inte till gravida eller ammande.<\/p>\n<\/div>\n<\/div>\n<\/div>\n","protected":false},"excerpt":{"rendered":"<p>En multivitamin- och mineralformel med \u00f6rter, CoQ10 och taurin<\/p>\n<p>&nbsp;<\/p>\n","protected":false},"featured_media":10035,"comment_status":"closed","ping_status":"closed","template":"","meta":{"_kad_blocks_custom_css":"","_kad_blocks_head_custom_js":"","_kad_blocks_body_custom_js":"","_kad_blocks_footer_custom_js":"","_kadence_starter_templates_imported_post":false,"_kad_post_transparent":"default","_kad_post_title":"","_kad_post_layout":"default","_kad_post_sidebar_id":"","_kad_post_content_style":"default","_kad_post_vertical_padding":"default","_kad_post_feature":"","_kad_post_feature_position":"","_kad_post_header":false,"_kad_post_footer":false,"_kad_post_classname":""},"product_brand":[],"product_cat":[1234,146,155],"product_tag":[2218,205,2219,1112,1465,1028,2220,285,287,1934,1974,1165,1652,500,1542,2221,1654,1475,2094],"class_list":{"0":"post-9957","1":"product","2":"type-product","3":"status-publish","4":"has-post-thumbnail","6":"product_cat-lamberts","7":"product_cat-stressad-och-trott","8":"product_cat-vitaminer","9":"product_tag-adaptogener","10":"product_tag-antioxidant","11":"product_tag-co-enzym-q10","12":"product_tag-energi","13":"product_tag-gmp-standard","14":"product_tag-immunforsvar","15":"product_tag-koreansk-ginseng","16":"product_tag-kosttillskott","17":"product_tag-magnesium","18":"product_tag-mental-prestation","19":"product_tag-multimineral","20":"product_tag-multivitamin","21":"product_tag-nervsystemets-funktion","22":"product_tag-pantotensyra","23":"product_tag-stresshantering","24":"product_tag-taurin","25":"product_tag-trotthetsreducering","26":"product_tag-veganvanlig","27":"product_tag-vitamin-b-komplex","29":"first","30":"instock","31":"taxable","32":"shipping-taxable","33":"purchasable","34":"product-type-variable","35":"entry","36":"content-bg","37":"loop-entry"},"taxonomy_info":{"product_cat":[{"value":1234,"label":"Lamberts"},{"value":146,"label":"Stressad &amp; Tr\u00f6tt"},{"value":155,"label":"Vitaminer"}],"product_tag":[{"value":2218,"label":"adaptogener"},{"value":205,"label":"antioxidant"},{"value":2219,"label":"Co-Enzym Q10"},{"value":1112,"label":"energi"},{"value":1465,"label":"GMP-standard"},{"value":1028,"label":"immunf\u00f6rsvar"},{"value":2220,"label":"Koreansk ginseng"},{"value":285,"label":"kosttillskott"},{"value":287,"label":"magnesium"},{"value":1934,"label":"mental prestation"},{"value":1974,"label":"multimineral"},{"value":1165,"label":"multivitamin"},{"value":1652,"label":"nervsystemets funktion"},{"value":500,"label":"Pantotensyra"},{"value":1542,"label":"Stresshantering"},{"value":2221,"label":"taurin"},{"value":1654,"label":"tr\u00f6tthetsreducering"},{"value":1475,"label":"veganv\u00e4nlig"},{"value":2094,"label":"Vitamin B-komplex"}]},"featured_image_src_large":["https:\/\/vitaminbutiken.com\/wp-content\/uploads\/2025\/03\/8443-120-Multiguard-ADR-780x700.jpg",780,700,true],"author_info":[],"comment_info":0,"_links":{"self":[{"href":"https:\/\/vitaminbutiken.com\/en\/wp-json\/wp\/v2\/product\/9957","targetHints":{"allow":["GET"]}}],"collection":[{"href":"https:\/\/vitaminbutiken.com\/en\/wp-json\/wp\/v2\/product"}],"about":[{"href":"https:\/\/vitaminbutiken.com\/en\/wp-json\/wp\/v2\/types\/product"}],"replies":[{"embeddable":true,"href":"https:\/\/vitaminbutiken.com\/en\/wp-json\/wp\/v2\/comments?post=9957"}],"wp:featuredmedia":[{"embeddable":true,"href":"https:\/\/vitaminbutiken.com\/en\/wp-json\/wp\/v2\/media\/10035"}],"wp:attachment":[{"href":"https:\/\/vitaminbutiken.com\/en\/wp-json\/wp\/v2\/media?parent=9957"}],"wp:term":[{"taxonomy":"product_brand","embeddable":true,"href":"https:\/\/vitaminbutiken.com\/en\/wp-json\/wp\/v2\/product_brand?post=9957"},{"taxonomy":"product_cat","embeddable":true,"href":"https:\/\/vitaminbutiken.com\/en\/wp-json\/wp\/v2\/product_cat?post=9957"},{"taxonomy":"product_tag","embeddable":true,"href":"https:\/\/vitaminbutiken.com\/en\/wp-json\/wp\/v2\/product_tag?post=9957"}],"curies":[{"name":"wp","href":"https:\/\/api.w.org\/{rel}","templated":true}]}}