{"id":9956,"date":"2025-03-19T16:16:42","date_gmt":"2025-03-19T14:16:42","guid":{"rendered":"https:\/\/vitaminbutiken.multi.fi\/?post_type=product&#038;p=9956"},"modified":"2026-03-31T12:34:08","modified_gmt":"2026-03-31T10:34:08","slug":"multi-guard-pregnancy-lamberts","status":"publish","type":"product","link":"https:\/\/vitaminbutiken.com\/en\/produkt\/multi-guard-pregnancy-lamberts\/","title":{"rendered":"Multi-Guard\u00ae Pregnancy &#8211; Lamberts"},"content":{"rendered":"<h3><strong>Multi-Guard\u00ae Pregnancy &#8211; Lamberts<\/strong><\/h3>\n<p>Multi-Guard\u00ae Pregnancy \u00e4r en tv\u00e5-om-dagen multin\u00e4ringsformel som har utvecklats av Lamberts\u00ae Technical Department f\u00f6r kvinnor som antingen hoppas p\u00e5 att bli gravida, redan \u00e4r gravida eller ammar.<\/p>\n<p><strong> Dosering<\/strong>: 2 tabletter dagligen i samband med m\u00e5ltid.<\/p>\n<table style=\"height: 80px;\" border=\"1\" width=\"621\" cellspacing=\"0\" cellpadding=\"0\">\n<tbody>\n<tr>\n<td valign=\"top\" width=\"30%\"><strong>2 tabletter inneh\u00e5ller<\/strong><\/td>\n<td valign=\"top\" width=\"20%\"><strong> M\u00e4ngd<\/strong><\/td>\n<td valign=\"top\" width=\"30%\"><strong>%DRI*<\/strong><\/td>\n<\/tr>\n<tr>\n<td valign=\"top\" width=\"30%\">Vitamin D3<\/td>\n<td valign=\"top\" width=\"20%\">10 \u00b5g<\/td>\n<td valign=\"top\" width=\"20%\">200 %<\/td>\n<\/tr>\n<tr>\n<td valign=\"top\" width=\"30%\">Vitamin E<\/td>\n<td valign=\"top\" width=\"20%\">10 \u00b5g a-TE<\/td>\n<td valign=\"top\" width=\"20%\">83 %<\/td>\n<\/tr>\n<tr>\n<td valign=\"top\" width=\"30%\">Vitamin K1<\/td>\n<td valign=\"top\" width=\"20%\">70 \u00b5g<\/td>\n<td valign=\"top\" width=\"20%\">93 %<\/td>\n<\/tr>\n<tr>\n<td valign=\"top\" width=\"30%\">Vitamin C<\/td>\n<td valign=\"top\" width=\"20%\">70 mg<\/td>\n<td valign=\"top\" width=\"20%\">88 %<\/td>\n<\/tr>\n<tr>\n<td valign=\"top\" width=\"30%\">Tiamin<\/td>\n<td valign=\"top\" width=\"20%\">1,4 mg<\/td>\n<td valign=\"top\" width=\"20%\">127 %<\/td>\n<\/tr>\n<tr>\n<td valign=\"top\" width=\"30%\">Riboflavin<\/td>\n<td valign=\"top\" width=\"20%\">1,4 mg<\/td>\n<td valign=\"top\" width=\"20%\">100 %<\/td>\n<\/tr>\n<tr>\n<td valign=\"top\" width=\"30%\">Niasin<\/td>\n<td valign=\"top\" width=\"20%\">18 mg NE<\/td>\n<td valign=\"top\" width=\"20%\">113 %<\/td>\n<\/tr>\n<tr>\n<td valign=\"top\" width=\"30%\">Vitamin B6<\/td>\n<td valign=\"top\" width=\"20%\">2,8 mg<\/td>\n<td valign=\"top\" width=\"20%\">200 %<\/td>\n<\/tr>\n<tr>\n<td valign=\"top\" width=\"30%\">Folsyra (Som kalcium-L-metylfolat)<\/td>\n<td valign=\"top\" width=\"20%\">400 \u00b5g<\/td>\n<td valign=\"top\" width=\"20%\">200 %<\/td>\n<\/tr>\n<tr>\n<td valign=\"top\" width=\"30%\">Vitamin B12<\/td>\n<td valign=\"top\" width=\"20%\">2,6 \u00b5g<\/td>\n<td valign=\"top\" width=\"20%\">104 %<\/td>\n<\/tr>\n<tr>\n<td valign=\"top\" width=\"30%\">Biotin<\/td>\n<td valign=\"top\" width=\"20%\">50 mg<\/td>\n<td valign=\"top\" width=\"20%\">100 %<\/td>\n<\/tr>\n<tr>\n<td valign=\"top\" width=\"30%\">Pantotensyra<\/td>\n<td valign=\"top\" width=\"20%\">5 mg<\/td>\n<td valign=\"top\" width=\"20%\">83 %<\/td>\n<\/tr>\n<tr>\n<td valign=\"top\" width=\"30%\">Kalcium<\/td>\n<td valign=\"top\" width=\"20%\">120 mg<\/td>\n<td valign=\"top\" width=\"20%\">15 %<\/td>\n<\/tr>\n<tr>\n<td valign=\"top\" width=\"30%\">Magnesium<\/td>\n<td valign=\"top\" width=\"20%\">150 mg<\/td>\n<td valign=\"top\" width=\"20%\">40 %<\/td>\n<\/tr>\n<tr>\n<td valign=\"top\" width=\"30%\">J\u00e4rn<\/td>\n<td valign=\"top\" width=\"20%\">17 mg<\/td>\n<td valign=\"top\" width=\"20%\">121 %<\/td>\n<\/tr>\n<tr>\n<td valign=\"top\" width=\"30%\">Zink<\/td>\n<td valign=\"top\" width=\"20%\">15 mg<\/td>\n<td valign=\"top\" width=\"20%\">150 %<\/td>\n<\/tr>\n<tr>\n<td valign=\"top\" width=\"30%\">Koppar<\/td>\n<td valign=\"top\" width=\"20%\">1000 \u00b5g<\/td>\n<td valign=\"top\" width=\"20%\">100 %<\/td>\n<\/tr>\n<tr>\n<td valign=\"top\" width=\"30%\">Mangan<\/td>\n<td valign=\"top\" width=\"20%\">0,5 mg<\/td>\n<td valign=\"top\" width=\"20%\">25 %<\/td>\n<\/tr>\n<tr>\n<td valign=\"top\" width=\"30%\">Selen<\/td>\n<td valign=\"top\" width=\"20%\">100 \u00b5g<\/td>\n<td valign=\"top\" width=\"20%\">182 %<\/td>\n<\/tr>\n<tr>\n<td valign=\"top\" width=\"30%\">Krom<\/td>\n<td valign=\"top\" width=\"20%\">40 \u00b5g<\/td>\n<td valign=\"top\" width=\"20%\">100 %<\/td>\n<\/tr>\n<tr>\n<td valign=\"top\" width=\"30%\">Jod<\/td>\n<td valign=\"top\" width=\"20%\">150 \u00b5g<\/td>\n<td valign=\"top\" width=\"20%\">100 %<\/td>\n<\/tr>\n<tr>\n<td valign=\"top\" width=\"30%\">Kolin<\/td>\n<td valign=\"top\" width=\"20%\">130 mg<\/td>\n<td valign=\"top\" width=\"20%\">**<\/td>\n<\/tr>\n<tr>\n<td valign=\"top\" width=\"30%\">Inositol<\/td>\n<td valign=\"top\" width=\"20%\">5 mg<\/td>\n<td valign=\"top\" width=\"20%\">**<\/td>\n<\/tr>\n<\/tbody>\n<\/table>\n<p><strong><em>*DRI \u00e4r dagligt referensintag. ** DRI ej fastst\u00e4llt.\u00a0<\/em><\/strong><\/p>\n<p><strong>Ingredienser<\/strong>: Fyllnadsmedel (cellulosa), kalciumkarbonat, kolinbitartrat, magnesiumoxid, askorbinsyra, tablettskal<br \/>\n(kalciumkarbonat, hydroxypropylmetylcellulosa, isomalt, f\u00e4rg\u00e4mne: j\u00e4rnoxider), klumpf\u00f6rebyggande medel (magnesiumsalter av<br \/>\nfettsyror, kiseldioxid, stearinsyra), j\u00e4rnfumarat, zinkcitrat, vitamin E (dl-alfa-tokoferylacetat), tv\u00e4rbunden cellulosagummi, vitamin B3<br \/>\n(nikotinamid), vitamin B5 (kalciumpantotenat), vitamin D (kolekalciferol\u00b9), inositol, vitamin B6 (pyridoxinhydroklorid),<br \/>\nkopparsulfat, vitamin B1 (tiaminmononitrat), vitamin B2 (riboflavin), mangan sulfat, vitamin K1 (fyllokinon), folsyra (kalcium-L-metyyli<br \/>\nfolat), krompikolinat, vitamin B12 (cyanokobalamin), natriumselenit, kaliumjodid, biotin.<\/p>\n<p>Rekommenderad dos b\u00f6r ej \u00f6verskridas.<br \/>\nKosttillskott ers\u00e4tter inte en varierad kost.<br \/>\nProdukten f\u00f6rvaras o\u00e5tkomligt f\u00f6r sm\u00e5 barn.<\/p>\n","protected":false},"excerpt":{"rendered":"<p>F\u00f6r kvinnor som hoppas p\u00e5 att bli gravida, \u00e4r gravida eller amma.<\/p>\n<p><strong>90 Tabletter<\/strong><\/p>\n","protected":false},"featured_media":10028,"comment_status":"closed","ping_status":"closed","template":"","meta":{"_kad_blocks_custom_css":"","_kad_blocks_head_custom_js":"","_kad_blocks_body_custom_js":"","_kad_blocks_footer_custom_js":"","_kadence_starter_templates_imported_post":false,"_kad_post_transparent":"default","_kad_post_title":"","_kad_post_layout":"default","_kad_post_sidebar_id":"","_kad_post_content_style":"default","_kad_post_vertical_padding":"default","_kad_post_feature":"","_kad_post_feature_position":"","_kad_post_header":false,"_kad_post_footer":false,"_kad_post_classname":""},"product_brand":[],"product_cat":[2809,1234,2822,155],"product_tag":[2214,1235,205,673,1645,678,1647,441,2215,1465,1114,1538,1028,710,724,1096,486,1204,285,287,2216,1974,1165,1652,2217,347,1654,1475,1209,1210,714,343],"class_list":{"0":"post-9956","1":"product","2":"type-product","3":"status-publish","4":"has-post-thumbnail","6":"product_cat-gravid-ammande","7":"product_cat-lamberts","8":"product_cat-multi-produkter","9":"product_cat-vitaminer","10":"product_tag-400-g","11":"product_tag-amning","12":"product_tag-antioxidant","13":"product_tag-b-vitaminer","14":"product_tag-benhalsa","15":"product_tag-celltillvaxt","16":"product_tag-energiproduktion","17":"product_tag-folsyra","18":"product_tag-fosterutveckling","19":"product_tag-gmp-standard","20":"product_tag-graviditet","21":"product_tag-hormonbalans","22":"product_tag-immunforsvar","23":"product_tag-inositol","24":"product_tag-jarn","25":"product_tag-jod","26":"product_tag-kalcium","27":"product_tag-kolin","28":"product_tag-kosttillskott","29":"product_tag-magnesium","30":"product_tag-metylfolat","31":"product_tag-multimineral","32":"product_tag-multivitamin","33":"product_tag-nervsystemets-funktion","34":"product_tag-prekonception","35":"product_tag-selen","36":"product_tag-trotthetsreducering","37":"product_tag-veganvanlig","38":"product_tag-vitamin-c","39":"product_tag-vitamin-d","40":"product_tag-vitamin-k","41":"product_tag-zink","43":"first","44":"instock","45":"taxable","46":"shipping-taxable","47":"purchasable","48":"product-type-simple","49":"entry","50":"content-bg","51":"loop-entry"},"taxonomy_info":{"product_cat":[{"value":2809,"label":"Gravid\/Ammande"},{"value":1234,"label":"Lamberts"},{"value":2822,"label":"Multi produkter"},{"value":155,"label":"Vitaminer"}],"product_tag":[{"value":2214,"label":"400 \u00b5g"},{"value":1235,"label":"amning"},{"value":205,"label":"antioxidant"},{"value":673,"label":"b-vitaminer"},{"value":1645,"label":"Benh\u00e4lsa"},{"value":678,"label":"celltillv\u00e4xt"},{"value":1647,"label":"energiproduktion"},{"value":441,"label":"folsyra"},{"value":2215,"label":"fosterutveckling"},{"value":1465,"label":"GMP-standard"},{"value":1114,"label":"graviditet"},{"value":1538,"label":"Hormonbalans"},{"value":1028,"label":"immunf\u00f6rsvar"},{"value":710,"label":"inositol"},{"value":724,"label":"j\u00e4rn"},{"value":1096,"label":"Jod"},{"value":486,"label":"Kalcium"},{"value":1204,"label":"Kolin"},{"value":285,"label":"kosttillskott"},{"value":287,"label":"magnesium"},{"value":2216,"label":"metylfolat"},{"value":1974,"label":"multimineral"},{"value":1165,"label":"multivitamin"},{"value":1652,"label":"nervsystemets funktion"},{"value":2217,"label":"prekonception"},{"value":347,"label":"Selen"},{"value":1654,"label":"tr\u00f6tthetsreducering"},{"value":1475,"label":"veganv\u00e4nlig"},{"value":1209,"label":"Vitamin C"},{"value":1210,"label":"vitamin d"},{"value":714,"label":"vitamin K"},{"value":343,"label":"Zink"}]},"featured_image_src_large":["https:\/\/vitaminbutiken.com\/wp-content\/uploads\/2025\/03\/8463-90-Multi-Guard-Pregnancy-780x700.jpg",780,700,true],"author_info":[],"comment_info":0,"_links":{"self":[{"href":"https:\/\/vitaminbutiken.com\/en\/wp-json\/wp\/v2\/product\/9956","targetHints":{"allow":["GET"]}}],"collection":[{"href":"https:\/\/vitaminbutiken.com\/en\/wp-json\/wp\/v2\/product"}],"about":[{"href":"https:\/\/vitaminbutiken.com\/en\/wp-json\/wp\/v2\/types\/product"}],"replies":[{"embeddable":true,"href":"https:\/\/vitaminbutiken.com\/en\/wp-json\/wp\/v2\/comments?post=9956"}],"wp:featuredmedia":[{"embeddable":true,"href":"https:\/\/vitaminbutiken.com\/en\/wp-json\/wp\/v2\/media\/10028"}],"wp:attachment":[{"href":"https:\/\/vitaminbutiken.com\/en\/wp-json\/wp\/v2\/media?parent=9956"}],"wp:term":[{"taxonomy":"product_brand","embeddable":true,"href":"https:\/\/vitaminbutiken.com\/en\/wp-json\/wp\/v2\/product_brand?post=9956"},{"taxonomy":"product_cat","embeddable":true,"href":"https:\/\/vitaminbutiken.com\/en\/wp-json\/wp\/v2\/product_cat?post=9956"},{"taxonomy":"product_tag","embeddable":true,"href":"https:\/\/vitaminbutiken.com\/en\/wp-json\/wp\/v2\/product_tag?post=9956"}],"curies":[{"name":"wp","href":"https:\/\/api.w.org\/{rel}","templated":true}]}}