{"id":9955,"date":"2025-03-19T16:16:41","date_gmt":"2025-03-19T14:16:41","guid":{"rendered":"https:\/\/vitaminbutiken.multi.fi\/?post_type=product&#038;p=9955"},"modified":"2026-04-07T11:20:35","modified_gmt":"2026-04-07T09:20:35","slug":"rosehip-lamberts","status":"publish","type":"product","link":"https:\/\/vitaminbutiken.com\/en\/produkt\/rosehip-lamberts\/","title":{"rendered":"Rosehip &#8211; Lamberts"},"content":{"rendered":"<p><strong>Rosehip &#8211; Lamberts<\/strong><\/p>\n<ul>\n<li>10 000 mg nypon (som 500 mg av ett 20:1 extrakt) per tablett<\/li>\n<li>Varje tablett ger hela 250 mg C-vitamin, vilket bidrar till normal kollagenbildning och normal funktion av brosk, tandk\u00f6tt, hud och blodk\u00e4rl, samt immunsystemets normala funktion<\/li>\n<li>Smakfria dragerade tabletter<\/li>\n<li>L\u00e4mplig f\u00f6r vegetarianer<\/li>\n<\/ul>\n<p>Nypon har uppskattats av \u00f6rtl\u00e4kare i \u00e5rhundraden. V\u00e5r produkt \u00e4r en av Storbritanniens starkaste, med 500 mg standardiserat nyponextrakt per tablett, fr\u00e5n 10 000 mg torkade nypon, vilket \u00e4r en niv\u00e5 som \u00f6verensst\u00e4mmer med publicerade studier. Vi uppn\u00e5r detta genom att noggrant anskaffa r\u00e5varor av h\u00f6gsta kvalitet.<\/p>\n<p>Nypon \u00e4r en naturligt rik k\u00e4lla till C-vitamin, som bidrar till normal kollagenbildning och normal funktion av brosk, tandk\u00f6tt, hud och blodk\u00e4rl, samt immunsystemets normala funktion.<\/p>\n<p><strong> Dosering<\/strong>: 1 tablett dagligen i samband med m\u00e5ltid.<\/p>\n<table style=\"height: 80px;\" border=\"1\" width=\"621\" cellspacing=\"0\" cellpadding=\"0\">\n<tbody>\n<tr>\n<td valign=\"top\" width=\"30%\"><strong>1 tablett inneh\u00e5ller<\/strong><\/td>\n<td valign=\"top\" width=\"20%\"><strong> M\u00e4ngd<\/strong><\/td>\n<td valign=\"top\" width=\"30%\"><strong>%DRI*<\/strong><\/td>\n<\/tr>\n<tr>\n<td valign=\"top\" width=\"30%\">Nypon (Som 500 mg extrakt)<\/td>\n<td valign=\"top\" width=\"20%\">10 000mg<\/td>\n<td valign=\"top\" width=\"20%\">**<\/td>\n<\/tr>\n<tr>\n<td valign=\"top\" width=\"30%\">Varav:\u00a0 Vitamin C<\/td>\n<td valign=\"top\" width=\"20%\">250 mg<\/td>\n<td valign=\"top\" width=\"20%\">313 %<\/td>\n<\/tr>\n<\/tbody>\n<\/table>\n<p><strong><em>*DRI \u00e4r dagligt referensintag. **DRI ej fastst\u00e4llt.\u00a0<\/em><\/strong><\/p>\n<p><strong>Ingredienser<\/strong>: Kalciumkarbonat, nyponextrakt ((<em>Rosa canina<\/em>) askorbinsyra, naturligt nyponextrakt),<br \/>\ncellulosa, tablettskal (glaseringsmedel: kalcium karbonat, isomalt, f\u00e4rg: j\u00e4rnoxider, hydroxypropyl<br \/>\nmetylcellulosa), klumpf\u00f6rebyggande medel (kiseldioxid, stearinsyra, magnesiumsalter av fettsyror), tv\u00e4rbundet cellulosagummi.<\/p>\n<p>Rekommenderad dos b\u00f6r ej \u00f6verskridas.<br \/>\nKosttillskott ers\u00e4tter inte en varierad kost.<br \/>\nProdukten f\u00f6rvaras o\u00e5tkomligt f\u00f6r sm\u00e5 barn.<br \/>\nRekommenderas inte till gravida och ammande.<\/p>\n","protected":false},"excerpt":{"rendered":"<p>Varje tablett ger hela 250 mg C-vitamin, vilket bidrar till normal kollagenbildning och normal funktion av brosk, tandk\u00f6tt, hud och blodk\u00e4rl, samt immunsystemets normala funktion<\/p>\n<p><strong>60 Tabletter<\/strong><\/p>\n","protected":false},"featured_media":10026,"comment_status":"closed","ping_status":"closed","template":"","meta":{"_kad_blocks_custom_css":"","_kad_blocks_head_custom_js":"","_kad_blocks_body_custom_js":"","_kad_blocks_footer_custom_js":"","_kadence_starter_templates_imported_post":false,"_kad_post_transparent":"default","_kad_post_title":"","_kad_post_layout":"default","_kad_post_sidebar_id":"","_kad_post_content_style":"default","_kad_post_vertical_padding":"default","_kad_post_feature":"","_kad_post_feature_position":"","_kad_post_header":false,"_kad_post_footer":false,"_kad_post_classname":""},"product_brand":[],"product_cat":[195,1234,277,149],"product_tag":[2208,2111,2209,788,205,2210,2211,1465,1467,1468,1028,1425,285,1622,2212,2213,1209],"class_list":{"0":"post-9955","1":"product","2":"type-product","3":"status-publish","4":"has-post-thumbnail","6":"product_cat-hud-skonhet","7":"product_cat-lamberts","8":"product_cat-muskler-och-leder","9":"product_cat-orter","10":"product_tag-10-000-mg","11":"product_tag-250-mg","12":"product_tag-500-mg-201-extrakt","13":"product_tag-antiinflammatorisk","14":"product_tag-antioxidant","15":"product_tag-blodkarlshalsa","16":"product_tag-broskfunktion","17":"product_tag-gmp-standard","18":"product_tag-hog-biotillganglighet","19":"product_tag-hudhalsa","20":"product_tag-immunforsvar","21":"product_tag-kollagenproduktion","22":"product_tag-kosttillskott","23":"product_tag-ledhalsa","24":"product_tag-nyponextrakt","25":"product_tag-vegetabilisk","26":"product_tag-vitamin-c","28":"first","29":"instock","30":"taxable","31":"shipping-taxable","32":"purchasable","33":"product-type-simple","34":"entry","35":"content-bg","36":"loop-entry"},"taxonomy_info":{"product_cat":[{"value":195,"label":"Hud &amp; Sk\u00f6nhet"},{"value":1234,"label":"Lamberts"},{"value":277,"label":"Muskler &amp; Leder"},{"value":149,"label":"\u00d6rter"}],"product_tag":[{"value":2208,"label":"10 000 mg"},{"value":2111,"label":"250 mg"},{"value":2209,"label":"500 mg 20:1-extrakt"},{"value":788,"label":"antiinflammatorisk"},{"value":205,"label":"antioxidant"},{"value":2210,"label":"blodk\u00e4rlsh\u00e4lsa"},{"value":2211,"label":"broskfunktion"},{"value":1465,"label":"GMP-standard"},{"value":1467,"label":"H\u00f6g biotillg\u00e4nglighet"},{"value":1468,"label":"Hudh\u00e4lsa"},{"value":1028,"label":"immunf\u00f6rsvar"},{"value":1425,"label":"Kollagenproduktion"},{"value":285,"label":"kosttillskott"},{"value":1622,"label":"Ledh\u00e4lsa"},{"value":2212,"label":"nyponextrakt"},{"value":2213,"label":"vegetabilisk"},{"value":1209,"label":"Vitamin C"}]},"featured_image_src_large":["https:\/\/vitaminbutiken.com\/wp-content\/uploads\/2025\/03\/8549-60-Rosehip-780x700.jpg",780,700,true],"author_info":[],"comment_info":0,"_links":{"self":[{"href":"https:\/\/vitaminbutiken.com\/en\/wp-json\/wp\/v2\/product\/9955","targetHints":{"allow":["GET"]}}],"collection":[{"href":"https:\/\/vitaminbutiken.com\/en\/wp-json\/wp\/v2\/product"}],"about":[{"href":"https:\/\/vitaminbutiken.com\/en\/wp-json\/wp\/v2\/types\/product"}],"replies":[{"embeddable":true,"href":"https:\/\/vitaminbutiken.com\/en\/wp-json\/wp\/v2\/comments?post=9955"}],"wp:featuredmedia":[{"embeddable":true,"href":"https:\/\/vitaminbutiken.com\/en\/wp-json\/wp\/v2\/media\/10026"}],"wp:attachment":[{"href":"https:\/\/vitaminbutiken.com\/en\/wp-json\/wp\/v2\/media?parent=9955"}],"wp:term":[{"taxonomy":"product_brand","embeddable":true,"href":"https:\/\/vitaminbutiken.com\/en\/wp-json\/wp\/v2\/product_brand?post=9955"},{"taxonomy":"product_cat","embeddable":true,"href":"https:\/\/vitaminbutiken.com\/en\/wp-json\/wp\/v2\/product_cat?post=9955"},{"taxonomy":"product_tag","embeddable":true,"href":"https:\/\/vitaminbutiken.com\/en\/wp-json\/wp\/v2\/product_tag?post=9955"}],"curies":[{"name":"wp","href":"https:\/\/api.w.org\/{rel}","templated":true}]}}