{"id":9944,"date":"2025-03-19T16:16:14","date_gmt":"2025-03-19T14:16:14","guid":{"rendered":"https:\/\/vitaminbutiken.multi.fi\/?post_type=product&#038;p=9944"},"modified":"2026-03-31T12:48:57","modified_gmt":"2026-03-31T10:48:57","slug":"natural-beta-carotene-15mg-lamberts","status":"publish","type":"product","link":"https:\/\/vitaminbutiken.com\/en\/produkt\/natural-beta-carotene-15mg-lamberts\/","title":{"rendered":"Natural Beta Carotene &#8211; Naturligt Betakaroten 15mg &#8211; Lamberts"},"content":{"rendered":"<p data-start=\"100\" data-end=\"142\"><strong data-start=\"100\" data-end=\"142\">Natural Beta Carotene 15 mg \u2013 Lamberts<\/strong><\/p>\n<p data-start=\"144\" data-end=\"195\"><strong data-start=\"144\" data-end=\"195\">H\u00f6gstyrka betakaroten med blandade karotenoider<\/strong><\/p>\n<p data-start=\"197\" data-end=\"459\">Lamberts\u00ae Natural Betakaroten utvinns naturligt fr\u00e5n alger och ger <strong data-start=\"264\" data-end=\"296\">15 mg betakaroten per kapsel<\/strong>. Produkten inneh\u00e5ller blandade karotenoider, som f\u00f6rekommer naturligt i m\u00e5nga frukter och gr\u00f6nsaker och har l\u00e4nge varit av stort intresse inom n\u00e4ringsforskningen.<\/p>\n<p data-start=\"461\" data-end=\"742\">Betakaroten \u00e4r ett f\u00f6rstadium till vitamin A. Kroppen omvandlar betakaroten till vitamin A vid behov, vilket g\u00f6r det till en s\u00e4ker och flexibel k\u00e4lla. \u00d6verskottet lagras i huden, d\u00e4r det kan ge en l\u00e4tt gyllene ton och \u00e4r k\u00e4nt f\u00f6r att bidra till ett visst skydd mot solens p\u00e5verkan.<\/p>\n<p><strong> Dosering<\/strong>: 1-2 Kapslar dagligen i samband med m\u00e5ltid.<\/p>\n<table style=\"height: 80px;\" border=\"1\" width=\"621\" cellspacing=\"0\" cellpadding=\"0\">\n<tbody>\n<tr>\n<td valign=\"top\" width=\"30%\"><strong>1 kapsel inneh\u00e5ller<\/strong><\/td>\n<td valign=\"top\" width=\"20%\"><strong> M\u00e4ngd<\/strong><\/td>\n<td valign=\"top\" width=\"30%\"><strong>%DRI*<\/strong><\/td>\n<\/tr>\n<tr>\n<td valign=\"top\" width=\"30%\">Blandade karotenoider<\/td>\n<td valign=\"top\" width=\"20%\">15 mg<\/td>\n<td valign=\"top\" width=\"20%\">**<\/td>\n<\/tr>\n<tr>\n<td valign=\"top\" width=\"30%\">Varav:<br \/>\nBetakaroten<\/td>\n<td valign=\"top\" width=\"20%\">14,2 mg<\/td>\n<td valign=\"top\" width=\"20%\"><\/td>\n<\/tr>\n<tr>\n<td valign=\"top\" width=\"30%\">Lutein<\/td>\n<td valign=\"top\" width=\"20%\">75 \u00b5g<\/td>\n<td valign=\"top\" width=\"20%\"><\/td>\n<\/tr>\n<tr>\n<td valign=\"top\" width=\"30%\">Zeaxantin<\/td>\n<td valign=\"top\" width=\"20%\">75 \u00b5g<\/td>\n<td valign=\"top\" width=\"20%\"><\/td>\n<\/tr>\n<tr>\n<td valign=\"top\" width=\"30%\">\u00a0motsvarande vitamin A<\/td>\n<td valign=\"top\" width=\"20%\">2 435 \u00b5g<\/td>\n<td valign=\"top\" width=\"20%\">304 %<\/td>\n<\/tr>\n<\/tbody>\n<\/table>\n<p><strong><em>*DRI \u00e4r dagligt referensintag. **DRI ej fastst\u00e4llt.\u00a0<\/em><\/strong><\/p>\n<p><strong>Ingredienser<\/strong>: kapselskal (gelatin, glycerin, f\u00e4rger:j\u00e4rnoxider), solrosfr\u00f6olja, naturligt betakaroten (med blandade tokoferoler), kiseldioxid, zeaxantin (paprikaextrakt, blandade tokoferoler, askorbinsyra), lutein (med antioxidant dl-alfa-tokoferol).<\/p>\n<p>Rekommenderad daglig dos b\u00f6r ej \u00f6verskridas.<br \/>\nKosttillskott ers\u00e4tter inte en varierad kost.<br \/>\nProdukten f\u00f6rvaras o\u00e5tkomligt f\u00f6r sm\u00e5 barn.<br \/>\nRekommenderas inte till gravida eller ammande.<\/p>\n","protected":false},"excerpt":{"rendered":"<p>15 mg naturligt betakaroten med blandade karotenoider<\/p>\n<p><strong>90 kapslar<\/strong><\/p>\n","protected":false},"featured_media":10024,"comment_status":"closed","ping_status":"closed","template":"","meta":{"_kad_blocks_custom_css":"","_kad_blocks_head_custom_js":"","_kad_blocks_body_custom_js":"","_kad_blocks_footer_custom_js":"","_kadence_starter_templates_imported_post":false,"_kad_post_transparent":"default","_kad_post_title":"","_kad_post_layout":"default","_kad_post_sidebar_id":"","_kad_post_content_style":"default","_kad_post_vertical_padding":"default","_kad_post_feature":"","_kad_post_feature_position":"","_kad_post_header":false,"_kad_post_footer":false,"_kad_post_classname":""},"product_brand":[],"product_cat":[2804,195,1234,149,155],"product_tag":[2202,1415,205,2203,1548,2204,2018,1465,1467,1468,1028,285,2205,1911,2206,2207],"class_list":{"0":"post-9944","1":"product","2":"type-product","3":"status-publish","4":"has-post-thumbnail","6":"product_cat-a-vitamin","7":"product_cat-hud-skonhet","8":"product_cat-lamberts","9":"product_cat-orter","10":"product_cat-vitaminer","11":"product_tag-15-mg","12":"product_tag-anti-aging","13":"product_tag-antioxidant","14":"product_tag-blandade-karotenoider","15":"product_tag-cellskydd","16":"product_tag-dunaliella-salina-alger","17":"product_tag-fettloslig","18":"product_tag-gmp-standard","19":"product_tag-hog-biotillganglighet","20":"product_tag-hudhalsa","21":"product_tag-immunforsvar","22":"product_tag-kosttillskott","23":"product_tag-naturlig-betakaroten","24":"product_tag-ogonhalsa","25":"product_tag-provitamin-a","26":"product_tag-solskydd","28":"first","29":"instock","30":"taxable","31":"shipping-taxable","32":"purchasable","33":"product-type-simple","34":"entry","35":"content-bg","36":"loop-entry"},"taxonomy_info":{"product_cat":[{"value":2804,"label":"A-vitamin"},{"value":195,"label":"Hud &amp; Sk\u00f6nhet"},{"value":1234,"label":"Lamberts"},{"value":149,"label":"\u00d6rter"},{"value":155,"label":"Vitaminer"}],"product_tag":[{"value":2202,"label":"15 mg"},{"value":1415,"label":"Anti-aging"},{"value":205,"label":"antioxidant"},{"value":2203,"label":"blandade karotenoider"},{"value":1548,"label":"Cellskydd"},{"value":2204,"label":"Dunaliella salina-alger"},{"value":2018,"label":"fettl\u00f6slig"},{"value":1465,"label":"GMP-standard"},{"value":1467,"label":"H\u00f6g biotillg\u00e4nglighet"},{"value":1468,"label":"Hudh\u00e4lsa"},{"value":1028,"label":"immunf\u00f6rsvar"},{"value":285,"label":"kosttillskott"},{"value":2205,"label":"naturlig betakaroten"},{"value":1911,"label":"\u00f6gonh\u00e4lsa"},{"value":2206,"label":"provitamin A"},{"value":2207,"label":"solskydd"}]},"featured_image_src_large":["https:\/\/vitaminbutiken.com\/wp-content\/uploads\/2025\/03\/8018-90-Natural-Beta-Carotene-780x700.jpg",780,700,true],"author_info":[],"comment_info":0,"_links":{"self":[{"href":"https:\/\/vitaminbutiken.com\/en\/wp-json\/wp\/v2\/product\/9944","targetHints":{"allow":["GET"]}}],"collection":[{"href":"https:\/\/vitaminbutiken.com\/en\/wp-json\/wp\/v2\/product"}],"about":[{"href":"https:\/\/vitaminbutiken.com\/en\/wp-json\/wp\/v2\/types\/product"}],"replies":[{"embeddable":true,"href":"https:\/\/vitaminbutiken.com\/en\/wp-json\/wp\/v2\/comments?post=9944"}],"wp:featuredmedia":[{"embeddable":true,"href":"https:\/\/vitaminbutiken.com\/en\/wp-json\/wp\/v2\/media\/10024"}],"wp:attachment":[{"href":"https:\/\/vitaminbutiken.com\/en\/wp-json\/wp\/v2\/media?parent=9944"}],"wp:term":[{"taxonomy":"product_brand","embeddable":true,"href":"https:\/\/vitaminbutiken.com\/en\/wp-json\/wp\/v2\/product_brand?post=9944"},{"taxonomy":"product_cat","embeddable":true,"href":"https:\/\/vitaminbutiken.com\/en\/wp-json\/wp\/v2\/product_cat?post=9944"},{"taxonomy":"product_tag","embeddable":true,"href":"https:\/\/vitaminbutiken.com\/en\/wp-json\/wp\/v2\/product_tag?post=9944"}],"curies":[{"name":"wp","href":"https:\/\/api.w.org\/{rel}","templated":true}]}}