{"id":9943,"date":"2025-03-19T16:16:14","date_gmt":"2025-03-19T14:16:14","guid":{"rendered":"https:\/\/vitaminbutiken.multi.fi\/?post_type=product&#038;p=9943"},"modified":"2026-03-13T12:15:28","modified_gmt":"2026-03-13T11:15:28","slug":"horse-chestnut-complex-lamberts","status":"publish","type":"product","link":"https:\/\/vitaminbutiken.com\/en\/produkt\/horse-chestnut-complex-lamberts\/","title":{"rendered":"Horse Chestnut Komplex &#8211; Lamberts"},"content":{"rendered":"<ul>\n<li>Lamberts\u00ae Horse Chestnut Complex \u00e4r en unik formula som kombinerar 4 \u00f6rter i bara en tablett.<\/li>\n<li>Extrakt av fr\u00f6n fr\u00e5n europeiska druvor inneh\u00e5ller en av de rikaste k\u00e4llorna till antocyanidiner.<\/li>\n<li>Antocyanidiner har identifierats som s\u00e4rskilt aktiva f\u00f6r att st\u00f6dja och reparera kollagenrika strukturer i kroppen.<\/li>\n<li>Kollagen tillverkas i kroppen och har m\u00e5nga roller inklusive att vara en strukturell del av kapill\u00e4rer, vener och art\u00e4rer.<\/li>\n<li>Rutin \u00e4r liksom antocyanidiner en av de mest v\u00e4lk\u00e4nda bioflavonoiderna och \u00e4ven denna har inkluderats.<\/li>\n<\/ul>\n<p>Lamberts\u00ae Horse Chestnut Complex \u00e4r en unik formula som kombinerar 4 \u00f6rter i bara en tablett.<\/p>\n<p>H\u00e4stkastanj (Aesculus hippocastanum) fr\u00f6 ing\u00e5r i 300 mg i denna formel. Det har en l\u00e5ng historia av anv\u00e4ndning i traditionell \u00f6rtmedicin och rekommenderas allm\u00e4nt av ut\u00f6vare idag. Butcher&#8217;s Broom (Ruscus aculeatus) \u00e4r en inhemsk medelhavsv\u00e4xt som anses vara en l\u00e4mplig partner till h\u00e4stkastanjfr\u00f6 och vi har lagt till en relevant niv\u00e5 p\u00e5 112mg.<\/p>\n<p>Extrakt av fr\u00f6n fr\u00e5n europeiska druvor inneh\u00e5ller en av de rikaste k\u00e4llorna till antocyanidiner, fr\u00e5n bioflavonoidfamiljen, och vi har inf\u00f6rlivat druvk\u00e4rneextrakt i v\u00e5r produkt. Antocyanidiner har identifierats som s\u00e4rskilt aktiva f\u00f6r att st\u00f6dja och reparera kollagenrika strukturer i kroppen . Kollagen tillverkas i kroppen och har m\u00e5nga roller inklusive att vara en strukturell del av kapill\u00e4rer, vener och art\u00e4rer. N\u00e4r kollagen f\u00f6rsvagas kan detta ge upphov till h\u00e4lsoproblem i samband med skador p\u00e5 blodk\u00e4rlsv\u00e4ggarna. Rutin \u00e4r liksom antocyanidiner en av de mest v\u00e4lk\u00e4nda bioflavonoiderna och detta har \u00e4ven inkluderats i Lamberts\u00ae Horse Chestnut Complex.<\/p>\n","protected":false},"excerpt":{"rendered":"<p>Lamberts\u00ae Horse Chestnut Complex \u00e4r en unik formula som kombinerar 4 \u00f6rter i bara en tablett.<\/p>\n<p><strong>60 Tabletter\u00a0<\/strong><\/p>\n","protected":false},"featured_media":10022,"comment_status":"closed","ping_status":"closed","template":"","meta":{"_kad_blocks_custom_css":"","_kad_blocks_head_custom_js":"","_kad_blocks_body_custom_js":"","_kad_blocks_footer_custom_js":"","_kadence_starter_templates_imported_post":false,"_kad_post_transparent":"default","_kad_post_title":"","_kad_post_layout":"default","_kad_post_sidebar_id":"","_kad_post_content_style":"default","_kad_post_vertical_padding":"default","_kad_post_feature":"","_kad_post_feature_position":"","_kad_post_header":false,"_kad_post_footer":false,"_kad_post_classname":""},"product_brand":[],"product_cat":[195,1234,277,149],"product_tag":[2192,2111,1547,2193,2194,205,718,1992,2188,1465,2195,1507,2196,2197,2198,2155,2199,2134,1996,1475,2200,2201],"class_list":{"0":"post-9943","1":"product","2":"type-product","3":"status-publish","4":"has-post-thumbnail","6":"product_cat-hud-skonhet","7":"product_cat-lamberts","8":"product_cat-muskler-och-leder","9":"product_cat-orter","10":"product_tag-112-mg","11":"product_tag-250-mg","12":"product_tag-300-mg","13":"product_tag-50-mg","14":"product_tag-aesculus-hippocastanum","15":"product_tag-antioxidant","16":"product_tag-bioflavonoider","17":"product_tag-cirkulationsstod","18":"product_tag-druvkarnextrakt","19":"product_tag-gmp-standard","20":"product_tag-hastkastanj","21":"product_tag-hog-styrka","22":"product_tag-kapillarstyrka","23":"product_tag-kollagenstod","24":"product_tag-ruscus-aculeatus","25":"product_tag-rutin","26":"product_tag-slattergubbe","27":"product_tag-standardiserat-extrakt","28":"product_tag-vaxtbaserat","29":"product_tag-veganvanlig","30":"product_tag-venhalsa","31":"product_tag-vitis-vinifera","33":"first","34":"instock","35":"taxable","36":"shipping-taxable","37":"purchasable","38":"product-type-simple","39":"entry","40":"content-bg","41":"loop-entry"},"taxonomy_info":{"product_cat":[{"value":195,"label":"Hud &amp; Sk\u00f6nhet"},{"value":1234,"label":"Lamberts"},{"value":277,"label":"Muskler &amp; Leder"},{"value":149,"label":"\u00d6rter"}],"product_tag":[{"value":2192,"label":"112 mg"},{"value":2111,"label":"250 mg"},{"value":1547,"label":"300 mg"},{"value":2193,"label":"50 mg"},{"value":2194,"label":"Aesculus hippocastanum"},{"value":205,"label":"antioxidant"},{"value":718,"label":"bioflavonoider"},{"value":1992,"label":"cirkulationsst\u00f6d"},{"value":2188,"label":"druvk\u00e4rnextrakt"},{"value":1465,"label":"GMP-standard"},{"value":2195,"label":"h\u00e4stkastanj"},{"value":1507,"label":"h\u00f6g styrka"},{"value":2196,"label":"kapill\u00e4rstyrka"},{"value":2197,"label":"kollagenst\u00f6d"},{"value":2198,"label":"Ruscus aculeatus"},{"value":2155,"label":"rutin"},{"value":2199,"label":"sl\u00e5ttergubbe"},{"value":2134,"label":"standardiserat extrakt"},{"value":1996,"label":"v\u00e4xtbaserat"},{"value":1475,"label":"veganv\u00e4nlig"},{"value":2200,"label":"venh\u00e4lsa"},{"value":2201,"label":"Vitis vinifera"}]},"featured_image_src_large":["https:\/\/vitaminbutiken.com\/wp-content\/uploads\/2025\/03\/8551-60-Horse-chestnute-coplex-780x700.jpg",780,700,true],"author_info":[],"comment_info":0,"_links":{"self":[{"href":"https:\/\/vitaminbutiken.com\/en\/wp-json\/wp\/v2\/product\/9943","targetHints":{"allow":["GET"]}}],"collection":[{"href":"https:\/\/vitaminbutiken.com\/en\/wp-json\/wp\/v2\/product"}],"about":[{"href":"https:\/\/vitaminbutiken.com\/en\/wp-json\/wp\/v2\/types\/product"}],"replies":[{"embeddable":true,"href":"https:\/\/vitaminbutiken.com\/en\/wp-json\/wp\/v2\/comments?post=9943"}],"wp:featuredmedia":[{"embeddable":true,"href":"https:\/\/vitaminbutiken.com\/en\/wp-json\/wp\/v2\/media\/10022"}],"wp:attachment":[{"href":"https:\/\/vitaminbutiken.com\/en\/wp-json\/wp\/v2\/media?parent=9943"}],"wp:term":[{"taxonomy":"product_brand","embeddable":true,"href":"https:\/\/vitaminbutiken.com\/en\/wp-json\/wp\/v2\/product_brand?post=9943"},{"taxonomy":"product_cat","embeddable":true,"href":"https:\/\/vitaminbutiken.com\/en\/wp-json\/wp\/v2\/product_cat?post=9943"},{"taxonomy":"product_tag","embeddable":true,"href":"https:\/\/vitaminbutiken.com\/en\/wp-json\/wp\/v2\/product_tag?post=9943"}],"curies":[{"name":"wp","href":"https:\/\/api.w.org\/{rel}","templated":true}]}}