{"id":9942,"date":"2025-03-19T16:16:13","date_gmt":"2025-03-19T14:16:13","guid":{"rendered":"https:\/\/vitaminbutiken.multi.fi\/?post_type=product&#038;p=9942"},"modified":"2026-04-07T11:20:28","modified_gmt":"2026-04-07T09:20:28","slug":"biotin-500mcg-lamberts","status":"publish","type":"product","link":"https:\/\/vitaminbutiken.com\/en\/produkt\/biotin-500mcg-lamberts\/","title":{"rendered":"BIOTIN 500mcg &#8211; Lamberts"},"content":{"rendered":"<p data-start=\"179\" data-end=\"228\"><strong data-start=\"179\" data-end=\"228\">F\u00f6r h\u00e5r, hud, slemhinnor och energioms\u00e4ttning<\/strong><\/p>\n<p data-start=\"230\" data-end=\"476\">Lamberts Biotin 500 \u00b5g \u00e4r ett h\u00f6gkvalitativt kosttillskott som ger ett tryggt och effektivt tillskott av biotin \u2013 ett vattenl\u00f6sligt B-vitamin som spelar en viktig roll i kroppens \u00e4mnesoms\u00e4ttning och i uppr\u00e4tth\u00e5llandet av flera viktiga funktioner.<\/p>\n<p data-start=\"685\" data-end=\"722\"><strong>F\u00f6r normalt h\u00e5r och normal hud<\/strong><\/p>\n<ul data-start=\"733\" data-end=\"864\">\n<li data-start=\"733\" data-end=\"774\">\n<p data-start=\"735\" data-end=\"774\">bidrar till att bibeh\u00e5lla normalt h\u00e5r<\/p>\n<\/li>\n<li data-start=\"775\" data-end=\"815\">\n<p data-start=\"777\" data-end=\"815\">bidrar till att bibeh\u00e5lla normal hud<\/p>\n<\/li>\n<li data-start=\"816\" data-end=\"864\">\n<p data-start=\"818\" data-end=\"864\">bidrar till att bibeh\u00e5lla normala slemhinnor<\/p>\n<\/li>\n<\/ul>\n<p data-start=\"866\" data-end=\"1025\">Biotin \u00e4r ett popul\u00e4rt tillskott f\u00f6r dig som vill st\u00f6dja h\u00e5rets och hudens normala struktur och funktion, s\u00e4rskilt vid perioder av f\u00f6r\u00e4ndring eller \u00f6kat behov.<\/p>\n<p data-start=\"1032\" data-end=\"1073\"><strong>Bidrar till normal energioms\u00e4ttning<\/strong><\/p>\n<ul data-start=\"1096\" data-end=\"1166\">\n<li data-start=\"1096\" data-end=\"1123\">\n<p data-start=\"1098\" data-end=\"1123\">normal energioms\u00e4ttning<\/p>\n<\/li>\n<li data-start=\"1124\" data-end=\"1166\">\n<p data-start=\"1126\" data-end=\"1166\">normal oms\u00e4ttning av makron\u00e4rings\u00e4mnen<\/p>\n<\/li>\n<\/ul>\n<p data-start=\"1168\" data-end=\"1323\">Det inneb\u00e4r att biotin hj\u00e4lper kroppen att oms\u00e4tta kolhydrater, fetter och proteiner p\u00e5 ett effektivt s\u00e4tt och st\u00f6djer kroppens naturliga energiproduktion.<\/p>\n<p data-start=\"1330\" data-end=\"1381\"><strong>St\u00f6d f\u00f6r nervsystem och psykologisk funktion<\/strong><\/p>\n<ul data-start=\"1409\" data-end=\"1475\">\n<li data-start=\"1409\" data-end=\"1443\">\n<p data-start=\"1411\" data-end=\"1443\">nervsystemets normala funktion<\/p>\n<\/li>\n<li data-start=\"1444\" data-end=\"1475\">\n<p data-start=\"1446\" data-end=\"1475\">normal psykologisk funktion<\/p>\n<\/li>\n<\/ul>\n<p data-start=\"1477\" data-end=\"1587\">Detta g\u00f6r biotin till ett relevant tillskott f\u00f6r dig som vill st\u00f6dja b\u00e5de mental och fysisk balans i vardagen.<\/p>\n<p data-start=\"1594\" data-end=\"1620\"><strong>Kvalitet fr\u00e5n Lamberts<\/strong><\/p>\n<p data-start=\"1622\" data-end=\"1826\">Lamberts \u00e4r k\u00e4nt f\u00f6r sina h\u00f6ga kvalitetsstandarder och noggrant kontrollerade r\u00e5varor. Biotin 500 \u00b5g \u00e4r tillverkat enligt strikta kvalitetskrav f\u00f6r att s\u00e4kerst\u00e4lla renhet, stabilitet och korrekt dosering.<\/p>\n<p data-start=\"1828\" data-end=\"1930\">Tabletterna \u00e4r sm\u00e5 och l\u00e4tta att sv\u00e4lja och passar v\u00e4l f\u00f6r dagligt bruk enligt rekommenderad dosering.<\/p>\n<p><strong>Dosering:<\/strong>\u00a01\u00a0till\u00a03\u00a0kapslar\u00a0per dag med m\u00e5ltid.<\/p>\n<table style=\"height: 80px;\" border=\"1\" width=\"621\" cellspacing=\"0\" cellpadding=\"0\">\n<tbody>\n<tr>\n<td valign=\"top\" width=\"30%\"><strong>1 kapsel inneh\u00e5ller<\/strong><\/td>\n<td valign=\"top\" width=\"20%\"><strong> M\u00e4ngd<\/strong><\/td>\n<td valign=\"top\" width=\"30%\"><strong>%DRI*<\/strong><\/td>\n<\/tr>\n<tr>\n<td valign=\"top\" width=\"30%\">Biotin<\/td>\n<td valign=\"top\" width=\"20%\">500 \u00b5g<\/td>\n<td valign=\"top\" width=\"20%\">1 000 %<\/td>\n<\/tr>\n<\/tbody>\n<\/table>\n<p><strong><em>*DRI \u00e4r dagligt referensintag. <\/em><\/strong><\/p>\n<p><strong>Ingredienser<\/strong>: Rispulver, kapselskal (hydroxypropylmetylcellulosa), klumpf\u00f6rebyggande medel (magnesiumsalter av fettsyror, kiseldioxid), biotin.<\/p>\n<p>Rekommenderad daglig dos b\u00f6r ej \u00f6verskridas.<br \/>\nKosttillskott ers\u00e4tter inte en varierad kost.<br \/>\nProdukten f\u00f6rvaras o\u00e5tkomligt f\u00f6r sm\u00e5 barn.<\/p>\n","protected":false},"excerpt":{"rendered":"<p><strong>Lamberts Biotin 500 \u00b5g<\/strong> \u00e4r ett h\u00f6gdoserat och kvalitativt biotintillskott som bidrar till normalt h\u00e5r, normal hud, normala slemhinnor, normal energioms\u00e4ttning samt nervsystemets och den psykologiska funktionens normala funktion.<\/p>\n<p><strong>F\u00f6r h\u00e5r, hud och naglar<\/strong><\/p>\n<p><strong>90 kapslar<\/strong><\/p>\n","protected":false},"featured_media":10020,"comment_status":"closed","ping_status":"closed","template":"","meta":{"_kad_blocks_custom_css":"","_kad_blocks_head_custom_js":"","_kad_blocks_body_custom_js":"","_kad_blocks_footer_custom_js":"","_kadence_starter_templates_imported_post":false,"_kad_post_transparent":"default","_kad_post_title":"","_kad_post_layout":"default","_kad_post_sidebar_id":"","_kad_post_content_style":"default","_kad_post_vertical_padding":"default","_kad_post_feature":"","_kad_post_feature_position":"","_kad_post_header":false,"_kad_post_footer":false,"_kad_post_classname":""},"product_brand":[],"product_cat":[348,195,1234,155],"product_tag":[2191,477,1584,1465,1447,1507,1468,285,1934,1472,1652,1654,2142,1475,689],"class_list":{"0":"post-9942","1":"product","2":"type-product","3":"status-publish","4":"has-post-thumbnail","6":"product_cat-b-vitamin","7":"product_cat-hud-skonhet","8":"product_cat-lamberts","9":"product_cat-vitaminer","10":"product_tag-500-g","11":"product_tag-biotin","12":"product_tag-energiomsattning","13":"product_tag-gmp-standard","14":"product_tag-harhalsa","15":"product_tag-hog-styrka","16":"product_tag-hudhalsa","17":"product_tag-kosttillskott","18":"product_tag-mental-prestation","19":"product_tag-nagelhalsa","20":"product_tag-nervsystemets-funktion","21":"product_tag-trotthetsreducering","22":"product_tag-vattenloslig-vitamin","23":"product_tag-veganvanlig","24":"product_tag-vitamin-b7","26":"first","27":"instock","28":"taxable","29":"shipping-taxable","30":"purchasable","31":"product-type-simple","32":"entry","33":"content-bg","34":"loop-entry"},"taxonomy_info":{"product_cat":[{"value":348,"label":"B-vitamin"},{"value":195,"label":"Hud &amp; Sk\u00f6nhet"},{"value":1234,"label":"Lamberts"},{"value":155,"label":"Vitaminer"}],"product_tag":[{"value":2191,"label":"500 \u00b5g"},{"value":477,"label":"Biotin"},{"value":1584,"label":"Energioms\u00e4ttning"},{"value":1465,"label":"GMP-standard"},{"value":1447,"label":"H\u00e5rh\u00e4lsa"},{"value":1507,"label":"h\u00f6g styrka"},{"value":1468,"label":"Hudh\u00e4lsa"},{"value":285,"label":"kosttillskott"},{"value":1934,"label":"mental prestation"},{"value":1472,"label":"nagelh\u00e4lsa"},{"value":1652,"label":"nervsystemets funktion"},{"value":1654,"label":"tr\u00f6tthetsreducering"},{"value":2142,"label":"vattenl\u00f6slig vitamin"},{"value":1475,"label":"veganv\u00e4nlig"},{"value":689,"label":"vitamin B7"}]},"featured_image_src_large":["https:\/\/vitaminbutiken.com\/wp-content\/uploads\/2025\/03\/8068-90-Biotin-500-mcg-780x700.jpg",780,700,true],"author_info":[],"comment_info":0,"_links":{"self":[{"href":"https:\/\/vitaminbutiken.com\/en\/wp-json\/wp\/v2\/product\/9942","targetHints":{"allow":["GET"]}}],"collection":[{"href":"https:\/\/vitaminbutiken.com\/en\/wp-json\/wp\/v2\/product"}],"about":[{"href":"https:\/\/vitaminbutiken.com\/en\/wp-json\/wp\/v2\/types\/product"}],"replies":[{"embeddable":true,"href":"https:\/\/vitaminbutiken.com\/en\/wp-json\/wp\/v2\/comments?post=9942"}],"wp:featuredmedia":[{"embeddable":true,"href":"https:\/\/vitaminbutiken.com\/en\/wp-json\/wp\/v2\/media\/10020"}],"wp:attachment":[{"href":"https:\/\/vitaminbutiken.com\/en\/wp-json\/wp\/v2\/media?parent=9942"}],"wp:term":[{"taxonomy":"product_brand","embeddable":true,"href":"https:\/\/vitaminbutiken.com\/en\/wp-json\/wp\/v2\/product_brand?post=9942"},{"taxonomy":"product_cat","embeddable":true,"href":"https:\/\/vitaminbutiken.com\/en\/wp-json\/wp\/v2\/product_cat?post=9942"},{"taxonomy":"product_tag","embeddable":true,"href":"https:\/\/vitaminbutiken.com\/en\/wp-json\/wp\/v2\/product_tag?post=9942"}],"curies":[{"name":"wp","href":"https:\/\/api.w.org\/{rel}","templated":true}]}}