{"id":9941,"date":"2025-03-19T16:16:13","date_gmt":"2025-03-19T14:16:13","guid":{"rendered":"https:\/\/vitaminbutiken.multi.fi\/?post_type=product&#038;p=9941"},"modified":"2026-04-08T13:20:37","modified_gmt":"2026-04-08T11:20:37","slug":"multi-guard-sport-lamberts","status":"publish","type":"product","link":"https:\/\/vitaminbutiken.com\/en\/produkt\/multi-guard-sport-lamberts\/","title":{"rendered":"Multi-Guard\u00ae Sport &#8211; Lamberts"},"content":{"rendered":"<p data-start=\"158\" data-end=\"190\"><strong>Multi-Guard\u00ae Sport \u2013 Lamberts<\/strong><\/p>\n<p data-start=\"192\" data-end=\"500\">Multi-Guard\u00ae Sport \u00e4r ett mycket komplett multivitamin- och mineraltillskott, s\u00e4rskilt utvecklat f\u00f6r idrottare och personer som tr\u00e4nar h\u00e5rt. Produkten inneh\u00e5ller <strong data-start=\"354\" data-end=\"414\">26 vitaminer och mineraler samt kraftfulla antioxidanter<\/strong>, och fungerar som en stabil bas f\u00f6r att m\u00f6ta kroppens \u00f6kade n\u00e4ringsbehov vid tr\u00e4ning.<\/p>\n<p data-start=\"502\" data-end=\"555\"><strong>Extra fokus p\u00e5 energi, muskler och \u00e5terh\u00e4mtning<\/strong><\/p>\n<p data-start=\"556\" data-end=\"823\">Magnesium ing\u00e5r i full dagsdos (<strong data-start=\"588\" data-end=\"606\">375 mg per dag<\/strong>), eftersom det spelar en viktig roll i kroppens energiproduktion och muskel\u00adfunktion. Brist p\u00e5 magnesium har kopplats till muskel\u00f6mhet efter tr\u00e4ning, och mineralet bidrar \u00e4ven till att minska tr\u00f6tthet och utmattning.<\/p>\n<p data-start=\"825\" data-end=\"960\">F\u00f6r att st\u00f6dja skelettets h\u00e4lsa inneh\u00e5ller formeln \u00e4ven <strong data-start=\"881\" data-end=\"909\">vitamin D3 och vitamin K<\/strong> i gener\u00f6sa m\u00e4ngder, i linje med aktuell forskning.<\/p>\n<p data-start=\"962\" data-end=\"995\"><strong>Kraftfullt antioxidantskydd<\/strong><\/p>\n<p data-start=\"996\" data-end=\"1188\">Intensiv tr\u00e4ning \u00f6kar bildningen av fria radikaler, vilket kan t\u00f6mma kroppens antioxidantf\u00f6rr\u00e5d. D\u00e4rf\u00f6r inneh\u00e5ller Multi-Guard\u00ae Sport b\u00e5de klassiska antioxidanter och v\u00e4xtextrakt, bland annat:<\/p>\n<ul data-start=\"1190\" data-end=\"1279\">\n<li data-start=\"1190\" data-end=\"1209\">\n<p data-start=\"1192\" data-end=\"1209\">Vitamin C och E<\/p>\n<\/li>\n<li data-start=\"1210\" data-end=\"1219\">\n<p data-start=\"1212\" data-end=\"1219\">Selen<\/p>\n<\/li>\n<li data-start=\"1220\" data-end=\"1240\">\n<p data-start=\"1222\" data-end=\"1240\">Druvk\u00e4rneextrakt<\/p>\n<\/li>\n<li data-start=\"1241\" data-end=\"1254\">\n<p data-start=\"1243\" data-end=\"1254\">Quercetin<\/p>\n<\/li>\n<li data-start=\"1255\" data-end=\"1279\">\n<p data-start=\"1257\" data-end=\"1279\">Citrusbioflavonoider<\/p>\n<\/li>\n<\/ul>\n<p data-start=\"1281\" data-end=\"1402\">Produkten inneh\u00e5ller dessutom <strong data-start=\"1311\" data-end=\"1342\">200 \u00b5g krom (krompikolinat)<\/strong>, som bidrar till att uppr\u00e4tth\u00e5lla normala blodsockerniv\u00e5er.<\/p>\n<h3 data-start=\"1404\" data-end=\"1427\">Kort sammanfattning<\/h3>\n<ul data-start=\"1428\" data-end=\"1708\">\n<li data-start=\"1428\" data-end=\"1489\">\n<p data-start=\"1430\" data-end=\"1489\">Inneh\u00e5ller <strong data-start=\"1441\" data-end=\"1487\">26 vitaminer och mineraler + antioxidanter<\/strong><\/p>\n<\/li>\n<li data-start=\"1490\" data-end=\"1538\">\n<p data-start=\"1492\" data-end=\"1538\">Utvecklad f\u00f6r idrottare och intensiv tr\u00e4ning<\/p>\n<\/li>\n<li data-start=\"1539\" data-end=\"1580\">\n<p data-start=\"1541\" data-end=\"1580\">Fullt dagsintag av magnesium (375 mg)<\/p>\n<\/li>\n<li data-start=\"1581\" data-end=\"1627\">\n<p data-start=\"1583\" data-end=\"1627\">Vitamin D3 och vitamin K i gener\u00f6sa niv\u00e5er<\/p>\n<\/li>\n<li data-start=\"1628\" data-end=\"1669\">\n<p data-start=\"1630\" data-end=\"1669\">Inneh\u00e5ller v\u00e4xtbaserade antioxidanter<\/p>\n<\/li>\n<li data-start=\"1670\" data-end=\"1708\">\n<p data-start=\"1672\" data-end=\"1708\">200 \u00b5g krom f\u00f6r normalt blodsocker<\/p>\n<\/li>\n<\/ul>\n<p><strong> Dosering<\/strong>: 2 tabletter dagligen i samband med m\u00e5ltid.<\/p>\n<table style=\"height: 80px;\" border=\"1\" width=\"621\" cellspacing=\"0\" cellpadding=\"0\">\n<tbody>\n<tr>\n<td valign=\"top\" width=\"30%\"><strong>2 tabletter inneh\u00e5ller<\/strong><\/td>\n<td valign=\"top\" width=\"20%\"><strong> M\u00e4ngd<\/strong><\/td>\n<td valign=\"top\" width=\"30%\"><strong>%DRI*<\/strong><\/td>\n<\/tr>\n<tr>\n<td valign=\"top\" width=\"30%\">Vitamin A<\/td>\n<td valign=\"top\" width=\"20%\">800 \u00b5g RE<\/td>\n<td valign=\"top\" width=\"20%\">100 %<\/td>\n<\/tr>\n<tr>\n<td valign=\"top\" width=\"30%\">Vitamin D3<\/td>\n<td valign=\"top\" width=\"20%\">15 \u00b5g<\/td>\n<td valign=\"top\" width=\"20%\">300 %<\/td>\n<\/tr>\n<tr>\n<td valign=\"top\" width=\"30%\">Vitamin E<\/td>\n<td valign=\"top\" width=\"20%\">36 mg a-TE<\/td>\n<td valign=\"top\" width=\"20%\">300 %<\/td>\n<\/tr>\n<tr>\n<td valign=\"top\" width=\"30%\">Vitamin K1<\/td>\n<td valign=\"top\" width=\"20%\">75 \u00b5g<\/td>\n<td valign=\"top\" width=\"20%\">100 %<\/td>\n<\/tr>\n<tr>\n<td valign=\"top\" width=\"30%\">Vitamin C<\/td>\n<td valign=\"top\" width=\"20%\">200 mg<\/td>\n<td valign=\"top\" width=\"20%\">250 %<\/td>\n<\/tr>\n<tr>\n<td valign=\"top\" width=\"30%\">Tiamin (B1)<\/td>\n<td valign=\"top\" width=\"20%\">3,3 mg<\/td>\n<td valign=\"top\" width=\"20%\">300 %<\/td>\n<\/tr>\n<tr>\n<td valign=\"top\" width=\"30%\">Riboflavin (B2)<\/td>\n<td valign=\"top\" width=\"20%\">4,2 mg<\/td>\n<td valign=\"top\" width=\"20%\">300 %<\/td>\n<\/tr>\n<tr>\n<td valign=\"top\" width=\"30%\">Niasin (B3)<\/td>\n<td valign=\"top\" width=\"20%\">32 mg NE<\/td>\n<td valign=\"top\" width=\"20%\">200 %<\/td>\n<\/tr>\n<tr>\n<td valign=\"top\" width=\"30%\">Vitamin B6<\/td>\n<td valign=\"top\" width=\"20%\">4,2 mg<\/td>\n<td valign=\"top\" width=\"20%\">300 %<\/td>\n<\/tr>\n<tr>\n<td valign=\"top\" width=\"30%\">Folsyra<\/td>\n<td valign=\"top\" width=\"20%\">400 \u00b5g<\/td>\n<td valign=\"top\" width=\"20%\">200 %<\/td>\n<\/tr>\n<tr>\n<td valign=\"top\" width=\"30%\">Vitamin B12<\/td>\n<td valign=\"top\" width=\"20%\">7,5 \u00b5g<\/td>\n<td valign=\"top\" width=\"20%\">300 %<\/td>\n<\/tr>\n<tr>\n<td valign=\"top\" width=\"30%\">Biotin<\/td>\n<td valign=\"top\" width=\"20%\">150 \u00b5g<\/td>\n<td valign=\"top\" width=\"20%\">300 %<\/td>\n<\/tr>\n<tr>\n<td valign=\"top\" width=\"30%\">Pantotensyra<\/td>\n<td valign=\"top\" width=\"20%\">18 mg<\/td>\n<td valign=\"top\" width=\"20%\">300 %<\/td>\n<\/tr>\n<tr>\n<td valign=\"top\" width=\"30%\">Kalcium<\/td>\n<td valign=\"top\" width=\"20%\">120 mg<\/td>\n<td valign=\"top\" width=\"20%\">15 %<\/td>\n<\/tr>\n<tr>\n<td valign=\"top\" width=\"30%\">Magnesium<\/td>\n<td valign=\"top\" width=\"20%\">376 mg<\/td>\n<td valign=\"top\" width=\"20%\">100 %<\/td>\n<\/tr>\n<tr>\n<td valign=\"top\" width=\"30%\">J\u00e4rn<\/td>\n<td valign=\"top\" width=\"20%\">7 mg<\/td>\n<td valign=\"top\" width=\"20%\">50 %<\/td>\n<\/tr>\n<tr>\n<td valign=\"top\" width=\"30%\">Zink<\/td>\n<td valign=\"top\" width=\"20%\">15 mg<\/td>\n<td valign=\"top\" width=\"20%\">150 %<\/td>\n<\/tr>\n<tr>\n<td valign=\"top\" width=\"30%\">Koppar<\/td>\n<td valign=\"top\" width=\"20%\">1 mg<\/td>\n<td valign=\"top\" width=\"20%\">100 %<\/td>\n<\/tr>\n<tr>\n<td valign=\"top\" width=\"30%\">Mangan<\/td>\n<td valign=\"top\" width=\"20%\">4 mg<\/td>\n<td valign=\"top\" width=\"20%\">200 %<\/td>\n<\/tr>\n<tr>\n<td valign=\"top\" width=\"30%\">Selen<\/td>\n<td valign=\"top\" width=\"20%\">200 \u00b5g<\/td>\n<td valign=\"top\" width=\"20%\">364 %<\/td>\n<\/tr>\n<tr>\n<td valign=\"top\" width=\"30%\">Krom<\/td>\n<td valign=\"top\" width=\"20%\">200 \u00b5g<\/td>\n<td valign=\"top\" width=\"20%\">500 %<\/td>\n<\/tr>\n<tr>\n<td valign=\"top\" width=\"30%\">Jod<\/td>\n<td valign=\"top\" width=\"20%\">150 \u00b5g<\/td>\n<td valign=\"top\" width=\"20%\">100 %<\/td>\n<\/tr>\n<tr>\n<td valign=\"top\" width=\"30%\">Kolin<\/td>\n<td valign=\"top\" width=\"20%\">5 mg<\/td>\n<td valign=\"top\" width=\"20%\">**<\/td>\n<\/tr>\n<tr>\n<td valign=\"top\" width=\"30%\">Inositol<\/td>\n<td valign=\"top\" width=\"20%\">5 mg<\/td>\n<td valign=\"top\" width=\"20%\">**<\/td>\n<\/tr>\n<tr>\n<td valign=\"top\" width=\"30%\">PABA<\/td>\n<td valign=\"top\" width=\"20%\">7 mg<\/td>\n<td valign=\"top\" width=\"20%\">**<\/td>\n<\/tr>\n<tr>\n<td valign=\"top\" width=\"30%\">Rutin<\/td>\n<td valign=\"top\" width=\"20%\">30 mg<\/td>\n<td valign=\"top\" width=\"20%\">**<\/td>\n<\/tr>\n<tr>\n<td valign=\"top\" width=\"30%\">Citrus bioflavonoider<\/td>\n<td valign=\"top\" width=\"20%\">30 mg<\/td>\n<td valign=\"top\" width=\"20%\">**<\/td>\n<\/tr>\n<tr>\n<td valign=\"top\" width=\"30%\">Druvfr\u00f6extrakt<\/td>\n<td valign=\"top\" width=\"20%\">10 mg<\/td>\n<td valign=\"top\" width=\"20%\">**<\/td>\n<\/tr>\n<tr>\n<td valign=\"top\" width=\"30%\">Kversetin<\/td>\n<td valign=\"top\" width=\"20%\">25 mg<\/td>\n<td valign=\"top\" width=\"20%\">**<\/td>\n<\/tr>\n<\/tbody>\n<\/table>\n<p><strong><em>*DRI \u00e4r dagligt referensintag. **DRI ej fastst\u00e4llt.\u00a0<\/em><\/strong><\/p>\n<p><strong>Ingredienser<\/strong>: Magnesiumoxid, fyllnadsmedel (cellulosa), kalciumkarbonat, askorbinsyra, dl-alfa-tokoferolacetat, tablettskal<br \/>\n(hydroxypropylmetylcellulosa, polydextros, kalciumkarbonat, f\u00e4rg: j\u00e4rnoxider), klumpf\u00f6rebyggande medel (kiseldioxid, stearinsyra,<br \/>\nmagnesiumsalter av fettsyror), zinkcitrat, manganglukonat, vitamin B3 (nikotinamid), rutin, citrusbioflavonoider, tv\u00e4rbundet<br \/>\ncellulosagummi, quercetin-dihydrat, j\u00e4rnfumarat, vitamin B5 (pantotensyra), kolinbitartrat, druvk\u00e4rneextrakt (vitis vinifera),<br \/>\nvitamin A-acetat, vitamin D (kolekalciferol), kopparglukonat, para-aminobensoesyra, vitamin B6 (pyridoxinhydroklorid),<br \/>\ninositol,vitamin B2 (riboflavin), vitamin B1 (tiaminmononitrat), krom pikolinat, vitamin K1 (fyllokinon), vitamin B12 (cyanokobalamin), folsyra, natriumselenit, kaliumjodid, biotin.<\/p>\n<p>Rekommenderad daglig dos b\u00f6r ej \u00f6verskridas.<br \/>\nKosttillskott ers\u00e4tter inte en varierad kost.<br \/>\nProdukten f\u00f6rvaras o\u00e5tkomligt f\u00f6r sm\u00e5 barn.<br \/>\nRekommenderas inte till gravida eller ammande.<\/p>\n","protected":false},"excerpt":{"rendered":"<p>Den mest omfattande multivitamin- och mineralprodukten som finns tillg\u00e4nglig f\u00f6r idrottare och f\u00f6r alla som ut\u00f6var rigor\u00f6s tr\u00e4ning.<\/p>\n<p><strong>60 tabletter<\/strong><\/p>\n","protected":false},"featured_media":10011,"comment_status":"closed","ping_status":"closed","template":"","meta":{"_kad_blocks_custom_css":"","_kad_blocks_head_custom_js":"","_kad_blocks_body_custom_js":"","_kad_blocks_footer_custom_js":"","_kadence_starter_templates_imported_post":false,"_kad_post_transparent":"default","_kad_post_title":"","_kad_post_layout":"default","_kad_post_sidebar_id":"","_kad_post_content_style":"default","_kad_post_vertical_padding":"default","_kad_post_feature":"","_kad_post_feature_position":"","_kad_post_header":false,"_kad_post_footer":false,"_kad_post_classname":""},"product_brand":[],"product_cat":[1234,278,155],"product_tag":[2185,1227,1645,2186,2187,2188,1647,1465,1507,2189,1635,1974,1165,1651,1219,347,2190,2134,1654,1475,1209,713,1211,714],"class_list":{"0":"post-9941","1":"product","2":"type-product","3":"status-publish","4":"has-post-thumbnail","6":"product_cat-lamberts","7":"product_cat-traning","8":"product_cat-vitaminer","9":"product_tag-26-vitaminer-och-mineraler","10":"product_tag-antioxidanter","11":"product_tag-benhalsa","12":"product_tag-blodsockerbalans","13":"product_tag-citrusbioflavonoider","14":"product_tag-druvkarnextrakt","15":"product_tag-energiproduktion","16":"product_tag-gmp-standard","17":"product_tag-hog-styrka","18":"product_tag-krom-200-g","19":"product_tag-magnesium-375-mg","20":"product_tag-multimineral","21":"product_tag-multivitamin","22":"product_tag-muskelhalsa","23":"product_tag-quercetin","24":"product_tag-selen","25":"product_tag-sporttillskott","26":"product_tag-standardiserat-extrakt","27":"product_tag-trotthetsreducering","28":"product_tag-veganvanlig","29":"product_tag-vitamin-c","30":"product_tag-vitamin-d3","31":"product_tag-vitamin-e","32":"product_tag-vitamin-k","34":"first","35":"outofstock","36":"taxable","37":"shipping-taxable","38":"purchasable","39":"product-type-simple","40":"entry","41":"content-bg","42":"loop-entry"},"taxonomy_info":{"product_cat":[{"value":1234,"label":"Lamberts"},{"value":278,"label":"Tr\u00e4ning"},{"value":155,"label":"Vitaminer"}],"product_tag":[{"value":2185,"label":"26 vitaminer och mineraler"},{"value":1227,"label":"antioxidanter"},{"value":1645,"label":"Benh\u00e4lsa"},{"value":2186,"label":"Blodsockerbalans"},{"value":2187,"label":"citrusbioflavonoider"},{"value":2188,"label":"druvk\u00e4rnextrakt"},{"value":1647,"label":"energiproduktion"},{"value":1465,"label":"GMP-standard"},{"value":1507,"label":"h\u00f6g styrka"},{"value":2189,"label":"krom 200 \u00b5g"},{"value":1635,"label":"Magnesium 375 mg"},{"value":1974,"label":"multimineral"},{"value":1165,"label":"multivitamin"},{"value":1651,"label":"Muskelh\u00e4lsa"},{"value":1219,"label":"Quercetin"},{"value":347,"label":"Selen"},{"value":2190,"label":"sporttillskott"},{"value":2134,"label":"standardiserat extrakt"},{"value":1654,"label":"tr\u00f6tthetsreducering"},{"value":1475,"label":"veganv\u00e4nlig"},{"value":1209,"label":"Vitamin C"},{"value":713,"label":"vitamin D3"},{"value":1211,"label":"Vitamin E"},{"value":714,"label":"vitamin K"}]},"featured_image_src_large":["https:\/\/vitaminbutiken.com\/wp-content\/uploads\/2025\/03\/7023-60-Multiguard-sport-780x700.jpg",780,700,true],"author_info":[],"comment_info":0,"_links":{"self":[{"href":"https:\/\/vitaminbutiken.com\/en\/wp-json\/wp\/v2\/product\/9941","targetHints":{"allow":["GET"]}}],"collection":[{"href":"https:\/\/vitaminbutiken.com\/en\/wp-json\/wp\/v2\/product"}],"about":[{"href":"https:\/\/vitaminbutiken.com\/en\/wp-json\/wp\/v2\/types\/product"}],"replies":[{"embeddable":true,"href":"https:\/\/vitaminbutiken.com\/en\/wp-json\/wp\/v2\/comments?post=9941"}],"wp:featuredmedia":[{"embeddable":true,"href":"https:\/\/vitaminbutiken.com\/en\/wp-json\/wp\/v2\/media\/10011"}],"wp:attachment":[{"href":"https:\/\/vitaminbutiken.com\/en\/wp-json\/wp\/v2\/media?parent=9941"}],"wp:term":[{"taxonomy":"product_brand","embeddable":true,"href":"https:\/\/vitaminbutiken.com\/en\/wp-json\/wp\/v2\/product_brand?post=9941"},{"taxonomy":"product_cat","embeddable":true,"href":"https:\/\/vitaminbutiken.com\/en\/wp-json\/wp\/v2\/product_cat?post=9941"},{"taxonomy":"product_tag","embeddable":true,"href":"https:\/\/vitaminbutiken.com\/en\/wp-json\/wp\/v2\/product_tag?post=9941"}],"curies":[{"name":"wp","href":"https:\/\/api.w.org\/{rel}","templated":true}]}}