{"id":9940,"date":"2025-03-19T16:16:13","date_gmt":"2025-03-19T14:16:13","guid":{"rendered":"https:\/\/vitaminbutiken.multi.fi\/?post_type=product&#038;p=9940"},"modified":"2026-03-13T12:15:46","modified_gmt":"2026-03-13T11:15:46","slug":"chewable-glucosamine-complex-for-dogs-cats-lamberts","status":"publish","type":"product","link":"https:\/\/vitaminbutiken.com\/en\/produkt\/chewable-glucosamine-complex-for-dogs-cats-lamberts\/","title":{"rendered":"Chewable Glucosamine Komplex for Dogs &#038; Cats &#8211; Lamberts"},"content":{"rendered":"<p><strong>Chewable Glucosamine Complex for Dogs &amp; Cats &#8211; Lamberts\u00a0<\/strong><\/p>\n<p>Dessa tabletter har tagits fram speciellt med hj\u00e4lp av experter. Med en unik kombination av ingredienser; glukosaminsulfat, vitamin C och E, detta \u00e4r ett idealiskt tillskott f\u00f6r hundar, vilket hj\u00e4lper till att s\u00e4kerst\u00e4lla att de f\u00e5r det optimala intaget av dessa viktiga n\u00e4rings\u00e4mnen, oavsett \u00e5lder.<\/p>\n<p>Glukosamin &#8211; vi anv\u00e4nder endast det renaste glukosaminsulfatet, framst\u00e4llt enligt samma strikta GMP-standarder som v\u00e5rt vanliga glukosaminsortiment.<\/p>\n<p>Vitamin E &#8211; detta v\u00e4lk\u00e4nda vitamin bidrar till att skydda kroppens celler fr\u00e5n oxidativ stress orsakad av reaktiva f\u00f6reningar som kallas &#8220;fria radikaler&#8221;. Och vi har lagt till en rimlig niv\u00e5 p\u00e5 drygt 50 % RDA.<\/p>\n<p>Vitamin C &#8211; en mild, icke sur form av vitamin C som kalciumaskorbat, som \u00e4r sn\u00e4ll mot ditt husdjurs t\u00e4nder och skonsam mot magen. Varje tablett inneh\u00e5ller \u00f6ver 60 % RDA. Varje tablett kan l\u00e4ggas till hel, smulas \u00f6ver maten eller till och med ges till dem som en godbit!<\/p>\n<ul>\n<li>En unik kombination av ingredienser; glukosaminsulfat, vitamin C och E<\/li>\n<li>Ett idealiskt tillskott f\u00f6r hundar som hj\u00e4lper till att s\u00e4kerst\u00e4lla att de f\u00e5r det optimala intaget av dessa v\u00e4rdefulla n\u00e4rings\u00e4mnen<\/li>\n<li>Vi anv\u00e4nder det renaste glukosaminsulfatet, framst\u00e4llt enligt samma strikta GMP-standarder som v\u00e5rt vanliga glukosaminsortiment<\/li>\n<li>Smakfulla tabletter med n\u00f6tk\u00f6ttsmak\n<p><strong>Dosering<\/strong>: Katter: 1 tablett.<br \/>\nValp (6-12 m\u00e5n.) 1 tablett.<br \/>\nLiten hund (0-10 kg) 1 tablett.<br \/>\nMedelstor hund (10-25 kg) 2 tabletter.<br \/>\nStor hund (25 kg+) 3 tabletter.<\/p>\n<table style=\"height: 80px;\" border=\"1\" width=\"621\" cellspacing=\"0\" cellpadding=\"0\">\n<tbody>\n<tr>\n<td valign=\"top\" width=\"30%\"><strong>1 tablett inneh\u00e5ller<\/strong><\/td>\n<td valign=\"top\" width=\"20%\"><strong> M\u00e4ngd<\/strong><\/td>\n<\/tr>\n<tr>\n<td valign=\"top\" width=\"30%\">Vitamin C (Askorbinsyra)<\/td>\n<td valign=\"top\" width=\"20%\">50 mg<\/td>\n<\/tr>\n<tr>\n<td valign=\"top\" width=\"30%\">Vitamin E (dl-alfatokoferol)<\/td>\n<td valign=\"top\" width=\"20%\">10 iu<\/td>\n<\/tr>\n<\/tbody>\n<\/table>\n<p><strong><em>*DRI \u00e4r dagligt referensintag.<\/em><\/strong><\/p>\n<p><strong>Ingredienser<\/strong>: Glukosaminsulfat 2KCl (fr\u00e5n kr\u00e4ftdjur) (62%), j\u00e4st, vitamin C (som askorbinsyra), vitamin E (som dl-alfa tokoferol), naturlig arom (n\u00f6tk\u00f6tt), stearinsyra, kiseldioxid, magnesiumsalter av fettsyror.<\/p>\n<p><strong> OBS<\/strong>! Endast f\u00f6r djurbruk!<\/p>\n<p>F\u00f6r b\u00e4sta resultat b\u00f6r tabletterna tills\u00e4ttas hela<br \/>\neller blandas i fuktig mat och sedan blandas v\u00e4l.<\/li>\n<\/ul>\n","protected":false},"excerpt":{"rendered":"<p>Ett idealiskt tillskott f\u00f6r hundar som hj\u00e4lper till att s\u00e4kerst\u00e4lla att de f\u00e5r det optimala intaget av dessa v\u00e4rdefulla n\u00e4rings\u00e4mnen.<\/p>\n<p><strong>90 Tabletter<\/strong><\/p>\n","protected":false},"featured_media":10009,"comment_status":"closed","ping_status":"closed","template":"","meta":{"_kad_blocks_custom_css":"","_kad_blocks_head_custom_js":"","_kad_blocks_body_custom_js":"","_kad_blocks_footer_custom_js":"","_kadence_starter_templates_imported_post":false,"_kad_post_transparent":"default","_kad_post_title":"","_kad_post_layout":"default","_kad_post_sidebar_id":"","_kad_post_content_style":"default","_kad_post_vertical_padding":"default","_kad_post_feature":"","_kad_post_feature_position":"","_kad_post_header":false,"_kad_post_footer":false,"_kad_post_classname":""},"product_brand":[],"product_cat":[1234,1393],"product_tag":[205,2174,1506,2175,2176,2177,2178,2179,2004,2180,1622,2181,2123,2182,2183,2184,1209,1211],"class_list":{"0":"post-9940","1":"product","2":"type-product","3":"status-publish","4":"has-post-thumbnail","6":"product_cat-lamberts","7":"product_cat-ovriga-kosttillskott","8":"product_tag-antioxidant","9":"product_tag-broskstod","10":"product_tag-dagligt-tillskott","11":"product_tag-glukosamin","12":"product_tag-glukosaminsulfat","13":"product_tag-hundar","14":"product_tag-husdjur","15":"product_tag-katter","16":"product_tag-lamberts","17":"product_tag-latt-att-administrera","18":"product_tag-ledhalsa","19":"product_tag-notsmak","20":"product_tag-reviva-fi","21":"product_tag-rorlighet","22":"product_tag-seniora-husdjur","23":"product_tag-tuggtabletter","24":"product_tag-vitamin-c","25":"product_tag-vitamin-e","27":"first","28":"instock","29":"taxable","30":"shipping-taxable","31":"purchasable","32":"product-type-simple","33":"entry","34":"content-bg","35":"loop-entry"},"taxonomy_info":{"product_cat":[{"value":1234,"label":"Lamberts"},{"value":1393,"label":"\u00d6vriga kosttillskott"}],"product_tag":[{"value":205,"label":"antioxidant"},{"value":2174,"label":"broskst\u00f6d"},{"value":1506,"label":"Dagligt tillskott"},{"value":2175,"label":"Glukosamin"},{"value":2176,"label":"glukosaminsulfat"},{"value":2177,"label":"hundar"},{"value":2178,"label":"husdjur"},{"value":2179,"label":"katter"},{"value":2004,"label":"Lamberts"},{"value":2180,"label":"l\u00e4tt att administrera"},{"value":1622,"label":"Ledh\u00e4lsa"},{"value":2181,"label":"n\u00f6tsmak"},{"value":2123,"label":"Reviva.fi"},{"value":2182,"label":"r\u00f6rlighet"},{"value":2183,"label":"seniora husdjur"},{"value":2184,"label":"tuggtabletter"},{"value":1209,"label":"Vitamin C"},{"value":1211,"label":"Vitamin E"}]},"featured_image_src_large":["https:\/\/vitaminbutiken.com\/wp-content\/uploads\/2025\/03\/8997-90-Pet-nutrition-780x700.jpg",780,700,true],"author_info":[],"comment_info":0,"_links":{"self":[{"href":"https:\/\/vitaminbutiken.com\/en\/wp-json\/wp\/v2\/product\/9940","targetHints":{"allow":["GET"]}}],"collection":[{"href":"https:\/\/vitaminbutiken.com\/en\/wp-json\/wp\/v2\/product"}],"about":[{"href":"https:\/\/vitaminbutiken.com\/en\/wp-json\/wp\/v2\/types\/product"}],"replies":[{"embeddable":true,"href":"https:\/\/vitaminbutiken.com\/en\/wp-json\/wp\/v2\/comments?post=9940"}],"wp:featuredmedia":[{"embeddable":true,"href":"https:\/\/vitaminbutiken.com\/en\/wp-json\/wp\/v2\/media\/10009"}],"wp:attachment":[{"href":"https:\/\/vitaminbutiken.com\/en\/wp-json\/wp\/v2\/media?parent=9940"}],"wp:term":[{"taxonomy":"product_brand","embeddable":true,"href":"https:\/\/vitaminbutiken.com\/en\/wp-json\/wp\/v2\/product_brand?post=9940"},{"taxonomy":"product_cat","embeddable":true,"href":"https:\/\/vitaminbutiken.com\/en\/wp-json\/wp\/v2\/product_cat?post=9940"},{"taxonomy":"product_tag","embeddable":true,"href":"https:\/\/vitaminbutiken.com\/en\/wp-json\/wp\/v2\/product_tag?post=9940"}],"curies":[{"name":"wp","href":"https:\/\/api.w.org\/{rel}","templated":true}]}}