{"id":9939,"date":"2025-03-19T16:16:12","date_gmt":"2025-03-19T14:16:12","guid":{"rendered":"https:\/\/vitaminbutiken.multi.fi\/?post_type=product&#038;p=9939"},"modified":"2026-03-13T12:15:18","modified_gmt":"2026-03-13T11:15:18","slug":"dog-calming-tablets-lamberts","status":"publish","type":"product","link":"https:\/\/vitaminbutiken.com\/en\/produkt\/dog-calming-tablets-lamberts\/","title":{"rendered":"Dog calming tablets &#8211; Lamberts"},"content":{"rendered":"<p><strong>Dog calming tablets &#8211; Lamberts <\/strong><\/p>\n<ul>\n<li>Med viktiga B-vitaminer k\u00e4nda f\u00f6r sitt st\u00f6d till nervsystemet<\/li>\n<li>Magnesium f\u00f6r optimal muskel- och nervfunktion<\/li>\n<li>Extrakt av passionsblomma och citronmeliss, tv\u00e5 v\u00e4lk\u00e4nda avkopplande \u00f6rter<\/li>\n<li>L-tryptofan, en essentiell aminosyra f\u00f6r sina lugnande egenskaper.<\/li>\n<li>Enkel dosering &#8211; utformad f\u00f6r att m\u00f6ta behoven hos alla storlekar av hundar.<\/li>\n<\/ul>\n<p>Enkel dosering &#8211; utformad f\u00f6r att m\u00f6ta behoven hos alla storlekar av hundar<\/p>\n<p>Denna milda formel hj\u00e4lper till att fr\u00e4mja en k\u00e4nsla av lugn och v\u00e4lbefinnande som alla hundar (och deras \u00e4gare!) kommer att uppskatta. Perfekt f\u00f6r husdjur som besv\u00e4ras av en f\u00f6r\u00e4ndring i rutin eller som blir \u00f6verupphetsad s\u00e5v\u00e4l som de som \u00e4r r\u00e4dda f\u00f6r fyrverkerier\/resor. Smak av n\u00f6tk\u00f6tt och lever.<\/p>\n<p><strong>Dosering<\/strong>:<br \/>\nLiten hund (0-10 kg) 1\u00bd tabletter.<br \/>\nMedelstor hund (10-25 kg) 2 tabletter.<br \/>\nStor hund (25 kg+) 2 tabletter.<\/p>\n<table style=\"height: 80px;\" border=\"1\" width=\"621\" cellspacing=\"0\" cellpadding=\"0\">\n<tbody>\n<tr>\n<td valign=\"top\" width=\"30%\"><strong>1 tablett inneh\u00e5ller<\/strong><\/td>\n<td valign=\"top\" width=\"20%\"><strong> M\u00e4ngd<\/strong><\/td>\n<\/tr>\n<tr>\n<td valign=\"top\" width=\"30%\">Tiamin (mononitrat)<\/td>\n<td valign=\"top\" width=\"20%\">0,15 mg<\/td>\n<\/tr>\n<tr>\n<td valign=\"top\" width=\"30%\">Riboflavin<\/td>\n<td valign=\"top\" width=\"20%\">0,35 mg<\/td>\n<\/tr>\n<tr>\n<td valign=\"top\" width=\"30%\">Niasin<\/td>\n<td valign=\"top\" width=\"20%\">0,6 mg<\/td>\n<\/tr>\n<tr>\n<td valign=\"top\" width=\"30%\">Vitamin B6 (Pyridoxinhydroklorid)<\/td>\n<td valign=\"top\" width=\"20%\">0,05 mg<\/td>\n<\/tr>\n<tr>\n<td valign=\"top\" width=\"30%\">Pantotensyra (Kalciumpantotenat)<\/td>\n<td valign=\"top\" width=\"20%\">0,55 mg<\/td>\n<\/tr>\n<tr>\n<td valign=\"top\" width=\"30%\">Magnesium<\/td>\n<td valign=\"top\" width=\"20%\">20 mg<\/td>\n<\/tr>\n<\/tbody>\n<\/table>\n<p><strong>Ingredienser<\/strong>: kalciuimkarbonat, mikrokristallin cellulosa, j\u00e4st, smak av n\u00f6tk\u00f6tt, L-tryptofan (3,6%), kiseldioxid, stearinsyra, magnesiumsalter av fettsyror, passionsblomsextrakt (0,45%), citronmelissextrakt (0,36%).<\/p>\n<p><strong>OBS<\/strong>! Endast f\u00f6r djurbruk!<\/p>\n<p>F\u00f6r b\u00e4sta resultat b\u00f6r tabletterna tills\u00e4ttas hela<br \/>\neller blandas i fuktig mat och sedan blandas v\u00e4l.<\/p>\n","protected":false},"excerpt":{"rendered":"<p>Med viktiga n\u00e4rings\u00e4mnen plus extrakt av passionsblom och citronmeliss. Inneh\u00e5ller naturliga ingredienser som fr\u00e4mjar avslappning utan att p\u00e5verka hundens vakenhet.<\/p>\n<p><strong>90 Tabletter<\/strong><\/p>\n","protected":false},"featured_media":10007,"comment_status":"closed","ping_status":"closed","template":"","meta":{"_kad_blocks_custom_css":"","_kad_blocks_head_custom_js":"","_kad_blocks_body_custom_js":"","_kad_blocks_footer_custom_js":"","_kadence_starter_templates_imported_post":false,"_kad_post_transparent":"default","_kad_post_title":"","_kad_post_layout":"default","_kad_post_sidebar_id":"","_kad_post_content_style":"default","_kad_post_vertical_padding":"default","_kad_post_feature":"","_kad_post_feature_position":"","_kad_post_header":false,"_kad_post_footer":false,"_kad_post_classname":""},"product_brand":[],"product_cat":[1234,1393],"product_tag":[2156,564,158,673,2157,2158,2159,2160,2161,2162,2163,285,2164,2004,2052,2165,287,2166,2167,450,2168,2169,2170,2171,2010,2172,605,2173],"class_list":{"0":"post-9939","1":"product","2":"type-product","3":"status-publish","4":"has-post-thumbnail","6":"product_cat-lamberts","7":"product_cat-ovriga-kosttillskott","8":"product_tag-alla-hundstorlekar","9":"product_tag-aminosyra","10":"product_tag-angest","11":"product_tag-b-vitaminer","12":"product_tag-beteende","13":"product_tag-citronmeliss","14":"product_tag-forandring-i-rutin","15":"product_tag-fyrverkerier","16":"product_tag-hund","17":"product_tag-husdjurshalsa","18":"product_tag-kalm","19":"product_tag-kosttillskott","20":"product_tag-l-tryptofan","21":"product_tag-lamberts","22":"product_tag-latt-att-dosera","23":"product_tag-lugnande-tabletter","24":"product_tag-magnesium","25":"product_tag-muskel-och-nervfunktion","26":"product_tag-nervositet","27":"product_tag-nervsystem","28":"product_tag-notkott-och-leverarom","29":"product_tag-overexalterad","30":"product_tag-passionsblomma","31":"product_tag-radsla","32":"product_tag-resor","33":"product_tag-smaklig","34":"product_tag-stress","35":"product_tag-valbefinnande","37":"first","38":"instock","39":"taxable","40":"shipping-taxable","41":"purchasable","42":"product-type-simple","43":"entry","44":"content-bg","45":"loop-entry"},"taxonomy_info":{"product_cat":[{"value":1234,"label":"Lamberts"},{"value":1393,"label":"\u00d6vriga kosttillskott"}],"product_tag":[{"value":2156,"label":"alla hundstorlekar"},{"value":564,"label":"aminosyra"},{"value":158,"label":"\u00e5ngest"},{"value":673,"label":"b-vitaminer"},{"value":2157,"label":"beteende"},{"value":2158,"label":"citronmeliss"},{"value":2159,"label":"f\u00f6r\u00e4ndring i rutin"},{"value":2160,"label":"fyrverkerier"},{"value":2161,"label":"hund"},{"value":2162,"label":"husdjursh\u00e4lsa"},{"value":2163,"label":"kalm"},{"value":285,"label":"kosttillskott"},{"value":2164,"label":"L-tryptofan"},{"value":2004,"label":"Lamberts"},{"value":2052,"label":"l\u00e4tt att dosera"},{"value":2165,"label":"lugnande tabletter"},{"value":287,"label":"magnesium"},{"value":2166,"label":"muskel- och nervfunktion"},{"value":2167,"label":"nervositet"},{"value":450,"label":"nervsystem"},{"value":2168,"label":"n\u00f6tk\u00f6tt- och leverarom"},{"value":2169,"label":"\u00f6verexalterad"},{"value":2170,"label":"passionsblomma"},{"value":2171,"label":"r\u00e4dsla"},{"value":2010,"label":"resor"},{"value":2172,"label":"smaklig"},{"value":605,"label":"stress"},{"value":2173,"label":"v\u00e4lbefinnande"}]},"featured_image_src_large":["https:\/\/vitaminbutiken.com\/wp-content\/uploads\/2025\/03\/8995-90-Dog-calming-tablets-780x700.jpg",780,700,true],"author_info":[],"comment_info":0,"_links":{"self":[{"href":"https:\/\/vitaminbutiken.com\/en\/wp-json\/wp\/v2\/product\/9939","targetHints":{"allow":["GET"]}}],"collection":[{"href":"https:\/\/vitaminbutiken.com\/en\/wp-json\/wp\/v2\/product"}],"about":[{"href":"https:\/\/vitaminbutiken.com\/en\/wp-json\/wp\/v2\/types\/product"}],"replies":[{"embeddable":true,"href":"https:\/\/vitaminbutiken.com\/en\/wp-json\/wp\/v2\/comments?post=9939"}],"wp:featuredmedia":[{"embeddable":true,"href":"https:\/\/vitaminbutiken.com\/en\/wp-json\/wp\/v2\/media\/10007"}],"wp:attachment":[{"href":"https:\/\/vitaminbutiken.com\/en\/wp-json\/wp\/v2\/media?parent=9939"}],"wp:term":[{"taxonomy":"product_brand","embeddable":true,"href":"https:\/\/vitaminbutiken.com\/en\/wp-json\/wp\/v2\/product_brand?post=9939"},{"taxonomy":"product_cat","embeddable":true,"href":"https:\/\/vitaminbutiken.com\/en\/wp-json\/wp\/v2\/product_cat?post=9939"},{"taxonomy":"product_tag","embeddable":true,"href":"https:\/\/vitaminbutiken.com\/en\/wp-json\/wp\/v2\/product_tag?post=9939"}],"curies":[{"name":"wp","href":"https:\/\/api.w.org\/{rel}","templated":true}]}}