{"id":9938,"date":"2025-03-19T16:16:12","date_gmt":"2025-03-19T14:16:12","guid":{"rendered":"https:\/\/vitaminbutiken.multi.fi\/?post_type=product&#038;p=9938"},"modified":"2026-03-31T08:34:06","modified_gmt":"2026-03-31T06:34:06","slug":"fema45-lamberts","status":"publish","type":"product","link":"https:\/\/vitaminbutiken.com\/en\/produkt\/fema45-lamberts\/","title":{"rendered":"Fema45+ &#8211; Lamberts"},"content":{"rendered":"<p><strong>Fema45+ &#8211; Lamberts<\/strong><\/p>\n<ul>\n<li>Framtagen speciellt f\u00f6r kvinnor under och efter klimakteriet<\/li>\n<li>Ger 28 n\u00e4rings\u00e4mnen p\u00e5 relevanta niv\u00e5er<\/li>\n<li>Inneh\u00e5ller de antioxidanta n\u00e4rings\u00e4mnena selen, vitamin C &amp; E plus quercetin och rutin<\/li>\n<li>Den inneh\u00e5ller goda niv\u00e5er av magnesium och kalcium, samt vitaminerna D och K f\u00f6r att spegla det nuvarande t\u00e4nkandet om benh\u00e4lsa<\/li>\n<li>Samt utm\u00e4rkta niv\u00e5er av B-vitaminer, viktiga f\u00f6r energifris\u00e4ttning<\/li>\n<\/ul>\n<p>Denna produkt har tagits fram speciellt f\u00f6r kvinnor under och efter klimakteriet. Formulan ger 28 n\u00e4rings\u00e4mnen p\u00e5 relevanta niv\u00e5er inklusive sp\u00e5rmineraler och massor av antioxidanter.<\/p>\n<p>FEMA45+ ger bra niv\u00e5er av magnesium och kalcium, samt vitamin D och K f\u00f6r att spegla det nuvarande t\u00e4nkandet om benh\u00e4lsa. Dessutom ing\u00e5r B-vitaminerna i betydande m\u00e4ngder i FEMA45+ och flera av dem \u00e4r k\u00e4nda f\u00f6r att bidra till att minska<br \/>\ntr\u00f6tthet och utmattning.<br \/>\nUtm\u00e4rkta niv\u00e5er av B-vitaminer<br \/>\nKalcium, magnesium och D-vitamin f\u00f6r benh\u00e4lsa<br \/>\nH\u00f6g niv\u00e5 av vitamin E<\/p>\n<p><strong> Dosering<\/strong>: 2 tabletter dagligen i samband med m\u00e5ltid.<\/p>\n<table style=\"height: 80px;\" border=\"1\" width=\"621\" cellspacing=\"0\" cellpadding=\"0\">\n<tbody>\n<tr>\n<td valign=\"top\" width=\"30%\"><strong>2 tabletter inneh\u00e5ller<\/strong><\/td>\n<td valign=\"top\" width=\"20%\"><strong> M\u00e4ngd<\/strong><\/td>\n<td valign=\"top\" width=\"30%\"><strong>%DRI*<\/strong><\/td>\n<\/tr>\n<tr>\n<td valign=\"top\" width=\"30%\">Vitamin A<\/td>\n<td valign=\"top\" width=\"20%\">60 \u00b5g RE<\/td>\n<td valign=\"top\" width=\"20%\">7,5 %<\/td>\n<\/tr>\n<tr>\n<td valign=\"top\" width=\"30%\">Vitamin D3<\/td>\n<td valign=\"top\" width=\"20%\">10 \u00b5g<\/td>\n<td valign=\"top\" width=\"20%\">200 %<\/td>\n<\/tr>\n<tr>\n<td valign=\"top\" width=\"30%\">Vitamin E<\/td>\n<td valign=\"top\" width=\"20%\">100 mg a-TE<\/td>\n<td valign=\"top\" width=\"20%\">833 %<\/td>\n<\/tr>\n<tr>\n<td valign=\"top\" width=\"30%\">Vitamin K1<\/td>\n<td valign=\"top\" width=\"20%\">50 \u00b5g<\/td>\n<td valign=\"top\" width=\"20%\">67 %<\/td>\n<\/tr>\n<tr>\n<td valign=\"top\" width=\"30%\">Vitamin C<\/td>\n<td valign=\"top\" width=\"20%\">120 mg<\/td>\n<td valign=\"top\" width=\"20%\">150 %<\/td>\n<\/tr>\n<tr>\n<td valign=\"top\" width=\"30%\">Tiamin (B1)<\/td>\n<td valign=\"top\" width=\"20%\">4 mg<\/td>\n<td valign=\"top\" width=\"20%\">364 %<\/td>\n<\/tr>\n<tr>\n<td valign=\"top\" width=\"30%\">Riboflavin (B2)<\/td>\n<td valign=\"top\" width=\"20%\">4 mg<\/td>\n<td valign=\"top\" width=\"20%\">286 %<\/td>\n<\/tr>\n<tr>\n<td valign=\"top\" width=\"30%\">Niasin<\/td>\n<td valign=\"top\" width=\"20%\">18 mg NE<\/td>\n<td valign=\"top\" width=\"20%\">112 %<\/td>\n<\/tr>\n<tr>\n<td valign=\"top\" width=\"30%\">Vitamin B6<\/td>\n<td valign=\"top\" width=\"20%\">8 mg<\/td>\n<td valign=\"top\" width=\"20%\">571 %<\/td>\n<\/tr>\n<tr>\n<td valign=\"top\" width=\"30%\">Folsyra<\/td>\n<td valign=\"top\" width=\"20%\">200 \u00b5g<\/td>\n<td valign=\"top\" width=\"20%\">100 %<\/td>\n<\/tr>\n<tr>\n<td valign=\"top\" width=\"30%\">Vitamin B12<\/td>\n<td valign=\"top\" width=\"20%\">100 \u00b5g<\/td>\n<td valign=\"top\" width=\"20%\">4000 %<\/td>\n<\/tr>\n<tr>\n<td valign=\"top\" width=\"30%\">Biotin<\/td>\n<td valign=\"top\" width=\"20%\">150 \u00b5g<\/td>\n<td valign=\"top\" width=\"20%\">300 %<\/td>\n<\/tr>\n<tr>\n<td valign=\"top\" width=\"30%\">Pantotensyra<\/td>\n<td valign=\"top\" width=\"20%\">12 mg<\/td>\n<td valign=\"top\" width=\"20%\">200 %<\/td>\n<\/tr>\n<tr>\n<td valign=\"top\" width=\"30%\">Kalcium<\/td>\n<td valign=\"top\" width=\"20%\">200 mg<\/td>\n<td valign=\"top\" width=\"20%\">25 %<\/td>\n<\/tr>\n<tr>\n<td valign=\"top\" width=\"30%\">Magnesium<\/td>\n<td valign=\"top\" width=\"20%\">150 mg<\/td>\n<td valign=\"top\" width=\"20%\">40 %<\/td>\n<\/tr>\n<tr>\n<td valign=\"top\" width=\"30%\">J\u00e4rn<\/td>\n<td valign=\"top\" width=\"20%\">7,5 mg<\/td>\n<td valign=\"top\" width=\"20%\">54 %<\/td>\n<\/tr>\n<tr>\n<td valign=\"top\" width=\"30%\">Zink<\/td>\n<td valign=\"top\" width=\"20%\">15 mg<\/td>\n<td valign=\"top\" width=\"20%\">150 %<\/td>\n<\/tr>\n<tr>\n<td valign=\"top\" width=\"30%\">Koppar<\/td>\n<td valign=\"top\" width=\"20%\">1,2 mg<\/td>\n<td valign=\"top\" width=\"20%\">120 %<\/td>\n<\/tr>\n<tr>\n<td valign=\"top\" width=\"30%\">Mangan<\/td>\n<td valign=\"top\" width=\"20%\">4 mg<\/td>\n<td valign=\"top\" width=\"20%\">200 %<\/td>\n<\/tr>\n<tr>\n<td valign=\"top\" width=\"30%\">Selen<\/td>\n<td valign=\"top\" width=\"20%\">200 \u00b5g<\/td>\n<td valign=\"top\" width=\"20%\">364 %<\/td>\n<\/tr>\n<tr>\n<td valign=\"top\" width=\"30%\">Krom<\/td>\n<td valign=\"top\" width=\"20%\">100 \u00b5g<\/td>\n<td valign=\"top\" width=\"20%\">250 %<\/td>\n<\/tr>\n<tr>\n<td valign=\"top\" width=\"30%\">Jod<\/td>\n<td valign=\"top\" width=\"20%\">150 \u00b5g<\/td>\n<td valign=\"top\" width=\"20%\">100 %<\/td>\n<\/tr>\n<tr>\n<td valign=\"top\" width=\"30%\">Kolin<\/td>\n<td valign=\"top\" width=\"20%\">5 mg<\/td>\n<td valign=\"top\" width=\"20%\">**<\/td>\n<\/tr>\n<tr>\n<td valign=\"top\" width=\"30%\">Inositol<\/td>\n<td valign=\"top\" width=\"20%\">5 mg<\/td>\n<td valign=\"top\" width=\"20%\">**<\/td>\n<\/tr>\n<tr>\n<td valign=\"top\" width=\"30%\">Kversetin<\/td>\n<td valign=\"top\" width=\"20%\">25 mg<\/td>\n<td valign=\"top\" width=\"20%\">**<\/td>\n<\/tr>\n<tr>\n<td valign=\"top\" width=\"30%\">Rutin<\/td>\n<td valign=\"top\" width=\"20%\">20 mg<\/td>\n<td valign=\"top\" width=\"20%\">**<\/td>\n<\/tr>\n<tr>\n<td valign=\"top\" width=\"30%\">PABA<\/td>\n<td valign=\"top\" width=\"20%\">5 mg<\/td>\n<td valign=\"top\" width=\"20%\">**<\/td>\n<\/tr>\n<tr>\n<td valign=\"top\" width=\"30%\">Bor<\/td>\n<td valign=\"top\" width=\"20%\">2 mg<\/td>\n<td valign=\"top\" width=\"20%\">**<\/td>\n<\/tr>\n<\/tbody>\n<\/table>\n<p><strong><em>*DRI \u00e4r dagligt referensintag. **DRI ej fastst\u00e4llt.\u00a0<\/em><\/strong><\/p>\n<p><strong>Ingredienser<\/strong>: Kalciumkarbonat, bulkmedel (dikalciumfosfat, cellulosa), magnesium (citrat, oxid), vitamin C (askorbinsyra), vitamin E<br \/>\n(d-alfa-tokoferolsyrasuccinat), tablettskal (kalciumkarbonat, isomalt, hydroxypropylmetylcellulosa, f\u00e4rg: j\u00e4rnoxider), klumpf\u00f6rebyggande medel<br \/>\n(kiseldioxid, stearinsyra, magnesiumsalter av fettsyror), zinkcitrat, quercetin-dihydrat, j\u00e4rn (j\u00e4rnfumarat), rutin, tv\u00e4rbundet cellulosagummi,<br \/>\nvitamin B3 (nikotinamid), bor (natriumborat), vitamin B5 (kalciumpantotenat), mangansulfat, vitamin B12 (cyanokobalamin), vitamin B6<br \/>\n(pyridoxinhydroklorid), vitamin D3 (kolekalciferol), vitamin B1 (tiaminmononitrat), kromklorid, para-aminobensoesyra, inositol,<br \/>\nkolinbitartrat, vitamin B2 (riboflavin), kopparsulfat, selen (L-selenometionin, natriumselenit), vitamin K1 (fyllokinon), vitamin A-acetat, folsyra, kaliumjodid, biotin.<\/p>\n<p>kommenderad dos b\u00f6r ej \u00f6verskridas.<br \/>\nKosttillskott ers\u00e4tter inte en varierad kost.<br \/>\nProdukten f\u00f6rvaras o\u00e5tkomligt f\u00f6r sm\u00e5 barn.<br \/>\nRekommenderas inte till gravida eller ammande<\/p>\n","protected":false},"excerpt":{"rendered":"<p>F\u00f6r kvinnor under och efter klimakteriet. Ett kosttillskott speciellt utvecklat f\u00f6r kvinnor \u00f6ver 45 \u00e5r<\/p>\n<p><strong>180 Tabletter\u00a0<\/strong><\/p>\n","protected":false},"featured_media":10005,"comment_status":"closed","ping_status":"closed","template":"","meta":{"_kad_blocks_custom_css":"","_kad_blocks_head_custom_js":"","_kad_blocks_body_custom_js":"","_kad_blocks_footer_custom_js":"","_kadence_starter_templates_imported_post":false,"_kad_post_transparent":"default","_kad_post_title":"","_kad_post_layout":"default","_kad_post_sidebar_id":"","_kad_post_content_style":"default","_kad_post_vertical_padding":"default","_kad_post_feature":"","_kad_post_feature_position":"","_kad_post_header":false,"_kad_post_footer":false,"_kad_post_classname":""},"product_brand":[],"product_cat":[1234,2822,2821,2806,149],"product_tag":[2151,205,673,1645,1112,2152,1465,1447,1538,1468,1028,486,805,285,2153,2004,287,1974,1165,1472,2154,1219,2155,347,1654,1475,1209,1210,1211,714],"class_list":{"0":"post-9938","1":"product","2":"type-product","3":"status-publish","4":"has-post-thumbnail","6":"product_cat-lamberts","7":"product_cat-multi-produkter","8":"product_cat-multi-mineral","9":"product_cat-multi-vitamin","10":"product_cat-orter","11":"product_tag-28-naringsamnen","12":"product_tag-antioxidant","13":"product_tag-b-vitaminer","14":"product_tag-benhalsa","15":"product_tag-energi","16":"product_tag-fema45","17":"product_tag-gmp-standard","18":"product_tag-harhalsa","19":"product_tag-hormonbalans","20":"product_tag-hudhalsa","21":"product_tag-immunforsvar","22":"product_tag-kalcium","23":"product_tag-klimakteriet","24":"product_tag-kosttillskott","25":"product_tag-kvinnor-over-45","26":"product_tag-lamberts","27":"product_tag-magnesium","28":"product_tag-multimineral","29":"product_tag-multivitamin","30":"product_tag-nagelhalsa","31":"product_tag-postmenopaus","32":"product_tag-quercetin","33":"product_tag-rutin","34":"product_tag-selen","35":"product_tag-trotthetsreducering","36":"product_tag-veganvanlig","37":"product_tag-vitamin-c","38":"product_tag-vitamin-d","39":"product_tag-vitamin-e","40":"product_tag-vitamin-k","42":"first","43":"instock","44":"taxable","45":"shipping-taxable","46":"purchasable","47":"product-type-simple","48":"entry","49":"content-bg","50":"loop-entry"},"taxonomy_info":{"product_cat":[{"value":1234,"label":"Lamberts"},{"value":2822,"label":"Multi produkter"},{"value":2821,"label":"Multi-mineral"},{"value":2806,"label":"Multi-vitamin"},{"value":149,"label":"\u00d6rter"}],"product_tag":[{"value":2151,"label":"28 n\u00e4rings\u00e4mnen"},{"value":205,"label":"antioxidant"},{"value":673,"label":"b-vitaminer"},{"value":1645,"label":"Benh\u00e4lsa"},{"value":1112,"label":"energi"},{"value":2152,"label":"Fema45+"},{"value":1465,"label":"GMP-standard"},{"value":1447,"label":"H\u00e5rh\u00e4lsa"},{"value":1538,"label":"Hormonbalans"},{"value":1468,"label":"Hudh\u00e4lsa"},{"value":1028,"label":"immunf\u00f6rsvar"},{"value":486,"label":"Kalcium"},{"value":805,"label":"klimakteriet"},{"value":285,"label":"kosttillskott"},{"value":2153,"label":"kvinnor \u00f6ver 45"},{"value":2004,"label":"Lamberts"},{"value":287,"label":"magnesium"},{"value":1974,"label":"multimineral"},{"value":1165,"label":"multivitamin"},{"value":1472,"label":"nagelh\u00e4lsa"},{"value":2154,"label":"postmenopaus"},{"value":1219,"label":"Quercetin"},{"value":2155,"label":"rutin"},{"value":347,"label":"Selen"},{"value":1654,"label":"tr\u00f6tthetsreducering"},{"value":1475,"label":"veganv\u00e4nlig"},{"value":1209,"label":"Vitamin C"},{"value":1210,"label":"vitamin d"},{"value":1211,"label":"Vitamin E"},{"value":714,"label":"vitamin K"}]},"featured_image_src_large":["https:\/\/vitaminbutiken.com\/wp-content\/uploads\/2025\/03\/8437-180-Fem45-780x700.jpg",780,700,true],"author_info":[],"comment_info":0,"_links":{"self":[{"href":"https:\/\/vitaminbutiken.com\/en\/wp-json\/wp\/v2\/product\/9938","targetHints":{"allow":["GET"]}}],"collection":[{"href":"https:\/\/vitaminbutiken.com\/en\/wp-json\/wp\/v2\/product"}],"about":[{"href":"https:\/\/vitaminbutiken.com\/en\/wp-json\/wp\/v2\/types\/product"}],"replies":[{"embeddable":true,"href":"https:\/\/vitaminbutiken.com\/en\/wp-json\/wp\/v2\/comments?post=9938"}],"wp:featuredmedia":[{"embeddable":true,"href":"https:\/\/vitaminbutiken.com\/en\/wp-json\/wp\/v2\/media\/10005"}],"wp:attachment":[{"href":"https:\/\/vitaminbutiken.com\/en\/wp-json\/wp\/v2\/media?parent=9938"}],"wp:term":[{"taxonomy":"product_brand","embeddable":true,"href":"https:\/\/vitaminbutiken.com\/en\/wp-json\/wp\/v2\/product_brand?post=9938"},{"taxonomy":"product_cat","embeddable":true,"href":"https:\/\/vitaminbutiken.com\/en\/wp-json\/wp\/v2\/product_cat?post=9938"},{"taxonomy":"product_tag","embeddable":true,"href":"https:\/\/vitaminbutiken.com\/en\/wp-json\/wp\/v2\/product_tag?post=9938"}],"curies":[{"name":"wp","href":"https:\/\/api.w.org\/{rel}","templated":true}]}}