{"id":9923,"date":"2025-03-19T16:15:41","date_gmt":"2025-03-19T14:15:41","guid":{"rendered":"https:\/\/vitaminbutiken.multi.fi\/?post_type=product&#038;p=9923"},"modified":"2026-03-13T12:15:12","modified_gmt":"2026-03-13T11:15:12","slug":"sibirisk-ginseng-1500mg-eleutherococcus-senticosus-extrakt","status":"publish","type":"product","link":"https:\/\/vitaminbutiken.com\/en\/produkt\/sibirisk-ginseng-1500mg-eleutherococcus-senticosus-extrakt\/","title":{"rendered":"SIBIRISK GINSENG 1500mg (Eleutherococcus senticosus extrakt)"},"content":{"rendered":"<p class=\"page-title\"><strong><span class=\"base\" data-ui-id=\"page-title-wrapper\">SIBIRISK GINSENG 1500mg (Eleutherococcus senticosus extrakt)<\/span><\/strong><\/p>\n<p><span class=\"text1\">Siberisk ginseng eller Rysk rot som den ocks\u00e5 kallas i Sverige\u00a0 \u00e4r en avl\u00e4gsen sl\u00e4kting till asiatisk ginseng, Panax ginseng.\u00a0 Siberisk ginseng v\u00e4xer i Taiga regionen i syd\u00f6stra Ryssland, i norra Kina, i Korea och i Japan. Det \u00e4r roten (Eleutherococci radix) och bladen (Eleutherococci folium) av Siberisk ginseng som anv\u00e4nds f\u00f6r kosttillskotten.\u00a0<\/span><span class=\"text1\">De verksamma best\u00e5ndsdelarna \u00e4r lignan-glykosider (liriodendrintyp) och kumariner (isofraxidin).<\/span><\/p>\n<p><span class=\"text2\"><strong>Aktiva inneh\u00e5lls\u00e4mnen<\/strong><\/span><br \/>\n<span class=\"text1\">Siberisk ginseng inneh\u00e5ller sju definierade eleutherosider. De mest omtalade \u00e4r eleutherosiderna B och E. Det finns ocks\u00e5 ett inneh\u00e5ll av polysackarider.<\/p>\n<p><\/span><\/p>\n<p><strong> Dosering<\/strong>: 1 tablett dagligen i samband med m\u00e5ltid.<\/p>\n<table style=\"height: 80px;\" border=\"1\" width=\"621\" cellspacing=\"0\" cellpadding=\"0\">\n<tbody>\n<tr>\n<td valign=\"top\" width=\"30%\"><strong>1 tablett inneh\u00e5ller<\/strong><\/td>\n<td valign=\"top\" width=\"20%\"><strong> M\u00e4ngd<\/strong><\/td>\n<td valign=\"top\" width=\"30%\"><strong>%DRI*<\/strong><\/td>\n<\/tr>\n<tr>\n<td valign=\"top\" width=\"30%\">Sibirisk Ginseng motsvarande<br \/>\n(som 115mg av ett 13:1 extrakt)<\/td>\n<td valign=\"top\" width=\"20%\">1500 mg<\/td>\n<td valign=\"top\" width=\"20%\">**<\/td>\n<\/tr>\n<tr>\n<td valign=\"top\" width=\"30%\">Som ger:<\/td>\n<td valign=\"top\" width=\"20%\"><\/td>\n<td valign=\"top\" width=\"20%\"><\/td>\n<\/tr>\n<tr>\n<td valign=\"top\" width=\"30%\">Eleutherosider E<\/td>\n<td valign=\"top\" width=\"20%\">231 \u00b5g<\/td>\n<td valign=\"top\" width=\"20%\">**<\/td>\n<\/tr>\n<tr>\n<td valign=\"top\" width=\"30%\">Eleutherosider B<\/td>\n<td valign=\"top\" width=\"20%\">577 \u00b5g<\/td>\n<td valign=\"top\" width=\"20%\">**<\/td>\n<\/tr>\n<\/tbody>\n<\/table>\n<p><strong><em>*DRI (dagligt referensintag) ej fastst\u00e4llt.\u00a0<\/em><\/strong><\/p>\n<p><strong>Ingredienser<\/strong>: Fyllnadsmedel (dikalciumfosfat, cellulosa), sibirisk ginseng rotextrakt<br \/>\n(<em>eleutherococcus senticosus<\/em>), klumpf\u00f6rebyggande medel (kiseldioxid, magnesiumsalter av fettsyror,<br \/>\nstearinsyra), tablettskal (hydroxypropylmetylcellulosa, f\u00e4rg\u00e4mnen: spirulina, \u00e4pple, safflor, citron,<br \/>\nkalciumkarbonat), Tv\u00e4rbundet cellulosagummi.<\/p>\n<p>Rekommenderad dos b\u00f6r ej \u00f6verskridas.<br \/>\nKosttillskott ers\u00e4tter inte en varierad kost.<br \/>\nProdukten f\u00f6rvaras o\u00e5tkomligt f\u00f6r sm\u00e5 barn.<br \/>\nRekommenderas inte till gravida eller ammande.<\/p>\n<p>V- L\u00e4mplig f\u00f6r veganer<\/p>\n<p><span class=\"text1\">\u00a0<\/span><\/p>\n","protected":false},"excerpt":{"rendered":"<p><strong>Lamberts Siberian Ginseng \u2013 Naturligt st\u00f6d f\u00f6r energi och uth\u00e5llighet<\/strong><\/p>\n<p>Lamberts Siberian Ginseng inneh\u00e5ller ett h\u00f6gkvalitativt extrakt av Eleutherococcus senticosus, \u00e4ven k\u00e4nd som ryskrot. Denna adaptogena \u00f6rt har traditionellt anv\u00e4nts f\u00f6r att st\u00f6dja energi, uth\u00e5llighet och motst\u00e5ndskraft mot stress. Perfekt f\u00f6r dig som vill bibeh\u00e5lla mental och fysisk balans i en hektisk vardag.<\/p>\n<p>\u2714 St\u00f6djer energi och uth\u00e5llighet<br \/>\n\u2714 Hj\u00e4lper kroppen hantera stress<br \/>\n\u2714 Premiumkvalitet fr\u00e5n Lamberts<\/p>\n<p><strong>60 tabletter<\/strong><\/p>\n","protected":false},"featured_media":10003,"comment_status":"closed","ping_status":"closed","template":"","meta":{"_kad_blocks_custom_css":"","_kad_blocks_head_custom_js":"","_kad_blocks_body_custom_js":"","_kad_blocks_footer_custom_js":"","_kadence_starter_templates_imported_post":false,"_kad_post_transparent":"default","_kad_post_title":"","_kad_post_layout":"default","_kad_post_sidebar_id":"","_kad_post_content_style":"default","_kad_post_vertical_padding":"default","_kad_post_feature":"","_kad_post_feature_position":"","_kad_post_header":false,"_kad_post_footer":false,"_kad_post_classname":""},"product_brand":[],"product_cat":[1234,149,146],"product_tag":[2143,157,2144,2145,2146,1112,2147,1465,1507,1028,285,2148,1574,2149,2150,2134,1542,2022,1515],"class_list":{"0":"post-9923","1":"product","2":"type-product","3":"status-publish","4":"has-post-thumbnail","6":"product_cat-lamberts","7":"product_cat-orter","8":"product_cat-stressad-och-trott","9":"product_tag-1500-mg","10":"product_tag-adaptogen","11":"product_tag-eleutherococcus-senticosus","12":"product_tag-eleutherosider","13":"product_tag-en-om-dagen","14":"product_tag-energi","15":"product_tag-fysisk-prestation","16":"product_tag-gmp-standard","17":"product_tag-hog-styrka","18":"product_tag-immunforsvar","19":"product_tag-kosttillskott","20":"product_tag-latt-att-svalja","21":"product_tag-mental-klarhet","22":"product_tag-siberisk-ginseng","23":"product_tag-sma-tabletter","24":"product_tag-standardiserat-extrakt","25":"product_tag-stresshantering","26":"product_tag-uthallighet","27":"product_tag-vegansk","29":"first","30":"instock","31":"taxable","32":"shipping-taxable","33":"purchasable","34":"product-type-simple","35":"entry","36":"content-bg","37":"loop-entry"},"taxonomy_info":{"product_cat":[{"value":1234,"label":"Lamberts"},{"value":149,"label":"\u00d6rter"},{"value":146,"label":"Stressad &amp; Tr\u00f6tt"}],"product_tag":[{"value":2143,"label":"1500 mg"},{"value":157,"label":"adaptogen"},{"value":2144,"label":"Eleutherococcus senticosus"},{"value":2145,"label":"eleutherosider"},{"value":2146,"label":"en om dagen"},{"value":1112,"label":"energi"},{"value":2147,"label":"fysisk prestation"},{"value":1465,"label":"GMP-standard"},{"value":1507,"label":"h\u00f6g styrka"},{"value":1028,"label":"immunf\u00f6rsvar"},{"value":285,"label":"kosttillskott"},{"value":2148,"label":"l\u00e4tt att sv\u00e4lja"},{"value":1574,"label":"Mental klarhet"},{"value":2149,"label":"Siberisk ginseng"},{"value":2150,"label":"sm\u00e5 tabletter"},{"value":2134,"label":"standardiserat extrakt"},{"value":1542,"label":"Stresshantering"},{"value":2022,"label":"uth\u00e5llighet"},{"value":1515,"label":"vegansk"}]},"featured_image_src_large":["https:\/\/vitaminbutiken.com\/wp-content\/uploads\/2025\/03\/8560-60-Siberian-Ginseng-780x700.jpg",780,700,true],"author_info":[],"comment_info":0,"_links":{"self":[{"href":"https:\/\/vitaminbutiken.com\/en\/wp-json\/wp\/v2\/product\/9923","targetHints":{"allow":["GET"]}}],"collection":[{"href":"https:\/\/vitaminbutiken.com\/en\/wp-json\/wp\/v2\/product"}],"about":[{"href":"https:\/\/vitaminbutiken.com\/en\/wp-json\/wp\/v2\/types\/product"}],"replies":[{"embeddable":true,"href":"https:\/\/vitaminbutiken.com\/en\/wp-json\/wp\/v2\/comments?post=9923"}],"wp:featuredmedia":[{"embeddable":true,"href":"https:\/\/vitaminbutiken.com\/en\/wp-json\/wp\/v2\/media\/10003"}],"wp:attachment":[{"href":"https:\/\/vitaminbutiken.com\/en\/wp-json\/wp\/v2\/media?parent=9923"}],"wp:term":[{"taxonomy":"product_brand","embeddable":true,"href":"https:\/\/vitaminbutiken.com\/en\/wp-json\/wp\/v2\/product_brand?post=9923"},{"taxonomy":"product_cat","embeddable":true,"href":"https:\/\/vitaminbutiken.com\/en\/wp-json\/wp\/v2\/product_cat?post=9923"},{"taxonomy":"product_tag","embeddable":true,"href":"https:\/\/vitaminbutiken.com\/en\/wp-json\/wp\/v2\/product_tag?post=9923"}],"curies":[{"name":"wp","href":"https:\/\/api.w.org\/{rel}","templated":true}]}}