{"id":9922,"date":"2025-03-19T16:15:41","date_gmt":"2025-03-19T14:15:41","guid":{"rendered":"https:\/\/vitaminbutiken.multi.fi\/?post_type=product&#038;p=9922"},"modified":"2026-03-25T09:46:32","modified_gmt":"2026-03-25T08:46:32","slug":"vitamin-c-lamberts","status":"publish","type":"product","link":"https:\/\/vitaminbutiken.com\/en\/produkt\/vitamin-c-lamberts\/","title":{"rendered":"Vitamin C &#8211; Lamberts"},"content":{"rendered":"<h4><strong>Vitamin C &#8211; Lamberts<\/strong><\/h4>\n<p>&nbsp;<\/p>\n<p>Vitamin C, som \u00e4r ett av de \u00f6mt\u00e5liga vattenl\u00f6sliga n\u00e4rings\u00e4mnena, \u00e4r mycket instabilt och f\u00f6rst\u00f6rs l\u00e4tt av v\u00e4rme och ljus, och det \u00e4r inte alltid m\u00f6jligt att vara s\u00e4ker p\u00e5 hur mycket som tas i kosten. V\u00e5rt dagliga behov av det \u00e4r h\u00f6gre \u00e4n f\u00f6r n\u00e5got annat vattenl\u00f6sligt vitamin.<\/p>\n<p><strong>Dosering<\/strong>: 1-2 tabletter dagligen i samband med m\u00e5ltid.<\/p>\n<table style=\"height: 80px;\" border=\"1\" width=\"621\" cellspacing=\"0\" cellpadding=\"0\">\n<tbody>\n<tr>\n<td valign=\"top\" width=\"30%\"><strong>1 tablett inneh\u00e5ller<\/strong><\/td>\n<td valign=\"top\" width=\"20%\"><strong> M\u00e4ngd<\/strong><\/td>\n<td valign=\"top\" width=\"30%\"><strong>%DRI*<\/strong><\/td>\n<\/tr>\n<tr>\n<td valign=\"top\" width=\"30%\">Vitamin C<\/td>\n<td valign=\"top\" width=\"20%\">1000 mg<\/td>\n<td valign=\"top\" width=\"20%\">1250 %<\/td>\n<\/tr>\n<tr>\n<td valign=\"top\" width=\"30%\">Nypon<\/td>\n<td valign=\"top\" width=\"20%\">100 mg<\/td>\n<td valign=\"top\" width=\"20%\">**<\/td>\n<\/tr>\n<tr>\n<td valign=\"top\" width=\"30%\">Citrus bioflavonoidkomplex<\/td>\n<td valign=\"top\" width=\"20%\">50 mg<\/td>\n<td valign=\"top\" width=\"20%\">**<\/td>\n<\/tr>\n<\/tbody>\n<\/table>\n<p><strong><em>*DRI \u00e4r dagligt referensintag. **DRI ej fastst\u00e4llt.\u00a0<\/em><\/strong><\/p>\n<p><strong>Ingredienser<\/strong>: Vitamin C (askorbinsyra), cellulosa, citrusbioflavonoidkomplex, nyponextrakt 4:1 (<em>Rosa canina<\/em>), klumpf\u00f6rebyggande medel (stearinsyra,<br \/>\nkiseldioxid, magnesiumsalter av fettsyror), tablettskal (hydroxypropylmetylcellulosa, glycerol).<\/p>\n<p>Rekommenderad dos b\u00f6r ej \u00f6verskridas.<br \/>\nKosttillskott ers\u00e4tter inte en varierad kost.<br \/>\nProdukten f\u00f6rvaras o\u00e5tkomligt f\u00f6r sm\u00e5 barn.<\/p>\n<p>&nbsp;<\/p>\n","protected":false},"excerpt":{"rendered":"<p>Med bioflavonoider och nypon<\/p>\n<p><strong>120 Tabletter<\/strong><\/p>\n","protected":false},"featured_media":10001,"comment_status":"closed","ping_status":"closed","template":"","meta":{"_kad_blocks_custom_css":"","_kad_blocks_head_custom_js":"","_kad_blocks_body_custom_js":"","_kad_blocks_footer_custom_js":"","_kadence_starter_templates_imported_post":false,"_kad_post_transparent":"default","_kad_post_title":"","_kad_post_layout":"default","_kad_post_sidebar_id":"","_kad_post_content_style":"default","_kad_post_vertical_padding":"default","_kad_post_feature":"","_kad_post_feature_position":"","_kad_post_header":false,"_kad_post_footer":false,"_kad_post_classname":""},"product_brand":[],"product_cat":[508,176,349,1234,146,155],"product_tag":[205,1106,1645,718,1548,1647,1465,1467,1468,1028,1978,1425,285,2074,2141,1654,2142,1475,1209],"class_list":{"0":"post-9922","1":"product","2":"type-product","3":"status-publish","4":"has-post-thumbnail","6":"product_cat-c-vitamin","7":"product_cat-immunforsvar","8":"product_cat-jarn","9":"product_cat-lamberts","10":"product_cat-stressad-och-trott","11":"product_cat-vitaminer","12":"product_tag-antioxidant","13":"product_tag-askorbinsyra","14":"product_tag-benhalsa","15":"product_tag-bioflavonoider","16":"product_tag-cellskydd","17":"product_tag-energiproduktion","18":"product_tag-gmp-standard","19":"product_tag-hog-biotillganglighet","20":"product_tag-hudhalsa","21":"product_tag-immunforsvar","22":"product_tag-jarnabsorption","23":"product_tag-kollagenproduktion","24":"product_tag-kosttillskott","25":"product_tag-tandhalsa","26":"product_tag-tidsutlost-frisattning","27":"product_tag-trotthetsreducering","28":"product_tag-vattenloslig-vitamin","29":"product_tag-veganvanlig","30":"product_tag-vitamin-c","32":"first","33":"instock","34":"taxable","35":"shipping-taxable","36":"purchasable","37":"product-type-simple","38":"entry","39":"content-bg","40":"loop-entry"},"taxonomy_info":{"product_cat":[{"value":508,"label":"C-vitamin"},{"value":176,"label":"Immunf\u00f6rsvar"},{"value":349,"label":"J\u00e4rn"},{"value":1234,"label":"Lamberts"},{"value":146,"label":"Stressad &amp; Tr\u00f6tt"},{"value":155,"label":"Vitaminer"}],"product_tag":[{"value":205,"label":"antioxidant"},{"value":1106,"label":"askorbinsyra"},{"value":1645,"label":"Benh\u00e4lsa"},{"value":718,"label":"bioflavonoider"},{"value":1548,"label":"Cellskydd"},{"value":1647,"label":"energiproduktion"},{"value":1465,"label":"GMP-standard"},{"value":1467,"label":"H\u00f6g biotillg\u00e4nglighet"},{"value":1468,"label":"Hudh\u00e4lsa"},{"value":1028,"label":"immunf\u00f6rsvar"},{"value":1978,"label":"j\u00e4rnabsorption"},{"value":1425,"label":"Kollagenproduktion"},{"value":285,"label":"kosttillskott"},{"value":2074,"label":"tandh\u00e4lsa"},{"value":2141,"label":"tidsutl\u00f6st fris\u00e4ttning"},{"value":1654,"label":"tr\u00f6tthetsreducering"},{"value":2142,"label":"vattenl\u00f6slig vitamin"},{"value":1475,"label":"veganv\u00e4nlig"},{"value":1209,"label":"Vitamin C"}]},"featured_image_src_large":["https:\/\/vitaminbutiken.com\/wp-content\/uploads\/2025\/03\/8133-120-Vitamin-C-780x700.jpg",780,700,true],"author_info":[],"comment_info":0,"_links":{"self":[{"href":"https:\/\/vitaminbutiken.com\/en\/wp-json\/wp\/v2\/product\/9922","targetHints":{"allow":["GET"]}}],"collection":[{"href":"https:\/\/vitaminbutiken.com\/en\/wp-json\/wp\/v2\/product"}],"about":[{"href":"https:\/\/vitaminbutiken.com\/en\/wp-json\/wp\/v2\/types\/product"}],"replies":[{"embeddable":true,"href":"https:\/\/vitaminbutiken.com\/en\/wp-json\/wp\/v2\/comments?post=9922"}],"wp:featuredmedia":[{"embeddable":true,"href":"https:\/\/vitaminbutiken.com\/en\/wp-json\/wp\/v2\/media\/10001"}],"wp:attachment":[{"href":"https:\/\/vitaminbutiken.com\/en\/wp-json\/wp\/v2\/media?parent=9922"}],"wp:term":[{"taxonomy":"product_brand","embeddable":true,"href":"https:\/\/vitaminbutiken.com\/en\/wp-json\/wp\/v2\/product_brand?post=9922"},{"taxonomy":"product_cat","embeddable":true,"href":"https:\/\/vitaminbutiken.com\/en\/wp-json\/wp\/v2\/product_cat?post=9922"},{"taxonomy":"product_tag","embeddable":true,"href":"https:\/\/vitaminbutiken.com\/en\/wp-json\/wp\/v2\/product_tag?post=9922"}],"curies":[{"name":"wp","href":"https:\/\/api.w.org\/{rel}","templated":true}]}}