{"id":9921,"date":"2025-03-19T16:15:41","date_gmt":"2025-03-19T14:15:41","guid":{"rendered":"https:\/\/vitaminbutiken.multi.fi\/?post_type=product&#038;p=9921"},"modified":"2026-03-17T19:15:52","modified_gmt":"2026-03-17T18:15:52","slug":"methyl-folate-lamberts","status":"publish","type":"product","link":"https:\/\/vitaminbutiken.com\/en\/produkt\/methyl-folate-lamberts\/","title":{"rendered":"Methyl Folate &#8211; Lamberts"},"content":{"rendered":"<p><strong>Methyl Folate &#8211; Lamberts \/ Folsyra (kalcium-L-metylfolat)<\/strong><\/p>\n<p>Methyl Folate 400ug anv\u00e4nder den metylerade formen av folat f\u00f6r optimal absorption och anv\u00e4ndning i kroppen. Det uppskattas att 30-40 % av befolkningen inte kan metylera folat och kommer att beh\u00f6va anv\u00e4nda en biologiskt aktiv form av folat f\u00f6r att s\u00e4kerst\u00e4lla att metyleringsprocesser inte begr\u00e4nsas i kroppen.<\/p>\n<p>Metylering \u00e4r avg\u00f6rande f\u00f6r aktiveringen av m\u00e5nga molekyler och optimering av metyleringsprocessen \u00e4r ocks\u00e5 f\u00f6rknippad med att s\u00e4nka homocysteinniv\u00e5n.<\/p>\n<ul>\n<li>Folat \u00e4r s\u00e4rskilt viktigt f\u00f6re befruktningen och under de f\u00f6rsta veckorna av graviditeten f\u00f6r fostrets utveckling.<\/li>\n<li>Department of Health rekommenderar att alla kvinnor som planerar en graviditet b\u00f6r ta ett tillskott p\u00e5 400 \u00b5g dagligen och 47 % av kvinnorna misslyckas med att konsumera NRV p\u00e5 200 \u00b5g\/dag, varf\u00f6r tillskott rekommenderas.<\/li>\n<li>Sm\u00e5 tabletter som \u00e4r l\u00e4tta att sv\u00e4lja ger 400 \u00b5g metylfolat per tablett.<\/li>\n<li>I metylerad form f\u00f6r dem som inte kan anv\u00e4nda standard folsyra.<\/li>\n<li>Upp till 3 g\u00e5nger den niv\u00e5 som m\u00e5nga m\u00e4nniskors dieter ger, och den niv\u00e5 som i allt h\u00f6gre grad rekommenderas.\n<p><strong><br \/>\nDosering<\/strong>: 1 tablett dagligen i samband med m\u00e5ltid.<\/p>\n<table style=\"height: 80px;\" border=\"1\" width=\"621\" cellspacing=\"0\" cellpadding=\"0\">\n<tbody>\n<tr>\n<td valign=\"top\" width=\"30%\"><strong>1 tablett inneh\u00e5ller<\/strong><\/td>\n<td valign=\"top\" width=\"20%\"><strong> M\u00e4ngd<\/strong><\/td>\n<td valign=\"top\" width=\"30%\"><strong>%DRI*<\/strong><\/td>\n<\/tr>\n<tr>\n<td valign=\"top\" width=\"30%\">Folsyra (Kalcium-L-metylfolat)<\/td>\n<td valign=\"top\" width=\"20%\">400 \u00b5g<\/td>\n<td valign=\"top\" width=\"20%\">200 %<\/td>\n<\/tr>\n<\/tbody>\n<\/table>\n<p><strong><em>*DRI \u00e4r dagligt referensintag.<\/em><\/strong><\/p>\n<p><strong>Ingredienser<\/strong>: dikalciumfosfat, cellulosa, klumpf\u00f6rebyggande medel (kiseldioxid, stearinsyra, magnesiumsalter av fettsyror), folsyra (kalcium-L-metylfolat).<\/p>\n<p>Folat bidrar till fostrets v\u00e4vnadstillv\u00e4xt under graviditeten och h\u00e4lsov\u00e5rdsministeriet rekommenderar att alla kvinnor som<br \/>\nplanerar att bli gravida b\u00f6r ta tillskott p\u00e5 400 \u00b5g dagligen. B\u00f6r tas fr\u00e5n att man f\u00f6rs\u00f6ker bli gravid till den 12:e graviditetsveckan.<\/p>\n<p>Rekommenderad dos b\u00f6r ej \u00f6verskridas.<br \/>\nKosttillskott ers\u00e4tter inte en varierad kost.<br \/>\nProdukten f\u00f6rvaras o\u00e5tkomligt f\u00f6r sm\u00e5 barn.<\/li>\n<\/ul>\n","protected":false},"excerpt":{"rendered":"<p>Den naturligt aktiva formen av folat redo f\u00f6r kroppen att anv\u00e4nda.<\/p>\n<p><strong>60 Tabletter\u00a0<\/strong><\/p>\n","protected":false},"featured_media":9999,"comment_status":"closed","ping_status":"closed","template":"","meta":{"_kad_blocks_custom_css":"","_kad_blocks_head_custom_js":"","_kad_blocks_body_custom_js":"","_kad_blocks_footer_custom_js":"","_kadence_starter_templates_imported_post":false,"_kad_post_transparent":"default","_kad_post_title":"","_kad_post_layout":"default","_kad_post_sidebar_id":"","_kad_post_content_style":"default","_kad_post_vertical_padding":"default","_kad_post_feature":"","_kad_post_feature_position":"","_kad_post_header":false,"_kad_post_footer":false,"_kad_post_classname":""},"product_brand":[],"product_cat":[348,1234,155],"product_tag":[],"class_list":{"0":"post-9921","1":"product","2":"type-product","3":"status-publish","4":"has-post-thumbnail","6":"product_cat-b-vitamin","7":"product_cat-lamberts","8":"product_cat-vitaminer","10":"first","11":"instock","12":"taxable","13":"shipping-taxable","14":"purchasable","15":"product-type-simple","16":"entry","17":"content-bg","18":"loop-entry"},"taxonomy_info":{"product_cat":[{"value":348,"label":"B-vitamin"},{"value":1234,"label":"Lamberts"},{"value":155,"label":"Vitaminer"}]},"featured_image_src_large":["https:\/\/vitaminbutiken.com\/wp-content\/uploads\/2025\/03\/8073-60-Methyl-FOlate-780x700.jpg",780,700,true],"author_info":[],"comment_info":0,"_links":{"self":[{"href":"https:\/\/vitaminbutiken.com\/en\/wp-json\/wp\/v2\/product\/9921","targetHints":{"allow":["GET"]}}],"collection":[{"href":"https:\/\/vitaminbutiken.com\/en\/wp-json\/wp\/v2\/product"}],"about":[{"href":"https:\/\/vitaminbutiken.com\/en\/wp-json\/wp\/v2\/types\/product"}],"replies":[{"embeddable":true,"href":"https:\/\/vitaminbutiken.com\/en\/wp-json\/wp\/v2\/comments?post=9921"}],"wp:featuredmedia":[{"embeddable":true,"href":"https:\/\/vitaminbutiken.com\/en\/wp-json\/wp\/v2\/media\/9999"}],"wp:attachment":[{"href":"https:\/\/vitaminbutiken.com\/en\/wp-json\/wp\/v2\/media?parent=9921"}],"wp:term":[{"taxonomy":"product_brand","embeddable":true,"href":"https:\/\/vitaminbutiken.com\/en\/wp-json\/wp\/v2\/product_brand?post=9921"},{"taxonomy":"product_cat","embeddable":true,"href":"https:\/\/vitaminbutiken.com\/en\/wp-json\/wp\/v2\/product_cat?post=9921"},{"taxonomy":"product_tag","embeddable":true,"href":"https:\/\/vitaminbutiken.com\/en\/wp-json\/wp\/v2\/product_tag?post=9921"}],"curies":[{"name":"wp","href":"https:\/\/api.w.org\/{rel}","templated":true}]}}