{"id":9920,"date":"2025-03-19T16:15:40","date_gmt":"2025-03-19T14:15:40","guid":{"rendered":"https:\/\/vitaminbutiken.multi.fi\/?post_type=product&#038;p=9920"},"modified":"2026-03-30T10:15:34","modified_gmt":"2026-03-30T08:15:34","slug":"gurkortsolja-1000mg-borago-gla-olja","status":"publish","type":"product","link":"https:\/\/vitaminbutiken.com\/en\/produkt\/gurkortsolja-1000mg-borago-gla-olja\/","title":{"rendered":"GURK\u00d6RTSOLJA 1000mg (borago) GLA olja"},"content":{"rendered":"<h4 class=\"page-title\"><span class=\"base\" data-ui-id=\"page-title-wrapper\">GURK\u00d6RTSOLJA 1000mg (borago) GLA olja<\/span><\/h4>\n<p>Gurk\u00f6rtsolja\u00a0\u00e4r\u00a0ett kosttillskott som inneh\u00e5ller kallpressad h\u00f6g halt av GLA.<\/p>\n<p>Gurk\u00f6rt \u00e4r naturens rikaste k\u00e4lla till den celluppbyggande och livsn\u00f6dv\u00e4ndiga fettsyran GLA (gammalinolensyra). GLA bidrar bland annat till mjukare och lenare hud. Den ekologiska och kallpressade gurk\u00f6rtsoljan \u00e4r en ren och v\u00e4lg\u00f6rande olja som passar f\u00f6r kvinnor i alla \u00e5ldrar.<\/p>\n<p align=\"left\">Gurk\u00f6rt (borage) har den h\u00f6gsta halten gammalinolensyra (GLA) i hela v\u00e4xtriket. \u00d6ver dubbelt s\u00e5 mycket som i nattljus\/j\u00e4ttenattljusolja.<\/p>\n<p><strong> Dosering<\/strong>: 1 kapsel dagligen i samband med m\u00e5ltid.<\/p>\n<table style=\"height: 80px;\" border=\"1\" width=\"621\" cellspacing=\"0\" cellpadding=\"0\">\n<tbody>\n<tr>\n<td valign=\"top\" width=\"30%\"><strong>1 kapsel inneh\u00e5ller<\/strong><\/td>\n<td valign=\"top\" width=\"20%\"><strong> M\u00e4ngd<\/strong><\/td>\n<td valign=\"top\" width=\"30%\"><strong>%DRI*<\/strong><\/td>\n<\/tr>\n<tr>\n<td valign=\"top\" width=\"30%\">Gurk\u00f6rtsolja<\/td>\n<td valign=\"top\" width=\"20%\">1000 mg<\/td>\n<td valign=\"top\" width=\"20%\">**<\/td>\n<\/tr>\n<tr>\n<td valign=\"top\" width=\"30%\">Varav Gamma-linolensyra (GLA)<\/td>\n<td valign=\"top\" width=\"20%\">215 mg<\/td>\n<td valign=\"top\" width=\"20%\">**<\/td>\n<\/tr>\n<\/tbody>\n<\/table>\n<p><strong><em>*DRI (dagligt referensintag) ej fastst\u00e4llt.\u00a0<\/em><\/strong><\/p>\n<p><strong>Ingredienser<\/strong>: Gurk\u00f6rtsolja (Borago officinalis), kapselskal (modifierad st\u00e4rkelse, glycerol,<br \/>\ngelningsmedel: karragenan, surhetsreglerande medel: natriumkarbonat), antioxidant: dl-alfa-tokoferylacetat.<\/p>\n<p><strong>OBS!\u00a0<\/strong> Om du har epilepsi, anv\u00e4nd endast enligt anvisningar fr\u00e5n l\u00e4kare.<\/p>\n<p>L\u00e4mplig f\u00f6r veganer<\/p>\n<p>Rekommenderad dos b\u00f6r ej \u00f6verskridas.<br \/>\nKosttillskott ers\u00e4tter inte en varierad kost.<br \/>\nProdukten f\u00f6rvaras o\u00e5tkomligt f\u00f6r sm\u00e5 barn.<\/p>\n","protected":false},"excerpt":{"rendered":"<p>Lamberts Gurk\u00f6rtsolja 1000 mg kapslar \u00e4r ett omega 6 kosttillskott av h\u00f6g kvalitet. Gurk\u00f6rtsolja \/ Borago \u00e4r ett av de mest koncentrerade naturliga k\u00e4llorna av det verksamma \u00e4mnet gammalinolensyra (GLA).<\/p>\n<p><strong>90 kapslar<\/strong><\/p>\n","protected":false},"featured_media":9992,"comment_status":"closed","ping_status":"closed","template":"","meta":{"_kad_blocks_custom_css":"","_kad_blocks_head_custom_js":"","_kad_blocks_body_custom_js":"","_kad_blocks_footer_custom_js":"","_kadence_starter_templates_imported_post":false,"_kad_post_transparent":"default","_kad_post_title":"","_kad_post_layout":"default","_kad_post_sidebar_id":"","_kad_post_content_style":"default","_kad_post_vertical_padding":"default","_kad_post_feature":"","_kad_post_feature_position":"","_kad_post_header":false,"_kad_post_footer":false,"_kad_post_classname":""},"product_brand":[],"product_cat":[328,195,1234],"product_tag":[2125,788,2135,2136,2137,1465,1648,1467,1538,1468,1028,804,2019,1622,2138,2139,2140,1475,2070],"class_list":{"0":"post-9920","1":"product","2":"type-product","3":"status-publish","4":"has-post-thumbnail","6":"product_cat-fettsyror","7":"product_cat-hud-skonhet","8":"product_cat-lamberts","9":"product_tag-1000-mg","10":"product_tag-antiinflammatorisk","11":"product_tag-cellmembran","12":"product_tag-gamma-linolensyra","13":"product_tag-gla","14":"product_tag-gmp-standard","15":"product_tag-hjarthalsa","16":"product_tag-hog-biotillganglighet","17":"product_tag-hormonbalans","18":"product_tag-hudhalsa","19":"product_tag-immunforsvar","20":"product_tag-klimakteriebesvar","21":"product_tag-kolesterolbalans","22":"product_tag-ledhalsa","23":"product_tag-omega-6","24":"product_tag-pms-lindring","25":"product_tag-stjarnblommaolja","26":"product_tag-veganvanlig","27":"product_tag-vegetabilisk-olja","29":"first","30":"instock","31":"taxable","32":"shipping-taxable","33":"purchasable","34":"product-type-simple","35":"entry","36":"content-bg","37":"loop-entry"},"taxonomy_info":{"product_cat":[{"value":328,"label":"Fettsyror"},{"value":195,"label":"Hud &amp; Sk\u00f6nhet"},{"value":1234,"label":"Lamberts"}],"product_tag":[{"value":2125,"label":"1000 mg"},{"value":788,"label":"antiinflammatorisk"},{"value":2135,"label":"cellmembran"},{"value":2136,"label":"gamma-linolensyra"},{"value":2137,"label":"GLA"},{"value":1465,"label":"GMP-standard"},{"value":1648,"label":"hj\u00e4rth\u00e4lsa"},{"value":1467,"label":"H\u00f6g biotillg\u00e4nglighet"},{"value":1538,"label":"Hormonbalans"},{"value":1468,"label":"Hudh\u00e4lsa"},{"value":1028,"label":"immunf\u00f6rsvar"},{"value":804,"label":"klimakteriebesv\u00e4r"},{"value":2019,"label":"kolesterolbalans"},{"value":1622,"label":"Ledh\u00e4lsa"},{"value":2138,"label":"omega-6"},{"value":2139,"label":"PMS-lindring"},{"value":2140,"label":"stj\u00e4rnblommaolja"},{"value":1475,"label":"veganv\u00e4nlig"},{"value":2070,"label":"vegetabilisk olja"}]},"featured_image_src_large":["https:\/\/vitaminbutiken.com\/wp-content\/uploads\/2025\/03\/8499-90-Pure-Starflower-Oil-1000-mg-780x700.jpg",780,700,true],"author_info":[],"comment_info":0,"_links":{"self":[{"href":"https:\/\/vitaminbutiken.com\/en\/wp-json\/wp\/v2\/product\/9920","targetHints":{"allow":["GET"]}}],"collection":[{"href":"https:\/\/vitaminbutiken.com\/en\/wp-json\/wp\/v2\/product"}],"about":[{"href":"https:\/\/vitaminbutiken.com\/en\/wp-json\/wp\/v2\/types\/product"}],"replies":[{"embeddable":true,"href":"https:\/\/vitaminbutiken.com\/en\/wp-json\/wp\/v2\/comments?post=9920"}],"wp:featuredmedia":[{"embeddable":true,"href":"https:\/\/vitaminbutiken.com\/en\/wp-json\/wp\/v2\/media\/9992"}],"wp:attachment":[{"href":"https:\/\/vitaminbutiken.com\/en\/wp-json\/wp\/v2\/media?parent=9920"}],"wp:term":[{"taxonomy":"product_brand","embeddable":true,"href":"https:\/\/vitaminbutiken.com\/en\/wp-json\/wp\/v2\/product_brand?post=9920"},{"taxonomy":"product_cat","embeddable":true,"href":"https:\/\/vitaminbutiken.com\/en\/wp-json\/wp\/v2\/product_cat?post=9920"},{"taxonomy":"product_tag","embeddable":true,"href":"https:\/\/vitaminbutiken.com\/en\/wp-json\/wp\/v2\/product_tag?post=9920"}],"curies":[{"name":"wp","href":"https:\/\/api.w.org\/{rel}","templated":true}]}}