{"id":9919,"date":"2025-03-19T16:15:40","date_gmt":"2025-03-19T14:15:40","guid":{"rendered":"https:\/\/vitaminbutiken.multi.fi\/?post_type=product&#038;p=9919"},"modified":"2026-04-08T09:21:50","modified_gmt":"2026-04-08T07:21:50","slug":"kronartskocka-7425-mg","status":"publish","type":"product","link":"https:\/\/vitaminbutiken.com\/en\/produkt\/kronartskocka-7425-mg\/","title":{"rendered":"Kron\u00e4rtskocka 7425 mg"},"content":{"rendered":"<h4><strong>Kron\u00e4rtskocka 7425 mg<\/strong><\/h4>\n<p><strong>Kron\u00e4rtskocka \u2013 Traditionellt och modernt st\u00f6d f\u00f6r matsm\u00e4ltning<\/strong><\/p>\n<p>Kron\u00e4rtskockans anv\u00e4ndning som \u00f6rt dokumenterades f\u00f6rsta g\u00e5ngen p\u00e5 400-talet f.Kr. V\u00e4xten tillh\u00f6r v\u00e4xtfamiljen <strong>Asteraceae<\/strong>, samma familj som mj\u00f6lktistel. \u00c4ven k\u00e4nd som <strong>globe artichoke<\/strong>, producerar v\u00e4xten stora lila och gr\u00f6na blomhuvuden och \u00e4r skild fr\u00e5n <strong>jord\u00e4rtskocka<\/strong>, som \u00e4r en rotfrukt.<\/p>\n<p>Traditionellt har kron\u00e4rtskocka anv\u00e4nts f\u00f6r att lindra obehag i \u00f6vre delen av buken eller nedre delen av br\u00f6stet som vissa personer kan uppleva efter att ha \u00e4tit. Modern forskning har breddat anv\u00e4ndningsomr\u00e5dena till att inkludera st\u00f6d f\u00f6r personer med st\u00f6rd tarmh\u00e4lsa och de som har sv\u00e5righeter med att sm\u00e4lta fett.<\/p>\n<p>Det \u00e4r bladen fr\u00e5n kron\u00e4rtskocksplantan som inneh\u00e5ller de aktiva f\u00f6reningarna, d\u00e4r <strong>cynarin<\/strong> \u00e4r den mest betydelsefulla. <strong>Lamberts\u00ae Kron\u00e4rtskocka<\/strong> \u00e4r ett h\u00f6gdoserat kron\u00e4rtskocksextrakt som \u00e4r standardiserat till <strong>5 % cynarin<\/strong>, vilket ger en relevant niv\u00e5 av <strong>16 mg cynarin per tablett<\/strong>.<\/p>\n<p><strong>Dosering:<\/strong> I b\u00f6rjan: 2 tabletter dagligen i samband med m\u00e5ltid. (max 6 tabletter per dag). Forts\u00e4tt med denna dosering i minst 8 veckor. Underh\u00e5llningsdos: 1 till 2 tabletter dagligen i samband med m\u00e5ltid.<\/p>\n<table style=\"height: 80px;\" border=\"1\" width=\"621\" cellspacing=\"0\" cellpadding=\"0\">\n<tbody>\n<tr>\n<td valign=\"top\" width=\"30%\"><strong>1 tablett inneh\u00e5ller<\/strong><\/td>\n<td valign=\"top\" width=\"20%\"><strong> M\u00e4ngd<\/strong><\/td>\n<td valign=\"top\" width=\"30%\"><strong>%DRI*<\/strong><\/td>\n<\/tr>\n<tr>\n<td valign=\"top\" width=\"30%\">Kron\u00e4rtskocka Extrakt (som320mg av ett 25:1 extrakt)<\/td>\n<td valign=\"top\" width=\"20%\">8000 mg<\/td>\n<td valign=\"top\" width=\"20%\">**<\/td>\n<\/tr>\n<tr>\n<td valign=\"top\" width=\"30%\">Som ger: Cynarin<\/td>\n<td valign=\"top\" width=\"20%\">16 mg<\/td>\n<td valign=\"top\" width=\"20%\">**<\/td>\n<\/tr>\n<\/tbody>\n<\/table>\n<p><strong><em>*DRI (dagligt referensintag) ej fastst\u00e4llt.\u00a0<\/em><\/strong><\/p>\n<p><strong>Ingredienser<\/strong>: Kron\u00e4rtskocka bladextrakt (<em>Cynara scolymus<\/em>), dikalciumfosfat, cellulosa, tablettskal<br \/>\n(hydroxypropylmetylcellulosa, hydroxypropylcellulosa, stearinsyra, f\u00e4rg\u00e4mnen: spirulina, \u00e4pple, safflor,<br \/>\ncitron), klumpf\u00f6rebyggande medel (kiseldioxid, magnesiumsalter av fettsyror).<\/p>\n<p>Rekommenderad dos b\u00f6r ej \u00f6verskridas.<br \/>\nKosttillskott ers\u00e4tter inte en varierad kost.<br \/>\nProdukten f\u00f6rvaras o\u00e5tkomligt f\u00f6r sm\u00e5 barn.<br \/>\nRekommenderas inte till gravida och ammande.<\/p>\n","protected":false},"excerpt":{"rendered":"<p>Lamberts Ibisene \u00e4r ett kron\u00e4rtskocka extrakt kosttillskott.<\/p>\n<ul>\n<li>Varje tablett med kron\u00e4rtskocka inneh\u00e5ller ett koncentrerat extrakt av kron\u00e4rtskocksblad som motsvarar 7425 mg torkad \u00f6rt.<\/li>\n<li>Garanterad niv\u00e5 av cynarin, den f\u00f6rening som tros ha s\u00e4rskilda egenskaper.<\/li>\n<li>Kron\u00e4rtskockans anv\u00e4ndning som \u00f6rt dokumenterades f\u00f6rsta g\u00e5ngen p\u00e5 400-talet f.Kr.<\/li>\n<li>Kron\u00e4rtskocka rekommenderas ibland till personer som har sv\u00e5rt att sm\u00e4lta stora eller mycket feta m\u00e5ltider.<\/li>\n<\/ul>\n<p><strong>180 tabletter<\/strong><\/p>\n","protected":false},"featured_media":9990,"comment_status":"closed","ping_status":"closed","template":"","meta":{"_kad_blocks_custom_css":"","_kad_blocks_head_custom_js":"","_kad_blocks_body_custom_js":"","_kad_blocks_footer_custom_js":"","_kadence_starter_templates_imported_post":false,"_kad_post_transparent":"default","_kad_post_title":"","_kad_post_layout":"default","_kad_post_sidebar_id":"","_kad_post_content_style":"default","_kad_post_vertical_padding":"default","_kad_post_feature":"","_kad_post_feature_position":"","_kad_post_header":false,"_kad_post_footer":false,"_kad_post_classname":""},"product_brand":[],"product_cat":[1234,431,149],"product_tag":[2130,205,2025,2131,1463,2132,1465,1507,2019,285,2133,1471,1994,2134,2045,1996,1475],"class_list":{"0":"post-9919","1":"product","2":"type-product","3":"status-publish","4":"has-post-thumbnail","6":"product_cat-lamberts","7":"product_cat-mage-tarm","8":"product_cat-orter","9":"product_tag-7425-mg","10":"product_tag-antioxidant","11":"product_tag-aptitkontroll","12":"product_tag-cynarin","13":"product_tag-fettmetabolism","14":"product_tag-gallproduktion","15":"product_tag-gmp-standard","16":"product_tag-hog-styrka","17":"product_tag-kolesterolbalans","18":"product_tag-kosttillskott","19":"product_tag-kronartskocksextrakt","20":"product_tag-leverhalsa","21":"product_tag-matsmaltningsstod","22":"product_tag-standardiserat-extrakt","23":"product_tag-tarmhalsa","24":"product_tag-vaxtbaserat","25":"product_tag-veganvanlig","27":"first","28":"instock","29":"taxable","30":"shipping-taxable","31":"purchasable","32":"product-type-simple","33":"entry","34":"content-bg","35":"loop-entry"},"taxonomy_info":{"product_cat":[{"value":1234,"label":"Lamberts"},{"value":431,"label":"Mage &amp; Tarm"},{"value":149,"label":"\u00d6rter"}],"product_tag":[{"value":2130,"label":"7425 mg"},{"value":205,"label":"antioxidant"},{"value":2025,"label":"aptitkontroll"},{"value":2131,"label":"cynarin"},{"value":1463,"label":"fettmetabolism"},{"value":2132,"label":"gallproduktion"},{"value":1465,"label":"GMP-standard"},{"value":1507,"label":"h\u00f6g styrka"},{"value":2019,"label":"kolesterolbalans"},{"value":285,"label":"kosttillskott"},{"value":2133,"label":"kron\u00e4rtskocksextrakt"},{"value":1471,"label":"leverh\u00e4lsa"},{"value":1994,"label":"matsm\u00e4ltningsst\u00f6d"},{"value":2134,"label":"standardiserat extrakt"},{"value":2045,"label":"tarmh\u00e4lsa"},{"value":1996,"label":"v\u00e4xtbaserat"},{"value":1475,"label":"veganv\u00e4nlig"}]},"featured_image_src_large":["https:\/\/vitaminbutiken.com\/wp-content\/uploads\/2025\/03\/8558-180-Artichoke-780x700.jpg",780,700,true],"author_info":[],"comment_info":0,"_links":{"self":[{"href":"https:\/\/vitaminbutiken.com\/en\/wp-json\/wp\/v2\/product\/9919","targetHints":{"allow":["GET"]}}],"collection":[{"href":"https:\/\/vitaminbutiken.com\/en\/wp-json\/wp\/v2\/product"}],"about":[{"href":"https:\/\/vitaminbutiken.com\/en\/wp-json\/wp\/v2\/types\/product"}],"replies":[{"embeddable":true,"href":"https:\/\/vitaminbutiken.com\/en\/wp-json\/wp\/v2\/comments?post=9919"}],"wp:featuredmedia":[{"embeddable":true,"href":"https:\/\/vitaminbutiken.com\/en\/wp-json\/wp\/v2\/media\/9990"}],"wp:attachment":[{"href":"https:\/\/vitaminbutiken.com\/en\/wp-json\/wp\/v2\/media?parent=9919"}],"wp:term":[{"taxonomy":"product_brand","embeddable":true,"href":"https:\/\/vitaminbutiken.com\/en\/wp-json\/wp\/v2\/product_brand?post=9919"},{"taxonomy":"product_cat","embeddable":true,"href":"https:\/\/vitaminbutiken.com\/en\/wp-json\/wp\/v2\/product_cat?post=9919"},{"taxonomy":"product_tag","embeddable":true,"href":"https:\/\/vitaminbutiken.com\/en\/wp-json\/wp\/v2\/product_tag?post=9919"}],"curies":[{"name":"wp","href":"https:\/\/api.w.org\/{rel}","templated":true}]}}