{"id":9918,"date":"2025-03-19T16:15:40","date_gmt":"2025-03-19T14:15:40","guid":{"rendered":"https:\/\/vitaminbutiken.multi.fi\/?post_type=product&#038;p=9918"},"modified":"2026-04-10T11:20:24","modified_gmt":"2026-04-10T09:20:24","slug":"lysin-complex","status":"publish","type":"product","link":"https:\/\/vitaminbutiken.com\/en\/produkt\/lysin-complex\/","title":{"rendered":"L-Lysin Complex"},"content":{"rendered":"<p data-start=\"0\" data-end=\"66\"><strong data-start=\"0\" data-end=\"64\">Lysin Complex \u2013 F\u00f6r immunf\u00f6rsvar, hud och kollagenproduktion<\/strong><\/p>\n<p data-start=\"68\" data-end=\"506\">Lysin Complex \u00e4r ett noggrant sammansatt tillskott som kombinerar <strong data-start=\"134\" data-end=\"186\">L-lysin, zink, vitamin C och niacin (vitamin B3)<\/strong> f\u00f6r att ge ett effektivt st\u00f6d f\u00f6r immunf\u00f6rsvaret, hudh\u00e4lsan och kollagenproduktionen. L-lysin \u00e4r en essentiell aminosyra som kroppen inte kan producera sj\u00e4lv, vilket g\u00f6r det viktigt att f\u00e5 i sig via kost eller tillskott. Det \u00e4r s\u00e4rskilt k\u00e4nt f\u00f6r sin roll i proteinsyntesen, s\u00e5rl\u00e4kning och st\u00f6d f\u00f6r hud och <a href=\"https:\/\/vitaminbutiken.com\/shop\/?filter_product_cat=201\">slemhinnor<\/a>.<\/p>\n<p data-start=\"68\" data-end=\"506\">\u2714 <strong data-start=\"550\" data-end=\"571\">L-Lysin <\/strong>\u00a0\u2013 Viktig f\u00f6r v\u00e4vnadsreparation, kollagenbildning och immunf\u00f6rsvaret.<br data-start=\"640\" data-end=\"643\" \/>\u2714 <strong data-start=\"645\" data-end=\"661\">Zink (10 mg)<\/strong> \u2013 St\u00f6djer immunsystemet, hudens h\u00e4lsa och cellf\u00f6rnyelsen.<br data-start=\"719\" data-end=\"722\" \/>\u2714 <strong data-start=\"724\" data-end=\"745\">Vitamin C (40 mg)<\/strong> \u2013 Kraftfull antioxidant som bidrar till kollagenproduktion och skyddar cellerna mot oxidativ stress.<br data-start=\"846\" data-end=\"849\" \/>\u2714 <strong data-start=\"851\" data-end=\"869\">Niacin (10 mg)<\/strong> \u2013 Bidrar till normal energioms\u00e4ttning och hj\u00e4lper till att bibeh\u00e5lla en frisk hud.<\/p>\n<p data-start=\"508\" data-end=\"954\"><strong>Dosering:\u00a0<\/strong>2 kapslar dagligen i samband med m\u00e5ltid.<\/p>\n<table style=\"height: 80px;\" border=\"1\" width=\"621\" cellspacing=\"0\" cellpadding=\"0\">\n<tbody>\n<tr>\n<td valign=\"top\" width=\"30%\"><strong>2 kapslar inneh\u00e5ller<\/strong><\/td>\n<td valign=\"top\" width=\"20%\"><strong> M\u00e4ngd<\/strong><\/td>\n<td valign=\"top\" width=\"30%\"><strong>%DRI*<\/strong><\/td>\n<\/tr>\n<tr>\n<td valign=\"top\" width=\"30%\">L-lysin<\/td>\n<td valign=\"top\" width=\"20%\">1 000 mg<\/td>\n<td valign=\"top\" width=\"20%\">**<\/td>\n<\/tr>\n<tr>\n<td valign=\"top\" width=\"30%\">Zink<\/td>\n<td valign=\"top\" width=\"20%\">10 mg<\/td>\n<td valign=\"top\" width=\"20%\">100 %<\/td>\n<\/tr>\n<tr>\n<td valign=\"top\" width=\"30%\">Vitamin C<\/td>\n<td valign=\"top\" width=\"20%\">40 mg<\/td>\n<td valign=\"top\" width=\"20%\">50 %<\/td>\n<\/tr>\n<tr>\n<td valign=\"top\" width=\"30%\">Niacin (B3)<\/td>\n<td valign=\"top\" width=\"20%\">10 mg<\/td>\n<td valign=\"top\" width=\"20%\">62 %<\/td>\n<\/tr>\n<\/tbody>\n<\/table>\n<p><strong><em>*DRI \u00e4r dagligt referensintag.**DRI ej fastst\u00e4llt.\u00a0<\/em><\/strong><\/p>\n<p><strong>Ingredienser:<\/strong>L-Lysin, vitamin C, zink, niacin, sm\u00f6rjmedel (magnesiumsalter av fettsyror), kapsel (gelatin).<\/p>\n<p>Rekommenderad daglig dos b\u00f6r ej \u00f6verskridas.<br \/>\nKosttillskott ers\u00e4tter inte en varierad kost.<br \/>\nProdukten f\u00f6rvaras o\u00e5tkomligt f\u00f6r sm\u00e5 barn.<\/p>\n","protected":false},"excerpt":{"rendered":"<p>Lysin Complex \u00e4r ett avancerat kosttillskott som bygger p\u00e5 bredspektrum och synergi principen. Den inneh\u00e5ller aminosyror, vitaminer och mineraler inklusive zink som bidrar till immunsystemets normala funktioner.<\/p>\n<ul>\n<li data-start=\"994\" data-end=\"1057\">St\u00f6djer immunf\u00f6rsvaret och kroppens f\u00f6rsvarsmekanismer.<\/li>\n<li data-start=\"1058\" data-end=\"1116\">Fr\u00e4mjar hudh\u00e4lsa och bidrar till kollagenbildning.<\/li>\n<li data-start=\"1117\" data-end=\"1178\">Kan hj\u00e4lpa vid l\u00e4ppbesv\u00e4r kopplade till virusutbrott.<\/li>\n<li data-start=\"1179\" data-end=\"1224\">St\u00f6djer s\u00e5rl\u00e4kning och cellf\u00f6rnyelse.<\/li>\n<\/ul>\n<p><strong>120 kapslar<\/strong><\/p>\n","protected":false},"featured_media":500103673,"comment_status":"open","ping_status":"closed","template":"","meta":{"_kad_blocks_custom_css":"","_kad_blocks_head_custom_js":"","_kad_blocks_body_custom_js":"","_kad_blocks_footer_custom_js":"","_kadence_starter_templates_imported_post":false,"_kad_post_transparent":"default","_kad_post_title":"","_kad_post_layout":"default","_kad_post_sidebar_id":"","_kad_post_content_style":"default","_kad_post_vertical_padding":"default","_kad_post_feature":"","_kad_post_feature_position":"","_kad_post_header":false,"_kad_post_footer":false,"_kad_post_classname":""},"product_brand":[],"product_cat":[337,176,1307],"product_tag":[],"class_list":{"0":"post-9918","1":"product","2":"type-product","3":"status-publish","4":"has-post-thumbnail","6":"product_cat-aminosyror","7":"product_cat-immunforsvar","8":"product_cat-synergos","10":"first","11":"instock","12":"taxable","13":"shipping-taxable","14":"purchasable","15":"product-type-simple","16":"entry","17":"content-bg","18":"loop-entry"},"taxonomy_info":{"product_cat":[{"value":337,"label":"Aminosyror"},{"value":176,"label":"Immunf\u00f6rsvar"},{"value":1307,"label":"Synergos"}]},"featured_image_src_large":["https:\/\/vitaminbutiken.com\/wp-content\/uploads\/2025\/03\/330-Lysin-Complex-Photoroom-e1770799749619-790x700.png",790,700,true],"author_info":[],"comment_info":0,"_links":{"self":[{"href":"https:\/\/vitaminbutiken.com\/en\/wp-json\/wp\/v2\/product\/9918","targetHints":{"allow":["GET"]}}],"collection":[{"href":"https:\/\/vitaminbutiken.com\/en\/wp-json\/wp\/v2\/product"}],"about":[{"href":"https:\/\/vitaminbutiken.com\/en\/wp-json\/wp\/v2\/types\/product"}],"replies":[{"embeddable":true,"href":"https:\/\/vitaminbutiken.com\/en\/wp-json\/wp\/v2\/comments?post=9918"}],"wp:featuredmedia":[{"embeddable":true,"href":"https:\/\/vitaminbutiken.com\/en\/wp-json\/wp\/v2\/media\/500103673"}],"wp:attachment":[{"href":"https:\/\/vitaminbutiken.com\/en\/wp-json\/wp\/v2\/media?parent=9918"}],"wp:term":[{"taxonomy":"product_brand","embeddable":true,"href":"https:\/\/vitaminbutiken.com\/en\/wp-json\/wp\/v2\/product_brand?post=9918"},{"taxonomy":"product_cat","embeddable":true,"href":"https:\/\/vitaminbutiken.com\/en\/wp-json\/wp\/v2\/product_cat?post=9918"},{"taxonomy":"product_tag","embeddable":true,"href":"https:\/\/vitaminbutiken.com\/en\/wp-json\/wp\/v2\/product_tag?post=9918"}],"curies":[{"name":"wp","href":"https:\/\/api.w.org\/{rel}","templated":true}]}}