{"id":9916,"date":"2025-03-19T16:15:39","date_gmt":"2025-03-19T14:15:39","guid":{"rendered":"https:\/\/vitaminbutiken.multi.fi\/?post_type=product&#038;p=9916"},"modified":"2026-03-31T12:30:37","modified_gmt":"2026-03-31T10:30:37","slug":"multi-guard-basta-mest-kompletta-multivitaminen-for-vuxna","status":"publish","type":"product","link":"https:\/\/vitaminbutiken.com\/en\/produkt\/multi-guard-basta-mest-kompletta-multivitaminen-for-vuxna\/","title":{"rendered":"MULTI-GUARD (b\u00e4sta mest kompletta multivitaminen f\u00f6r vuxna)"},"content":{"rendered":"<h5 class=\"page-title\"><span class=\"base\" data-ui-id=\"page-title-wrapper\">MULTI-GUARD (b\u00e4sta mest kompletta multivitaminen f\u00f6r vuxna)<\/span><\/h5>\n<p>Multi-Guard\u00ae \u00e4r en av de mest kompletta multivitamin\/mineral tillskottet f\u00f6r vuxna som finns i Sverige.\u00a0\u00a0M\u00e5nga tillverkare fuskar och s\u00e4nker ner doseringarna p\u00e5 multvitaminerna f\u00f6r att kunna producera dem billigt. Lamberts har valt att inte kompromissa utan tillverka en produkt med h\u00f6g kvalite. F\u00f6rutom h\u00f6ga doser B vitaminer inneh\u00e5ller \u00e4ven Multi-Guard de viktigaste antioxidanterna och mineraler samt sp\u00e5r\u00e4mnen. Denna produkt l\u00e4mpar sig bra som ett en-om-dagen kosttillskott f\u00f6r att f\u00f6rs\u00e4kra sig att kroppen f\u00e5r de viktiga n\u00e4rings\u00e4mnen vi beh\u00f6ver.<\/p>\n<p><strong> Dosering<\/strong>: 1 tablett dagligen i samband med m\u00e5ltid.<\/p>\n<table style=\"height: 80px;\" border=\"1\" width=\"621\" cellspacing=\"0\" cellpadding=\"0\">\n<tbody>\n<tr>\n<td valign=\"top\" width=\"30%\"><strong>1 tablett inneh\u00e5ller<\/strong><\/td>\n<td valign=\"top\" width=\"20%\"><strong> M\u00e4ngd<\/strong><\/td>\n<td valign=\"top\" width=\"30%\"><strong>%DRI*<\/strong><\/td>\n<\/tr>\n<tr>\n<td valign=\"top\" width=\"30%\">Vitamin A<\/td>\n<td valign=\"top\" width=\"20%\">800 \u00b5g RE<\/td>\n<td valign=\"top\" width=\"20%\">100 %<\/td>\n<\/tr>\n<tr>\n<td valign=\"top\" width=\"30%\">Vitamin D3<\/td>\n<td valign=\"top\" width=\"20%\">10 \u00b5g<\/td>\n<td valign=\"top\" width=\"20%\">200 %<\/td>\n<\/tr>\n<tr>\n<td valign=\"top\" width=\"30%\">Vitamin E<\/td>\n<td valign=\"top\" width=\"20%\">48 mg\u00a0 a-TE<\/td>\n<td valign=\"top\" width=\"20%\">400 %<\/td>\n<\/tr>\n<tr>\n<td valign=\"top\" width=\"30%\">Vitamin K1<\/td>\n<td valign=\"top\" width=\"20%\">75 \u00b5g<\/td>\n<td valign=\"top\" width=\"20%\">100 %<\/td>\n<\/tr>\n<tr>\n<td valign=\"top\" width=\"30%\">Vitamin C<\/td>\n<td valign=\"top\" width=\"20%\">160 mg<\/td>\n<td valign=\"top\" width=\"20%\">200 %<\/td>\n<\/tr>\n<tr>\n<td valign=\"top\" width=\"30%\">Tiamin B1<\/td>\n<td valign=\"top\" width=\"20%\">25 mg<\/td>\n<td valign=\"top\" width=\"20%\">2273 %<\/td>\n<\/tr>\n<tr>\n<td valign=\"top\" width=\"30%\">Riboflavin B2<\/td>\n<td valign=\"top\" width=\"20%\">25 mg<\/td>\n<td valign=\"top\" width=\"20%\">1786 %<\/td>\n<\/tr>\n<tr>\n<td valign=\"top\" width=\"30%\">Niasin B3<\/td>\n<td valign=\"top\" width=\"20%\">32 mg NE<\/td>\n<td valign=\"top\" width=\"20%\">200 %<\/td>\n<\/tr>\n<tr>\n<td valign=\"top\" width=\"30%\">Vitamin B6<\/td>\n<td valign=\"top\" width=\"20%\">10 mg<\/td>\n<td valign=\"top\" width=\"20%\">714 %<\/td>\n<\/tr>\n<tr>\n<td valign=\"top\" width=\"30%\">Folsyra<\/td>\n<td valign=\"top\" width=\"20%\">400 \u00b5g<\/td>\n<td valign=\"top\" width=\"20%\">200 %<\/td>\n<\/tr>\n<tr>\n<td valign=\"top\" width=\"30%\">Vitamin B12<\/td>\n<td valign=\"top\" width=\"20%\">25 \u00b5g<\/td>\n<td valign=\"top\" width=\"20%\">1000 %<\/td>\n<\/tr>\n<tr>\n<td valign=\"top\" width=\"30%\">Biotin<\/td>\n<td valign=\"top\" width=\"20%\">150 \u00b5g<\/td>\n<td valign=\"top\" width=\"20%\">300 %<\/td>\n<\/tr>\n<tr>\n<td valign=\"top\" width=\"30%\">Pantotensyra<\/td>\n<td valign=\"top\" width=\"20%\">24 mg<\/td>\n<td valign=\"top\" width=\"20%\">400 %<\/td>\n<\/tr>\n<tr>\n<td valign=\"top\" width=\"30%\">J\u00e4rn<\/td>\n<td valign=\"top\" width=\"20%\">14 mg<\/td>\n<td valign=\"top\" width=\"20%\">100 %<\/td>\n<\/tr>\n<tr>\n<td valign=\"top\" width=\"30%\">Zink<\/td>\n<td valign=\"top\" width=\"20%\">15 mg<\/td>\n<td valign=\"top\" width=\"20%\">150 %<\/td>\n<\/tr>\n<tr>\n<td valign=\"top\" width=\"30%\">Koppar<\/td>\n<td valign=\"top\" width=\"20%\">1 mg<\/td>\n<td valign=\"top\" width=\"20%\">100 %<\/td>\n<\/tr>\n<tr>\n<td valign=\"top\" width=\"30%\">Mangan<\/td>\n<td valign=\"top\" width=\"20%\">0,5 mg<\/td>\n<td valign=\"top\" width=\"20%\">25 %<\/td>\n<\/tr>\n<tr>\n<td valign=\"top\" width=\"30%\">Selen<\/td>\n<td valign=\"top\" width=\"20%\">200 \u00b5g<\/td>\n<td valign=\"top\" width=\"20%\">364 %<\/td>\n<\/tr>\n<tr>\n<td valign=\"top\" width=\"30%\">Krom<\/td>\n<td valign=\"top\" width=\"20%\">200 \u00b5g<\/td>\n<td valign=\"top\" width=\"20%\">500 %<\/td>\n<\/tr>\n<tr>\n<td valign=\"top\" width=\"30%\">Molybden<\/td>\n<td valign=\"top\" width=\"20%\">200 \u00b5g<\/td>\n<td valign=\"top\" width=\"20%\">400 %<\/td>\n<\/tr>\n<tr>\n<td valign=\"top\" width=\"30%\">Jod<\/td>\n<td valign=\"top\" width=\"20%\">150 \u00b5g<\/td>\n<td valign=\"top\" width=\"20%\">100 %<\/td>\n<\/tr>\n<tr>\n<td valign=\"top\" width=\"30%\">Orac-blandning (EGCG) 3-5 %<\/td>\n<td valign=\"top\" width=\"20%\">50 mg<\/td>\n<td valign=\"top\" width=\"20%\">**<\/td>\n<\/tr>\n<tr>\n<td valign=\"top\" width=\"30%\">Kolin<\/td>\n<td valign=\"top\" width=\"20%\">25 mg<\/td>\n<td valign=\"top\" width=\"20%\">**<\/td>\n<\/tr>\n<tr>\n<td valign=\"top\" width=\"30%\">Inositol<\/td>\n<td valign=\"top\" width=\"20%\">25 mg<\/td>\n<td valign=\"top\" width=\"20%\">**<\/td>\n<\/tr>\n<tr>\n<td valign=\"top\" width=\"30%\">Rutin<\/td>\n<td valign=\"top\" width=\"20%\">25 mg<\/td>\n<td valign=\"top\" width=\"20%\">**<\/td>\n<\/tr>\n<tr>\n<td valign=\"top\" width=\"30%\">PABA<\/td>\n<td valign=\"top\" width=\"20%\">10 mg<\/td>\n<td valign=\"top\" width=\"20%\">**<\/td>\n<\/tr>\n<\/tbody>\n<\/table>\n<p><strong><em>*DRI \u00e4r dagligt referensintag.**DRI ej fastst\u00e4llt.<\/em><\/strong><\/p>\n<p><strong>Ingredienser<\/strong>: Fyllnadsmedel (dikalciumfosfat, cellulosa), kalcium karbonat, askorbinsyra, dl-alfa-tokoferolacetat, magnesiumoxid, tablettskal<br \/>\n(polydextros, hydroxypropylmetylcellulosa, kalciumkarbonat, f\u00e4rg: j\u00e4rnoxider), Orac-blandning\u00b9 (gr\u00f6nt teblad (camellia sinensis), druvk\u00e4rna (vitis vinifera),<br \/>\nrosmarinbladextrakt (rosemarinus officinalis L.)), zinkcitrat, klumpf\u00f6rebyggande medel (kiseldioxid, stearinsyra, magnesiumsalter av fettsyror), j\u00e4rnfumarat,<br \/>\nvitamin B1 (tiaminmononitrat), tv\u00e4rbundet cellulosagummi, vitamin B3 (nikotinamid), vitamin B5 (kalciumpantotenat), vitamin B2 (riboflavin), inositol,<br \/>\nrutin, kolinbitartrat, vitamin B6 (pyridoxin hydroklorid), kromklorid, para aminobensoesyra, vitamin A-acetat\u00b2, akacia, vitamin D (kolekalciferol\u00b3), kopparsulfat,<br \/>\nvitamin B12 (cyanokobalamin), L-selenometionin, natriumselenit, mangancitrat, vitamin K1 (fyllokinon), folsyra, natriummolybdat, kaliumjodid, biotin.<br \/>\n\u00b9Ger 690 orac super-antioxidantenheter, \u00b2med antioxidant dl-alfa-tokoferol, \u00b3med antioxidant d-alfa-tokoferol.<\/p>\n<p>Rekommenderad dos b\u00f6r ej \u00f6verskridas.<br \/>\nKosttillskott ers\u00e4tter inte en varierad kost.<br \/>\nProdukten f\u00f6rvaras o\u00e5tkomligt f\u00f6r sm\u00e5 barn.<br \/>\nRekommenderas inte till gravida eller ammande<\/p>\n","protected":false},"excerpt":{"rendered":"<p>Lamberts MULTIGUARD \u00ae \u00e4r en av de b\u00e4sta en om dagen multivitamin kosttillskott av h\u00f6g kvalitet. Kosttillskottet inneh\u00e5ller en unik sammans\u00e4ttning vitaminer och mineraler i potenta niv\u00e5er speciellt anpassade f\u00f6r vuxna m\u00e4nniskors behov.<\/p>\n<p>&nbsp;<\/p>\n","protected":false},"featured_media":9985,"comment_status":"closed","ping_status":"closed","template":"","meta":{"_kad_blocks_custom_css":"","_kad_blocks_head_custom_js":"","_kad_blocks_body_custom_js":"","_kad_blocks_footer_custom_js":"","_kadence_starter_templates_imported_post":false,"_kad_post_transparent":"default","_kad_post_title":"","_kad_post_layout":"default","_kad_post_sidebar_id":"","_kad_post_content_style":"default","_kad_post_vertical_padding":"default","_kad_post_feature":"","_kad_post_feature_position":"","_kad_post_header":false,"_kad_post_footer":false,"_kad_post_classname":""},"product_brand":[],"product_cat":[1234,2822,2821,2806,155],"product_tag":[205,1645,1548,1506,1647,1465,1447,1648,1507,1538,1468,1028,2006,1934,1974,1165,1472,1652,1654,1475],"class_list":{"0":"post-9916","1":"product","2":"type-product","3":"status-publish","4":"has-post-thumbnail","6":"product_cat-lamberts","7":"product_cat-multi-produkter","8":"product_cat-multi-mineral","9":"product_cat-multi-vitamin","10":"product_cat-vitaminer","11":"product_tag-antioxidant","12":"product_tag-benhalsa","13":"product_tag-cellskydd","14":"product_tag-dagligt-tillskott","15":"product_tag-energiproduktion","16":"product_tag-gmp-standard","17":"product_tag-harhalsa","18":"product_tag-hjarthalsa","19":"product_tag-hog-styrka","20":"product_tag-hormonbalans","21":"product_tag-hudhalsa","22":"product_tag-immunforsvar","23":"product_tag-matsmaltningshalsa","24":"product_tag-mental-prestation","25":"product_tag-multimineral","26":"product_tag-multivitamin","27":"product_tag-nagelhalsa","28":"product_tag-nervsystemets-funktion","29":"product_tag-trotthetsreducering","30":"product_tag-veganvanlig","32":"first","33":"instock","34":"taxable","35":"shipping-taxable","36":"purchasable","37":"product-type-variable","38":"entry","39":"content-bg","40":"loop-entry"},"taxonomy_info":{"product_cat":[{"value":1234,"label":"Lamberts"},{"value":2822,"label":"Multi produkter"},{"value":2821,"label":"Multi-mineral"},{"value":2806,"label":"Multi-vitamin"},{"value":155,"label":"Vitaminer"}],"product_tag":[{"value":205,"label":"antioxidant"},{"value":1645,"label":"Benh\u00e4lsa"},{"value":1548,"label":"Cellskydd"},{"value":1506,"label":"Dagligt tillskott"},{"value":1647,"label":"energiproduktion"},{"value":1465,"label":"GMP-standard"},{"value":1447,"label":"H\u00e5rh\u00e4lsa"},{"value":1648,"label":"hj\u00e4rth\u00e4lsa"},{"value":1507,"label":"h\u00f6g styrka"},{"value":1538,"label":"Hormonbalans"},{"value":1468,"label":"Hudh\u00e4lsa"},{"value":1028,"label":"immunf\u00f6rsvar"},{"value":2006,"label":"matsm\u00e4ltningsh\u00e4lsa"},{"value":1934,"label":"mental prestation"},{"value":1974,"label":"multimineral"},{"value":1165,"label":"multivitamin"},{"value":1472,"label":"nagelh\u00e4lsa"},{"value":1652,"label":"nervsystemets funktion"},{"value":1654,"label":"tr\u00f6tthetsreducering"},{"value":1475,"label":"veganv\u00e4nlig"}]},"featured_image_src_large":["https:\/\/vitaminbutiken.com\/wp-content\/uploads\/2025\/03\/8442-30-Multi-Guard-High-Strength-780x700.jpg",780,700,true],"author_info":[],"comment_info":0,"_links":{"self":[{"href":"https:\/\/vitaminbutiken.com\/en\/wp-json\/wp\/v2\/product\/9916","targetHints":{"allow":["GET"]}}],"collection":[{"href":"https:\/\/vitaminbutiken.com\/en\/wp-json\/wp\/v2\/product"}],"about":[{"href":"https:\/\/vitaminbutiken.com\/en\/wp-json\/wp\/v2\/types\/product"}],"replies":[{"embeddable":true,"href":"https:\/\/vitaminbutiken.com\/en\/wp-json\/wp\/v2\/comments?post=9916"}],"wp:featuredmedia":[{"embeddable":true,"href":"https:\/\/vitaminbutiken.com\/en\/wp-json\/wp\/v2\/media\/9985"}],"wp:attachment":[{"href":"https:\/\/vitaminbutiken.com\/en\/wp-json\/wp\/v2\/media?parent=9916"}],"wp:term":[{"taxonomy":"product_brand","embeddable":true,"href":"https:\/\/vitaminbutiken.com\/en\/wp-json\/wp\/v2\/product_brand?post=9916"},{"taxonomy":"product_cat","embeddable":true,"href":"https:\/\/vitaminbutiken.com\/en\/wp-json\/wp\/v2\/product_cat?post=9916"},{"taxonomy":"product_tag","embeddable":true,"href":"https:\/\/vitaminbutiken.com\/en\/wp-json\/wp\/v2\/product_tag?post=9916"}],"curies":[{"name":"wp","href":"https:\/\/api.w.org\/{rel}","templated":true}]}}