{"id":9901,"date":"2025-03-19T16:15:09","date_gmt":"2025-03-19T14:15:09","guid":{"rendered":"https:\/\/vitaminbutiken.multi.fi\/?post_type=product&#038;p=9901"},"modified":"2026-03-31T14:35:33","modified_gmt":"2026-03-31T12:35:33","slug":"naturlig-vitamin-e-lamberts","status":"publish","type":"product","link":"https:\/\/vitaminbutiken.com\/en\/produkt\/naturlig-vitamin-e-lamberts\/","title":{"rendered":"Vitamin E 400IU (268 mg)- Lamberts"},"content":{"rendered":"<p data-start=\"206\" data-end=\"270\"><strong data-start=\"206\" data-end=\"270\">Naturlig E-vitamin f\u00f6r skydd av cellerna mot oxidativ stress<\/strong><\/p>\n<p data-start=\"272\" data-end=\"511\">Lamberts Natural Form Vitamin E 400 IU \u00e4r ett h\u00f6gkvalitativt tillskott som inneh\u00e5ller vitamin E i naturlig form (d-alfa-tokoferol). Den naturliga formen har h\u00f6g biotillg\u00e4nglighet och \u00e4r den form som kroppen f\u00f6redrar och anv\u00e4nder effektivt.<\/p>\n<p data-start=\"513\" data-end=\"652\">Varje kapsel ger 400 IU, motsvarande 268 mg naturligt vitamin E, i en oljebaserad kapsel som st\u00f6djer upptaget av detta fettl\u00f6sliga vitamin.<\/p>\n<p data-start=\"659\" data-end=\"703\"><strong>Skyddar cellerna mot oxidativ stress<\/strong><\/p>\n<p data-start=\"705\" data-end=\"715\">Vitamin E:<\/p>\n<ul data-start=\"717\" data-end=\"772\">\n<li data-start=\"717\" data-end=\"772\">\n<p data-start=\"719\" data-end=\"772\">bidrar till att skydda cellerna mot oxidativ stress<\/p>\n<\/li>\n<\/ul>\n<p data-start=\"774\" data-end=\"1010\">Vitamin E \u00e4r en viktig antioxidant som hj\u00e4lper till att skydda kroppens celler fr\u00e5n skador orsakade av fria radikaler. Oxidativ stress uppst\u00e5r naturligt i kroppen och kan \u00f6ka vid exempelvis fysisk belastning, milj\u00f6p\u00e5verkan och \u00e5ldrande.<\/p>\n<p data-start=\"1017\" data-end=\"1056\"><strong>Naturlig form \u2013 d-alfa-tokoferol<\/strong><\/p>\n<p data-start=\"1058\" data-end=\"1273\">Denna produkt inneh\u00e5ller vitamin E i naturlig form (d-alfa-tokoferol). Den naturliga formen har h\u00f6g biologisk aktivitet och tas effektivt upp i kroppen.<\/p>\n<p data-start=\"1275\" data-end=\"1382\">Vitamin E \u00e4r ett fettl\u00f6sligt vitamin och levereras d\u00e4rf\u00f6r i en mjuk kapsel med oljebas f\u00f6r optimalt upptag.<\/p>\n<p data-start=\"1389\" data-end=\"1425\"><strong>F\u00f6r vem passar Vitamin E 400 IU?<\/strong><\/p>\n<p data-start=\"1427\" data-end=\"1468\">Produkten kan vara s\u00e4rskilt relevant f\u00f6r:<\/p>\n<ul data-start=\"1470\" data-end=\"1690\">\n<li data-start=\"1470\" data-end=\"1531\">\n<p data-start=\"1472\" data-end=\"1531\">personer som vill komplettera sitt intag av antioxidanter<\/p>\n<\/li>\n<li data-start=\"1532\" data-end=\"1576\">\n<p data-start=\"1534\" data-end=\"1576\">personer som uts\u00e4tts f\u00f6r oxidativ stress<\/p>\n<\/li>\n<li data-start=\"1577\" data-end=\"1642\">\n<p data-start=\"1579\" data-end=\"1642\">dig som vill s\u00e4kerst\u00e4lla ett h\u00f6gre dagligt intag av vitamin E<\/p>\n<\/li>\n<li data-start=\"1643\" data-end=\"1690\">\n<p data-start=\"1645\" data-end=\"1690\">personer som vill st\u00f6dja kroppens cellskydd<\/p>\n<\/li>\n<\/ul>\n<p data-start=\"1697\" data-end=\"1723\"><strong>Kvalitet fr\u00e5n Lamberts<\/strong><\/p>\n<p data-start=\"1725\" data-end=\"1936\">Lamberts \u00e4r k\u00e4nt f\u00f6r sina h\u00f6ga kvalitetsstandarder och noggrant utvalda r\u00e5varor. Natural Form Vitamin E 400 IU tillverkas enligt strikta kvalitetskrav f\u00f6r att s\u00e4kerst\u00e4lla renhet, stabilitet och korrekt dosering.<\/p>\n<p data-start=\"1938\" data-end=\"2027\">Kapslarna \u00e4r l\u00e4tta att sv\u00e4lja och l\u00e4mpade f\u00f6r dagligt bruk enligt rekommenderad dosering.<\/p>\n<p><strong>Dosering:<\/strong>\u00a01\u00a0till 2 kapslar per dag med m\u00e5ltid.<\/p>\n<table style=\"height: 80px;\" border=\"1\" width=\"621\" cellspacing=\"0\" cellpadding=\"0\">\n<tbody>\n<tr>\n<td valign=\"top\" width=\"30%\"><strong>1 kapsel inneh\u00e5ller<\/strong><\/td>\n<td valign=\"top\" width=\"20%\"><strong> M\u00e4ngd<\/strong><\/td>\n<td valign=\"top\" width=\"30%\"><strong>%DRI*<\/strong><\/td>\n<\/tr>\n<tr>\n<td valign=\"top\" width=\"30%\">Vitamin E\u00a0 (400 iu)<br \/>\nI den naturliga formen d-alfa tokoferol<\/td>\n<td valign=\"top\" width=\"20%\">268 mg<\/td>\n<td valign=\"top\" width=\"20%\">**<\/td>\n<\/tr>\n<\/tbody>\n<\/table>\n<p><strong><em>*DRI (dagligt referensintag) ej fastst\u00e4llt.\u00a0<\/em><\/strong><\/p>\n<p><strong>Ingredienser<\/strong>: Vitamin E (d-alfa-tokoferol), kapselskal (glycerol, modifierad st\u00e4rkelse. gelningsmedel: karragenan, surhetsreglerande medel: natriumkarbonat).<\/p>\n<p>Rekommenderad daglig dos b\u00f6r ej \u00f6verskridas.<br \/>\nKosttillskott ers\u00e4tter inte en varierad kost.<br \/>\nProdukten f\u00f6rvaras o\u00e5tkomligt f\u00f6r sm\u00e5 barn.<\/p>\n","protected":false},"excerpt":{"rendered":"<p>Natural Form Vitamin E 400 IU (268 mg) fr\u00e5n Lamberts \u00e4r ett h\u00f6gdoserat tillskott av naturligt vitamin E som bidrar till att skydda cellerna mot oxidativ stress \u2013 i en biotillg\u00e4nglig och genomt\u00e4nkt formulering.<\/p>\n<p>Lamberts Vitamin E 400iu \u00e4r ett kosttillskott av h\u00f6g kvalitet fr\u00e5n den naturliga d-alfa-tokoferol formen.<\/p>\n<p><strong>60 \/ 180 kapslar<\/strong><\/p>\n","protected":false},"featured_media":9983,"comment_status":"closed","ping_status":"closed","template":"","meta":{"_kad_blocks_custom_css":"","_kad_blocks_head_custom_js":"","_kad_blocks_body_custom_js":"","_kad_blocks_footer_custom_js":"","_kadence_starter_templates_imported_post":false,"_kad_post_transparent":"default","_kad_post_title":"","_kad_post_layout":"default","_kad_post_sidebar_id":"","_kad_post_content_style":"default","_kad_post_vertical_padding":"default","_kad_post_feature":"","_kad_post_feature_position":"","_kad_post_header":false,"_kad_post_footer":false,"_kad_post_classname":""},"product_brand":[],"product_cat":[2805,1234,155],"product_tag":[2118,1415,205,1548,2119,2120,2121,1465,1648,1467,1468,1028,285,2004,2122,193,2123,2124,1211],"class_list":{"0":"post-9901","1":"product","2":"type-product","3":"status-publish","4":"has-post-thumbnail","6":"product_cat-e-vitamin","7":"product_cat-lamberts","8":"product_cat-vitaminer","9":"product_tag-400-iu","10":"product_tag-anti-aging","11":"product_tag-antioxidant","12":"product_tag-cellskydd","13":"product_tag-d-alfa-tokoferol","14":"product_tag-fettloslig-vitamin","15":"product_tag-gelatinfri","16":"product_tag-gmp-standard","17":"product_tag-hjarthalsa","18":"product_tag-hog-biotillganglighet","19":"product_tag-hudhalsa","20":"product_tag-immunforsvar","21":"product_tag-kosttillskott","22":"product_tag-lamberts","23":"product_tag-naturlig-form","24":"product_tag-oxidativ-stress","25":"product_tag-reviva-fi","26":"product_tag-vegetabilisk-kapsel","27":"product_tag-vitamin-e","29":"first","30":"instock","31":"taxable","32":"shipping-taxable","33":"purchasable","34":"product-type-variable","35":"entry","36":"content-bg","37":"loop-entry"},"taxonomy_info":{"product_cat":[{"value":2805,"label":"E-vitamin"},{"value":1234,"label":"Lamberts"},{"value":155,"label":"Vitaminer"}],"product_tag":[{"value":2118,"label":"400 IU"},{"value":1415,"label":"Anti-aging"},{"value":205,"label":"antioxidant"},{"value":1548,"label":"Cellskydd"},{"value":2119,"label":"d-alfa-tokoferol"},{"value":2120,"label":"fettl\u00f6slig vitamin"},{"value":2121,"label":"gelatinfri"},{"value":1465,"label":"GMP-standard"},{"value":1648,"label":"hj\u00e4rth\u00e4lsa"},{"value":1467,"label":"H\u00f6g biotillg\u00e4nglighet"},{"value":1468,"label":"Hudh\u00e4lsa"},{"value":1028,"label":"immunf\u00f6rsvar"},{"value":285,"label":"kosttillskott"},{"value":2004,"label":"Lamberts"},{"value":2122,"label":"naturlig form"},{"value":193,"label":"oxidativ stress"},{"value":2123,"label":"Reviva.fi"},{"value":2124,"label":"vegetabilisk kapsel"},{"value":1211,"label":"Vitamin E"}]},"featured_image_src_large":["https:\/\/vitaminbutiken.com\/wp-content\/uploads\/2025\/03\/8708-60-Vitamin-E-400iu-780x700.jpg",780,700,true],"author_info":[],"comment_info":0,"_links":{"self":[{"href":"https:\/\/vitaminbutiken.com\/en\/wp-json\/wp\/v2\/product\/9901","targetHints":{"allow":["GET"]}}],"collection":[{"href":"https:\/\/vitaminbutiken.com\/en\/wp-json\/wp\/v2\/product"}],"about":[{"href":"https:\/\/vitaminbutiken.com\/en\/wp-json\/wp\/v2\/types\/product"}],"replies":[{"embeddable":true,"href":"https:\/\/vitaminbutiken.com\/en\/wp-json\/wp\/v2\/comments?post=9901"}],"wp:featuredmedia":[{"embeddable":true,"href":"https:\/\/vitaminbutiken.com\/en\/wp-json\/wp\/v2\/media\/9983"}],"wp:attachment":[{"href":"https:\/\/vitaminbutiken.com\/en\/wp-json\/wp\/v2\/media?parent=9901"}],"wp:term":[{"taxonomy":"product_brand","embeddable":true,"href":"https:\/\/vitaminbutiken.com\/en\/wp-json\/wp\/v2\/product_brand?post=9901"},{"taxonomy":"product_cat","embeddable":true,"href":"https:\/\/vitaminbutiken.com\/en\/wp-json\/wp\/v2\/product_cat?post=9901"},{"taxonomy":"product_tag","embeddable":true,"href":"https:\/\/vitaminbutiken.com\/en\/wp-json\/wp\/v2\/product_tag?post=9901"}],"curies":[{"name":"wp","href":"https:\/\/api.w.org\/{rel}","templated":true}]}}