{"id":9899,"date":"2025-03-19T16:15:08","date_gmt":"2025-03-19T14:15:08","guid":{"rendered":"https:\/\/vitaminbutiken.multi.fi\/?post_type=product&#038;p=9899"},"modified":"2026-03-31T12:51:05","modified_gmt":"2026-03-31T10:51:05","slug":"niacin-som-nikotinamid-250mg","status":"publish","type":"product","link":"https:\/\/vitaminbutiken.com\/en\/produkt\/niacin-som-nikotinamid-250mg\/","title":{"rendered":"Nicotinamide 250 mg (Vitamin B3) &#8211; Lamberts"},"content":{"rendered":"<h3 data-start=\"112\" data-end=\"147\"><strong data-start=\"116\" data-end=\"147\">Niacin (nikotinamid) 250 mg<\/strong><\/h3>\n<p data-start=\"149\" data-end=\"285\"><strong data-start=\"149\" data-end=\"164\">Nikotinamid<\/strong>, \u00e4ven k\u00e4nt som <strong data-start=\"180\" data-end=\"203\">vitamin B3 (niacin)<\/strong>, \u00e4r ett viktigt B-vitamin som kroppen beh\u00f6ver f\u00f6r flera grundl\u00e4ggande funktioner.<\/p>\n<p data-start=\"287\" data-end=\"310\">Vitamin B3 bidrar till:<\/p>\n<ul data-start=\"311\" data-end=\"519\">\n<li data-start=\"311\" data-end=\"411\">\n<p data-start=\"313\" data-end=\"411\"><strong data-start=\"313\" data-end=\"340\">normal energioms\u00e4ttning<\/strong> genom att hj\u00e4lpa kroppen att bryta ner fett, kolhydrater och protein<\/p>\n<\/li>\n<li data-start=\"412\" data-end=\"450\">\n<p data-start=\"414\" data-end=\"450\"><strong data-start=\"414\" data-end=\"448\">nervsystemets normala funktion<\/strong><\/p>\n<\/li>\n<li data-start=\"451\" data-end=\"486\">\n<p data-start=\"453\" data-end=\"486\"><strong data-start=\"453\" data-end=\"484\">normal psykologisk funktion<\/strong><\/p>\n<\/li>\n<li data-start=\"487\" data-end=\"519\">\n<p data-start=\"489\" data-end=\"519\"><strong data-start=\"489\" data-end=\"519\">bibeh\u00e5llande av normal hud<\/strong><\/p>\n<\/li>\n<\/ul>\n<p data-start=\"521\" data-end=\"662\">Niacin \u00e4r \u00e4ven viktigt f\u00f6r att bibeh\u00e5lla <strong data-start=\"562\" data-end=\"605\">friska t\u00e4nder, ben, naglar, hud och h\u00e5r<\/strong>, samt f\u00f6r att matsm\u00e4ltningssystemet ska fungera normalt.<\/p>\n<p data-start=\"664\" data-end=\"814\">Denna produkt inneh\u00e5ller <strong data-start=\"689\" data-end=\"704\">nikotinamid<\/strong>, en form av niacin som inte orsakar den rodnad (\u201dflush\u201d) som kan uppst\u00e5 med vissa andra former av vitamin B3.<\/p>\n<p><strong>Dosering: <\/strong>1 till 2 tabletter i samband med m\u00e5ltid.<\/p>\n<table style=\"height: 80px;\" border=\"1\" width=\"621\" cellspacing=\"0\" cellpadding=\"0\">\n<tbody>\n<tr>\n<td valign=\"top\" width=\"30%\"><strong>1 tablett inneh\u00e5ller<\/strong><\/td>\n<td valign=\"top\" width=\"20%\"><strong> M\u00e4ngd<\/strong><\/td>\n<td valign=\"top\" width=\"30%\"><strong>%DRI*<\/strong><\/td>\n<\/tr>\n<tr>\n<td valign=\"top\" width=\"30%\">Niacin<\/td>\n<td valign=\"top\" width=\"20%\">250 mg<\/td>\n<td valign=\"top\" width=\"20%\">1 563 %<\/td>\n<\/tr>\n<\/tbody>\n<\/table>\n<p><strong><em>*DRI \u00e4r dagligt referensintag. <\/em><\/strong><\/p>\n<p><strong>Ingredienser<\/strong>: Niacin (nikotinamid), kalciumkarbonat, cellulosa, dikalciumfosfat, klumpf\u00f6rebyggande medel (kiseldioxid, stearinsyra, magnesiumsalter av fettsyror), hydroxipropylcellulosa, tablettskal (hydroxypropylmetylcellulosa, glycerin), tv\u00e4rbundet cellulosagummi.<\/p>\n<p>Rekommenderad daglig dos b\u00f6r ej \u00f6verskridas.<br \/>\nKosttillskott ers\u00e4tter inte en varierad kost.<br \/>\nProdukten f\u00f6rvaras o\u00e5tkomligt f\u00f6r sm\u00e5 barn.<\/p>\n","protected":false},"excerpt":{"rendered":"<p>Lamberts Vitamin B3 (niacin som nikotinamid) tillskott \u00e4r ett B3 vitamin kosttillskott.<\/p>\n<p><strong>100 tabletter<\/strong><\/p>\n","protected":false},"featured_media":9973,"comment_status":"closed","ping_status":"closed","template":"","meta":{"_kad_blocks_custom_css":"","_kad_blocks_head_custom_js":"","_kad_blocks_body_custom_js":"","_kad_blocks_footer_custom_js":"","_kadence_starter_templates_imported_post":false,"_kad_post_transparent":"default","_kad_post_title":"","_kad_post_layout":"default","_kad_post_sidebar_id":"","_kad_post_content_style":"default","_kad_post_vertical_padding":"default","_kad_post_feature":"","_kad_post_feature_position":"","_kad_post_header":false,"_kad_post_footer":false,"_kad_post_classname":""},"product_brand":[],"product_cat":[348,1234,155],"product_tag":[2111,205,2112,2113,1584,1465,1467,1468,1986,2019,285,2006,1934,1652,497,2114,2115,1542,1654,2077,1976],"class_list":{"0":"post-9899","1":"product","2":"type-product","3":"status-publish","4":"has-post-thumbnail","6":"product_cat-b-vitamin","7":"product_cat-lamberts","8":"product_cat-vitaminer","9":"product_tag-250-mg","10":"product_tag-antioxidant","11":"product_tag-cellreparation","12":"product_tag-dna-syntes","13":"product_tag-energiomsattning","14":"product_tag-gmp-standard","15":"product_tag-hog-biotillganglighet","16":"product_tag-hudhalsa","17":"product_tag-kardiovaskular-halsa","18":"product_tag-kolesterolbalans","19":"product_tag-kosttillskott","20":"product_tag-matsmaltningshalsa","21":"product_tag-mental-prestation","22":"product_tag-nervsystemets-funktion","23":"product_tag-niacin","24":"product_tag-nikotinamid","25":"product_tag-slemhinnors-halsa","26":"product_tag-stresshantering","27":"product_tag-trotthetsreducering","28":"product_tag-vegetariskt","29":"product_tag-vitamin-b3","31":"first","32":"instock","33":"taxable","34":"shipping-taxable","35":"purchasable","36":"product-type-simple","37":"entry","38":"content-bg","39":"loop-entry"},"taxonomy_info":{"product_cat":[{"value":348,"label":"B-vitamin"},{"value":1234,"label":"Lamberts"},{"value":155,"label":"Vitaminer"}],"product_tag":[{"value":2111,"label":"250 mg"},{"value":205,"label":"antioxidant"},{"value":2112,"label":"cellreparation"},{"value":2113,"label":"DNA-syntes"},{"value":1584,"label":"Energioms\u00e4ttning"},{"value":1465,"label":"GMP-standard"},{"value":1467,"label":"H\u00f6g biotillg\u00e4nglighet"},{"value":1468,"label":"Hudh\u00e4lsa"},{"value":1986,"label":"kardiovaskul\u00e4r h\u00e4lsa"},{"value":2019,"label":"kolesterolbalans"},{"value":285,"label":"kosttillskott"},{"value":2006,"label":"matsm\u00e4ltningsh\u00e4lsa"},{"value":1934,"label":"mental prestation"},{"value":1652,"label":"nervsystemets funktion"},{"value":497,"label":"Niacin"},{"value":2114,"label":"nikotinamid"},{"value":2115,"label":"slemhinnors h\u00e4lsa"},{"value":1542,"label":"Stresshantering"},{"value":1654,"label":"tr\u00f6tthetsreducering"},{"value":2077,"label":"vegetariskt"},{"value":1976,"label":"vitamin B3"}]},"featured_image_src_large":["https:\/\/vitaminbutiken.com\/wp-content\/uploads\/2025\/03\/8054-100-Nicotinamide-250-mg-780x700.jpg",780,700,true],"author_info":[],"comment_info":0,"_links":{"self":[{"href":"https:\/\/vitaminbutiken.com\/en\/wp-json\/wp\/v2\/product\/9899","targetHints":{"allow":["GET"]}}],"collection":[{"href":"https:\/\/vitaminbutiken.com\/en\/wp-json\/wp\/v2\/product"}],"about":[{"href":"https:\/\/vitaminbutiken.com\/en\/wp-json\/wp\/v2\/types\/product"}],"replies":[{"embeddable":true,"href":"https:\/\/vitaminbutiken.com\/en\/wp-json\/wp\/v2\/comments?post=9899"}],"wp:featuredmedia":[{"embeddable":true,"href":"https:\/\/vitaminbutiken.com\/en\/wp-json\/wp\/v2\/media\/9973"}],"wp:attachment":[{"href":"https:\/\/vitaminbutiken.com\/en\/wp-json\/wp\/v2\/media?parent=9899"}],"wp:term":[{"taxonomy":"product_brand","embeddable":true,"href":"https:\/\/vitaminbutiken.com\/en\/wp-json\/wp\/v2\/product_brand?post=9899"},{"taxonomy":"product_cat","embeddable":true,"href":"https:\/\/vitaminbutiken.com\/en\/wp-json\/wp\/v2\/product_cat?post=9899"},{"taxonomy":"product_tag","embeddable":true,"href":"https:\/\/vitaminbutiken.com\/en\/wp-json\/wp\/v2\/product_tag?post=9899"}],"curies":[{"name":"wp","href":"https:\/\/api.w.org\/{rel}","templated":true}]}}