{"id":9898,"date":"2025-03-19T16:15:08","date_gmt":"2025-03-19T14:15:08","guid":{"rendered":"https:\/\/vitaminbutiken.multi.fi\/?post_type=product&#038;p=9898"},"modified":"2026-04-08T07:05:45","modified_gmt":"2026-04-08T05:05:45","slug":"saccharomyces-cerevisiae-boulardii","status":"publish","type":"product","link":"https:\/\/vitaminbutiken.com\/en\/produkt\/saccharomyces-cerevisiae-boulardii\/","title":{"rendered":"Saccharomyces Cerevisiae Boulardii"},"content":{"rendered":"<h4>Saccharomyces Cerevisiae Boulardii<\/h4>\n<p>Lamberts\u00ae Saccharomyces Cerevisiae Boulardii ger hela 6 miljarder organismer per kapsel. Denna probiotiska j\u00e4st har visat sig bibeh\u00e5lla och \u00e5terst\u00e4lla floran i tjock- och tunntarmen, och den rekommenderas nu allm\u00e4nt av ut\u00f6vare, s\u00e4rskilt f\u00f6r hantering av tarmh\u00e4lsa.<\/p>\n<p>Lamberts\u00ae Saccharomyces Cerevisiae Boulardii \u00e4r en h\u00f6gh\u00e5llfast en dagprodukt som \u00e4r l\u00e4mplig f\u00f6r vegetarianer och veganer. Dessa sm\u00e5, l\u00e4tta att sv\u00e4lja, kapslar tillverkas i Storbritannien enligt farmaceutiska standarder och eftersom v\u00e5r produkt \u00e4r rumstemperaturstabil finns det inget behov av att f\u00f6rvara den i kylda f\u00f6rh\u00e5llanden.<\/p>\n<p><strong>Dosering<\/strong>: 1 kapsel dagligen i samband med m\u00e5ltid.<\/p>\n<table style=\"height: 80px;\" border=\"1\" width=\"621\" cellspacing=\"0\" cellpadding=\"0\">\n<tbody>\n<tr>\n<td valign=\"top\" width=\"30%\"><strong>1 kapsel inneh\u00e5ller<\/strong><\/td>\n<td valign=\"top\" width=\"20%\"><strong> M\u00e4ngd<\/strong><\/td>\n<td valign=\"top\" width=\"30%\"><strong>%DRI*<\/strong><\/td>\n<\/tr>\n<tr>\n<td valign=\"top\" width=\"30%\">Saccharomyces boulardii<br \/>\n(som ger 6 miljarder organismer)<\/td>\n<td valign=\"top\" width=\"20%\">300 mg<\/td>\n<td valign=\"top\" width=\"20%\">**<\/td>\n<\/tr>\n<\/tbody>\n<\/table>\n<p><strong><em>*DRI (dagligt referensintag) ej fastst\u00e4llt.\u00a0<\/em><\/strong><\/p>\n<p><strong>Ingredienser<\/strong>: Saccharomyces cerevisiae boulardii (aktiv torkad j\u00e4st, emulgerings medel: sorbitanmonostearat), kapselskal (hydroxypropylmetylcellulosa).<\/p>\n<p>Rekommenderad dos b\u00f6r ej \u00f6verskridas.<br \/>\nKosttillskott ers\u00e4tter inte en varierad kost.<br \/>\nProdukten f\u00f6rvaras o\u00e5tkomligt f\u00f6r sm\u00e5 barn.<br \/>\nRekommenderas inte till gravida eller ammande.<\/p>\n<p><strong>OBS<\/strong>! Om du tar medicin, har ett nedsatt immunf\u00f6rsvar eller om du \u00e4r gravid\/ammar anv\u00e4nd inte denna produkt utom p\u00e5 inr\u00e5dan av en l\u00e4kare.<\/p>\n","protected":false},"excerpt":{"rendered":"<p>6 miljarder organismer per kapsel.<\/p>\n<p><strong>30 Kapslar\u00a0<\/strong><\/p>\n","protected":false},"featured_media":9971,"comment_status":"closed","ping_status":"closed","template":"","meta":{"_kad_blocks_custom_css":"","_kad_blocks_head_custom_js":"","_kad_blocks_body_custom_js":"","_kad_blocks_footer_custom_js":"","_kadence_starter_templates_imported_post":false,"_kad_post_transparent":"default","_kad_post_title":"","_kad_post_layout":"default","_kad_post_sidebar_id":"","_kad_post_content_style":"default","_kad_post_vertical_padding":"default","_kad_post_feature":"","_kad_post_feature_position":"","_kad_post_header":false,"_kad_post_footer":false,"_kad_post_classname":""},"product_brand":[],"product_cat":[176,1234,431],"product_tag":[1547,2101,2102,2103,2104,2105,1465,1028,2001,2106,2006,2107,2108,2109,2110,2014,1475],"class_list":{"0":"post-9898","1":"product","2":"type-product","3":"status-publish","4":"has-post-thumbnail","6":"product_cat-immunforsvar","7":"product_cat-lamberts","8":"product_cat-mage-tarm","9":"product_tag-300-mg","10":"product_tag-6-miljarder-organismer-per-kapsel","11":"product_tag-akut-gastroenterit","12":"product_tag-antibiotika-associerad-diarre","13":"product_tag-clostridium-difficile","14":"product_tag-diarreprevention","15":"product_tag-gmp-standard","16":"product_tag-immunforsvar","17":"product_tag-kapslar","18":"product_tag-mag-tarmhalsa","19":"product_tag-matsmaltningshalsa","20":"product_tag-probiotisk-jast","21":"product_tag-resediarre","22":"product_tag-rumstemperaturstabil","23":"product_tag-saccharomyces-cerevisiae-boulardii","24":"product_tag-tarmflora","25":"product_tag-veganvanlig","27":"first","28":"instock","29":"taxable","30":"shipping-taxable","31":"purchasable","32":"product-type-simple","33":"entry","34":"content-bg","35":"loop-entry"},"taxonomy_info":{"product_cat":[{"value":176,"label":"Immunf\u00f6rsvar"},{"value":1234,"label":"Lamberts"},{"value":431,"label":"Mage &amp; Tarm"}],"product_tag":[{"value":1547,"label":"300 mg"},{"value":2101,"label":"6 miljarder organismer per kapsel"},{"value":2102,"label":"akut gastroenterit"},{"value":2103,"label":"antibiotika-associerad diarr\u00e9"},{"value":2104,"label":"Clostridium difficile"},{"value":2105,"label":"diarr\u00e9prevention"},{"value":1465,"label":"GMP-standard"},{"value":1028,"label":"immunf\u00f6rsvar"},{"value":2001,"label":"kapslar"},{"value":2106,"label":"mag-tarmh\u00e4lsa"},{"value":2006,"label":"matsm\u00e4ltningsh\u00e4lsa"},{"value":2107,"label":"probiotisk j\u00e4st"},{"value":2108,"label":"resediarr\u00e9"},{"value":2109,"label":"rumstemperaturstabil"},{"value":2110,"label":"Saccharomyces Cerevisiae Boulardii"},{"value":2014,"label":"tarmflora"},{"value":1475,"label":"veganv\u00e4nlig"}]},"featured_image_src_large":["https:\/\/vitaminbutiken.com\/wp-content\/uploads\/2025\/03\/8521-Saccharomyces-780x700.jpg",780,700,true],"author_info":[],"comment_info":0,"_links":{"self":[{"href":"https:\/\/vitaminbutiken.com\/en\/wp-json\/wp\/v2\/product\/9898","targetHints":{"allow":["GET"]}}],"collection":[{"href":"https:\/\/vitaminbutiken.com\/en\/wp-json\/wp\/v2\/product"}],"about":[{"href":"https:\/\/vitaminbutiken.com\/en\/wp-json\/wp\/v2\/types\/product"}],"replies":[{"embeddable":true,"href":"https:\/\/vitaminbutiken.com\/en\/wp-json\/wp\/v2\/comments?post=9898"}],"wp:featuredmedia":[{"embeddable":true,"href":"https:\/\/vitaminbutiken.com\/en\/wp-json\/wp\/v2\/media\/9971"}],"wp:attachment":[{"href":"https:\/\/vitaminbutiken.com\/en\/wp-json\/wp\/v2\/media?parent=9898"}],"wp:term":[{"taxonomy":"product_brand","embeddable":true,"href":"https:\/\/vitaminbutiken.com\/en\/wp-json\/wp\/v2\/product_brand?post=9898"},{"taxonomy":"product_cat","embeddable":true,"href":"https:\/\/vitaminbutiken.com\/en\/wp-json\/wp\/v2\/product_cat?post=9898"},{"taxonomy":"product_tag","embeddable":true,"href":"https:\/\/vitaminbutiken.com\/en\/wp-json\/wp\/v2\/product_tag?post=9898"}],"curies":[{"name":"wp","href":"https:\/\/api.w.org\/{rel}","templated":true}]}}