{"id":9897,"date":"2025-03-19T16:15:07","date_gmt":"2025-03-19T14:15:07","guid":{"rendered":"https:\/\/vitaminbutiken.multi.fi\/?post_type=product&#038;p=9897"},"modified":"2026-03-13T12:14:28","modified_gmt":"2026-03-13T11:14:28","slug":"salvia-2500mg","status":"publish","type":"product","link":"https:\/\/vitaminbutiken.com\/en\/produkt\/salvia-2500mg\/","title":{"rendered":"SALVIA 2500mg"},"content":{"rendered":"<p>&nbsp;<\/p>\n<p><strong>Salvia 2500mg &#8211; Naturligt st\u00f6d f\u00f6r kvinnors v\u00e4lm\u00e5ende<\/strong><\/p>\n<p>Lamberts Salvia \u00e4r ett h\u00f6gkvalitativt kosttillskott framst\u00e4llt av standardiserat salviaextrakt (<em>Salvia officinalis<\/em>), en \u00f6rt som traditionellt har anv\u00e4nts f\u00f6r att st\u00f6dja hormonell balans och v\u00e4lm\u00e5ende. Detta tillskott \u00e4r s\u00e4rskilt popul\u00e4rt bland kvinnor under \u00f6verg\u00e5ngs\u00e5ldern, tack vare salvias naturliga egenskaper.<\/p>\n<p><strong>F\u00f6rdelar med Lamberts Salvia:<\/strong><\/p>\n<ul>\n<li>Kan bidra till att minska v\u00e4rmevallningar och svettningar.<\/li>\n<li>St\u00f6djer hormonbalans och emotionellt v\u00e4lbefinnande.<\/li>\n<li>Tillverkad enligt de h\u00f6gsta kvalitetsstandarderna.\n<p><strong>Dosering:<\/strong> 1 tablett dagligen med m\u00e5ltid.<\/p>\n<table style=\"height: 80px;\" border=\"1\" width=\"621\" cellspacing=\"0\" cellpadding=\"0\">\n<tbody>\n<tr>\n<td valign=\"top\" width=\"30%\"><strong>1 tablett inneh\u00e5ller<\/strong><\/td>\n<td valign=\"top\" width=\"20%\"><strong> M\u00e4ngd<\/strong><\/td>\n<td valign=\"top\" width=\"30%\"><strong>%DRI*<\/strong><\/td>\n<\/tr>\n<tr>\n<td valign=\"top\" width=\"30%\">Salvia<br \/>\n(som 500mg av ett 5:1 extrakt)<\/td>\n<td valign=\"top\" width=\"20%\">2500 mg<\/td>\n<td valign=\"top\" width=\"20%\">**<\/td>\n<\/tr>\n<tr>\n<td valign=\"top\" width=\"30%\">Som ger 2.5% rosmarinsyra<\/td>\n<td valign=\"top\" width=\"20%\"><\/td>\n<td valign=\"top\" width=\"20%\"><\/td>\n<\/tr>\n<\/tbody>\n<\/table>\n<p><strong><em>*DRI (dagligt referensintag) ej fastst\u00e4llt.\u00a0<\/em><\/strong><\/p>\n<p><strong>Ingredienser<\/strong>: Salviaextrakt (Salvia officinalis), dikalciumfosfat, fyllnadsmedel (cellulosa),<br \/>\nytbehandlingsmedel (hydroxypropylmetylcellulosa, f\u00e4rg\u00e4mnen: spirulina, \u00e4pple, safflor, citron,<br \/>\nkalciumkarbonat, hydroxypropylcellulosa), klumpf\u00f6rebyggande medel (kiseldioxid, stearinsyra, magnesiumsalter av fettsyror).<\/p>\n<p>Rekommenderad dos b\u00f6r ej \u00f6verskridas.<br \/>\nKosttillskott ers\u00e4tter inte en varierad kost.<br \/>\nProdukten f\u00f6rvaras o\u00e5tkomligt f\u00f6r sm\u00e5 barn.<br \/>\nRekommenderas inte till gravida och ammande.<\/li>\n<\/ul>\n","protected":false},"excerpt":{"rendered":"<p>Lamberts Salvia \u00e4r ett rosmarinsyra kosttillskott av h\u00f6g kvalitet.<\/p>\n<p><strong>F\u00f6rdelar med Lamberts Salvia:<\/strong><\/p>\n<ul>\n<li>Kan bidra till att minska v\u00e4rmevallningar och svettningar.<\/li>\n<li>St\u00f6djer hormonbalans och emotionellt v\u00e4lbefinnande.<\/li>\n<li>Tillverkad enligt de h\u00f6gsta kvalitetsstandarderna.<\/li>\n<\/ul>\n<p><strong>90 tabletter<\/strong><\/p>\n","protected":false},"featured_media":9969,"comment_status":"closed","ping_status":"closed","template":"","meta":{"_kad_blocks_custom_css":"","_kad_blocks_head_custom_js":"","_kad_blocks_body_custom_js":"","_kad_blocks_footer_custom_js":"","_kadence_starter_templates_imported_post":false,"_kad_post_transparent":"default","_kad_post_title":"","_kad_post_layout":"default","_kad_post_sidebar_id":"","_kad_post_content_style":"default","_kad_post_vertical_padding":"default","_kad_post_feature":"","_kad_post_feature_position":"","_kad_post_header":false,"_kad_post_footer":false,"_kad_post_classname":""},"product_brand":[],"product_cat":[1234,149],"product_tag":[2024,788,205,1465,1507,1538,804,1892,2095,2006,1935,2096,2097,2098,2099,2100,1996,1515],"class_list":{"0":"post-9897","1":"product","2":"type-product","3":"status-publish","4":"has-post-thumbnail","6":"product_cat-lamberts","7":"product_cat-orter","8":"product_tag-2500-mg","9":"product_tag-antiinflammatorisk","10":"product_tag-antioxidant","11":"product_tag-gmp-standard","12":"product_tag-hog-styrka","13":"product_tag-hormonbalans","14":"product_tag-klimakteriebesvar","15":"product_tag-kognitiv-funktion","16":"product_tag-lag-thujonhalt","17":"product_tag-matsmaltningshalsa","18":"product_tag-minnesstod","19":"product_tag-nattliga-svettningar","20":"product_tag-rosmarinsyra","21":"product_tag-salvia","22":"product_tag-traditionell-ortmedicin","23":"product_tag-varmevallningar","24":"product_tag-vaxtbaserat","25":"product_tag-vegansk","27":"first","28":"instock","29":"taxable","30":"shipping-taxable","31":"purchasable","32":"product-type-simple","33":"entry","34":"content-bg","35":"loop-entry"},"taxonomy_info":{"product_cat":[{"value":1234,"label":"Lamberts"},{"value":149,"label":"\u00d6rter"}],"product_tag":[{"value":2024,"label":"2500 mg"},{"value":788,"label":"antiinflammatorisk"},{"value":205,"label":"antioxidant"},{"value":1465,"label":"GMP-standard"},{"value":1507,"label":"h\u00f6g styrka"},{"value":1538,"label":"Hormonbalans"},{"value":804,"label":"klimakteriebesv\u00e4r"},{"value":1892,"label":"Kognitiv funktion"},{"value":2095,"label":"l\u00e5g thujonhalt"},{"value":2006,"label":"matsm\u00e4ltningsh\u00e4lsa"},{"value":1935,"label":"minnesst\u00f6d"},{"value":2096,"label":"nattliga svettningar"},{"value":2097,"label":"rosmarinsyra"},{"value":2098,"label":"salvia"},{"value":2099,"label":"traditionell \u00f6rtmedicin"},{"value":2100,"label":"v\u00e4rmevallningar"},{"value":1996,"label":"v\u00e4xtbaserat"},{"value":1515,"label":"vegansk"}]},"featured_image_src_large":["https:\/\/vitaminbutiken.com\/wp-content\/uploads\/2025\/03\/8577-90-Sage-2500-mg-780x700.jpg",780,700,true],"author_info":[],"comment_info":0,"_links":{"self":[{"href":"https:\/\/vitaminbutiken.com\/en\/wp-json\/wp\/v2\/product\/9897","targetHints":{"allow":["GET"]}}],"collection":[{"href":"https:\/\/vitaminbutiken.com\/en\/wp-json\/wp\/v2\/product"}],"about":[{"href":"https:\/\/vitaminbutiken.com\/en\/wp-json\/wp\/v2\/types\/product"}],"replies":[{"embeddable":true,"href":"https:\/\/vitaminbutiken.com\/en\/wp-json\/wp\/v2\/comments?post=9897"}],"wp:featuredmedia":[{"embeddable":true,"href":"https:\/\/vitaminbutiken.com\/en\/wp-json\/wp\/v2\/media\/9969"}],"wp:attachment":[{"href":"https:\/\/vitaminbutiken.com\/en\/wp-json\/wp\/v2\/media?parent=9897"}],"wp:term":[{"taxonomy":"product_brand","embeddable":true,"href":"https:\/\/vitaminbutiken.com\/en\/wp-json\/wp\/v2\/product_brand?post=9897"},{"taxonomy":"product_cat","embeddable":true,"href":"https:\/\/vitaminbutiken.com\/en\/wp-json\/wp\/v2\/product_cat?post=9897"},{"taxonomy":"product_tag","embeddable":true,"href":"https:\/\/vitaminbutiken.com\/en\/wp-json\/wp\/v2\/product_tag?post=9897"}],"curies":[{"name":"wp","href":"https:\/\/api.w.org\/{rel}","templated":true}]}}