{"id":9896,"date":"2025-03-19T16:15:07","date_gmt":"2025-03-19T14:15:07","guid":{"rendered":"https:\/\/vitaminbutiken.multi.fi\/?post_type=product&#038;p=9896"},"modified":"2026-03-31T14:25:40","modified_gmt":"2026-03-31T12:25:40","slug":"vitamin-b-50-komplex-lamberts","status":"publish","type":"product","link":"https:\/\/vitaminbutiken.com\/en\/produkt\/vitamin-b-50-komplex-lamberts\/","title":{"rendered":"Vitamin B-50 COMPLEX &#8211; Lamberts\u00a0"},"content":{"rendered":"<h4><strong>Vitamin B-50 KOMPLEX &#8211; Lamberts<\/strong><\/h4>\n<p>&nbsp;<\/p>\n<p>N\u00e4stan alla processer i kroppen beh\u00f6ver B vitaminer. De beh\u00f6vs f\u00f6r att utvinna energi fr\u00e5n mat, f\u00f6r nervsystemet att fungera och de hj\u00e4lper v\u00e5rt matsm\u00e4ltningssystem att fungera b\u00e4ttre. B vitaminerna beh\u00f6vs \u00e4ven f\u00f6r att huden, h\u00e5ret och naglarna ska h\u00e5llas friska.<\/p>\n<p>B vitaminerna verkar synergistiskt, dvs de samverkar med varandra. S\u00e5 om man har brist p\u00e5 n\u00e5gon av dem kan de hindra de andra vitaminerna fr\u00e5n att fungera. D\u00e4rf\u00f6r \u00e4r det l\u00e4mpligt att ta B komplex, speciellt om man t\u00e4nker ta dem under en l\u00e4ngre tid.<\/p>\n<p>Lamberts\u00ae B-50 komplex \u00e4r en komplett sammans\u00e4ttning av alla de viktiga B vitaminerna. Till skillnad fr\u00e5n m\u00e5nga andra m\u00e4rken inneh\u00e5ller denna B-50 produkt \u00e4ven inositol och kolin.<\/p>\n<p><strong>Dosering:\u00a0 <\/strong>1 tablett dagligen i samband med m\u00e5ltid<\/p>\n<table style=\"height: 80px;\" border=\"1\" width=\"621\" cellspacing=\"0\" cellpadding=\"0\">\n<tbody>\n<tr>\n<td valign=\"top\" width=\"30%\"><strong>1 tablett inneh\u00e5ller<\/strong><\/td>\n<td valign=\"top\" width=\"20%\"><strong> M\u00e4ngd<\/strong><\/td>\n<td valign=\"top\" width=\"30%\"><strong>%DRI*<\/strong><\/td>\n<\/tr>\n<tr>\n<td valign=\"top\" width=\"30%\">Tiamin (B1)<\/td>\n<td valign=\"top\" width=\"20%\">50 mg<\/td>\n<td valign=\"top\" width=\"20%\">4545 %<\/td>\n<\/tr>\n<tr>\n<td valign=\"top\" width=\"30%\">Riboflavin (B2)<\/td>\n<td valign=\"top\" width=\"20%\">50 mg<\/td>\n<td valign=\"top\" width=\"20%\">3571 %<\/td>\n<\/tr>\n<tr>\n<td valign=\"top\" width=\"30%\">Niacin (B3)<\/td>\n<td valign=\"top\" width=\"20%\">50 mg NE<\/td>\n<td valign=\"top\" width=\"20%\">313 %<\/td>\n<\/tr>\n<tr>\n<td valign=\"top\" width=\"30%\">Vitamin B6<\/td>\n<td valign=\"top\" width=\"20%\">5 mg<\/td>\n<td valign=\"top\" width=\"20%\">357 %<\/td>\n<\/tr>\n<tr>\n<td valign=\"top\" width=\"30%\">Folsyra<\/td>\n<td valign=\"top\" width=\"20%\">400 \u00b5g<\/td>\n<td valign=\"top\" width=\"20%\">200 %<\/td>\n<\/tr>\n<tr>\n<td valign=\"top\" width=\"30%\">Vitamin B12<\/td>\n<td valign=\"top\" width=\"20%\">50 \u00b5g<\/td>\n<td valign=\"top\" width=\"20%\">2000 %<\/td>\n<\/tr>\n<tr>\n<td valign=\"top\" width=\"30%\">Biotin<\/td>\n<td valign=\"top\" width=\"20%\">50 \u00b5g<\/td>\n<td valign=\"top\" width=\"20%\">100 %<\/td>\n<\/tr>\n<tr>\n<td valign=\"top\" width=\"30%\">Pantothensyra (B5)<\/td>\n<td valign=\"top\" width=\"20%\">50 mg<\/td>\n<td valign=\"top\" width=\"20%\">833 %<\/td>\n<\/tr>\n<tr>\n<td valign=\"top\" width=\"30%\">Inositol<\/td>\n<td valign=\"top\" width=\"20%\">50 mg<\/td>\n<td valign=\"top\" width=\"20%\">**<\/td>\n<\/tr>\n<tr>\n<td valign=\"top\" width=\"30%\">Kolin<\/td>\n<td valign=\"top\" width=\"20%\">50 mg<\/td>\n<td valign=\"top\" width=\"20%\">**<\/td>\n<\/tr>\n<tr>\n<td valign=\"top\" width=\"30%\">PABA<\/td>\n<td valign=\"top\" width=\"20%\">15 mg<\/td>\n<td valign=\"top\" width=\"20%\">**<\/td>\n<\/tr>\n<\/tbody>\n<\/table>\n<p><strong><em>*DRI \u00e4r dagligt referensintag. **DRI ej fastst\u00e4llt.\u00a0<\/em><\/strong><\/p>\n<p><strong>Ingredienser<\/strong>: Fyllnadsmedel (cellulosa, dikalciumfosfat), vitamin B1 (tiaminmononitrat), vitamin B5 (kalciumpantotenat),<br \/>\ninositol, vitamin B2 (riboflavin), vitamin B3 (nikotinamid), kolinbitartrat, klumpf\u00f6rebyggande medel (kiseldioxid,<br \/>\nstearinsyra, magnesiumsalter av fettsyror), para-aminobensoesyra, tablettskal (hydroxypropylmetylcellulosa, glycerol),<br \/>\nvitamin B6 (pyridoxinhydroklorid), folsyra, vitamin B12 (metylkobalamin), biotin.<\/p>\n<p>Rekommenderad daglig dos b\u00f6r ej \u00f6verskridas.<br \/>\nKosttillskott ers\u00e4tter inte en varierad kost.<br \/>\nProdukten f\u00f6rvaras o\u00e5tkomligt f\u00f6r sm\u00e5 barn.<\/p>\n","protected":false},"excerpt":{"rendered":"<p>Lamberts B-50 mg komplex vitaminer \u00e4r ett B vitamin kosttillskott av h\u00f6g kvalitet.<\/p>\n<p><strong>60 eller 120 tabletter<\/strong><\/p>\n","protected":false},"featured_media":9966,"comment_status":"closed","ping_status":"closed","template":"","meta":{"_kad_blocks_custom_css":"","_kad_blocks_head_custom_js":"","_kad_blocks_body_custom_js":"","_kad_blocks_footer_custom_js":"","_kadence_starter_templates_imported_post":false,"_kad_post_transparent":"default","_kad_post_title":"","_kad_post_layout":"default","_kad_post_sidebar_id":"","_kad_post_content_style":"default","_kad_post_vertical_padding":"default","_kad_post_feature":"","_kad_post_feature_position":"","_kad_post_header":false,"_kad_post_footer":false,"_kad_post_classname":""},"product_brand":[],"product_cat":[348,1234,2806,155],"product_tag":[205,2090,678,1584,1465,1447,1467,2091,1757,1468,2092,2006,1934,1472,1652,2093,1542,1654,1475,2094],"class_list":{"0":"post-9896","1":"product","2":"type-product","3":"status-publish","4":"has-post-thumbnail","6":"product_cat-b-vitamin","7":"product_cat-lamberts","8":"product_cat-multi-vitamin","9":"product_cat-vitaminer","10":"product_tag-antioxidant","11":"product_tag-b-50","12":"product_tag-celltillvaxt","13":"product_tag-energiomsattning","14":"product_tag-gmp-standard","15":"product_tag-harhalsa","16":"product_tag-hog-biotillganglighet","17":"product_tag-homocysteinmetabolism","18":"product_tag-hormonreglering","19":"product_tag-hudhalsa","20":"product_tag-immunsystemets-funktion","21":"product_tag-matsmaltningshalsa","22":"product_tag-mental-prestation","23":"product_tag-nagelhalsa","24":"product_tag-nervsystemets-funktion","25":"product_tag-roda-blodkroppar","26":"product_tag-stresshantering","27":"product_tag-trotthetsreducering","28":"product_tag-veganvanlig","29":"product_tag-vitamin-b-komplex","31":"first","32":"instock","33":"taxable","34":"shipping-taxable","35":"purchasable","36":"product-type-variable","37":"entry","38":"content-bg","39":"loop-entry"},"taxonomy_info":{"product_cat":[{"value":348,"label":"B-vitamin"},{"value":1234,"label":"Lamberts"},{"value":2806,"label":"Multi-vitamin"},{"value":155,"label":"Vitaminer"}],"product_tag":[{"value":205,"label":"antioxidant"},{"value":2090,"label":"B-50"},{"value":678,"label":"celltillv\u00e4xt"},{"value":1584,"label":"Energioms\u00e4ttning"},{"value":1465,"label":"GMP-standard"},{"value":1447,"label":"H\u00e5rh\u00e4lsa"},{"value":1467,"label":"H\u00f6g biotillg\u00e4nglighet"},{"value":2091,"label":"homocysteinmetabolism"},{"value":1757,"label":"Hormonreglering"},{"value":1468,"label":"Hudh\u00e4lsa"},{"value":2092,"label":"immunsystemets funktion"},{"value":2006,"label":"matsm\u00e4ltningsh\u00e4lsa"},{"value":1934,"label":"mental prestation"},{"value":1472,"label":"nagelh\u00e4lsa"},{"value":1652,"label":"nervsystemets funktion"},{"value":2093,"label":"r\u00f6da blodkroppar"},{"value":1542,"label":"Stresshantering"},{"value":1654,"label":"tr\u00f6tthetsreducering"},{"value":1475,"label":"veganv\u00e4nlig"},{"value":2094,"label":"Vitamin B-komplex"}]},"featured_image_src_large":["https:\/\/vitaminbutiken.com\/wp-content\/uploads\/2025\/03\/8029-120-Vitamin-B-50-Complex-780x700.jpg",780,700,true],"author_info":[],"comment_info":0,"_links":{"self":[{"href":"https:\/\/vitaminbutiken.com\/en\/wp-json\/wp\/v2\/product\/9896","targetHints":{"allow":["GET"]}}],"collection":[{"href":"https:\/\/vitaminbutiken.com\/en\/wp-json\/wp\/v2\/product"}],"about":[{"href":"https:\/\/vitaminbutiken.com\/en\/wp-json\/wp\/v2\/types\/product"}],"replies":[{"embeddable":true,"href":"https:\/\/vitaminbutiken.com\/en\/wp-json\/wp\/v2\/comments?post=9896"}],"wp:featuredmedia":[{"embeddable":true,"href":"https:\/\/vitaminbutiken.com\/en\/wp-json\/wp\/v2\/media\/9966"}],"wp:attachment":[{"href":"https:\/\/vitaminbutiken.com\/en\/wp-json\/wp\/v2\/media?parent=9896"}],"wp:term":[{"taxonomy":"product_brand","embeddable":true,"href":"https:\/\/vitaminbutiken.com\/en\/wp-json\/wp\/v2\/product_brand?post=9896"},{"taxonomy":"product_cat","embeddable":true,"href":"https:\/\/vitaminbutiken.com\/en\/wp-json\/wp\/v2\/product_cat?post=9896"},{"taxonomy":"product_tag","embeddable":true,"href":"https:\/\/vitaminbutiken.com\/en\/wp-json\/wp\/v2\/product_tag?post=9896"}],"curies":[{"name":"wp","href":"https:\/\/api.w.org\/{rel}","templated":true}]}}