{"id":9895,"date":"2025-03-19T16:15:05","date_gmt":"2025-03-19T14:15:05","guid":{"rendered":"https:\/\/vitaminbutiken.multi.fi\/?post_type=product&#038;p=9895"},"modified":"2026-03-13T12:14:19","modified_gmt":"2026-03-13T11:14:19","slug":"bcaa-lamberts","status":"publish","type":"product","link":"https:\/\/vitaminbutiken.com\/en\/produkt\/bcaa-lamberts\/","title":{"rendered":"BCAA &#8211; Lamberts"},"content":{"rendered":"<h3 class=\"page-title\">BCAA &#8211; Lamberts<\/h3>\n<p style=\"font-weight: 400;\">Det finns ett stort intresse bland idrottsut\u00f6vare vad g\u00e4ller de grenade aminosyrerna (Branch Chain Amino Acids BCAA), Leucin, isoleucin och valin eftersom de \u00e4r de enda aminosyror som faktiskt metaboliseras i muskeln. I sj\u00e4lva verket utg\u00f6r de cirka 33% av muskelprotein och \u00e4r d\u00e4rmed s\u00e4rskilt anv\u00e4ndbara f\u00f6r h\u00f6g intensitets idrottare eller styrketr\u00e4nare.\u00a0\u00a0Vi \u00e4r glada att inf\u00f6ra Branch Chain Amino Acids BCAA till Lamberts\u00ae unika Sport tillskott sortimentet med en dosering d\u00e4r varje tablett ger hela 250mg av L-Leucin, 125mg L-isoleucin och 125mg L-Valin.<\/p>\n<p><b><strong>Dosering: <\/strong><\/b>6 tabletter dagligen med vatten eller fruktjuice, aminosyror b\u00f6r tas \u00bd timme innan m\u00e5ltid eller strax innan s\u00e4ngg\u00e5endet.<\/p>\n<table style=\"height: 80px;\" border=\"1\" width=\"621\" cellspacing=\"0\" cellpadding=\"0\">\n<tbody>\n<tr>\n<td valign=\"top\" width=\"30%\"><strong>1 kapsel inneh\u00e5ller<\/strong><\/td>\n<td valign=\"top\" width=\"20%\"><strong> M\u00e4ngd<\/strong><\/td>\n<td valign=\"top\" width=\"30%\"><strong>%DRI*<\/strong><\/td>\n<\/tr>\n<tr>\n<td valign=\"top\" width=\"30%\">L-leucin<\/td>\n<td valign=\"top\" width=\"20%\">250 mg<\/td>\n<td valign=\"top\" width=\"20%\">**<\/td>\n<\/tr>\n<tr>\n<td valign=\"top\" width=\"30%\">L-Isoleucin<\/td>\n<td valign=\"top\" width=\"20%\">125 mg<\/td>\n<td valign=\"top\" width=\"20%\">**<\/td>\n<\/tr>\n<tr>\n<td valign=\"top\" width=\"30%\">L-Valin<\/td>\n<td valign=\"top\" width=\"20%\">125 mg<\/td>\n<td valign=\"top\" width=\"20%\">**<\/td>\n<\/tr>\n<\/tbody>\n<\/table>\n<p><strong><em>*DRI (dagligt referensintag) ej fastst\u00e4llt.\u00a0<\/em><\/strong><\/p>\n<p style=\"font-weight: 400;\"><strong>Ingredienser<\/strong>: L-leucin, L-isoleucin, L-valin, kapselskal (hydroxypropylmetylcellulosa), fyllnadsmedel (rismj\u00f6l),<br \/>\nklumpf\u00f6rebyggande medel (magnesiumsalter av fettsyror, kiseldioxid).<i><\/i><\/p>\n<p style=\"font-weight: 400;\">Notera: Detta kosttillskott b\u00f6r inte tas av gravida eller ammande kvinnor. Kosttillskott ska aldrig ers\u00e4tta en varierad och balanserad kost.<br \/>\nRekommenderad dos b\u00f6r ej \u00f6verskridas.<br \/>\nProdukten f\u00f6rvaras o\u00e5tkomligt f\u00f6r sm\u00e5 barn.<\/p>\n","protected":false},"excerpt":{"rendered":"<p>Lamberts grenade aminosyror (Branch Chain Amino Acids BCAA) \u00e4r ett kosttillskott som inneh\u00e5ller aminosyrorna leucin, isoleucin och valin.<\/p>\n<p><strong>180 kapslar<\/strong><\/p>\n","protected":false},"featured_media":9964,"comment_status":"closed","ping_status":"closed","template":"","meta":{"_kad_blocks_custom_css":"","_kad_blocks_head_custom_js":"","_kad_blocks_body_custom_js":"","_kad_blocks_footer_custom_js":"","_kadence_starter_templates_imported_post":false,"_kad_post_transparent":"default","_kad_post_title":"","_kad_post_layout":"default","_kad_post_sidebar_id":"","_kad_post_content_style":"default","_kad_post_vertical_padding":"default","_kad_post_feature":"","_kad_post_feature_position":"","_kad_post_header":false,"_kad_post_footer":false,"_kad_post_classname":""},"product_brand":[],"product_cat":[337,1234,277,278],"product_tag":[2081,2082,1647,1464,1465,2083,1467,2001,285,2084,2085,2086,1957,2087,1960,2088,2089,1962,2022,1475],"class_list":{"0":"post-9895","1":"product","2":"type-product","3":"status-publish","4":"has-post-thumbnail","6":"product_cat-aminosyror","7":"product_cat-lamberts","8":"product_cat-muskler-och-leder","9":"product_cat-traning","10":"product_tag-211-forhallande","11":"product_tag-bcaa","12":"product_tag-energiproduktion","13":"product_tag-fri-form","14":"product_tag-gmp-standard","15":"product_tag-grenade-aminosyror","16":"product_tag-hog-biotillganglighet","17":"product_tag-kapslar","18":"product_tag-kosttillskott","19":"product_tag-l-isoleucin","20":"product_tag-l-leucin","21":"product_tag-l-valin","22":"product_tag-muskelaterhamtning","23":"product_tag-muskeluppbyggnad","24":"product_tag-proteinsyntes","25":"product_tag-snabb-absorption","26":"product_tag-sportnaring","27":"product_tag-traningsstod","28":"product_tag-uthallighet","29":"product_tag-veganvanlig","31":"first","32":"instock","33":"taxable","34":"shipping-taxable","35":"purchasable","36":"product-type-simple","37":"entry","38":"content-bg","39":"loop-entry"},"taxonomy_info":{"product_cat":[{"value":337,"label":"Aminosyror"},{"value":1234,"label":"Lamberts"},{"value":277,"label":"Muskler &amp; Leder"},{"value":278,"label":"Tr\u00e4ning"}],"product_tag":[{"value":2081,"label":"2:1:1-f\u00f6rh\u00e5llande"},{"value":2082,"label":"BCAA"},{"value":1647,"label":"energiproduktion"},{"value":1464,"label":"fri form"},{"value":1465,"label":"GMP-standard"},{"value":2083,"label":"grenade aminosyror"},{"value":1467,"label":"H\u00f6g biotillg\u00e4nglighet"},{"value":2001,"label":"kapslar"},{"value":285,"label":"kosttillskott"},{"value":2084,"label":"L-Isoleucin"},{"value":2085,"label":"L-Leucin"},{"value":2086,"label":"L-Valin"},{"value":1957,"label":"muskel\u00e5terh\u00e4mtning"},{"value":2087,"label":"muskeluppbyggnad"},{"value":1960,"label":"proteinsyntes"},{"value":2088,"label":"snabb absorption"},{"value":2089,"label":"sportn\u00e4ring"},{"value":1962,"label":"tr\u00e4ningsst\u00f6d"},{"value":2022,"label":"uth\u00e5llighet"},{"value":1475,"label":"veganv\u00e4nlig"}]},"featured_image_src_large":["https:\/\/vitaminbutiken.com\/wp-content\/uploads\/2025\/03\/8332-180-BCAA-780x700.jpg",780,700,true],"author_info":[],"comment_info":0,"_links":{"self":[{"href":"https:\/\/vitaminbutiken.com\/en\/wp-json\/wp\/v2\/product\/9895","targetHints":{"allow":["GET"]}}],"collection":[{"href":"https:\/\/vitaminbutiken.com\/en\/wp-json\/wp\/v2\/product"}],"about":[{"href":"https:\/\/vitaminbutiken.com\/en\/wp-json\/wp\/v2\/types\/product"}],"replies":[{"embeddable":true,"href":"https:\/\/vitaminbutiken.com\/en\/wp-json\/wp\/v2\/comments?post=9895"}],"wp:featuredmedia":[{"embeddable":true,"href":"https:\/\/vitaminbutiken.com\/en\/wp-json\/wp\/v2\/media\/9964"}],"wp:attachment":[{"href":"https:\/\/vitaminbutiken.com\/en\/wp-json\/wp\/v2\/media?parent=9895"}],"wp:term":[{"taxonomy":"product_brand","embeddable":true,"href":"https:\/\/vitaminbutiken.com\/en\/wp-json\/wp\/v2\/product_brand?post=9895"},{"taxonomy":"product_cat","embeddable":true,"href":"https:\/\/vitaminbutiken.com\/en\/wp-json\/wp\/v2\/product_cat?post=9895"},{"taxonomy":"product_tag","embeddable":true,"href":"https:\/\/vitaminbutiken.com\/en\/wp-json\/wp\/v2\/product_tag?post=9895"}],"curies":[{"name":"wp","href":"https:\/\/api.w.org\/{rel}","templated":true}]}}