{"id":9880,"date":"2025-03-19T16:14:37","date_gmt":"2025-03-19T14:14:37","guid":{"rendered":"https:\/\/vitaminbutiken.multi.fi\/?post_type=product&#038;p=9880"},"modified":"2026-03-13T12:14:13","modified_gmt":"2026-03-13T11:14:13","slug":"acidofilus-extra-4-miljarder-lacidofilus-lactobacillus-bifidus","status":"publish","type":"product","link":"https:\/\/vitaminbutiken.com\/en\/produkt\/acidofilus-extra-4-miljarder-lacidofilus-lactobacillus-bifidus\/","title":{"rendered":"Acidofilus EXTRA 4 miljarder (lacidofilus lactobacillus bifidus)"},"content":{"rendered":"<h5 class=\"page-title\"><span class=\"base\" data-ui-id=\"page-title-wrapper\">Acidofilus EXTRA 4 miljarder (lacidofilus lactobacillus bifidus)<\/span><\/h5>\n<p>Lamberts Acidophilus Extra 4 \u00e4r ett kosttillskott som inneh\u00e5ller 4 miljarder s k goda mj\u00f6lksyra bakterier per kapsel.\u00a0<span class=\"black11\">En frisk tarm inneh\u00e5ller ungef\u00e4r etthundratusen miljarder bakterier. Acidofilus \u00e4r en kortform f\u00f6r bakterien Lactobacillus acidophilus. Den f\u00f6rekommer rikligt i tarmkanalen hos m\u00e4nniska och andra varmblodiga djur och tills\u00e4tts ofta i vissa livsmedel. Lamberts Acidofilus Extra kapslar inneh\u00e5ller levande Lactobacillus acidophilus bakterier.<\/p>\n<p><\/span><\/p>\n<p><strong>Dosering<\/strong>: 1-2 kapslar dagligen med kallt vatten<\/p>\n<p><strong>1 kapsel inneh\u00e5ller:\u00a0<\/strong><br \/>\nBifidobakterier \/ bifidus Lactobacillus acidophilus 4&#215;10 (4 miljader levande bakterier) <em>*Vid produktionstillf\u00e4llet<\/em>.<\/p>\n<p><strong>Ingredienser<\/strong>: Bakteriekultur (som ger bifidobakterier bifidus och lactobacillus acidophilus), kapselskal (hydroxypropylmetyl-cellulosa), klumpf\u00f6rebyggande medel (stearinsyra).<\/p>\n<p>Tid f\u00f6r\u00a0kapseln att l\u00f6sas upp: Mindre \u00e4n 1 timma.<\/p>\n<p>Rekommenderad dos b\u00f6r ej \u00f6verskridas.<br \/>\nKosttillskott ers\u00e4tter inte en varierad kost.<br \/>\nProdukten f\u00f6rvaras o\u00e5tkomligt f\u00f6r sm\u00e5 barn.<\/p>\n<p><span class=\"black11\">\u00a0<\/span><\/p>\n","protected":false},"excerpt":{"rendered":"<p>Lamberts L Acidofilus Extra 4 Lactobacillus bifidus \u00e4r ett mj\u00f6lksyra bakterier kapslar kosttillskott.<\/p>\n<p><strong>60 kapslar<\/strong><\/p>\n","protected":false},"featured_media":9953,"comment_status":"closed","ping_status":"closed","template":"","meta":{"_kad_blocks_custom_css":"","_kad_blocks_head_custom_js":"","_kad_blocks_body_custom_js":"","_kad_blocks_footer_custom_js":"","_kadence_starter_templates_imported_post":false,"_kad_post_transparent":"default","_kad_post_title":"","_kad_post_layout":"default","_kad_post_sidebar_id":"","_kad_post_content_style":"default","_kad_post_vertical_padding":"default","_kad_post_feature":"","_kad_post_feature_position":"","_kad_post_header":false,"_kad_post_footer":false,"_kad_post_classname":""},"product_brand":[],"product_cat":[176,1234,431],"product_tag":[1997,2079,1998,2080,1506,2000,1028,2001,2002,2004,2005,2006,2007,2009,2010,2011,2013,2014,1475,1930],"class_list":{"0":"post-9880","1":"product","2":"type-product","3":"status-publish","4":"has-post-thumbnail","6":"product_cat-immunforsvar","7":"product_cat-lamberts","8":"product_cat-mage-tarm","9":"product_tag-4-miljarder-levande-bakterier","10":"product_tag-acidophilus-extra-4","11":"product_tag-antibiotikabehandling","12":"product_tag-bifidobacterium","13":"product_tag-dagligt-tillskott","14":"product_tag-fordrojd-frisattning","15":"product_tag-immunforsvar","16":"product_tag-kapslar","17":"product_tag-lactobacillus-acidophilus","18":"product_tag-lamberts","19":"product_tag-maghalsa","20":"product_tag-matsmaltningshalsa","21":"product_tag-mjolksyrabakterier","22":"product_tag-probiotika","23":"product_tag-resor","24":"product_tag-sockerfri-diet","25":"product_tag-tarmbalans","26":"product_tag-tarmflora","27":"product_tag-veganvanlig","28":"product_tag-vegetabiliska-kapslar","30":"first","31":"outofstock","32":"taxable","33":"shipping-taxable","34":"purchasable","35":"product-type-simple","36":"entry","37":"content-bg","38":"loop-entry"},"taxonomy_info":{"product_cat":[{"value":176,"label":"Immunf\u00f6rsvar"},{"value":1234,"label":"Lamberts"},{"value":431,"label":"Mage &amp; Tarm"}],"product_tag":[{"value":1997,"label":"4 miljarder levande bakterier"},{"value":2079,"label":"Acidophilus Extra 4"},{"value":1998,"label":"antibiotikabehandling"},{"value":2080,"label":"Bifidobacterium"},{"value":1506,"label":"Dagligt tillskott"},{"value":2000,"label":"f\u00f6rdr\u00f6jd fris\u00e4ttning"},{"value":1028,"label":"immunf\u00f6rsvar"},{"value":2001,"label":"kapslar"},{"value":2002,"label":"Lactobacillus acidophilus"},{"value":2004,"label":"Lamberts"},{"value":2005,"label":"magh\u00e4lsa"},{"value":2006,"label":"matsm\u00e4ltningsh\u00e4lsa"},{"value":2007,"label":"mj\u00f6lksyrabakterier"},{"value":2009,"label":"probiotika"},{"value":2010,"label":"resor"},{"value":2011,"label":"sockerfri diet"},{"value":2013,"label":"tarmbalans"},{"value":2014,"label":"tarmflora"},{"value":1475,"label":"veganv\u00e4nlig"},{"value":1930,"label":"Vegetabiliska kapslar"}]},"featured_image_src_large":["https:\/\/vitaminbutiken.com\/wp-content\/uploads\/2025\/03\/8417-60-Acidophilus-Extra-4-780x700.jpg",780,700,true],"author_info":[],"comment_info":0,"_links":{"self":[{"href":"https:\/\/vitaminbutiken.com\/en\/wp-json\/wp\/v2\/product\/9880","targetHints":{"allow":["GET"]}}],"collection":[{"href":"https:\/\/vitaminbutiken.com\/en\/wp-json\/wp\/v2\/product"}],"about":[{"href":"https:\/\/vitaminbutiken.com\/en\/wp-json\/wp\/v2\/types\/product"}],"replies":[{"embeddable":true,"href":"https:\/\/vitaminbutiken.com\/en\/wp-json\/wp\/v2\/comments?post=9880"}],"wp:featuredmedia":[{"embeddable":true,"href":"https:\/\/vitaminbutiken.com\/en\/wp-json\/wp\/v2\/media\/9953"}],"wp:attachment":[{"href":"https:\/\/vitaminbutiken.com\/en\/wp-json\/wp\/v2\/media?parent=9880"}],"wp:term":[{"taxonomy":"product_brand","embeddable":true,"href":"https:\/\/vitaminbutiken.com\/en\/wp-json\/wp\/v2\/product_brand?post=9880"},{"taxonomy":"product_cat","embeddable":true,"href":"https:\/\/vitaminbutiken.com\/en\/wp-json\/wp\/v2\/product_cat?post=9880"},{"taxonomy":"product_tag","embeddable":true,"href":"https:\/\/vitaminbutiken.com\/en\/wp-json\/wp\/v2\/product_tag?post=9880"}],"curies":[{"name":"wp","href":"https:\/\/api.w.org\/{rel}","templated":true}]}}