{"id":9879,"date":"2025-03-19T16:14:36","date_gmt":"2025-03-19T14:14:36","guid":{"rendered":"https:\/\/vitaminbutiken.multi.fi\/?post_type=product&#038;p=9879"},"modified":"2026-03-31T08:58:00","modified_gmt":"2026-03-31T06:58:00","slug":"kalcium-som-tuggtabletter-400-mg","status":"publish","type":"product","link":"https:\/\/vitaminbutiken.com\/en\/produkt\/kalcium-som-tuggtabletter-400-mg\/","title":{"rendered":"Kalcium som tuggtabletter 400 mg (med vitamin D3) &#8211; Lamberts"},"content":{"rendered":"<p data-start=\"217\" data-end=\"259\"><strong data-start=\"217\" data-end=\"259\">F\u00f6r skelett, t\u00e4nder och muskelfunktion<\/strong><\/p>\n<p data-start=\"261\" data-end=\"440\">Lamberts Kalcium 400 mg \u00e4r en praktisk tuggtablett som kombinerar kalcium med vitamin D3 \u2013 tv\u00e5 n\u00e4rings\u00e4mnen som samverkar f\u00f6r att st\u00f6dja skelettets och t\u00e4ndernas normala funktion.<\/p>\n<p data-start=\"442\" data-end=\"636\">Kalcium \u00e4r ett av kroppens viktigaste mineraler och en grundl\u00e4ggande byggsten i skelett och t\u00e4nder. Vitamin D3 (kolekalciferol) bidrar till att kroppen effektivt kan ta upp och utnyttja kalcium.<\/p>\n<p data-start=\"638\" data-end=\"704\">Denna kombination g\u00f6r produkten s\u00e4rskilt l\u00e4mplig f\u00f6r dagligt bruk.<\/p>\n<p data-start=\"711\" data-end=\"757\"><strong>F\u00f6r normal benstomme och normala t\u00e4nder<\/strong><\/p>\n<p data-start=\"759\" data-end=\"767\">Kalcium:<\/p>\n<ul data-start=\"769\" data-end=\"858\">\n<li data-start=\"769\" data-end=\"814\">\n<p data-start=\"771\" data-end=\"814\">beh\u00f6vs f\u00f6r att bibeh\u00e5lla normal benstomme<\/p>\n<\/li>\n<li data-start=\"815\" data-end=\"858\">\n<p data-start=\"817\" data-end=\"858\">beh\u00f6vs f\u00f6r att bibeh\u00e5lla normala t\u00e4nder<\/p>\n<\/li>\n<\/ul>\n<p data-start=\"860\" data-end=\"870\">Vitamin D:<\/p>\n<ul data-start=\"872\" data-end=\"1079\">\n<li data-start=\"872\" data-end=\"918\">\n<p data-start=\"874\" data-end=\"918\">bidrar till att bibeh\u00e5lla normal benstomme<\/p>\n<\/li>\n<li data-start=\"919\" data-end=\"963\">\n<p data-start=\"921\" data-end=\"963\">bidrar till att bibeh\u00e5lla normala t\u00e4nder<\/p>\n<\/li>\n<li data-start=\"964\" data-end=\"1032\">\n<p data-start=\"966\" data-end=\"1032\">bidrar till normalt upptag och utnyttjande av kalcium och fosfor<\/p>\n<\/li>\n<li data-start=\"1033\" data-end=\"1079\">\n<p data-start=\"1035\" data-end=\"1079\">bidrar till normala kalciumniv\u00e5er i blodet<\/p>\n<\/li>\n<\/ul>\n<p data-start=\"1081\" data-end=\"1159\">Tillsammans st\u00f6djer kalcium och vitamin D kroppens kalciumbalans och benh\u00e4lsa.<\/p>\n<p data-start=\"1166\" data-end=\"1203\"><strong>Muskelfunktion och celldelning<\/strong><\/p>\n<p data-start=\"1205\" data-end=\"1213\">Kalcium:<\/p>\n<ul data-start=\"1215\" data-end=\"1292\">\n<li data-start=\"1215\" data-end=\"1252\">\n<p data-start=\"1217\" data-end=\"1252\">bidrar till normal muskelfunktion<\/p>\n<\/li>\n<li data-start=\"1253\" data-end=\"1292\">\n<p data-start=\"1255\" data-end=\"1292\">har en roll i celldelningsprocessen<\/p>\n<\/li>\n<\/ul>\n<p data-start=\"1294\" data-end=\"1304\">Vitamin D:<\/p>\n<ul data-start=\"1306\" data-end=\"1397\">\n<li data-start=\"1306\" data-end=\"1357\">\n<p data-start=\"1308\" data-end=\"1357\">bidrar till att bibeh\u00e5lla normal muskelfunktion<\/p>\n<\/li>\n<li data-start=\"1358\" data-end=\"1397\">\n<p data-start=\"1360\" data-end=\"1397\">har en roll i celldelningsprocessen<\/p>\n<\/li>\n<\/ul>\n<p data-start=\"1399\" data-end=\"1482\">Tillr\u00e4ckliga niv\u00e5er av kalcium och vitamin D \u00e4r viktiga f\u00f6r normal muskelaktivitet.<\/p>\n<p data-start=\"1657\" data-end=\"1681\"><strong>Praktisk tuggtablett<\/strong><\/p>\n<p data-start=\"1683\" data-end=\"1861\">Produkten levereras som tuggtabletter, vilket g\u00f6r den l\u00e4tt att ta utan vatten. Detta kan vara s\u00e4rskilt f\u00f6rdelaktigt f\u00f6r personer som har sv\u00e5rt att sv\u00e4lja kapslar eller tabletter.<\/p>\n<p data-start=\"1863\" data-end=\"1980\">Varje tuggtablett ger 400 mg kalcium samt vitamin D3 i en balanserad dosering f\u00f6r dagligt bruk enligt rekommendation.<\/p>\n<p data-start=\"1987\" data-end=\"2028\"><strong>F\u00f6r vem passar Kalcium 400 mg med D3?<\/strong><\/p>\n<p data-start=\"2030\" data-end=\"2071\">Produkten kan vara s\u00e4rskilt relevant f\u00f6r:<\/p>\n<ul data-start=\"2073\" data-end=\"2230\">\n<li data-start=\"2073\" data-end=\"2118\">\n<p data-start=\"2075\" data-end=\"2118\">personer med l\u00e5gt kalciumintag via kosten<\/p>\n<\/li>\n<li data-start=\"2073\" data-end=\"2118\">barn<\/li>\n<li data-start=\"2119\" data-end=\"2128\">\n<p data-start=\"2121\" data-end=\"2128\">\u00e4ldre<\/p>\n<\/li>\n<li data-start=\"2129\" data-end=\"2155\">\n<p data-start=\"2131\" data-end=\"2155\">kvinnor efter menopaus<\/p>\n<\/li>\n<li data-start=\"2156\" data-end=\"2193\">\n<p data-start=\"2158\" data-end=\"2193\">personer som vill st\u00f6dja benh\u00e4lsa<\/p>\n<\/li>\n<\/ul>\n<p data-start=\"2237\" data-end=\"2263\"><strong>Kvalitet fr\u00e5n Lamberts<\/strong><\/p>\n<p data-start=\"2265\" data-end=\"2476\">Lamberts \u00e4r k\u00e4nt f\u00f6r sina h\u00f6ga kvalitetsstandarder och noggrant utvalda r\u00e5varor. Kalcium 400 mg med vitamin D3 tillverkas enligt strikta kvalitetskrav f\u00f6r att s\u00e4kerst\u00e4lla korrekt dosering, stabilitet och renhet.<\/p>\n<p data-start=\"2265\" data-end=\"2476\"><em>Kalciumtabletter tenderar att vara ganska stora s\u00e5 Lamberts har utvecklat dessa citron smaksatta tuggkalciumtabletter f\u00f6r att g\u00f6ra intaget enklare. Produkt \u00e4r l\u00e4mplig f\u00f6r alla \u00e5ldrar, men s\u00e4rskilt f\u00f6r barn som har ett \u00f6kat behov av kalcium, men ofta ogillar att ta tabletter som m\u00e5ste sv\u00e4ljas hela.<\/em><\/p>\n<p>&nbsp;<\/p>\n<p><strong>Dosering:<\/strong>\u00a0Barn fr\u00e5n 4 \u00e5r och upp\u00e5t 1\u00a0tablett per dag tuggas i samband m\u00e5ltid.<br \/>\nVuxna: Tugga 1-2 tabletter per dag vid m\u00e5ltid.<\/p>\n<table style=\"height: 80px;\" border=\"1\" width=\"621\" cellspacing=\"0\" cellpadding=\"0\">\n<tbody>\n<tr>\n<td valign=\"top\" width=\"30%\"><strong>1 tablett inneh\u00e5ller<\/strong><\/td>\n<td valign=\"top\" width=\"20%\"><strong> M\u00e4ngd<\/strong><\/td>\n<td valign=\"top\" width=\"30%\"><strong>%DRI*<\/strong><\/td>\n<\/tr>\n<tr>\n<td valign=\"top\" width=\"30%\">Kalcium (som kalciumkarbonat)<\/td>\n<td valign=\"top\" width=\"20%\">400 mg<\/td>\n<td valign=\"top\" width=\"20%\">50 %<\/td>\n<\/tr>\n<tr>\n<td valign=\"top\" width=\"30%\">Vitamin D3<\/td>\n<td valign=\"top\" width=\"20%\">2.5 \u00b5g<\/td>\n<td valign=\"top\" width=\"20%\">50 %<\/td>\n<\/tr>\n<tr>\n<td valign=\"top\" width=\"30%\">Frukto-oligosackarider<\/td>\n<td valign=\"top\" width=\"20%\">1 000 mg<\/td>\n<td valign=\"top\" width=\"20%\">**<\/td>\n<\/tr>\n<\/tbody>\n<\/table>\n<p><strong><em>*DRI \u00e4r dagligt referensintag. **DRI ej fastst\u00e4llt.<\/em><\/strong><\/p>\n<p>Ingredienser<em>: <\/em>Frukto-oligosackarider, kalciumkarbonat, klumpf\u00f6rebyggande medel (stearinsyra, kiseldioxid, magnesiumsalter av fettsyror), smak (citron), s\u00f6tningsmedel: sukralos, vitamin D3.<strong><em><br \/>\n<\/em><\/strong><em>Med antioxiderande dl-alpha-tokoferol.<\/em><\/p>\n<p>Kosttillskott b\u00f6r inte anv\u00e4ndas som alternativ till en varierad kost.<br \/>\nRekommenderad daglig dos b\u00f6r ej \u00f6verskridas.<br \/>\nProdukten f\u00f6rvaras o\u00e5tkomligt f\u00f6r sm\u00e5 barn.<\/p>\n","protected":false},"excerpt":{"rendered":"<p>Lamberts Kalcium tuggbar 400mg Kalciumkarbonat &#8211; Tuggbar med citronsmak + D3 &amp; FOS<\/p>\n<p>Kalcium 400 mg tuggtabletter med vitamin D3 fr\u00e5n Lamberts \u00e4r ett praktiskt och h\u00f6gkvalitativt tillskott som beh\u00f6vs f\u00f6r att bibeh\u00e5lla normal benstomme och normala t\u00e4nder samt bidrar till normal muskelfunktion.<\/p>\n<p><strong>60 tabletter<\/strong><\/p>\n","protected":false},"featured_media":9951,"comment_status":"closed","ping_status":"closed","template":"","meta":{"_kad_blocks_custom_css":"","_kad_blocks_head_custom_js":"","_kad_blocks_body_custom_js":"","_kad_blocks_footer_custom_js":"","_kadence_starter_templates_imported_post":false,"_kad_post_transparent":"default","_kad_post_title":"","_kad_post_layout":"default","_kad_post_sidebar_id":"","_kad_post_content_style":"default","_kad_post_vertical_padding":"default","_kad_post_feature":"","_kad_post_feature_position":"","_kad_post_header":false,"_kad_post_footer":false,"_kad_post_classname":""},"product_brand":[],"product_cat":[2808,2812,1234,281],"product_tag":[2071,2047,1645,2072,2034,2035,1465,1467,486,2050,285,2073,2006,1511,2074,2075,2076,2077,1210,2078],"class_list":{"0":"post-9879","1":"product","2":"type-product","3":"status-publish","4":"has-post-thumbnail","6":"product_cat-barn","7":"product_cat-kalcium","8":"product_cat-lamberts","9":"product_cat-mineraler","10":"product_tag-400-mg","11":"product_tag-barnvanlig","12":"product_tag-benhalsa","13":"product_tag-citronarom","14":"product_tag-fos","15":"product_tag-fruktooligosackarider","16":"product_tag-gmp-standard","17":"product_tag-hog-biotillganglighet","18":"product_tag-kalcium","19":"product_tag-kalciumabsorption","20":"product_tag-kosttillskott","21":"product_tag-latt-att-ta","22":"product_tag-matsmaltningshalsa","23":"product_tag-sockerfri","24":"product_tag-tandhalsa","25":"product_tag-tandvanlig","26":"product_tag-tuggtablett","27":"product_tag-vegetariskt","28":"product_tag-vitamin-d","29":"product_tag-vuxna","31":"first","32":"instock","33":"taxable","34":"shipping-taxable","35":"purchasable","36":"product-type-simple","37":"entry","38":"content-bg","39":"loop-entry"},"taxonomy_info":{"product_cat":[{"value":2808,"label":"Barn"},{"value":2812,"label":"Kalcium"},{"value":1234,"label":"Lamberts"},{"value":281,"label":"Mineraler"}],"product_tag":[{"value":2071,"label":"400 mg"},{"value":2047,"label":"barnv\u00e4nlig"},{"value":1645,"label":"Benh\u00e4lsa"},{"value":2072,"label":"citronarom"},{"value":2034,"label":"FOS"},{"value":2035,"label":"fruktooligosackarider"},{"value":1465,"label":"GMP-standard"},{"value":1467,"label":"H\u00f6g biotillg\u00e4nglighet"},{"value":486,"label":"Kalcium"},{"value":2050,"label":"kalciumabsorption"},{"value":285,"label":"kosttillskott"},{"value":2073,"label":"l\u00e4tt att ta"},{"value":2006,"label":"matsm\u00e4ltningsh\u00e4lsa"},{"value":1511,"label":"sockerfri"},{"value":2074,"label":"tandh\u00e4lsa"},{"value":2075,"label":"tandv\u00e4nlig"},{"value":2076,"label":"tuggtablett"},{"value":2077,"label":"vegetariskt"},{"value":1210,"label":"vitamin d"},{"value":2078,"label":"vuxna"}]},"featured_image_src_large":["https:\/\/vitaminbutiken.com\/wp-content\/uploads\/2025\/03\/8222-60-Chewable-Calcium-400mg-780x700.jpg",780,700,true],"author_info":[],"comment_info":0,"_links":{"self":[{"href":"https:\/\/vitaminbutiken.com\/en\/wp-json\/wp\/v2\/product\/9879","targetHints":{"allow":["GET"]}}],"collection":[{"href":"https:\/\/vitaminbutiken.com\/en\/wp-json\/wp\/v2\/product"}],"about":[{"href":"https:\/\/vitaminbutiken.com\/en\/wp-json\/wp\/v2\/types\/product"}],"replies":[{"embeddable":true,"href":"https:\/\/vitaminbutiken.com\/en\/wp-json\/wp\/v2\/comments?post=9879"}],"wp:featuredmedia":[{"embeddable":true,"href":"https:\/\/vitaminbutiken.com\/en\/wp-json\/wp\/v2\/media\/9951"}],"wp:attachment":[{"href":"https:\/\/vitaminbutiken.com\/en\/wp-json\/wp\/v2\/media?parent=9879"}],"wp:term":[{"taxonomy":"product_brand","embeddable":true,"href":"https:\/\/vitaminbutiken.com\/en\/wp-json\/wp\/v2\/product_brand?post=9879"},{"taxonomy":"product_cat","embeddable":true,"href":"https:\/\/vitaminbutiken.com\/en\/wp-json\/wp\/v2\/product_cat?post=9879"},{"taxonomy":"product_tag","embeddable":true,"href":"https:\/\/vitaminbutiken.com\/en\/wp-json\/wp\/v2\/product_tag?post=9879"}],"curies":[{"name":"wp","href":"https:\/\/api.w.org\/{rel}","templated":true}]}}