{"id":9862,"date":"2025-03-19T16:14:12","date_gmt":"2025-03-19T14:14:12","guid":{"rendered":"https:\/\/vitaminbutiken.multi.fi\/?post_type=product&#038;p=9862"},"modified":"2026-04-10T08:22:14","modified_gmt":"2026-04-10T06:22:14","slug":"linfroolja-1000mg-linfron-omega-3-kosttillskott","status":"publish","type":"product","link":"https:\/\/vitaminbutiken.com\/en\/produkt\/linfroolja-1000mg-linfron-omega-3-kosttillskott\/","title":{"rendered":"Linfr\u00f6olja 1000mg (Linfr\u00f6n omega 3 kosttillskott)"},"content":{"rendered":"<h5 class=\"page-title\"><span class=\"base\" data-ui-id=\"page-title-wrapper\">Linfr\u00f6olja 1000mg (Linfr\u00f6 omega 3 kosttillskott)<\/span><\/h5>\n<p>Linfr\u00f6olja \u00e4r en \u00f6verl\u00e4gsen k\u00e4lla till Omega 3 fettsyra. Linfr\u00f6 Oljan inneh\u00e5ller hela 55 % Omega 3 fettsyror, (fiskolja och liknande produkter &#8211; 35 %). Linfr\u00f6olja har den rikaste f\u00f6rekomsten av Omega-3. J\u00e4mf\u00f6rt med naturlig fiskolja inneh\u00e5ller den mer \u00e4n dubbelt s\u00e5 mycket Omega-3. Dessutom inneh\u00e5ller den Omega-6 och Omega-9. Omega-3 (alfalinolensyra med undergrupper) och Omega-6 (linolsyra med undergrupper) \u00e4r essentiella och livsviktiga fettsyror som inte kan bildas i kroppen, utan m\u00e5ste tillf\u00f6ras med kosten. Lamberts linfr\u00f6 kapslar \u00e4r helt vegetabiliska. Linfr\u00f6n som kosttillskott l\u00e4mpar sig d\u00e4rf\u00f6r f\u00f6r b\u00e5de veganer och vegetarianer.<\/p>\n<p><strong>Dosering:<\/strong><em>\u00a0\u00a0<\/em> 1-3 kapslar dagligen i samband med m\u00e5ltid.<\/p>\n<table style=\"height: 80px;\" border=\"1\" width=\"621\" cellspacing=\"0\" cellpadding=\"0\">\n<tbody>\n<tr>\n<td valign=\"top\" width=\"30%\"><strong>1 kapsel inneh\u00e5ller<\/strong><\/td>\n<td valign=\"top\" width=\"20%\"><strong> M\u00e4ngd<\/strong><\/td>\n<td valign=\"top\" width=\"30%\"><strong>%DRI*<\/strong><\/td>\n<\/tr>\n<tr>\n<td valign=\"top\" width=\"30%\">Linfr\u00f6olja<\/td>\n<td valign=\"top\" width=\"20%\">1000 mg<\/td>\n<td valign=\"top\" width=\"20%\">*&#8217;<\/td>\n<\/tr>\n<tr>\n<td valign=\"top\" width=\"30%\">Alfa-linolensyra<\/td>\n<td valign=\"top\" width=\"20%\">680 mg<\/td>\n<td valign=\"top\" width=\"20%\">**<\/td>\n<\/tr>\n<tr>\n<td valign=\"top\" width=\"30%\">Linolsyra<\/td>\n<td valign=\"top\" width=\"20%\">122 mg<\/td>\n<td valign=\"top\" width=\"20%\">**<\/td>\n<\/tr>\n<tr>\n<td valign=\"top\" width=\"30%\">Vitamin E<\/td>\n<td valign=\"top\" width=\"20%\">2 mg<\/td>\n<td valign=\"top\" width=\"20%\">17 %<\/td>\n<\/tr>\n<\/tbody>\n<\/table>\n<p><strong><em>*DRI (dagligt referensintag) ej fastst\u00e4llt.<\/em><\/strong><\/p>\n<p><strong>Ingredienser<\/strong>: Kapselskal (Geleringsmedel: glycerol, modifierad st\u00e4rkelse och karragenan, f\u00e4rg\u00e4mne: j\u00e4rnoxid), antioxidant: vitamin E (d-alfa-tokoferol).<\/p>\n<p>Ett dagligt intag av linfr\u00f6n kosttillskott kan ibland f\u00f6rhindra att omega 3 brist symptom uppst\u00e5r hos m\u00e4nniskor med ensidiga kostvanor, men tillskott kan aldrig ers\u00e4tta en varierad och balanserad kost.<br \/>\nRekommenderad dos b\u00f6r ej \u00f6verskridas.<br \/>\nProdukten f\u00f6rvaras o\u00e5tkomligt f\u00f6r sm\u00e5 barn.<\/p>\n","protected":false},"excerpt":{"rendered":"<p>Lamberts Linfr\u00f6olja kapslar \u00e4r ett omega 3 kosttillskott av h\u00f6g kvalitet. Linfr\u00f6 olja kapslar \u00e4r ett av de mest koncentrerade naturliga k\u00e4llorna av alfa linolen syra (linolsyra). Lamberts Linfr\u00f6n \/ linfr\u00f6 kapslar \u00e4r godk\u00e4nd f\u00f6r veganer och vegetarianer.<\/p>\n<p><strong>90 kapslar<\/strong><\/p>\n","protected":false},"featured_media":9949,"comment_status":"closed","ping_status":"closed","template":"","meta":{"_kad_blocks_custom_css":"","_kad_blocks_head_custom_js":"","_kad_blocks_body_custom_js":"","_kad_blocks_footer_custom_js":"","_kadence_starter_templates_imported_post":false,"_kad_post_transparent":"default","_kad_post_title":"","_kad_post_layout":"default","_kad_post_sidebar_id":"","_kad_post_content_style":"default","_kad_post_vertical_padding":"default","_kad_post_feature":"","_kad_post_feature_position":"","_kad_post_header":false,"_kad_post_footer":false,"_kad_post_classname":""},"product_brand":[],"product_cat":[328,329,1234],"product_tag":[1581,2066,788,2067,1465,1648,1467,1538,1468,1028,2068,2019,285,1622,2069,334,1475,2070],"class_list":{"0":"post-9862","1":"product","2":"type-product","3":"status-publish","4":"has-post-thumbnail","6":"product_cat-fettsyror","7":"product_cat-hjarna-och-minne","8":"product_cat-lamberts","9":"product_tag-ala","10":"product_tag-alfa-linolensyra","11":"product_tag-antiinflammatorisk","12":"product_tag-essentiella-fettsyror","13":"product_tag-gmp-standard","14":"product_tag-hjarthalsa","15":"product_tag-hog-biotillganglighet","16":"product_tag-hormonbalans","17":"product_tag-hudhalsa","18":"product_tag-immunforsvar","19":"product_tag-kallpressad","20":"product_tag-kolesterolbalans","21":"product_tag-kosttillskott","22":"product_tag-ledhalsa","23":"product_tag-linfroolja","24":"product_tag-omega-3","25":"product_tag-veganvanlig","26":"product_tag-vegetabilisk-olja","28":"first","29":"outofstock","30":"taxable","31":"shipping-taxable","32":"purchasable","33":"product-type-simple","34":"entry","35":"content-bg","36":"loop-entry"},"taxonomy_info":{"product_cat":[{"value":328,"label":"Fettsyror"},{"value":329,"label":"Hj\u00e4rna &amp; Minne"},{"value":1234,"label":"Lamberts"}],"product_tag":[{"value":1581,"label":"ALA"},{"value":2066,"label":"alfa-linolensyra"},{"value":788,"label":"antiinflammatorisk"},{"value":2067,"label":"Essentiella fettsyror"},{"value":1465,"label":"GMP-standard"},{"value":1648,"label":"hj\u00e4rth\u00e4lsa"},{"value":1467,"label":"H\u00f6g biotillg\u00e4nglighet"},{"value":1538,"label":"Hormonbalans"},{"value":1468,"label":"Hudh\u00e4lsa"},{"value":1028,"label":"immunf\u00f6rsvar"},{"value":2068,"label":"kallpressad"},{"value":2019,"label":"kolesterolbalans"},{"value":285,"label":"kosttillskott"},{"value":1622,"label":"Ledh\u00e4lsa"},{"value":2069,"label":"linfr\u00f6olja"},{"value":334,"label":"Omega-3"},{"value":1475,"label":"veganv\u00e4nlig"},{"value":2070,"label":"vegetabilisk olja"}]},"featured_image_src_large":["https:\/\/vitaminbutiken.com\/wp-content\/uploads\/2025\/03\/8495-90-Flax-Seed-Oil-1000-mg-780x700.jpg",780,700,true],"author_info":[],"comment_info":0,"_links":{"self":[{"href":"https:\/\/vitaminbutiken.com\/en\/wp-json\/wp\/v2\/product\/9862","targetHints":{"allow":["GET"]}}],"collection":[{"href":"https:\/\/vitaminbutiken.com\/en\/wp-json\/wp\/v2\/product"}],"about":[{"href":"https:\/\/vitaminbutiken.com\/en\/wp-json\/wp\/v2\/types\/product"}],"replies":[{"embeddable":true,"href":"https:\/\/vitaminbutiken.com\/en\/wp-json\/wp\/v2\/comments?post=9862"}],"wp:featuredmedia":[{"embeddable":true,"href":"https:\/\/vitaminbutiken.com\/en\/wp-json\/wp\/v2\/media\/9949"}],"wp:attachment":[{"href":"https:\/\/vitaminbutiken.com\/en\/wp-json\/wp\/v2\/media?parent=9862"}],"wp:term":[{"taxonomy":"product_brand","embeddable":true,"href":"https:\/\/vitaminbutiken.com\/en\/wp-json\/wp\/v2\/product_brand?post=9862"},{"taxonomy":"product_cat","embeddable":true,"href":"https:\/\/vitaminbutiken.com\/en\/wp-json\/wp\/v2\/product_cat?post=9862"},{"taxonomy":"product_tag","embeddable":true,"href":"https:\/\/vitaminbutiken.com\/en\/wp-json\/wp\/v2\/product_tag?post=9862"}],"curies":[{"name":"wp","href":"https:\/\/api.w.org\/{rel}","templated":true}]}}