{"id":9861,"date":"2025-03-19T16:14:11","date_gmt":"2025-03-19T14:14:11","guid":{"rendered":"https:\/\/vitaminbutiken.multi.fi\/?post_type=product&#038;p=9861"},"modified":"2026-04-08T15:12:53","modified_gmt":"2026-04-08T13:12:53","slug":"silica-200mg-kisel-mineral-kosttillskott","status":"publish","type":"product","link":"https:\/\/vitaminbutiken.com\/en\/produkt\/silica-200mg-kisel-mineral-kosttillskott\/","title":{"rendered":"Silica 200mg (kisel mineral kosttillskott)"},"content":{"rendered":"<h5 class=\"page-title\"><span class=\"base\" data-ui-id=\"page-title-wrapper\">Silica 200mg (kisel mineral kosttillskott)<\/span><\/h5>\n<p>Kisel \u00e4r en av de viktigaste mineralerna i kroppen.<\/p>\n<p>Kisel finns i alla organ och strukturer d\u00e4r bindv\u00e4v f\u00f6rekommer, dvs i skelett, hud och hur s\u00e5v\u00e4l som i blodk\u00e4rl och lungor. Kisel tillsammans med andra sp\u00e5relement spelar f\u00f6rmodligen en viktig roll mellan de olika bindv\u00e4vsfibrerna. Kisel \u00e4r ocks\u00e5 ett viktigt \u00e4mne f\u00f6r skelettets och broskens \u00e4mnesoms\u00e4ttning.<\/p>\n<p><strong>Dosering:<\/strong><em>\u00a0\u00a0<\/em>\u00a01-3 kapslar per dag med varje m\u00e5ltid.<\/p>\n<table style=\"height: 80px;\" border=\"1\" width=\"621\" cellspacing=\"0\" cellpadding=\"0\">\n<tbody>\n<tr>\n<td valign=\"top\" width=\"30%\"><strong>1 kapsel inneh\u00e5ller<\/strong><\/td>\n<td valign=\"top\" width=\"20%\"><strong> M\u00e4ngd<\/strong><\/td>\n<td valign=\"top\" width=\"30%\"><strong>%DRI*<\/strong><\/td>\n<\/tr>\n<tr>\n<td valign=\"top\" width=\"30%\"><strong>Bambuextrakt<\/strong><\/td>\n<td valign=\"top\" width=\"20%\">320mg<\/td>\n<td valign=\"top\" width=\"20%\">**<\/td>\n<\/tr>\n<tr>\n<td valign=\"top\" width=\"30%\">som ger: Kisel<\/td>\n<td valign=\"top\" width=\"20%\">200mg<\/td>\n<td valign=\"top\" width=\"20%\">**<\/td>\n<\/tr>\n<\/tbody>\n<\/table>\n<p><strong><em>*DRI (dagligt referensintag) ej fastst\u00e4llt.\u00a0<\/em><\/strong><\/p>\n<p><strong>Ingredienser<\/strong>: Bambuextrakt i pulverform (Bambusa arundinacea), kapselskal (hydroxypropylmetylcellulosa), fyllnadsmedel (vit rispulver), klumpf\u00f6rebyggande medel (magnesiumsalter av fettsyror).<\/p>\n<p>Ett dagligt intag av kosttillskott kan ibland f\u00f6rhindra att brist symptom uppst\u00e5r hos m\u00e4nniskor med ensidiga kostvanor, men tillskott kan aldrig ers\u00e4tta en varierad och balanserad kost.<\/p>\n<p>Rekommenderad dos b\u00f6r ej \u00f6verskridas<br \/>\nKosttillskott ers\u00e4tter inte en varierad kost.<br \/>\nProdukten f\u00f6rvaras o\u00e5tkomligt f\u00f6r sm\u00e5 barn.<br \/>\nRekommenderas inte till gravida eller ammande.<\/p>\n","protected":false},"excerpt":{"rendered":"<p>Lamberts Silica 200mg \u00e4r ett kisel mineral kosttillskott baserat p\u00e5 kiselrika bambutr\u00e4d extrakt av h\u00f6g kvalitet.<\/p>\n<p><strong>90 kapslar<\/strong><\/p>\n","protected":false},"featured_media":9947,"comment_status":"closed","ping_status":"closed","template":"","meta":{"_kad_blocks_custom_css":"","_kad_blocks_head_custom_js":"","_kad_blocks_body_custom_js":"","_kad_blocks_footer_custom_js":"","_kadence_starter_templates_imported_post":false,"_kad_post_transparent":"default","_kad_post_title":"","_kad_post_layout":"default","_kad_post_sidebar_id":"","_kad_post_content_style":"default","_kad_post_vertical_padding":"default","_kad_post_feature":"","_kad_post_feature_position":"","_kad_post_header":false,"_kad_post_footer":false,"_kad_post_classname":""},"product_brand":[],"product_cat":[195,2814,1234,431,281,277,278],"product_tag":[2061,2062,1645,2054,2055,678,1465,1447,1467,1468,2063,1470,285,1472,2064,2065,2060,1475],"class_list":{"0":"post-9861","1":"product","2":"type-product","3":"status-publish","4":"has-post-thumbnail","6":"product_cat-hud-skonhet","7":"product_cat-kisel","8":"product_cat-lamberts","9":"product_cat-mage-tarm","10":"product_cat-mineraler","11":"product_cat-muskler-och-leder","12":"product_cat-traning","13":"product_tag-200-mg","14":"product_tag-bambuextrakt","15":"product_tag-benhalsa","16":"product_tag-bindvav","17":"product_tag-broskbildning","18":"product_tag-celltillvaxt","19":"product_tag-gmp-standard","20":"product_tag-harhalsa","21":"product_tag-hog-biotillganglighet","22":"product_tag-hudhalsa","23":"product_tag-kiseldioxid","24":"product_tag-kollagensyntes","25":"product_tag-kosttillskott","26":"product_tag-nagelhalsa","27":"product_tag-organisk-silica","28":"product_tag-silica","29":"product_tag-sparmineral","30":"product_tag-veganvanlig","32":"first","33":"instock","34":"taxable","35":"shipping-taxable","36":"purchasable","37":"product-type-simple","38":"entry","39":"content-bg","40":"loop-entry"},"taxonomy_info":{"product_cat":[{"value":195,"label":"Hud &amp; Sk\u00f6nhet"},{"value":2814,"label":"Kisel"},{"value":1234,"label":"Lamberts"},{"value":431,"label":"Mage &amp; Tarm"},{"value":281,"label":"Mineraler"},{"value":277,"label":"Muskler &amp; Leder"},{"value":278,"label":"Tr\u00e4ning"}],"product_tag":[{"value":2061,"label":"200 mg"},{"value":2062,"label":"bambuextrakt"},{"value":1645,"label":"Benh\u00e4lsa"},{"value":2054,"label":"bindv\u00e4v"},{"value":2055,"label":"broskbildning"},{"value":678,"label":"celltillv\u00e4xt"},{"value":1465,"label":"GMP-standard"},{"value":1447,"label":"H\u00e5rh\u00e4lsa"},{"value":1467,"label":"H\u00f6g biotillg\u00e4nglighet"},{"value":1468,"label":"Hudh\u00e4lsa"},{"value":2063,"label":"kiseldioxid"},{"value":1470,"label":"kollagensyntes"},{"value":285,"label":"kosttillskott"},{"value":1472,"label":"nagelh\u00e4lsa"},{"value":2064,"label":"organisk silica"},{"value":2065,"label":"silica"},{"value":2060,"label":"sp\u00e5rmineral"},{"value":1475,"label":"veganv\u00e4nlig"}]},"featured_image_src_large":["https:\/\/vitaminbutiken.com\/wp-content\/uploads\/2025\/03\/8544-90-Silica-200mg-780x700.jpg",780,700,true],"author_info":[],"comment_info":0,"_links":{"self":[{"href":"https:\/\/vitaminbutiken.com\/en\/wp-json\/wp\/v2\/product\/9861","targetHints":{"allow":["GET"]}}],"collection":[{"href":"https:\/\/vitaminbutiken.com\/en\/wp-json\/wp\/v2\/product"}],"about":[{"href":"https:\/\/vitaminbutiken.com\/en\/wp-json\/wp\/v2\/types\/product"}],"replies":[{"embeddable":true,"href":"https:\/\/vitaminbutiken.com\/en\/wp-json\/wp\/v2\/comments?post=9861"}],"wp:featuredmedia":[{"embeddable":true,"href":"https:\/\/vitaminbutiken.com\/en\/wp-json\/wp\/v2\/media\/9947"}],"wp:attachment":[{"href":"https:\/\/vitaminbutiken.com\/en\/wp-json\/wp\/v2\/media?parent=9861"}],"wp:term":[{"taxonomy":"product_brand","embeddable":true,"href":"https:\/\/vitaminbutiken.com\/en\/wp-json\/wp\/v2\/product_brand?post=9861"},{"taxonomy":"product_cat","embeddable":true,"href":"https:\/\/vitaminbutiken.com\/en\/wp-json\/wp\/v2\/product_cat?post=9861"},{"taxonomy":"product_tag","embeddable":true,"href":"https:\/\/vitaminbutiken.com\/en\/wp-json\/wp\/v2\/product_tag?post=9861"}],"curies":[{"name":"wp","href":"https:\/\/api.w.org\/{rel}","templated":true}]}}