{"id":9859,"date":"2025-03-19T16:14:11","date_gmt":"2025-03-19T14:14:11","guid":{"rendered":"https:\/\/vitaminbutiken.multi.fi\/?post_type=product&#038;p=9859"},"modified":"2026-04-07T08:11:25","modified_gmt":"2026-04-07T06:11:25","slug":"vitamin-d3-droppar","status":"publish","type":"product","link":"https:\/\/vitaminbutiken.com\/en\/produkt\/vitamin-d3-droppar\/","title":{"rendered":"Vitamin D3 Droppar (uppl\u00f6st i jungfruolivolja), Lamberts"},"content":{"rendered":"<p><strong>Enkel och praktisk D-vitamin f\u00f6r hela familjen<\/strong><\/p>\n<p>Denna flytande form av vitamin D3 \u00e4r ett enkelt och bekv\u00e4mt s\u00e4tt att f\u00e5 i sig D-vitamin och ett utm\u00e4rkt val f\u00f6r hela familjen.<\/p>\n<p>Varje droppe inneh\u00e5ller 5 \u00b5g (200 IE) vitamin D3, och med 600 droppar per 20 ml flaska r\u00e4cker en flaska riktigt l\u00e4nge! D-vitaminet \u00e4r l\u00f6st i en bas av kallpressad olivolja, som \u00e4r b\u00e5de smakl\u00f6s och luktfri, vilket g\u00f6r det l\u00e4tt att ta \u00e4ven f\u00f6r de mest kr\u00e4sna.<\/p>\n<p>Vi har dessutom tillsatt en blandning av naturliga vitamin E-tokoferoler i oljan \u2013 en viktig antioxidant som f\u00f6rhindrar att oljan h\u00e4rsknar. Detta ger ocks\u00e5 f\u00f6rdelen att produkten \u00e4r fri fr\u00e5n konserveringsmedel.<\/p>\n<p data-start=\"225\" data-end=\"278\"><strong data-start=\"225\" data-end=\"278\">Flytande vitamin D3 i oljebas f\u00f6r optimalt upptag<\/strong><\/p>\n<p data-start=\"280\" data-end=\"529\">Lamberts Vitamin D3 Droppar \u00e4r ett h\u00f6gkvalitativt tillskott av vitamin D3 (kolekalciferol), uppl\u00f6st i jungfruolivolja. Den oljebaserade formen \u00e4r s\u00e4rskilt l\u00e4mplig eftersom vitamin D \u00e4r ett fettl\u00f6sligt vitamin och tas upp effektivt i n\u00e4rvaro av fett.<\/p>\n<p data-start=\"531\" data-end=\"663\">Den flytande formen g\u00f6r det enkelt att anpassa doseringen individuellt och passar b\u00e5de vuxna och barn enligt rekommenderad dosering.<\/p>\n<p data-start=\"670\" data-end=\"701\"><strong>Vitamin D \u2013 solvitaminet<\/strong><\/p>\n<p data-start=\"703\" data-end=\"968\">Vitamin D3 \u00e4r den form av vitamin D som kroppen naturligt bildar i huden vid exponering f\u00f6r solljus. I nordliga l\u00e4nder kan det vara sv\u00e5rt att uppr\u00e4tth\u00e5lla tillr\u00e4ckliga niv\u00e5er under h\u00f6st och vinter, vilket g\u00f6r tillskott s\u00e4rskilt relevant under \u00e5rets m\u00f6rkare m\u00e5nader.<\/p>\n<p data-start=\"975\" data-end=\"1013\"><strong>F\u00f6r skelett, t\u00e4nder och muskler<\/strong><\/p>\n<p data-start=\"1015\" data-end=\"1025\">Vitamin D:<\/p>\n<ul data-start=\"1027\" data-end=\"1286\">\n<li data-start=\"1027\" data-end=\"1073\">\n<p data-start=\"1029\" data-end=\"1073\">bidrar till att bibeh\u00e5lla normal benstomme<\/p>\n<\/li>\n<li data-start=\"1074\" data-end=\"1118\">\n<p data-start=\"1076\" data-end=\"1118\">bidrar till att bibeh\u00e5lla normala t\u00e4nder<\/p>\n<\/li>\n<li data-start=\"1119\" data-end=\"1170\">\n<p data-start=\"1121\" data-end=\"1170\">bidrar till att bibeh\u00e5lla normal muskelfunktion<\/p>\n<\/li>\n<li data-start=\"1171\" data-end=\"1239\">\n<p data-start=\"1173\" data-end=\"1239\">bidrar till normalt upptag och utnyttjande av kalcium och fosfor<\/p>\n<\/li>\n<li data-start=\"1240\" data-end=\"1286\">\n<p data-start=\"1242\" data-end=\"1286\">bidrar till normala kalciumniv\u00e5er i blodet<\/p>\n<\/li>\n<\/ul>\n<p data-start=\"1288\" data-end=\"1403\">Vitamin D spelar en central roll i kroppens kalciumbalans och \u00e4r avg\u00f6rande f\u00f6r att bibeh\u00e5lla en normal benstruktur.<\/p>\n<p data-start=\"1410\" data-end=\"1446\"><strong>Immunf\u00f6rsvar och celldelning<\/strong><\/p>\n<p data-start=\"1448\" data-end=\"1458\">Vitamin D:<\/p>\n<ul data-start=\"1460\" data-end=\"1547\">\n<li data-start=\"1460\" data-end=\"1507\">\n<p data-start=\"1462\" data-end=\"1507\">bidrar till immunsystemets normala funktion<\/p>\n<\/li>\n<li data-start=\"1508\" data-end=\"1547\">\n<p data-start=\"1510\" data-end=\"1547\">har en roll i celldelningsprocessen<\/p>\n<\/li>\n<\/ul>\n<p data-start=\"1549\" data-end=\"1644\">Detta g\u00f6r vitamin D till en viktig n\u00e4ringsfaktor f\u00f6r kroppens \u00f6vergripande funktion och balans.<\/p>\n<p data-start=\"1651\" data-end=\"1683\"><strong>Oljebas f\u00f6r effektivt upptag<\/strong><\/p>\n<p data-start=\"1685\" data-end=\"1928\">Vitamin D3 \u00e4r uppl\u00f6st i jungfruolivolja, en naturlig fettk\u00e4lla som st\u00f6djer upptaget av detta fettl\u00f6sliga vitamin. Den flytande formen g\u00f6r produkten l\u00e4tt att dosera och enkel att anv\u00e4nda, antingen direkt p\u00e5 sked eller blandad i mat eller dryck.<\/p>\n<p data-start=\"1935\" data-end=\"1961\"><strong>Kvalitet fr\u00e5n Lamberts<\/strong><\/p>\n<p data-start=\"1963\" data-end=\"2163\">Lamberts \u00e4r k\u00e4nt f\u00f6r sina h\u00f6ga kvalitetsstandarder och noggrant utvalda r\u00e5varor. Vitamin D3 Droppar tillverkas enligt strikta kvalitetskrav f\u00f6r att s\u00e4kerst\u00e4lla stabilitet, renhet och korrekt dosering.<\/p>\n<p data-start=\"2165\" data-end=\"2267\">Produkten \u00e4r fri fr\u00e5n on\u00f6diga tillsatser och framtagen f\u00f6r dagligt bruk enligt rekommenderad dosering.<\/p>\n<p data-start=\"2274\" data-end=\"2312\"><strong>F\u00f6r vem passar Vitamin D3 Droppar?<\/strong><\/p>\n<p data-start=\"2314\" data-end=\"2355\">Produkten kan vara s\u00e4rskilt relevant f\u00f6r:<\/p>\n<ul data-start=\"2357\" data-end=\"2543\">\n<li data-start=\"2357\" data-end=\"2393\">\n<p data-start=\"2359\" data-end=\"2393\">personer som vistas lite i solen<\/p>\n<\/li>\n<li data-start=\"2394\" data-end=\"2403\">\n<p data-start=\"2396\" data-end=\"2403\">\u00e4ldre<\/p>\n<\/li>\n<li data-start=\"2404\" data-end=\"2460\">\n<p data-start=\"2406\" data-end=\"2460\">personer som vill st\u00f6dja benh\u00e4lsa och muskelfunktion<\/p>\n<\/li>\n<li data-start=\"2461\" data-end=\"2500\">\n<p data-start=\"2463\" data-end=\"2500\">dig som f\u00f6redrar flytande tillskott<\/p>\n<\/li>\n<li data-start=\"2501\" data-end=\"2543\">\n<p data-start=\"2503\" data-end=\"2543\">familjer som vill ha flexibel dosering<\/p>\n<\/li>\n<\/ul>\n<p><strong>Dosering<\/strong>: Vuxna: 5 droppar per dag.<br \/>\nBarn(\u00f6ver 3 \u00e5r): 2 droppar per dag.<\/p>\n<table style=\"height: 80px;\" border=\"1\" width=\"621\" cellspacing=\"0\" cellpadding=\"0\">\n<tbody>\n<tr>\n<td valign=\"top\" width=\"30%\"><strong>Inneh\u00e5ll per droppe:<\/strong><\/td>\n<td valign=\"top\" width=\"20%\"><strong> M\u00e4ngd<\/strong><\/td>\n<td valign=\"top\" width=\"30%\"><strong>%DRI*<\/strong><\/td>\n<\/tr>\n<tr>\n<td valign=\"top\" width=\"30%\">Vitamin D3 (200 IE)<\/td>\n<td valign=\"top\" width=\"20%\">5 \u00b5g<\/td>\n<td valign=\"top\" width=\"20%\">100 %<\/td>\n<\/tr>\n<\/tbody>\n<\/table>\n<p><strong><em>*DRI \u00e4r dagligt referensintag. <\/em><\/strong><\/p>\n<p><strong>Ingredienser<\/strong>: Virgin olivolja, antioxidanter: blandning av naturliga tokoferoler, vitamin D3 (kolekalciferol), Flytande vitamin D3 i en bas av kallpressad olivolja<\/p>\n<p>Passar f\u00f6r vegetarianer.<\/p>\n<p>Rekommenderad daglig dos b\u00f6r ej \u00f6verskridas.<br \/>\nKosttillskott ers\u00e4tter inte en varierad kost.<br \/>\nProdukten f\u00f6rvaras o\u00e5tkomligt f\u00f6r sm\u00e5 barn.<\/p>\n","protected":false},"excerpt":{"rendered":"<div class=\"f-18 f-xspace f-color6 f-nobold\">Vitamin D3 Droppar (uppl\u00f6st i jungfruolivolja) fr\u00e5n Lamberts \u00e4r ett l\u00e4ttdoserat och h\u00f6gkvalitativt tillskott som bidrar till normal benstomme, muskelfunktion och immunf\u00f6rsvar samt till normalt upptag av kalcium \u2013 i en oljebaserad formulering f\u00f6r effektivt upptag.<\/div>\n<div><\/div>\n<div class=\"f-18 f-xspace f-color6 f-nobold\">100 % DRI av D3 i varje droppe.<\/div>\n<div>\n<div class=\"inline-block mt0-5\">\n<div class=\"inline-block bg-midlight\"><\/div>\n<\/div>\n<div class=\"articlebody\">\n<ul>\n<li>Vitamin D3 droppar<\/li>\n<li>Varje droppe ger 5\u00b5g (200iu) av vitamin D3<\/li>\n<li>Enkel och bekv\u00e4m att ta<\/li>\n<li>Smakl\u00f6s och luktfri, tilltalande \u00e4ven f\u00f6r de mest kr\u00e4sna<\/li>\n<li>Utm\u00e4rkt val f\u00f6r hela familjen<\/li>\n<\/ul>\n<\/div>\n<\/div>\n<div><strong>20 ml\/600 droppar<\/strong><\/div>\n","protected":false},"featured_media":9936,"comment_status":"closed","ping_status":"closed","template":"","meta":{"_kad_blocks_custom_css":"","_kad_blocks_head_custom_js":"","_kad_blocks_body_custom_js":"","_kad_blocks_footer_custom_js":"","_kadence_starter_templates_imported_post":false,"_kad_post_transparent":"default","_kad_post_title":"","_kad_post_layout":"default","_kad_post_sidebar_id":"","_kad_post_content_style":"default","_kad_post_vertical_padding":"default","_kad_post_feature":"","_kad_post_feature_position":"","_kad_post_header":false,"_kad_post_footer":false,"_kad_post_classname":""},"product_brand":[],"product_cat":[1088,176,1234,155],"product_tag":[2046,2047,1645,2048,2049,1465,1648,1467,1538,1469,1028,2050,2051,285,2052,1039,2053,1475,713],"class_list":{"0":"post-9859","1":"product","2":"type-product","3":"status-publish","4":"has-post-thumbnail","6":"product_cat-d-vitamin","7":"product_cat-immunforsvar","8":"product_cat-lamberts","9":"product_cat-vitaminer","10":"product_tag-aldre","11":"product_tag-barnvanlig","12":"product_tag-benhalsa","13":"product_tag-energinivaer","14":"product_tag-flytande-d-vitamin","15":"product_tag-gmp-standard","16":"product_tag-hjarthalsa","17":"product_tag-hog-biotillganglighet","18":"product_tag-hormonbalans","19":"product_tag-humorstod","20":"product_tag-immunforsvar","21":"product_tag-kalciumabsorption","22":"product_tag-kolekalciferol","23":"product_tag-kosttillskott","24":"product_tag-latt-att-dosera","25":"product_tag-muskelfunktion","26":"product_tag-solvitamin","27":"product_tag-veganvanlig","28":"product_tag-vitamin-d3","30":"first","31":"instock","32":"taxable","33":"shipping-taxable","34":"purchasable","35":"product-type-simple","36":"entry","37":"content-bg","38":"loop-entry"},"taxonomy_info":{"product_cat":[{"value":1088,"label":"D-vitamin"},{"value":176,"label":"Immunf\u00f6rsvar"},{"value":1234,"label":"Lamberts"},{"value":155,"label":"Vitaminer"}],"product_tag":[{"value":2046,"label":"\u00e4ldre"},{"value":2047,"label":"barnv\u00e4nlig"},{"value":1645,"label":"Benh\u00e4lsa"},{"value":2048,"label":"energiniv\u00e5er"},{"value":2049,"label":"flytande D-vitamin"},{"value":1465,"label":"GMP-standard"},{"value":1648,"label":"hj\u00e4rth\u00e4lsa"},{"value":1467,"label":"H\u00f6g biotillg\u00e4nglighet"},{"value":1538,"label":"Hormonbalans"},{"value":1469,"label":"hum\u00f6rst\u00f6d"},{"value":1028,"label":"immunf\u00f6rsvar"},{"value":2050,"label":"kalciumabsorption"},{"value":2051,"label":"kolekalciferol"},{"value":285,"label":"kosttillskott"},{"value":2052,"label":"l\u00e4tt att dosera"},{"value":1039,"label":"muskelfunktion"},{"value":2053,"label":"solvitamin"},{"value":1475,"label":"veganv\u00e4nlig"},{"value":713,"label":"vitamin D3"}]},"featured_image_src_large":["https:\/\/vitaminbutiken.com\/wp-content\/uploads\/2025\/03\/8138-20-Vitamin-D-Drops-780x700.jpg",780,700,true],"author_info":[],"comment_info":0,"_links":{"self":[{"href":"https:\/\/vitaminbutiken.com\/en\/wp-json\/wp\/v2\/product\/9859","targetHints":{"allow":["GET"]}}],"collection":[{"href":"https:\/\/vitaminbutiken.com\/en\/wp-json\/wp\/v2\/product"}],"about":[{"href":"https:\/\/vitaminbutiken.com\/en\/wp-json\/wp\/v2\/types\/product"}],"replies":[{"embeddable":true,"href":"https:\/\/vitaminbutiken.com\/en\/wp-json\/wp\/v2\/comments?post=9859"}],"wp:featuredmedia":[{"embeddable":true,"href":"https:\/\/vitaminbutiken.com\/en\/wp-json\/wp\/v2\/media\/9936"}],"wp:attachment":[{"href":"https:\/\/vitaminbutiken.com\/en\/wp-json\/wp\/v2\/media?parent=9859"}],"wp:term":[{"taxonomy":"product_brand","embeddable":true,"href":"https:\/\/vitaminbutiken.com\/en\/wp-json\/wp\/v2\/product_brand?post=9859"},{"taxonomy":"product_cat","embeddable":true,"href":"https:\/\/vitaminbutiken.com\/en\/wp-json\/wp\/v2\/product_cat?post=9859"},{"taxonomy":"product_tag","embeddable":true,"href":"https:\/\/vitaminbutiken.com\/en\/wp-json\/wp\/v2\/product_tag?post=9859"}],"curies":[{"name":"wp","href":"https:\/\/api.w.org\/{rel}","templated":true}]}}