{"id":9858,"date":"2025-03-19T16:14:10","date_gmt":"2025-03-19T14:14:10","guid":{"rendered":"https:\/\/vitaminbutiken.multi.fi\/?post_type=product&#038;p=9858"},"modified":"2026-03-31T08:42:30","modified_gmt":"2026-03-31T06:42:30","slug":"fos-fruktooligosackarider-fran-cikoriarot-fos-prebiotika","status":"publish","type":"product","link":"https:\/\/vitaminbutiken.com\/en\/produkt\/fos-fruktooligosackarider-fran-cikoriarot-fos-prebiotika\/","title":{"rendered":"FOS fruktooligosackarider fr\u00e5n cikoriarot (FOS Prebiotika)"},"content":{"rendered":"<h5 class=\"page-title\"><span class=\"base\" data-ui-id=\"page-title-wrapper\">FOS fruktooligosackarider fr\u00e5n cikoriarot (FOS Prebiotika)<\/span><\/h5>\n<p>Lamberts FOS best\u00e5r av fruktooligosackarider (FOS). FOS \u00e4r naturligt f\u00f6rekommande kolhydrater som i sm\u00e5 m\u00e4ngder finns i gr\u00f6nsaker, bland annat jord\u00e4rtskocka och l\u00f6k, samt frukter och spannm\u00e5l.<\/p>\n<p><strong>Dosering:<\/strong>\u00a0(1\u00a0tesked = 5g)<br \/>\nVuxna: F\u00f6r att hj\u00e4lpa h\u00e5lla magen\/tarmen frisk och som pre-biotika. 5 till10g per dag.<br \/>\nF\u00f6r att hj\u00e4lpa till magen att sk\u00f6ta sig mer regelbundet: 10 till 30g dagligen.<br \/>\nBlandas ut men en varm dryck eller kan ocks\u00e5 blandas ut med mat.<\/p>\n<table style=\"height: 80px;\" border=\"1\" width=\"621\" cellspacing=\"0\" cellpadding=\"0\">\n<tbody>\n<tr>\n<td valign=\"top\" width=\"30%\"><strong>100 gram inneh\u00e5ller <\/strong><\/td>\n<td valign=\"top\" width=\"20%\"><strong> M\u00e4ngd<\/strong><\/td>\n<\/tr>\n<tr>\n<td valign=\"top\" width=\"30%\"><strong>Energi<\/strong><\/td>\n<td valign=\"top\" width=\"20%\"><strong>822kJ\/152kcal<\/strong><\/td>\n<\/tr>\n<tr>\n<td valign=\"top\" width=\"30%\">Protein<\/td>\n<td valign=\"top\" width=\"20%\">0g<\/td>\n<\/tr>\n<tr>\n<td valign=\"top\" width=\"30%\"><strong>Kolhydrater<\/strong><br \/>\n(i form av fruktooligosackarider\u00a0 F.O.S)<\/td>\n<td valign=\"top\" width=\"20%\"><strong>95g<\/strong><\/td>\n<\/tr>\n<tr>\n<td valign=\"top\" width=\"30%\">Fett<\/td>\n<td valign=\"top\" width=\"20%\">0g<\/td>\n<\/tr>\n<\/tbody>\n<\/table>\n<p><span style=\"font-family: var(--global-body-font-family);\"><strong><br \/>\nIngredienser:<\/strong> Frukto-oligosackarider (FOS) Kommer fr\u00e5n cikoriarot.<\/span><\/p>\n<p>Kosttillskott b\u00f6r inte anv\u00e4ndas som alternativ till en varierad kost. Det \u00e4r viktigt med en m\u00e5ngsidig och balanserad kost och en h\u00e4lsosam livsstil.<br \/>\nRekommenderad dos b\u00f6r ej \u00f6verskridas.<br \/>\nProdukten f\u00f6rvaras o\u00e5tkomligt f\u00f6r sm\u00e5 barn.<\/p>\n","protected":false},"excerpt":{"rendered":"<p>Lamberts FOS \u00e4r ett fruktooligosackarider (FOS) cikoriarot extrakt kosttillskott.<\/p>\n<p><strong>500 gram<\/strong><\/p>\n","protected":false},"featured_media":9934,"comment_status":"closed","ping_status":"closed","template":"","meta":{"_kad_blocks_custom_css":"","_kad_blocks_head_custom_js":"","_kad_blocks_body_custom_js":"","_kad_blocks_footer_custom_js":"","_kadence_starter_templates_imported_post":false,"_kad_post_transparent":"default","_kad_post_title":"","_kad_post_layout":"default","_kad_post_sidebar_id":"","_kad_post_content_style":"default","_kad_post_vertical_padding":"default","_kad_post_feature":"","_kad_post_feature_position":"","_kad_post_header":false,"_kad_post_footer":false,"_kad_post_classname":""},"product_brand":[],"product_cat":[1234,431,1393],"product_tag":[2030,2031,2032,2033,2034,2035,2036,2037,2038,896,2006,2039,2040,2041,2042,2043,2044,2014,2045,1475],"class_list":{"0":"post-9858","1":"product","2":"type-product","3":"status-publish","4":"has-post-thumbnail","6":"product_cat-lamberts","7":"product_cat-mage-tarm","8":"product_cat-ovriga-kosttillskott","9":"product_tag-bifidobakterier","10":"product_tag-blandbar-i-drycker","11":"product_tag-chicorirot","12":"product_tag-forstoppningslindring","13":"product_tag-fos","14":"product_tag-fruktooligosackarider","15":"product_tag-laktobaciller","16":"product_tag-lamplig-for-barn","17":"product_tag-lamplig-for-gravida","18":"product_tag-losliga-fibrer","19":"product_tag-matsmaltningshalsa","20":"product_tag-naturliga-fibrer","21":"product_tag-prebiotika","22":"product_tag-pulverform","23":"product_tag-regelbunden-tarmfunktion","24":"product_tag-sot-smak","25":"product_tag-stro-over-mat","26":"product_tag-tarmflora","27":"product_tag-tarmhalsa","28":"product_tag-veganvanlig","30":"first","31":"instock","32":"taxable","33":"shipping-taxable","34":"purchasable","35":"product-type-simple","36":"entry","37":"content-bg","38":"loop-entry"},"taxonomy_info":{"product_cat":[{"value":1234,"label":"Lamberts"},{"value":431,"label":"Mage &amp; Tarm"},{"value":1393,"label":"\u00d6vriga kosttillskott"}],"product_tag":[{"value":2030,"label":"bifidobakterier"},{"value":2031,"label":"blandbar i drycker"},{"value":2032,"label":"chicorirot"},{"value":2033,"label":"f\u00f6rstoppningslindring"},{"value":2034,"label":"FOS"},{"value":2035,"label":"fruktooligosackarider"},{"value":2036,"label":"laktobaciller"},{"value":2037,"label":"l\u00e4mplig f\u00f6r barn"},{"value":2038,"label":"l\u00e4mplig f\u00f6r gravida"},{"value":896,"label":"l\u00f6sliga fibrer"},{"value":2006,"label":"matsm\u00e4ltningsh\u00e4lsa"},{"value":2039,"label":"naturliga fibrer"},{"value":2040,"label":"prebiotika"},{"value":2041,"label":"pulverform"},{"value":2042,"label":"regelbunden tarmfunktion"},{"value":2043,"label":"s\u00f6t smak"},{"value":2044,"label":"str\u00f6 \u00f6ver mat"},{"value":2014,"label":"tarmflora"},{"value":2045,"label":"tarmh\u00e4lsa"},{"value":1475,"label":"veganv\u00e4nlig"}]},"featured_image_src_large":["https:\/\/vitaminbutiken.com\/wp-content\/uploads\/2025\/03\/8381-500-FOS-780x700.jpg",780,700,true],"author_info":[],"comment_info":0,"_links":{"self":[{"href":"https:\/\/vitaminbutiken.com\/en\/wp-json\/wp\/v2\/product\/9858","targetHints":{"allow":["GET"]}}],"collection":[{"href":"https:\/\/vitaminbutiken.com\/en\/wp-json\/wp\/v2\/product"}],"about":[{"href":"https:\/\/vitaminbutiken.com\/en\/wp-json\/wp\/v2\/types\/product"}],"replies":[{"embeddable":true,"href":"https:\/\/vitaminbutiken.com\/en\/wp-json\/wp\/v2\/comments?post=9858"}],"wp:featuredmedia":[{"embeddable":true,"href":"https:\/\/vitaminbutiken.com\/en\/wp-json\/wp\/v2\/media\/9934"}],"wp:attachment":[{"href":"https:\/\/vitaminbutiken.com\/en\/wp-json\/wp\/v2\/media?parent=9858"}],"wp:term":[{"taxonomy":"product_brand","embeddable":true,"href":"https:\/\/vitaminbutiken.com\/en\/wp-json\/wp\/v2\/product_brand?post=9858"},{"taxonomy":"product_cat","embeddable":true,"href":"https:\/\/vitaminbutiken.com\/en\/wp-json\/wp\/v2\/product_cat?post=9858"},{"taxonomy":"product_tag","embeddable":true,"href":"https:\/\/vitaminbutiken.com\/en\/wp-json\/wp\/v2\/product_tag?post=9858"}],"curies":[{"name":"wp","href":"https:\/\/api.w.org\/{rel}","templated":true}]}}